{"id":13655,"date":"2021-04-25T19:11:11","date_gmt":"2021-04-25T17:11:11","guid":{"rendered":"http:\/\/soloreglasgolf.com\/WordPress3\/?page_id=13655"},"modified":"2021-04-29T20:21:19","modified_gmt":"2021-04-29T18:21:19","slug":"bola-en-juego","status":"publish","type":"page","link":"http:\/\/soloreglasgolf.com\/WordPress3\/definiciones-2019-2022\/bola-en-juego\/","title":{"rendered":"Bola En Juego"},"content":{"rendered":"<p>El estado de la bola de un jugador cuando reposa en el campo y se est\u00e1 utilizando en el juego de un hoyo:<\/p>\n<ul>\n<li>Una bola se convierte inicialmente en bola en juego en un hoyo:<br \/>\n\uf0d8 Cuando el jugador ejecuta un golpe con ella desde dentro del \u00e1rea de salida, o<br \/>\n\uf0d8 En match play (juego por hoyos), cuando se ejecuta un golpe con ella desde fuera del \u00e1rea de salida y el contrario no cancela el golpe bajo la Regla 6.1b.<\/li>\n<li>Dicha bola permanece en juego hasta que sea embocada, excepto que deja de estar en juego:<br \/>\n\uf0d8 Cuando es levantada del campo,<br \/>\n\uf0d8 Cuando est\u00e1 perdida (incluso si est\u00e1 en reposo en el campo) o va a reposar fuera de l\u00edmites, o<br \/>\n\uf0d8 Cuando otra bola la ha sustituido, incluso cuando no est\u00e1 permitido por una Regla.<\/li>\n<\/ul>\n<p>Una <strong>bola que no est\u00e1 en juego<\/strong> es una <strong><a href=\"http:\/\/soloreglasgolf.com\/WordPress3\/definiciones-2019-2022\/bola-equivocada\/\">bola equivocada<\/a>.<\/strong><\/p>\n<p>El jugador no puede tener m\u00e1s de una bola en juego en ning\u00fan momento. (Ver Regla 6.3d para los limitados casos en los que un jugador puede jugar m\u00e1s de una bola al mismo tiempo en un hoyo).<\/p>\n<p>Cuando las Reglas hacen referencia a una bola en reposo o en movimiento, se refieren a la bola en juego.<\/p>\n<p>Cuando un marcador de bola est\u00e1 colocado para marcar el punto de una bola en juego:<br \/>\n\uf0b7 Si la bola no ha sido levantada, est\u00e1 a\u00fan en juego, y<br \/>\n\uf0b7 Si la bola ha sido levantada y repuesta, est\u00e1 en juego, aunque no se haya retirado el marcador de bola.<\/p>\n<div class=\"g g-2\"><div class=\"g-single a-15\"><script type=\"text\/javascript\"><!--\r\ngoogle_ad_client = \"ca-pub-2363348512557029\";\r\n\/* Blog pagina-post *\/\r\ngoogle_ad_slot = \"1564877784\";\r\ngoogle_ad_width = 728;\r\ngoogle_ad_height = 90;\r\n\/\/-->\r\n<\/script>\r\n<script type=\"text\/javascript\"\r\nsrc=\"http:\/\/pagead2.googlesyndication.com\/pagead\/show_ads.js\">\r\n<\/script><\/div><\/div>\n","protected":false},"excerpt":{"rendered":"<p>El estado de la bola de un jugador cuando reposa en el campo y se est\u00e1 utilizando en el juego de un hoyo: Una bola se convierte inicialmente en bola en juego en un hoyo: \uf0d8 Cuando el jugador ejecuta un golpe con ella desde dentro del \u00e1rea de salida, o \uf0d8 En match play <a href='http:\/\/soloreglasgolf.com\/WordPress3\/definiciones-2019-2022\/bola-en-juego\/' class='excerpt-more'>[Leer + &#8230;]<\/a><\/p>\n","protected":false},"author":28,"featured_media":0,"parent":13320,"menu_order":0,"comment_status":"closed","ping_status":"closed","template":"","meta":{"jetpack_post_was_ever_published":false,"footnotes":""},"class_list":["post-13655","page","type-page","status-publish","hentry","post-seq-1","post-parity-odd","meta-position-corners","fix"],"yoast_head":"<!-- This site is optimized with the Yoast SEO plugin v22.0 - https:\/\/yoast.com\/wordpress\/plugins\/seo\/ -->\n<title>Bola En Juego - SoloReglasGolf<\/title>\n<meta name=\"robots\" content=\"index, follow, max-snippet:-1, max-image-preview:large, max-video-preview:-1\" \/>\n<link rel=\"canonical\" href=\"https:\/\/soloreglasgolf.com\/WordPress3\/definiciones-2019-2022\/bola-en-juego\/\" \/>\n<meta name=\"twitter:label1\" content=\"Tiempo de lectura\" \/>\n\t<meta name=\"twitter:data1\" content=\"2 minutos\" \/>\n<script type=\"application\/ld+json\" class=\"yoast-schema-graph\">{\"@context\":\"https:\/\/schema.org\",\"@graph\":[{\"@type\":\"WebPage\",\"@id\":\"https:\/\/soloreglasgolf.com\/WordPress3\/definiciones-2019-2022\/bola-en-juego\/\",\"url\":\"https:\/\/soloreglasgolf.com\/WordPress3\/definiciones-2019-2022\/bola-en-juego\/\",\"name\":\"Bola En Juego - SoloReglasGolf\",\"isPartOf\":{\"@id\":\"http:\/\/soloreglasgolf.com\/WordPress3\/#website\"},\"datePublished\":\"2021-04-25T17:11:11+00:00\",\"dateModified\":\"2021-04-29T18:21:19+00:00\",\"breadcrumb\":{\"@id\":\"https:\/\/soloreglasgolf.com\/WordPress3\/definiciones-2019-2022\/bola-en-juego\/#breadcrumb\"},\"inLanguage\":\"es\",\"potentialAction\":[{\"@type\":\"ReadAction\",\"target\":[\"https:\/\/soloreglasgolf.com\/WordPress3\/definiciones-2019-2022\/bola-en-juego\/\"]}]},{\"@type\":\"BreadcrumbList\",\"@id\":\"https:\/\/soloreglasgolf.com\/WordPress3\/definiciones-2019-2022\/bola-en-juego\/#breadcrumb\",\"itemListElement\":[{\"@type\":\"ListItem\",\"position\":1,\"name\":\"Portada\",\"item\":\"http:\/\/soloreglasgolf.com\/WordPress3\/\"},{\"@type\":\"ListItem\",\"position\":2,\"name\":\"Definiciones\",\"item\":\"http:\/\/soloreglasgolf.com\/WordPress3\/definiciones-2019-2022\/\"},{\"@type\":\"ListItem\",\"position\":3,\"name\":\"Bola En Juego\"}]},{\"@type\":\"WebSite\",\"@id\":\"http:\/\/soloreglasgolf.com\/WordPress3\/#website\",\"url\":\"http:\/\/soloreglasgolf.com\/WordPress3\/\",\"name\":\"SoloReglasGolf\",\"description\":\"Conversando sobre  Reglas de Golf\",\"potentialAction\":[{\"@type\":\"SearchAction\",\"target\":{\"@type\":\"EntryPoint\",\"urlTemplate\":\"http:\/\/soloreglasgolf.com\/WordPress3\/?s={search_term_string}\"},\"query-input\":\"required name=search_term_string\"}],\"inLanguage\":\"es\"}]}<\/script>\n<!-- \/ Yoast SEO plugin. -->","yoast_head_json":{"title":"Bola En Juego - SoloReglasGolf","robots":{"index":"index","follow":"follow","max-snippet":"max-snippet:-1","max-image-preview":"max-image-preview:large","max-video-preview":"max-video-preview:-1"},"canonical":"https:\/\/soloreglasgolf.com\/WordPress3\/definiciones-2019-2022\/bola-en-juego\/","twitter_misc":{"Tiempo de lectura":"2 minutos"},"schema":{"@context":"https:\/\/schema.org","@graph":[{"@type":"WebPage","@id":"https:\/\/soloreglasgolf.com\/WordPress3\/definiciones-2019-2022\/bola-en-juego\/","url":"https:\/\/soloreglasgolf.com\/WordPress3\/definiciones-2019-2022\/bola-en-juego\/","name":"Bola En Juego - SoloReglasGolf","isPartOf":{"@id":"http:\/\/soloreglasgolf.com\/WordPress3\/#website"},"datePublished":"2021-04-25T17:11:11+00:00","dateModified":"2021-04-29T18:21:19+00:00","breadcrumb":{"@id":"https:\/\/soloreglasgolf.com\/WordPress3\/definiciones-2019-2022\/bola-en-juego\/#breadcrumb"},"inLanguage":"es","potentialAction":[{"@type":"ReadAction","target":["https:\/\/soloreglasgolf.com\/WordPress3\/definiciones-2019-2022\/bola-en-juego\/"]}]},{"@type":"BreadcrumbList","@id":"https:\/\/soloreglasgolf.com\/WordPress3\/definiciones-2019-2022\/bola-en-juego\/#breadcrumb","itemListElement":[{"@type":"ListItem","position":1,"name":"Portada","item":"http:\/\/soloreglasgolf.com\/WordPress3\/"},{"@type":"ListItem","position":2,"name":"Definiciones","item":"http:\/\/soloreglasgolf.com\/WordPress3\/definiciones-2019-2022\/"},{"@type":"ListItem","position":3,"name":"Bola En Juego"}]},{"@type":"WebSite","@id":"http:\/\/soloreglasgolf.com\/WordPress3\/#website","url":"http:\/\/soloreglasgolf.com\/WordPress3\/","name":"SoloReglasGolf","description":"Conversando sobre  Reglas de Golf","potentialAction":[{"@type":"SearchAction","target":{"@type":"EntryPoint","urlTemplate":"http:\/\/soloreglasgolf.com\/WordPress3\/?s={search_term_string}"},"query-input":"required name=search_term_string"}],"inLanguage":"es"}]}},"jetpack_sharing_enabled":true,"jetpack_shortlink":"https:\/\/wp.me\/P36cD2-3yf","_links":{"self":[{"href":"http:\/\/soloreglasgolf.com\/WordPress3\/wp-json\/wp\/v2\/pages\/13655","targetHints":{"allow":["GET"]}}],"collection":[{"href":"http:\/\/soloreglasgolf.com\/WordPress3\/wp-json\/wp\/v2\/pages"}],"about":[{"href":"http:\/\/soloreglasgolf.com\/WordPress3\/wp-json\/wp\/v2\/types\/page"}],"author":[{"embeddable":true,"href":"http:\/\/soloreglasgolf.com\/WordPress3\/wp-json\/wp\/v2\/users\/28"}],"replies":[{"embeddable":true,"href":"http:\/\/soloreglasgolf.com\/WordPress3\/wp-json\/wp\/v2\/comments?post=13655"}],"version-history":[{"count":7,"href":"http:\/\/soloreglasgolf.com\/WordPress3\/wp-json\/wp\/v2\/pages\/13655\/revisions"}],"predecessor-version":[{"id":43756,"href":"http:\/\/soloreglasgolf.com\/WordPress3\/wp-json\/wp\/v2\/pages\/13655\/revisions\/43756"}],"up":[{"embeddable":true,"href":"http:\/\/soloreglasgolf.com\/WordPress3\/wp-json\/wp\/v2\/pages\/13320"}],"wp:attachment":[{"href":"http:\/\/soloreglasgolf.com\/WordPress3\/wp-json\/wp\/v2\/media?parent=13655"}],"curies":[{"name":"wp","href":"https:\/\/api.w.org\/{rel}","templated":true}]}}