{"id":13645,"date":"2018-11-17T22:24:30","date_gmt":"2018-11-17T21:24:30","guid":{"rendered":"http:\/\/soloreglasgolf.com\/WordPress3\/?page_id=13645"},"modified":"2021-04-28T22:51:04","modified_gmt":"2021-04-28T20:51:04","slug":"area-de-alivio","status":"publish","type":"page","link":"http:\/\/soloreglasgolf.com\/WordPress3\/definiciones-2019-2022\/area-de-alivio\/","title":{"rendered":"\u00c1rea de Alivio"},"content":{"rendered":"<p>El <strong>\u00e1rea<\/strong> donde un jugador ha de <strong>dropar una bola al tomar alivio bajo una Regla<\/strong>. Cada Regla de alivio requiere al jugador el uso de un \u00e1rea de alivio espec\u00edfica, cuyo tama\u00f1o y ubicaci\u00f3n depender\u00e1 de estos tres factores:<\/p>\n<ul>\n<li><strong>Punto de Referencia<\/strong>: El punto desde el cual el tama\u00f1o del \u00e1rea de alivio es medida.<\/li>\n<li><strong>Tama\u00f1o del \u00c1rea de Alivio Medido desde el Punto de Referencia<\/strong>: El \u00e1rea de alivio es de uno o dos palos de longitud desde el punto de referencia, pero con ciertas limitaciones.<\/li>\n<li><strong>Limitaciones sobre la Ubicaci\u00f3n del \u00c1rea de Alivio<\/strong>: La ubicaci\u00f3n del \u00e1rea de alivio puede estar limitada de una o m\u00e1s maneras, de modo que, por ejemplo:\n<ul>\n<li>S\u00f3lo est\u00e1 en ciertas \u00e1reas definidas del campo, como s\u00f3lo en el \u00e1rea general, o no en un <a href=\"http:\/\/soloreglasgolf.com\/WordPress3\/definiciones-2019-2022\/bunker\/\">bunker<\/a> o en un <a href=\"http:\/\/soloreglasgolf.com\/WordPress3\/definiciones-2019-2022\/area-penalizacion\/\">\u00e1rea de penalizaci\u00f3n<\/a>,<\/li>\n<li>No est\u00e1 m\u00e1s cerca del hoyo que el punto de referencia o debe estar fuera de un \u00e1rea de penalizaci\u00f3n o un bunker, desde los cuales se est\u00e1 tomando alivio, o<\/li>\n<li>Est\u00e1 donde <strong>no hay interferencia<\/strong> (como se define en la Regla espec\u00edfica) de la c<strong>ondici\u00f3n de la que se est\u00e1 tomando alivio.<\/strong><\/li>\n<\/ul>\n<\/li>\n<\/ul>\n<p>Al usar la longitud del palo para determinar el tama\u00f1o del \u00e1rea de alivio, el jugador puede medir directamente a trav\u00e9s de una zanja, hoyo o cosa similar y directamente a trav\u00e9s de un objeto (como un \u00e1rbol, cerca, pared, t\u00fanel, desag\u00fce o boca de riego), pero no est\u00e1 permitido medir a trav\u00e9s del suelo que se ondula naturalmente o inclina hacia arriba y\/o abajo.<\/p>\n","protected":false},"excerpt":{"rendered":"<p>El \u00e1rea donde un jugador ha de dropar una bola al tomar alivio bajo una Regla. Cada Regla de alivio requiere al jugador el uso de un \u00e1rea de alivio espec\u00edfica, cuyo tama\u00f1o y ubicaci\u00f3n depender\u00e1 de estos tres factores: Punto de Referencia: El punto desde el cual el tama\u00f1o del \u00e1rea de alivio es <a href='http:\/\/soloreglasgolf.com\/WordPress3\/definiciones-2019-2022\/area-de-alivio\/' class='excerpt-more'>[Leer + &#8230;]<\/a><\/p>\n","protected":false},"author":28,"featured_media":0,"parent":13320,"menu_order":0,"comment_status":"closed","ping_status":"closed","template":"","meta":{"jetpack_post_was_ever_published":false,"footnotes":""},"class_list":["post-13645","page","type-page","status-publish","hentry","post-seq-1","post-parity-odd","meta-position-corners","fix"],"yoast_head":"<!-- This site is optimized with the Yoast SEO plugin v22.0 - https:\/\/yoast.com\/wordpress\/plugins\/seo\/ -->\n<title>\u00c1rea de Alivio - SoloReglasGolf<\/title>\n<meta name=\"robots\" content=\"index, follow, max-snippet:-1, max-image-preview:large, max-video-preview:-1\" \/>\n<link rel=\"canonical\" href=\"https:\/\/soloreglasgolf.com\/WordPress3\/definiciones-2019-2022\/area-de-alivio\/\" \/>\n<meta name=\"twitter:label1\" content=\"Tiempo de lectura\" \/>\n\t<meta name=\"twitter:data1\" content=\"2 minutos\" \/>\n<script type=\"application\/ld+json\" class=\"yoast-schema-graph\">{\"@context\":\"https:\/\/schema.org\",\"@graph\":[{\"@type\":\"WebPage\",\"@id\":\"https:\/\/soloreglasgolf.com\/WordPress3\/definiciones-2019-2022\/area-de-alivio\/\",\"url\":\"https:\/\/soloreglasgolf.com\/WordPress3\/definiciones-2019-2022\/area-de-alivio\/\",\"name\":\"\u00c1rea de Alivio - SoloReglasGolf\",\"isPartOf\":{\"@id\":\"http:\/\/soloreglasgolf.com\/WordPress3\/#website\"},\"datePublished\":\"2018-11-17T21:24:30+00:00\",\"dateModified\":\"2021-04-28T20:51:04+00:00\",\"breadcrumb\":{\"@id\":\"https:\/\/soloreglasgolf.com\/WordPress3\/definiciones-2019-2022\/area-de-alivio\/#breadcrumb\"},\"inLanguage\":\"es\",\"potentialAction\":[{\"@type\":\"ReadAction\",\"target\":[\"https:\/\/soloreglasgolf.com\/WordPress3\/definiciones-2019-2022\/area-de-alivio\/\"]}]},{\"@type\":\"BreadcrumbList\",\"@id\":\"https:\/\/soloreglasgolf.com\/WordPress3\/definiciones-2019-2022\/area-de-alivio\/#breadcrumb\",\"itemListElement\":[{\"@type\":\"ListItem\",\"position\":1,\"name\":\"Portada\",\"item\":\"http:\/\/soloreglasgolf.com\/WordPress3\/\"},{\"@type\":\"ListItem\",\"position\":2,\"name\":\"Definiciones\",\"item\":\"http:\/\/soloreglasgolf.com\/WordPress3\/definiciones-2019-2022\/\"},{\"@type\":\"ListItem\",\"position\":3,\"name\":\"\u00c1rea de Alivio\"}]},{\"@type\":\"WebSite\",\"@id\":\"http:\/\/soloreglasgolf.com\/WordPress3\/#website\",\"url\":\"http:\/\/soloreglasgolf.com\/WordPress3\/\",\"name\":\"SoloReglasGolf\",\"description\":\"Conversando sobre  Reglas de Golf\",\"potentialAction\":[{\"@type\":\"SearchAction\",\"target\":{\"@type\":\"EntryPoint\",\"urlTemplate\":\"http:\/\/soloreglasgolf.com\/WordPress3\/?s={search_term_string}\"},\"query-input\":\"required name=search_term_string\"}],\"inLanguage\":\"es\"}]}<\/script>\n<!-- \/ Yoast SEO plugin. -->","yoast_head_json":{"title":"\u00c1rea de Alivio - SoloReglasGolf","robots":{"index":"index","follow":"follow","max-snippet":"max-snippet:-1","max-image-preview":"max-image-preview:large","max-video-preview":"max-video-preview:-1"},"canonical":"https:\/\/soloreglasgolf.com\/WordPress3\/definiciones-2019-2022\/area-de-alivio\/","twitter_misc":{"Tiempo de lectura":"2 minutos"},"schema":{"@context":"https:\/\/schema.org","@graph":[{"@type":"WebPage","@id":"https:\/\/soloreglasgolf.com\/WordPress3\/definiciones-2019-2022\/area-de-alivio\/","url":"https:\/\/soloreglasgolf.com\/WordPress3\/definiciones-2019-2022\/area-de-alivio\/","name":"\u00c1rea de Alivio - SoloReglasGolf","isPartOf":{"@id":"http:\/\/soloreglasgolf.com\/WordPress3\/#website"},"datePublished":"2018-11-17T21:24:30+00:00","dateModified":"2021-04-28T20:51:04+00:00","breadcrumb":{"@id":"https:\/\/soloreglasgolf.com\/WordPress3\/definiciones-2019-2022\/area-de-alivio\/#breadcrumb"},"inLanguage":"es","potentialAction":[{"@type":"ReadAction","target":["https:\/\/soloreglasgolf.com\/WordPress3\/definiciones-2019-2022\/area-de-alivio\/"]}]},{"@type":"BreadcrumbList","@id":"https:\/\/soloreglasgolf.com\/WordPress3\/definiciones-2019-2022\/area-de-alivio\/#breadcrumb","itemListElement":[{"@type":"ListItem","position":1,"name":"Portada","item":"http:\/\/soloreglasgolf.com\/WordPress3\/"},{"@type":"ListItem","position":2,"name":"Definiciones","item":"http:\/\/soloreglasgolf.com\/WordPress3\/definiciones-2019-2022\/"},{"@type":"ListItem","position":3,"name":"\u00c1rea de Alivio"}]},{"@type":"WebSite","@id":"http:\/\/soloreglasgolf.com\/WordPress3\/#website","url":"http:\/\/soloreglasgolf.com\/WordPress3\/","name":"SoloReglasGolf","description":"Conversando sobre  Reglas de Golf","potentialAction":[{"@type":"SearchAction","target":{"@type":"EntryPoint","urlTemplate":"http:\/\/soloreglasgolf.com\/WordPress3\/?s={search_term_string}"},"query-input":"required name=search_term_string"}],"inLanguage":"es"}]}},"jetpack_sharing_enabled":true,"jetpack_shortlink":"https:\/\/wp.me\/P36cD2-3y5","_links":{"self":[{"href":"http:\/\/soloreglasgolf.com\/WordPress3\/wp-json\/wp\/v2\/pages\/13645","targetHints":{"allow":["GET"]}}],"collection":[{"href":"http:\/\/soloreglasgolf.com\/WordPress3\/wp-json\/wp\/v2\/pages"}],"about":[{"href":"http:\/\/soloreglasgolf.com\/WordPress3\/wp-json\/wp\/v2\/types\/page"}],"author":[{"embeddable":true,"href":"http:\/\/soloreglasgolf.com\/WordPress3\/wp-json\/wp\/v2\/users\/28"}],"replies":[{"embeddable":true,"href":"http:\/\/soloreglasgolf.com\/WordPress3\/wp-json\/wp\/v2\/comments?post=13645"}],"version-history":[{"count":6,"href":"http:\/\/soloreglasgolf.com\/WordPress3\/wp-json\/wp\/v2\/pages\/13645\/revisions"}],"predecessor-version":[{"id":43704,"href":"http:\/\/soloreglasgolf.com\/WordPress3\/wp-json\/wp\/v2\/pages\/13645\/revisions\/43704"}],"up":[{"embeddable":true,"href":"http:\/\/soloreglasgolf.com\/WordPress3\/wp-json\/wp\/v2\/pages\/13320"}],"wp:attachment":[{"href":"http:\/\/soloreglasgolf.com\/WordPress3\/wp-json\/wp\/v2\/media?parent=13645"}],"curies":[{"name":"wp","href":"https:\/\/api.w.org\/{rel}","templated":true}]}}