{"id":13622,"date":"2018-04-07T19:49:26","date_gmt":"2018-04-07T17:49:26","guid":{"rendered":"http:\/\/soloreglasgolf.com\/WordPress3\/?page_id=13622"},"modified":"2018-04-08T10:58:15","modified_gmt":"2018-04-08T08:58:15","slug":"13-2-el-asta-de-la-bandera","status":"publish","type":"page","link":"http:\/\/soloreglasgolf.com\/WordPress3\/reglas-2019\/iv-reglas-especiales-para-bunkers-y-greens\/regla-13\/13-2-el-asta-de-la-bandera\/","title":{"rendered":"13.2 El Asta de la Bandera"},"content":{"rendered":"<p><strong>Prop\u00f3sito:<\/strong> Esta Regla cubre las opciones del jugador relacionadas con el asta de la bandera. El jugador puede dejarla en el hoyo o hacer que la quiten (lo que incluye que alguien se la atienda y que la quite despu\u00e9s de ser jugada la bola), pero tiene que decidirse antes del golpe. Normalmente no hay penalizaci\u00f3n si una bola en movimiento golpea al asta de la bandera.<br \/>\nEsta Regla se aplica para una bola jugada desde cualquier parte del campo, tanto si est\u00e1 dentro como fuera del green.<\/p>\n<p><strong>a. Dejando el Asta de la Bandera en el Hoyo<\/strong><\/p>\n<p><strong>(1)<\/strong> El jugador Puede Dejar el Asta de la Bandera en el Hoyo. El jugador puede ejecutar un golpe con el asta de la bandera dejada en el hoyo, por lo que es posible que la bola en movimiento golpee el asta de la bandera.<br \/>\nAntes de ejecutar el golpe, el jugador debe decidir entre:<\/p>\n<p>\u2022 Dejar el asta de la bandera como la encuentra en el hoyo o moverla para centrarla y dejarla en esa posici\u00f3n, o<br \/>\n\u2022 Volver a poner el asta de la bandera en el hoyo, si hab\u00eda sido quitada.<br \/>\nEn cualquier caso:<br \/>\n\u2022 El jugador no debe tratar de obtener una ventaja moviendo deliberadamente el asta de la bandera a una posici\u00f3n en la que no est\u00e9 centrada en el hoyo.<br \/>\n\u2022 Si el jugador lo hace y la bola en movimiento golpea el asta de la bandera, incurrir\u00e1 en la penalizaci\u00f3n general.<\/p>\n<p><strong>(2)<\/strong> No Hay Penalizaci\u00f3n si la Bola Golpea al Asta de la Bandera Dejada en el Hoyo: Si el jugador ejecuta un golpe con el asta de la bandera dejada en el hoyo y la bola en movimiento golpea el asta de la bandera:<br \/>\n\u2022 No hay penalizaci\u00f3n (excepto lo previsto en (1)), y<br \/>\n\u2022 La bola debe jugarse como repose.<\/p>\n<p><strong>(3)<\/strong> Limitaciones del Jugador Respecto a Mover o Quitar el Asta de la Bandera Dejada en el Hoyo Mientras la Bola est\u00e1 en Movimiento. Despu\u00e9s de ejecutar un golpe y con el asta de la bandera dejada en el hoyo:<br \/>\n\u2022 El jugador y su caddie no deben deliberadamente mover o quitar el asta de la bandera para afectar d\u00f3nde la bola en movimiento del jugador podr\u00eda quedar en reposo (como para evitar que la bola golpee al asta de la bandera). Si esto ocurre, el jugador incurre en la penalizaci\u00f3n general.<br \/>\n\u2022 Pero no hay penalizaci\u00f3n si el jugador, encontr\u00e1ndose el asta de la bandera en el hoyo, la mueve o quita por cualquier otra raz\u00f3n, como cuando razonablemente cree que la bola en movimiento no golpear\u00e1 el asta de la bandera antes de quedar en reposo.<\/p>\n<p><strong>(4)<\/strong> Limitaci\u00f3n de Otros Jugadores Respecto a Mover o Quitar el Asta de la Bandera Cuando el Jugador Ha Decidido Dejarla en el Hoyo. Cuando el jugador ha dejado el asta de la\u00a0bandera en el hoyo y no ha autorizado a nadie a atenderla (ver Regla 13.2b (1)), cualquier otro jugador no debe moverla o quitarla deliberadamente para afectar d\u00f3nde la bola en movimiento del jugador podr\u00eda quedar en reposo.<br \/>\n\u2022 Si otro jugador o su caddie lo hacen antes o durante el golpe y el jugador ejecuta el golpe sin darse cuenta o mientras la bola del jugador est\u00e1 en movimiento despu\u00e9s del golpe, ese otro jugador incurre en la penalizaci\u00f3n general.<br \/>\n\u2022 Pero no hay penalizaci\u00f3n si el otro jugador o su caddie mueven o quitan el asta de la bandera por cualquier otro motivo, como cuando:<br \/>\n\uf0d8 Razonablemente, cree que la bola en movimiento del jugador no golpear\u00e1 el asta de la bandera antes de quedar en reposo.<br \/>\n\uf0d8 No sabe que el jugador est\u00e1 a punto de jugar o que la bola del jugador est\u00e1 en movimiento.<br \/>\nV\u00e9ase Regla 22.2 (en Foursomes, cualquier compa\u00f1ero puede actuar para el bando y la acci\u00f3n del compa\u00f1ero se trata como la acci\u00f3n del jugador); 23.5b (en Four-Ball, cada compa\u00f1ero puede actuar para el bando y la acci\u00f3n del compa\u00f1ero con respecto a la bola o equipamiento del jugador se trata como acci\u00f3n del jugador).<\/p>\n<div class=\"g g-2\"><div class=\"g-single a-14\"><script type=\"text\/javascript\"><!--\r\ngoogle_ad_client = \"ca-pub-2363348512557029\";\r\n\/* Blog pagina-post *\/\r\ngoogle_ad_slot = \"1564877784\";\r\ngoogle_ad_width = 728;\r\ngoogle_ad_height = 90;\r\n\/\/-->\r\n<\/script>\r\n<script type=\"text\/javascript\"\r\nsrc=\"http:\/\/pagead2.googlesyndication.com\/pagead\/show_ads.js\">\r\n<\/script><\/div><\/div>\n<p>&nbsp;<\/p>\n<p><strong>b. Quitando el Asta de la Bandera del Hoyo<\/strong><br \/>\n<strong>(1)<\/strong> El Jugador Puede Tener el Asta de la Bandera Quitada del Hoyo: El jugador puede ejecutar un golpe con el asta de la bandera quitada del hoyo, para que su bola en movimiento no la golpee estando en el hoyo.<br \/>\nAntes de ejecutar el golpe el jugador debe decidir:<br \/>\n\u2022 Tener el asta de la bandera quitada del hoyo antes de jugar la bola, o<br \/>\n\u2022 Autorizar a alguien a atender el asta de la bandera, lo que significa quitarla de la siguiente manera:<br \/>\n\uf0d8 Primero, sosteniendo el asta de la bandera, en, por encima o al lado del hoyo antes y durante el golpe, con el prop\u00f3sito de mostrar al jugador d\u00f3nde est\u00e1 el hoyo, y<br \/>\n\uf0d8 Posteriormente, quitar el asta de la bandera despu\u00e9s de que se ha ejecutado el golpe.<br \/>\nSe considera que el jugador ha autorizado a atender el asta de bandera si:<\/p>\n<p>\u2022 El caddie del jugador est\u00e1 sosteniendo el asta de la bandera, que se encuentra dentro, encima o al lado del hoyo o est\u00e1 pr\u00f3ximo al hoyo mientras se realiza el golpe, incluso si el jugador no es conocedor de que el caddie est\u00e1 haci\u00e9ndolo.<br \/>\n\u2022 El jugador pide a cualquier persona que le atienda el asta de la bandera y esa persona accede, o<br \/>\n\u2022 El jugador ve a otra persona sosteniendo el asta de la bandera, que se encuentra dentro, por encima o al lado del hoyo, o la persona est\u00e1 pr\u00f3xima al hoyo y el jugador ejecuta el golpe sin pedirle que se aleje o que deje el asta de la bandera en el hoyo.<\/p>\n<p><strong>(2)<\/strong> Qu\u00e9 Hacer Si la Bola Golpea al Asta de la Bandera o a la Persona Que la Atiende. Si la bola en movimiento del jugador golpea el asta de la bandera que el jugador hab\u00eda decidido quitar bajo (1), o golpea a la persona que est\u00e1 atendi\u00e9ndola (o cualquier objeto que la persona tenga), lo que sucede depende de si esto ocurri\u00f3 de una manera accidental o deliberada:<br \/>\n\u2022 La Bola Golpea Accidentalmente al Asta de la Bandera o a la Persona Que la Quit\u00f3 o Est\u00e1 Atendi\u00e9ndola. Si la bola en movimiento del jugador golpea accidentalmente el asta de la bandera o a la persona que la quit\u00f3 o est\u00e1 atendi\u00e9ndola (o cualquier objeto que la persona tenga), no hay penalizaci\u00f3n y la bola debe jugarse como reposa.<br \/>\n\u2022 La Bola Deliberadamente Desviada o Detenida por una Persona Que Atiende el Asta de la Bandera. Si la persona que est\u00e1 atendiendo el asta de la bandera, deliberadamente desv\u00eda o detiene la bola del jugador en movimiento, se aplica la Regla 11.2c:<br \/>\n\uf0d8 D\u00f3nde se Juega la Bola. El jugador no debe jugar la bola como reposa y en su lugar debe tomar alivio bajo la Regla 11.2c.<br \/>\n\uf0d8 Cu\u00e1ndo Hay Penalizaci\u00f3n. Si la persona que deliberadamente desvi\u00f3 o detuvo la bola fue un jugador o su caddie, ese jugador incurre en la penalizaci\u00f3n general por una infracci\u00f3n de la Regla 11.2.<br \/>\nA los efectos de esta Regla, \u00abdesviada o detenida deliberadamente \u00absignifica lo mismo que en la Regla 11.2a e incluye cuando la bola en movimiento del jugador golpea:<br \/>\n\u2022 Un asta de la bandera quitada, que deliberadamente se coloc\u00f3 o se dej\u00f3 en el suelo, en un lugar elegido para que pudiera desviar o detener la bola,<br \/>\n\u2022 Un asta de la bandera atendida, que la persona, deliberadamente no la quita del hoyo o no la aleja de la trayectoria de la bola.<br \/>\n\u2022 La persona que atiende o quita el asta de la bandera (o cualquier objeto que la persona tenga), cuando deliberadamente no se aleja de la trayectoria de la bola.<br \/>\nExcepci\u00f3n \u2013 Restricciones al Mover el Asta de Bandera Deliberadamente para Afectar a una Bola en Movimiento (ver Regla 11.3)<br \/>\nV\u00e9ase Regla 22.2 (en Foursomes, cualquier compa\u00f1ero puede actuar para el bando y la acci\u00f3n del compa\u00f1ero se trata como la acci\u00f3n del jugador); 23.5b (en Four-Ball, cada compa\u00f1ero puede actuar para el bando y la acci\u00f3n del compa\u00f1ero con respecto a la bola o equipamiento del jugador se trata como acci\u00f3n del jugador).<\/p>\n<div class=\"g g-2\"><div class=\"g-single a-17\"><script type=\"text\/javascript\"><!--\r\ngoogle_ad_client = \"ca-pub-2363348512557029\";\r\n\/* Blog pagina-post *\/\r\ngoogle_ad_slot = \"1564877784\";\r\ngoogle_ad_width = 728;\r\ngoogle_ad_height = 90;\r\n\/\/-->\r\n<\/script>\r\n<script type=\"text\/javascript\"\r\nsrc=\"http:\/\/pagead2.googlesyndication.com\/pagead\/show_ads.js\">\r\n<\/script><\/div><\/div>\n<p>&nbsp;<\/p>\n<p><strong>c. Bola Reposando Contra el Asta de la Bandera Dejada en el Hoyo<\/strong><br \/>\nSi la bola de un jugador queda en reposo contra el asta de la bandera dejada en el hoyo:<br \/>\n\u2022 Si <strong>cualquier parte de la bola est\u00e1 en el hoyo y por debajo de la superficie del green<\/strong>, se considerar\u00e1 que la <strong>bola est\u00e1 embocada<\/strong>, incluso si no se encuentra toda ella por debajo de la superficie.<br \/>\n\u2022 Si ninguna parte de la bola se encuentra en el hoyo por debajo de la superficie del green:<br \/>\n\uf0d8 La bola no est\u00e1 embocada y debe jugarse como reposa.<br \/>\n\uf0d8 Si el asta de la bandera se quita y la bola se mueve (tanto si cae dentro del hoyo como si se aleja), no hay penalizaci\u00f3n y la bola debe reponerse en el borde del hoyo (ver Regla 14.2).<\/p>\n<p>Penalizaci\u00f3n por Jugar Bola Incorrectamente Sustituta o Jugar una Bola desde Lugar Equivocado infringiendo la Regla 13.2: Penalizaci\u00f3n General bajo la Regla 6.3b o 14.7a.<\/p>\n<p>Si m\u00faltiples infracciones resultan de un solo acto o actos relacionados, ver Regla 1.3c (4).<br \/>\nEn stroke play (juego por golpes), el jugador est\u00e1 descalificado si no emboca como se requiere en la Regla 3.3c.<\/p>\n<div class=\"g g-2\"><div class=\"g-single a-15\"><script type=\"text\/javascript\"><!--\r\ngoogle_ad_client = \"ca-pub-2363348512557029\";\r\n\/* Blog pagina-post *\/\r\ngoogle_ad_slot = \"1564877784\";\r\ngoogle_ad_width = 728;\r\ngoogle_ad_height = 90;\r\n\/\/-->\r\n<\/script>\r\n<script type=\"text\/javascript\"\r\nsrc=\"http:\/\/pagead2.googlesyndication.com\/pagead\/show_ads.js\">\r\n<\/script><\/div><\/div>\n","protected":false},"excerpt":{"rendered":"<p>Prop\u00f3sito: Esta Regla cubre las opciones del jugador relacionadas con el asta de la bandera. El jugador puede dejarla en el hoyo o hacer que la quiten (lo que incluye que alguien se la atienda y que la quite despu\u00e9s de ser jugada la bola), pero tiene que decidirse antes del golpe. Normalmente no hay <a href='http:\/\/soloreglasgolf.com\/WordPress3\/reglas-2019\/iv-reglas-especiales-para-bunkers-y-greens\/regla-13\/13-2-el-asta-de-la-bandera\/' class='excerpt-more'>[Leer + &#8230;]<\/a><\/p>\n","protected":false},"author":28,"featured_media":0,"parent":13288,"menu_order":0,"comment_status":"closed","ping_status":"closed","template":"","meta":{"jetpack_post_was_ever_published":false,"footnotes":""},"class_list":["post-13622","page","type-page","status-publish","hentry","post-seq-1","post-parity-odd","meta-position-corners","fix"],"yoast_head":"<!-- This site is optimized with the Yoast SEO plugin v22.0 - https:\/\/yoast.com\/wordpress\/plugins\/seo\/ -->\n<title>13.2 El Asta de la Bandera - SoloReglasGolf<\/title>\n<meta name=\"robots\" content=\"index, follow, max-snippet:-1, max-image-preview:large, max-video-preview:-1\" \/>\n<link rel=\"canonical\" href=\"http:\/\/soloreglasgolf.com\/WordPress3\/reglas-2019\/iv-reglas-especiales-para-bunkers-y-greens\/regla-13\/13-2-el-asta-de-la-bandera\/\" \/>\n<meta name=\"twitter:label1\" content=\"Tiempo de lectura\" \/>\n\t<meta name=\"twitter:data1\" content=\"8 minutos\" \/>\n<script type=\"application\/ld+json\" class=\"yoast-schema-graph\">{\"@context\":\"https:\/\/schema.org\",\"@graph\":[{\"@type\":\"WebPage\",\"@id\":\"http:\/\/soloreglasgolf.com\/WordPress3\/reglas-2019\/iv-reglas-especiales-para-bunkers-y-greens\/regla-13\/13-2-el-asta-de-la-bandera\/\",\"url\":\"http:\/\/soloreglasgolf.com\/WordPress3\/reglas-2019\/iv-reglas-especiales-para-bunkers-y-greens\/regla-13\/13-2-el-asta-de-la-bandera\/\",\"name\":\"13.2 El Asta de la Bandera - SoloReglasGolf\",\"isPartOf\":{\"@id\":\"http:\/\/soloreglasgolf.com\/WordPress3\/#website\"},\"datePublished\":\"2018-04-07T17:49:26+00:00\",\"dateModified\":\"2018-04-08T08:58:15+00:00\",\"breadcrumb\":{\"@id\":\"http:\/\/soloreglasgolf.com\/WordPress3\/reglas-2019\/iv-reglas-especiales-para-bunkers-y-greens\/regla-13\/13-2-el-asta-de-la-bandera\/#breadcrumb\"},\"inLanguage\":\"es\",\"potentialAction\":[{\"@type\":\"ReadAction\",\"target\":[\"http:\/\/soloreglasgolf.com\/WordPress3\/reglas-2019\/iv-reglas-especiales-para-bunkers-y-greens\/regla-13\/13-2-el-asta-de-la-bandera\/\"]}]},{\"@type\":\"BreadcrumbList\",\"@id\":\"http:\/\/soloreglasgolf.com\/WordPress3\/reglas-2019\/iv-reglas-especiales-para-bunkers-y-greens\/regla-13\/13-2-el-asta-de-la-bandera\/#breadcrumb\",\"itemListElement\":[{\"@type\":\"ListItem\",\"position\":1,\"name\":\"Portada\",\"item\":\"http:\/\/soloreglasgolf.com\/WordPress3\/\"},{\"@type\":\"ListItem\",\"position\":2,\"name\":\"Reglas 2019\",\"item\":\"http:\/\/soloreglasgolf.com\/WordPress3\/reglas-2019\/\"},{\"@type\":\"ListItem\",\"position\":3,\"name\":\"IV. Reglas Especiales para Bunkers y Greens\",\"item\":\"https:\/\/soloreglasgolf.com\/WordPress3\/reglas-2019\/iv-reglas-especiales-para-bunkers-y-greens\/\"},{\"@type\":\"ListItem\",\"position\":4,\"name\":\"Regla 13 \u2013 El Green\",\"item\":\"http:\/\/soloreglasgolf.com\/WordPress3\/reglas-2019\/iv-reglas-especiales-para-bunkers-y-greens\/regla-13\/\"},{\"@type\":\"ListItem\",\"position\":5,\"name\":\"13.2 El Asta de la Bandera\"}]},{\"@type\":\"WebSite\",\"@id\":\"http:\/\/soloreglasgolf.com\/WordPress3\/#website\",\"url\":\"http:\/\/soloreglasgolf.com\/WordPress3\/\",\"name\":\"SoloReglasGolf\",\"description\":\"Conversando sobre  Reglas de Golf\",\"potentialAction\":[{\"@type\":\"SearchAction\",\"target\":{\"@type\":\"EntryPoint\",\"urlTemplate\":\"http:\/\/soloreglasgolf.com\/WordPress3\/?s={search_term_string}\"},\"query-input\":\"required name=search_term_string\"}],\"inLanguage\":\"es\"}]}<\/script>\n<!-- \/ Yoast SEO plugin. -->","yoast_head_json":{"title":"13.2 El Asta de la Bandera - SoloReglasGolf","robots":{"index":"index","follow":"follow","max-snippet":"max-snippet:-1","max-image-preview":"max-image-preview:large","max-video-preview":"max-video-preview:-1"},"canonical":"http:\/\/soloreglasgolf.com\/WordPress3\/reglas-2019\/iv-reglas-especiales-para-bunkers-y-greens\/regla-13\/13-2-el-asta-de-la-bandera\/","twitter_misc":{"Tiempo de lectura":"8 minutos"},"schema":{"@context":"https:\/\/schema.org","@graph":[{"@type":"WebPage","@id":"http:\/\/soloreglasgolf.com\/WordPress3\/reglas-2019\/iv-reglas-especiales-para-bunkers-y-greens\/regla-13\/13-2-el-asta-de-la-bandera\/","url":"http:\/\/soloreglasgolf.com\/WordPress3\/reglas-2019\/iv-reglas-especiales-para-bunkers-y-greens\/regla-13\/13-2-el-asta-de-la-bandera\/","name":"13.2 El Asta de la Bandera - SoloReglasGolf","isPartOf":{"@id":"http:\/\/soloreglasgolf.com\/WordPress3\/#website"},"datePublished":"2018-04-07T17:49:26+00:00","dateModified":"2018-04-08T08:58:15+00:00","breadcrumb":{"@id":"http:\/\/soloreglasgolf.com\/WordPress3\/reglas-2019\/iv-reglas-especiales-para-bunkers-y-greens\/regla-13\/13-2-el-asta-de-la-bandera\/#breadcrumb"},"inLanguage":"es","potentialAction":[{"@type":"ReadAction","target":["http:\/\/soloreglasgolf.com\/WordPress3\/reglas-2019\/iv-reglas-especiales-para-bunkers-y-greens\/regla-13\/13-2-el-asta-de-la-bandera\/"]}]},{"@type":"BreadcrumbList","@id":"http:\/\/soloreglasgolf.com\/WordPress3\/reglas-2019\/iv-reglas-especiales-para-bunkers-y-greens\/regla-13\/13-2-el-asta-de-la-bandera\/#breadcrumb","itemListElement":[{"@type":"ListItem","position":1,"name":"Portada","item":"http:\/\/soloreglasgolf.com\/WordPress3\/"},{"@type":"ListItem","position":2,"name":"Reglas 2019","item":"http:\/\/soloreglasgolf.com\/WordPress3\/reglas-2019\/"},{"@type":"ListItem","position":3,"name":"IV. Reglas Especiales para Bunkers y Greens","item":"https:\/\/soloreglasgolf.com\/WordPress3\/reglas-2019\/iv-reglas-especiales-para-bunkers-y-greens\/"},{"@type":"ListItem","position":4,"name":"Regla 13 \u2013 El Green","item":"http:\/\/soloreglasgolf.com\/WordPress3\/reglas-2019\/iv-reglas-especiales-para-bunkers-y-greens\/regla-13\/"},{"@type":"ListItem","position":5,"name":"13.2 El Asta de la Bandera"}]},{"@type":"WebSite","@id":"http:\/\/soloreglasgolf.com\/WordPress3\/#website","url":"http:\/\/soloreglasgolf.com\/WordPress3\/","name":"SoloReglasGolf","description":"Conversando sobre  Reglas de Golf","potentialAction":[{"@type":"SearchAction","target":{"@type":"EntryPoint","urlTemplate":"http:\/\/soloreglasgolf.com\/WordPress3\/?s={search_term_string}"},"query-input":"required name=search_term_string"}],"inLanguage":"es"}]}},"jetpack_sharing_enabled":true,"jetpack_shortlink":"https:\/\/wp.me\/P36cD2-3xI","_links":{"self":[{"href":"http:\/\/soloreglasgolf.com\/WordPress3\/wp-json\/wp\/v2\/pages\/13622","targetHints":{"allow":["GET"]}}],"collection":[{"href":"http:\/\/soloreglasgolf.com\/WordPress3\/wp-json\/wp\/v2\/pages"}],"about":[{"href":"http:\/\/soloreglasgolf.com\/WordPress3\/wp-json\/wp\/v2\/types\/page"}],"author":[{"embeddable":true,"href":"http:\/\/soloreglasgolf.com\/WordPress3\/wp-json\/wp\/v2\/users\/28"}],"replies":[{"embeddable":true,"href":"http:\/\/soloreglasgolf.com\/WordPress3\/wp-json\/wp\/v2\/comments?post=13622"}],"version-history":[{"count":7,"href":"http:\/\/soloreglasgolf.com\/WordPress3\/wp-json\/wp\/v2\/pages\/13622\/revisions"}],"predecessor-version":[{"id":13687,"href":"http:\/\/soloreglasgolf.com\/WordPress3\/wp-json\/wp\/v2\/pages\/13622\/revisions\/13687"}],"up":[{"embeddable":true,"href":"http:\/\/soloreglasgolf.com\/WordPress3\/wp-json\/wp\/v2\/pages\/13288"}],"wp:attachment":[{"href":"http:\/\/soloreglasgolf.com\/WordPress3\/wp-json\/wp\/v2\/media?parent=13622"}],"curies":[{"name":"wp","href":"https:\/\/api.w.org\/{rel}","templated":true}]}}