{"id":13591,"date":"2018-04-07T17:47:35","date_gmt":"2018-04-07T15:47:35","guid":{"rendered":"http:\/\/soloreglasgolf.com\/WordPress3\/?page_id=13591"},"modified":"2018-04-07T17:47:35","modified_gmt":"2018-04-07T15:47:35","slug":"16-2-condicion-de-animal-peligroso","status":"publish","type":"page","link":"http:\/\/soloreglasgolf.com\/WordPress3\/reglas-2019\/regla-16\/16-2-condicion-de-animal-peligroso\/","title":{"rendered":"16.2 Condici\u00f3n de Animal Peligroso"},"content":{"rendered":"<p><strong>a. Cu\u00e1ndo se Permite el Alivio<\/strong><br \/>\nExiste una \u201ccondici\u00f3n de animal peligroso\u201d cuando un animal peligroso (como serpientes venenosas, abejas urticantes, caimanes, hormigas rojas u osos) est\u00e1 cerca de una bola y podr\u00eda causar da\u00f1os f\u00edsicos serios al jugador si tuviera que jugar desde donde reposa la bola.<br \/>\nUn jugador puede aliviarse bajo la Regla 16.2b por interferencia de una condici\u00f3n de animal peligroso sin importar en qu\u00e9 parte del campo se encuentra la bola, excepto que el alivio no est\u00e1 permitido:<\/p>\n<ul>\n<li>Cuando jugar la bola como reposa ser\u00eda claramente irrazonable debido a algo diferente a la condici\u00f3n de animal peligroso (por ejemplo, cuando el jugador ser\u00eda incapaz de ejecutar un golpe porque su bola se encuentra en un arbusto), o<\/li>\n<li>\u00a0Cuando s\u00f3lo existe interferencia porque el jugador elige un palo, tipo de stance, swing o direcci\u00f3n de juego claramente irrazonables en esas circunstancias.<\/li>\n<\/ul>\n<p><strong>b. Alivio Por Condici\u00f3n de Animal Peligroso<\/strong><br \/>\nCuando hay interferencia por una condici\u00f3n de animal peligroso:<\/p>\n<p><strong>(1)<\/strong> <strong>Cuando La Bola Reposa en Cualquier Sitio Excepto<\/strong> en un <a href=\"http:\/\/soloreglasgolf.com\/WordPress3\/definiciones-2019-2022\/area-penalizacion\/\">\u00c1rea de Penalizaci\u00f3n<\/a>. El jugador puede aliviarse bajo la Regla 16.1b, c o d, dependiendo de si la bola est\u00e1 en el <a href=\"http:\/\/soloreglasgolf.com\/WordPress3\/definiciones-2019-2022\/area-general\/\">\u00e1rea general<\/a>, en un <a href=\"http:\/\/soloreglasgolf.com\/WordPress3\/definiciones-2019-2022\/bunker\/\">bunker<\/a> o en el <a href=\"http:\/\/soloreglasgolf.com\/WordPress3\/definiciones-2019-2022\/green\/\">green<\/a>.<\/p>\n<p><strong>(2)<\/strong> <strong>Cuando la Bola Reposa en un \u00c1rea de Penalizaci\u00f3n<\/strong>. El jugador puede aliviarse sin o con penalizaci\u00f3n:<\/p>\n<ul>\n<li><strong>Alivio Sin Penalizaci\u00f3n<\/strong>: Jugar desde Dentro del \u00c1rea de Penalizaci\u00f3n. El jugador puede aliviarse sin penalizaci\u00f3n bajo la Regla 16.1b, excepto que el punto m\u00e1s cercano de alivio total y el \u00e1rea de alivio deben estar dentro del \u00e1rea de penalizaci\u00f3n<\/li>\n<li><strong>Alivio Con Penalizaci\u00f3n<\/strong>: Jugar desde Fuera del \u00c1rea De penalizaci\u00f3n\n<ul>\n<li>El jugador puede aliviarse con penalizaci\u00f3n bajo la Regla 17.1d.<\/li>\n<li>Si hay interferencia de una condici\u00f3n de animal peligroso en la que la bola se jugar\u00eda despu\u00e9s de aliviarse fuera del \u00e1rea de penalizaci\u00f3n, el jugador puede aliviarse de acuerdo con (1) sin penalizaci\u00f3n adicional.<\/li>\n<\/ul>\n<\/li>\n<\/ul>\n<p>A efectos de esta Regla, el punto m\u00e1s cercano de alivio total significa el punto m\u00e1s cercano (no m\u00e1s cerca del hoyo) en el que no existe la condici\u00f3n de animal peligroso.<\/p>\n<p>Penalizaci\u00f3n por Jugar una Bola Desde Lugar Equivocado Infringiendo la Regla 16.2: Penalizaci\u00f3n General bajo la Regla 14.7a.<\/p>\n","protected":false},"excerpt":{"rendered":"<p>a. Cu\u00e1ndo se Permite el Alivio Existe una \u201ccondici\u00f3n de animal peligroso\u201d cuando un animal peligroso (como serpientes venenosas, abejas urticantes, caimanes, hormigas rojas u osos) est\u00e1 cerca de una bola y podr\u00eda causar da\u00f1os f\u00edsicos serios al jugador si tuviera que jugar desde donde reposa la bola. Un jugador puede aliviarse bajo la Regla <a href='http:\/\/soloreglasgolf.com\/WordPress3\/reglas-2019\/regla-16\/16-2-condicion-de-animal-peligroso\/' class='excerpt-more'>[Leer + &#8230;]<\/a><\/p>\n","protected":false},"author":28,"featured_media":0,"parent":13294,"menu_order":0,"comment_status":"closed","ping_status":"closed","template":"","meta":{"jetpack_post_was_ever_published":false,"footnotes":""},"class_list":["post-13591","page","type-page","status-publish","hentry","post-seq-1","post-parity-odd","meta-position-corners","fix"],"yoast_head":"<!-- This site is optimized with the Yoast SEO plugin v22.0 - https:\/\/yoast.com\/wordpress\/plugins\/seo\/ -->\n<title>16.2 Condici\u00f3n de Animal Peligroso - SoloReglasGolf<\/title>\n<meta name=\"robots\" content=\"index, follow, max-snippet:-1, max-image-preview:large, max-video-preview:-1\" \/>\n<link rel=\"canonical\" href=\"http:\/\/soloreglasgolf.com\/WordPress3\/reglas-2019\/regla-16\/16-2-condicion-de-animal-peligroso\/\" \/>\n<meta name=\"twitter:label1\" content=\"Tiempo de lectura\" \/>\n\t<meta name=\"twitter:data1\" content=\"2 minutos\" \/>\n<script type=\"application\/ld+json\" class=\"yoast-schema-graph\">{\"@context\":\"https:\/\/schema.org\",\"@graph\":[{\"@type\":\"WebPage\",\"@id\":\"http:\/\/soloreglasgolf.com\/WordPress3\/reglas-2019\/regla-16\/16-2-condicion-de-animal-peligroso\/\",\"url\":\"http:\/\/soloreglasgolf.com\/WordPress3\/reglas-2019\/regla-16\/16-2-condicion-de-animal-peligroso\/\",\"name\":\"16.2 Condici\u00f3n de Animal Peligroso - SoloReglasGolf\",\"isPartOf\":{\"@id\":\"http:\/\/soloreglasgolf.com\/WordPress3\/#website\"},\"datePublished\":\"2018-04-07T15:47:35+00:00\",\"dateModified\":\"2018-04-07T15:47:35+00:00\",\"breadcrumb\":{\"@id\":\"http:\/\/soloreglasgolf.com\/WordPress3\/reglas-2019\/regla-16\/16-2-condicion-de-animal-peligroso\/#breadcrumb\"},\"inLanguage\":\"es\",\"potentialAction\":[{\"@type\":\"ReadAction\",\"target\":[\"http:\/\/soloreglasgolf.com\/WordPress3\/reglas-2019\/regla-16\/16-2-condicion-de-animal-peligroso\/\"]}]},{\"@type\":\"BreadcrumbList\",\"@id\":\"http:\/\/soloreglasgolf.com\/WordPress3\/reglas-2019\/regla-16\/16-2-condicion-de-animal-peligroso\/#breadcrumb\",\"itemListElement\":[{\"@type\":\"ListItem\",\"position\":1,\"name\":\"Portada\",\"item\":\"http:\/\/soloreglasgolf.com\/WordPress3\/\"},{\"@type\":\"ListItem\",\"position\":2,\"name\":\"Reglas 2019\",\"item\":\"http:\/\/soloreglasgolf.com\/WordPress3\/reglas-2019\/\"},{\"@type\":\"ListItem\",\"position\":3,\"name\":\"Regla 16 \u2013 Alivio Condiciones Anormales del Campo (Incluyendo Obstrucciones Inamovibles); Situaciones Animales Peligrosos, Bola Empotrada.\",\"item\":\"http:\/\/soloreglasgolf.com\/WordPress3\/reglas-2019\/regla-16\/\"},{\"@type\":\"ListItem\",\"position\":4,\"name\":\"16.2 Condici\u00f3n de Animal Peligroso\"}]},{\"@type\":\"WebSite\",\"@id\":\"http:\/\/soloreglasgolf.com\/WordPress3\/#website\",\"url\":\"http:\/\/soloreglasgolf.com\/WordPress3\/\",\"name\":\"SoloReglasGolf\",\"description\":\"Conversando sobre  Reglas de Golf\",\"potentialAction\":[{\"@type\":\"SearchAction\",\"target\":{\"@type\":\"EntryPoint\",\"urlTemplate\":\"http:\/\/soloreglasgolf.com\/WordPress3\/?s={search_term_string}\"},\"query-input\":\"required name=search_term_string\"}],\"inLanguage\":\"es\"}]}<\/script>\n<!-- \/ Yoast SEO plugin. -->","yoast_head_json":{"title":"16.2 Condici\u00f3n de Animal Peligroso - SoloReglasGolf","robots":{"index":"index","follow":"follow","max-snippet":"max-snippet:-1","max-image-preview":"max-image-preview:large","max-video-preview":"max-video-preview:-1"},"canonical":"http:\/\/soloreglasgolf.com\/WordPress3\/reglas-2019\/regla-16\/16-2-condicion-de-animal-peligroso\/","twitter_misc":{"Tiempo de lectura":"2 minutos"},"schema":{"@context":"https:\/\/schema.org","@graph":[{"@type":"WebPage","@id":"http:\/\/soloreglasgolf.com\/WordPress3\/reglas-2019\/regla-16\/16-2-condicion-de-animal-peligroso\/","url":"http:\/\/soloreglasgolf.com\/WordPress3\/reglas-2019\/regla-16\/16-2-condicion-de-animal-peligroso\/","name":"16.2 Condici\u00f3n de Animal Peligroso - SoloReglasGolf","isPartOf":{"@id":"http:\/\/soloreglasgolf.com\/WordPress3\/#website"},"datePublished":"2018-04-07T15:47:35+00:00","dateModified":"2018-04-07T15:47:35+00:00","breadcrumb":{"@id":"http:\/\/soloreglasgolf.com\/WordPress3\/reglas-2019\/regla-16\/16-2-condicion-de-animal-peligroso\/#breadcrumb"},"inLanguage":"es","potentialAction":[{"@type":"ReadAction","target":["http:\/\/soloreglasgolf.com\/WordPress3\/reglas-2019\/regla-16\/16-2-condicion-de-animal-peligroso\/"]}]},{"@type":"BreadcrumbList","@id":"http:\/\/soloreglasgolf.com\/WordPress3\/reglas-2019\/regla-16\/16-2-condicion-de-animal-peligroso\/#breadcrumb","itemListElement":[{"@type":"ListItem","position":1,"name":"Portada","item":"http:\/\/soloreglasgolf.com\/WordPress3\/"},{"@type":"ListItem","position":2,"name":"Reglas 2019","item":"http:\/\/soloreglasgolf.com\/WordPress3\/reglas-2019\/"},{"@type":"ListItem","position":3,"name":"Regla 16 \u2013 Alivio Condiciones Anormales del Campo (Incluyendo Obstrucciones Inamovibles); Situaciones Animales Peligrosos, Bola Empotrada.","item":"http:\/\/soloreglasgolf.com\/WordPress3\/reglas-2019\/regla-16\/"},{"@type":"ListItem","position":4,"name":"16.2 Condici\u00f3n de Animal Peligroso"}]},{"@type":"WebSite","@id":"http:\/\/soloreglasgolf.com\/WordPress3\/#website","url":"http:\/\/soloreglasgolf.com\/WordPress3\/","name":"SoloReglasGolf","description":"Conversando sobre  Reglas de Golf","potentialAction":[{"@type":"SearchAction","target":{"@type":"EntryPoint","urlTemplate":"http:\/\/soloreglasgolf.com\/WordPress3\/?s={search_term_string}"},"query-input":"required name=search_term_string"}],"inLanguage":"es"}]}},"jetpack_sharing_enabled":true,"jetpack_shortlink":"https:\/\/wp.me\/P36cD2-3xd","_links":{"self":[{"href":"http:\/\/soloreglasgolf.com\/WordPress3\/wp-json\/wp\/v2\/pages\/13591","targetHints":{"allow":["GET"]}}],"collection":[{"href":"http:\/\/soloreglasgolf.com\/WordPress3\/wp-json\/wp\/v2\/pages"}],"about":[{"href":"http:\/\/soloreglasgolf.com\/WordPress3\/wp-json\/wp\/v2\/types\/page"}],"author":[{"embeddable":true,"href":"http:\/\/soloreglasgolf.com\/WordPress3\/wp-json\/wp\/v2\/users\/28"}],"replies":[{"embeddable":true,"href":"http:\/\/soloreglasgolf.com\/WordPress3\/wp-json\/wp\/v2\/comments?post=13591"}],"version-history":[{"count":4,"href":"http:\/\/soloreglasgolf.com\/WordPress3\/wp-json\/wp\/v2\/pages\/13591\/revisions"}],"predecessor-version":[{"id":13595,"href":"http:\/\/soloreglasgolf.com\/WordPress3\/wp-json\/wp\/v2\/pages\/13591\/revisions\/13595"}],"up":[{"embeddable":true,"href":"http:\/\/soloreglasgolf.com\/WordPress3\/wp-json\/wp\/v2\/pages\/13294"}],"wp:attachment":[{"href":"http:\/\/soloreglasgolf.com\/WordPress3\/wp-json\/wp\/v2\/media?parent=13591"}],"curies":[{"name":"wp","href":"https:\/\/api.w.org\/{rel}","templated":true}]}}