{"id":13576,"date":"2018-04-05T23:22:40","date_gmt":"2018-04-05T21:22:40","guid":{"rendered":"http:\/\/soloreglasgolf.com\/WordPress3\/?page_id=13576"},"modified":"2018-11-17T22:20:45","modified_gmt":"2018-11-17T21:20:45","slug":"16-3-bola-empotrada","status":"publish","type":"page","link":"http:\/\/soloreglasgolf.com\/WordPress3\/reglas-2019\/regla-16\/16-3-bola-empotrada\/","title":{"rendered":"16.3 Bola Empotrada"},"content":{"rendered":"<p><strong>16.3.a. Cu\u00e1ndo se Permite el Alivio<\/strong><br \/>\n<strong>(1)<\/strong> La Bola Tiene Que Estar Empotrada en el <a href=\"http:\/\/soloreglasgolf.com\/WordPress3\/definiciones-2019-2022\/area-general\/\">\u00c1rea General<\/a>. El alivio est\u00e1 permitido bajo la Regla 16.3b cuando la bola est\u00e1 empotrada en el \u00e1rea general.<\/p>\n<ul>\n<li>No hay alivio bajo esta Regla si la bola est\u00e1 empotrada en cualquier sitio que no sea el \u00e1rea general.<\/li>\n<li>Pero si la bola est\u00e1 empotrada en el green, el jugador puede marcarla, levantarla y limpiarla, reparar los da\u00f1os causados por su impacto y reponerla en el punto de reposo original (ver Regla 13.1c (2)).<\/li>\n<\/ul>\n<p>Excepciones \u2013 No Hay Alivio por Bola Empotrada en el \u00c1rea General: El alivio bajo la Regla 16.3b<strong> no est\u00e1 permitido<\/strong> cuando:<\/p>\n<ul>\n<li>La bola est\u00e1<strong> empotrada en arena<\/strong>, sobre una parte del \u00e1rea general que <strong>no est\u00e1 cortada a la altura del fairway<\/strong> (calle) o menor, o<\/li>\n<li>La <strong>interferencia de cualquier otra cosa<\/strong> que no sea la bola empotrada hace que el golpe sea claramente irrazonable (como cuando un jugador ser\u00eda incapaz de ejecutar un golpe porque su bola se encuentra en un arbusto).<\/li>\n<\/ul>\n<p><strong>(2)<\/strong> <strong>Determinando si la Bola Est\u00e1 Empotrada<\/strong>.<\/p>\n<p>La bola de un jugador <strong>est\u00e1 empotrada<\/strong> s\u00f3lo si:<\/p>\n<ul>\n<li>Est\u00e1 en su <strong>propio pique<\/strong>, hecho como resultado del golpe anterior, y<\/li>\n<li><strong>Parte de la bola<\/strong> est\u00e1 por <strong>debajo del nivel del suelo<\/strong>.<\/li>\n<\/ul>\n<p>Si el<strong> jugador no puede decir con certeza si la bola est\u00e1 en su propio pique<\/strong> o un <strong>pique hecho por otra bola<\/strong>, el jugador puede tratar la bola como empotrada si es razonable concluir, a la vista de la informaci\u00f3n disponible, que la bola se encuentra en su propio pique.<\/p>\n<p>Una bola <strong>no est\u00e1 empotrada<\/strong> si est\u00e1 por debajo del nivel del suelo como resultado de algo diferente al golpe previo del jugador, como cuando:<\/p>\n<ul>\n<li>La bola est\u00e1 aplastada en el suelo debido a alguien que la ha pisado,<\/li>\n<li>La bola se<strong> empotr\u00f3 directamente en el suelo<\/strong>, <strong>sin haber venido por el aire<\/strong>, o<\/li>\n<li>La bola fue dropada al tomar alivio bajo una Regla.<\/li>\n<\/ul>\n<p><strong>16.3.b. C\u00f3mo Aliviarse por Bola Empotrada<\/strong><br \/>\nSi la bola de un jugador est\u00e1 empotrada en el \u00e1rea general y el alivio est\u00e1 permitido bajo la Regla 16.3a, el jugador puede <strong>aliviarse sin penalizaci\u00f3n<\/strong> dropando la bola original u otra bola d<strong>entro de esta \u00e1rea de alivio<\/strong> (ver Regla 14.3):<\/p>\n<ul>\n<li><strong>Punto de Referencia<\/strong>. El punto justo detr\u00e1s de donde est\u00e1 empotrada la bola.<\/li>\n<li><strong>Tama\u00f1o del \u00c1rea de Alivio Medido desde el Punto de Referencia<\/strong>: La longitud de<strong> un palo<\/strong>, pero con las siguientes limitaciones: Limitaciones de la Ubicaci\u00f3n del \u00c1rea de Alivio:\n<ul>\n<li>Debe estar en el <a href=\"http:\/\/soloreglasgolf.com\/WordPress3\/definiciones-2019-2022\/area-general\/\">\u00e1rea general<\/a>, y<\/li>\n<li><strong>No m\u00e1s cerca del hoyo<\/strong> que el<strong> punto de referencia<\/strong>.<\/li>\n<\/ul>\n<\/li>\n<\/ul>\n<p>&nbsp;<\/p>\n","protected":false},"excerpt":{"rendered":"<p>16.3.a. Cu\u00e1ndo se Permite el Alivio (1) La Bola Tiene Que Estar Empotrada en el \u00c1rea General. El alivio est\u00e1 permitido bajo la Regla 16.3b cuando la bola est\u00e1 empotrada en el \u00e1rea general. No hay alivio bajo esta Regla si la bola est\u00e1 empotrada en cualquier sitio que no sea el \u00e1rea general. Pero <a href='http:\/\/soloreglasgolf.com\/WordPress3\/reglas-2019\/regla-16\/16-3-bola-empotrada\/' class='excerpt-more'>[Leer + &#8230;]<\/a><\/p>\n","protected":false},"author":28,"featured_media":0,"parent":13294,"menu_order":3,"comment_status":"closed","ping_status":"closed","template":"","meta":{"jetpack_post_was_ever_published":false,"footnotes":""},"class_list":["post-13576","page","type-page","status-publish","hentry","post-seq-1","post-parity-odd","meta-position-corners","fix"],"yoast_head":"<!-- This site is optimized with the Yoast SEO plugin v22.0 - https:\/\/yoast.com\/wordpress\/plugins\/seo\/ -->\n<title>16.3 Bola Empotrada - SoloReglasGolf<\/title>\n<meta name=\"robots\" content=\"index, follow, max-snippet:-1, max-image-preview:large, max-video-preview:-1\" \/>\n<link rel=\"canonical\" href=\"http:\/\/soloreglasgolf.com\/WordPress3\/reglas-2019\/regla-16\/16-3-bola-empotrada\/\" \/>\n<meta name=\"twitter:label1\" content=\"Tiempo de lectura\" \/>\n\t<meta name=\"twitter:data1\" content=\"2 minutos\" \/>\n<script type=\"application\/ld+json\" class=\"yoast-schema-graph\">{\"@context\":\"https:\/\/schema.org\",\"@graph\":[{\"@type\":\"WebPage\",\"@id\":\"http:\/\/soloreglasgolf.com\/WordPress3\/reglas-2019\/regla-16\/16-3-bola-empotrada\/\",\"url\":\"http:\/\/soloreglasgolf.com\/WordPress3\/reglas-2019\/regla-16\/16-3-bola-empotrada\/\",\"name\":\"16.3 Bola Empotrada - SoloReglasGolf\",\"isPartOf\":{\"@id\":\"http:\/\/soloreglasgolf.com\/WordPress3\/#website\"},\"datePublished\":\"2018-04-05T21:22:40+00:00\",\"dateModified\":\"2018-11-17T21:20:45+00:00\",\"breadcrumb\":{\"@id\":\"http:\/\/soloreglasgolf.com\/WordPress3\/reglas-2019\/regla-16\/16-3-bola-empotrada\/#breadcrumb\"},\"inLanguage\":\"es\",\"potentialAction\":[{\"@type\":\"ReadAction\",\"target\":[\"http:\/\/soloreglasgolf.com\/WordPress3\/reglas-2019\/regla-16\/16-3-bola-empotrada\/\"]}]},{\"@type\":\"BreadcrumbList\",\"@id\":\"http:\/\/soloreglasgolf.com\/WordPress3\/reglas-2019\/regla-16\/16-3-bola-empotrada\/#breadcrumb\",\"itemListElement\":[{\"@type\":\"ListItem\",\"position\":1,\"name\":\"Portada\",\"item\":\"http:\/\/soloreglasgolf.com\/WordPress3\/\"},{\"@type\":\"ListItem\",\"position\":2,\"name\":\"Reglas 2019\",\"item\":\"http:\/\/soloreglasgolf.com\/WordPress3\/reglas-2019\/\"},{\"@type\":\"ListItem\",\"position\":3,\"name\":\"Regla 16 \u2013 Alivio Condiciones Anormales del Campo (Incluyendo Obstrucciones Inamovibles); Situaciones Animales Peligrosos, Bola Empotrada.\",\"item\":\"http:\/\/soloreglasgolf.com\/WordPress3\/reglas-2019\/regla-16\/\"},{\"@type\":\"ListItem\",\"position\":4,\"name\":\"16.3 Bola Empotrada\"}]},{\"@type\":\"WebSite\",\"@id\":\"http:\/\/soloreglasgolf.com\/WordPress3\/#website\",\"url\":\"http:\/\/soloreglasgolf.com\/WordPress3\/\",\"name\":\"SoloReglasGolf\",\"description\":\"Conversando sobre  Reglas de Golf\",\"potentialAction\":[{\"@type\":\"SearchAction\",\"target\":{\"@type\":\"EntryPoint\",\"urlTemplate\":\"http:\/\/soloreglasgolf.com\/WordPress3\/?s={search_term_string}\"},\"query-input\":\"required name=search_term_string\"}],\"inLanguage\":\"es\"}]}<\/script>\n<!-- \/ Yoast SEO plugin. -->","yoast_head_json":{"title":"16.3 Bola Empotrada - SoloReglasGolf","robots":{"index":"index","follow":"follow","max-snippet":"max-snippet:-1","max-image-preview":"max-image-preview:large","max-video-preview":"max-video-preview:-1"},"canonical":"http:\/\/soloreglasgolf.com\/WordPress3\/reglas-2019\/regla-16\/16-3-bola-empotrada\/","twitter_misc":{"Tiempo de lectura":"2 minutos"},"schema":{"@context":"https:\/\/schema.org","@graph":[{"@type":"WebPage","@id":"http:\/\/soloreglasgolf.com\/WordPress3\/reglas-2019\/regla-16\/16-3-bola-empotrada\/","url":"http:\/\/soloreglasgolf.com\/WordPress3\/reglas-2019\/regla-16\/16-3-bola-empotrada\/","name":"16.3 Bola Empotrada - SoloReglasGolf","isPartOf":{"@id":"http:\/\/soloreglasgolf.com\/WordPress3\/#website"},"datePublished":"2018-04-05T21:22:40+00:00","dateModified":"2018-11-17T21:20:45+00:00","breadcrumb":{"@id":"http:\/\/soloreglasgolf.com\/WordPress3\/reglas-2019\/regla-16\/16-3-bola-empotrada\/#breadcrumb"},"inLanguage":"es","potentialAction":[{"@type":"ReadAction","target":["http:\/\/soloreglasgolf.com\/WordPress3\/reglas-2019\/regla-16\/16-3-bola-empotrada\/"]}]},{"@type":"BreadcrumbList","@id":"http:\/\/soloreglasgolf.com\/WordPress3\/reglas-2019\/regla-16\/16-3-bola-empotrada\/#breadcrumb","itemListElement":[{"@type":"ListItem","position":1,"name":"Portada","item":"http:\/\/soloreglasgolf.com\/WordPress3\/"},{"@type":"ListItem","position":2,"name":"Reglas 2019","item":"http:\/\/soloreglasgolf.com\/WordPress3\/reglas-2019\/"},{"@type":"ListItem","position":3,"name":"Regla 16 \u2013 Alivio Condiciones Anormales del Campo (Incluyendo Obstrucciones Inamovibles); Situaciones Animales Peligrosos, Bola Empotrada.","item":"http:\/\/soloreglasgolf.com\/WordPress3\/reglas-2019\/regla-16\/"},{"@type":"ListItem","position":4,"name":"16.3 Bola Empotrada"}]},{"@type":"WebSite","@id":"http:\/\/soloreglasgolf.com\/WordPress3\/#website","url":"http:\/\/soloreglasgolf.com\/WordPress3\/","name":"SoloReglasGolf","description":"Conversando sobre  Reglas de Golf","potentialAction":[{"@type":"SearchAction","target":{"@type":"EntryPoint","urlTemplate":"http:\/\/soloreglasgolf.com\/WordPress3\/?s={search_term_string}"},"query-input":"required name=search_term_string"}],"inLanguage":"es"}]}},"jetpack_sharing_enabled":true,"jetpack_shortlink":"https:\/\/wp.me\/P36cD2-3wY","_links":{"self":[{"href":"http:\/\/soloreglasgolf.com\/WordPress3\/wp-json\/wp\/v2\/pages\/13576","targetHints":{"allow":["GET"]}}],"collection":[{"href":"http:\/\/soloreglasgolf.com\/WordPress3\/wp-json\/wp\/v2\/pages"}],"about":[{"href":"http:\/\/soloreglasgolf.com\/WordPress3\/wp-json\/wp\/v2\/types\/page"}],"author":[{"embeddable":true,"href":"http:\/\/soloreglasgolf.com\/WordPress3\/wp-json\/wp\/v2\/users\/28"}],"replies":[{"embeddable":true,"href":"http:\/\/soloreglasgolf.com\/WordPress3\/wp-json\/wp\/v2\/comments?post=13576"}],"version-history":[{"count":7,"href":"http:\/\/soloreglasgolf.com\/WordPress3\/wp-json\/wp\/v2\/pages\/13576\/revisions"}],"predecessor-version":[{"id":13583,"href":"http:\/\/soloreglasgolf.com\/WordPress3\/wp-json\/wp\/v2\/pages\/13576\/revisions\/13583"}],"up":[{"embeddable":true,"href":"http:\/\/soloreglasgolf.com\/WordPress3\/wp-json\/wp\/v2\/pages\/13294"}],"wp:attachment":[{"href":"http:\/\/soloreglasgolf.com\/WordPress3\/wp-json\/wp\/v2\/media?parent=13576"}],"curies":[{"name":"wp","href":"https:\/\/api.w.org\/{rel}","templated":true}]}}