{"id":13472,"date":"2018-03-31T11:40:17","date_gmt":"2018-03-31T09:40:17","guid":{"rendered":"http:\/\/soloreglasgolf.com\/WordPress3\/?page_id=13472"},"modified":"2018-03-31T18:08:37","modified_gmt":"2018-03-31T16:08:37","slug":"16-1-e-alivio-bola-no-encontrada-o-sobre-condicion-anormal","status":"publish","type":"page","link":"http:\/\/soloreglasgolf.com\/WordPress3\/reglas-2019\/regla-16\/regla-16-1\/16-1-e-alivio-bola-no-encontrada-o-sobre-condicion-anormal\/","title":{"rendered":"16.1.e Alivio para una Bola No Encontrada pero Dentro o Sobre Una Condici\u00f3n Anormal del Campo"},"content":{"rendered":"<p>Si la bola de un jugador no se ha encontrado y es conocido o virtualmente cierto que la bola fue a reposar dentro o sobre una condici\u00f3n anormal del campo, el jugador puede usar esta opci\u00f3n de alivio en lugar de tomar alivio por golpe y distancia:<\/p>\n<ul>\n<li>El jugador puede aliviarse bajo la Regla 16.1b, c, o d, utilizando el punto estimado en el que la bola cruz\u00f3 por \u00faltima vez el margen de la condici\u00f3n anormal del campo como el punto de referencia para encontrar el punto m\u00e1s cercano de alivio total.<\/li>\n<li>Una vez el jugador ha puesto otra bola en juego al aliviarse de esta manera:<\/li>\n<li>La bola original deja de estar en juego y no debe ser jugada.<\/li>\n<li>Esto se cumple incluso si la bola original es encontrada en el campo antes de transcurrir los tres minutos del tiempo de b\u00fasqueda (ver Regla 6.3b).<\/li>\n<\/ul>\n<p>Pero si no es conocido o virtualmente cierto que la bola del jugador qued\u00f3 en reposo dentro o sobre una condici\u00f3n anormal del campo y la bola est\u00e1 perdida, el jugador debe tomar alivio por golpe y distancia bajo la Regla 18.2.<\/p>\n<div class=\"g g-2\"><div class=\"g-single a-19\"><script type=\"text\/javascript\"><!--\r\ngoogle_ad_client = \"ca-pub-2363348512557029\";\r\n\/* Blog pagina-post *\/\r\ngoogle_ad_slot = \"1564877784\";\r\ngoogle_ad_width = 728;\r\ngoogle_ad_height = 90;\r\n\/\/-->\r\n<\/script>\r\n<script type=\"text\/javascript\"\r\nsrc=\"http:\/\/pagead2.googlesyndication.com\/pagead\/show_ads.js\">\r\n<\/script><\/div><\/div>\n","protected":false},"excerpt":{"rendered":"<p>Si la bola de un jugador no se ha encontrado y es conocido o virtualmente cierto que la bola fue a reposar dentro o sobre una condici\u00f3n anormal del campo, el jugador puede usar esta opci\u00f3n de alivio en lugar de tomar alivio por golpe y distancia: El jugador puede aliviarse bajo la Regla 16.1b, <a href='http:\/\/soloreglasgolf.com\/WordPress3\/reglas-2019\/regla-16\/regla-16-1\/16-1-e-alivio-bola-no-encontrada-o-sobre-condicion-anormal\/' class='excerpt-more'>[Leer + &#8230;]<\/a><\/p>\n","protected":false},"author":28,"featured_media":0,"parent":13443,"menu_order":0,"comment_status":"closed","ping_status":"closed","template":"","meta":{"jetpack_post_was_ever_published":false,"footnotes":""},"class_list":["post-13472","page","type-page","status-publish","hentry","post-seq-1","post-parity-odd","meta-position-corners","fix"],"yoast_head":"<!-- This site is optimized with the Yoast SEO plugin v22.0 - https:\/\/yoast.com\/wordpress\/plugins\/seo\/ -->\n<title>16.1.e Alivio para una Bola No Encontrada pero Dentro o Sobre Una Condici\u00f3n Anormal del Campo - SoloReglasGolf<\/title>\n<meta name=\"robots\" content=\"index, follow, max-snippet:-1, max-image-preview:large, max-video-preview:-1\" \/>\n<link rel=\"canonical\" href=\"http:\/\/soloreglasgolf.com\/WordPress3\/reglas-2019\/regla-16\/regla-16-1\/16-1-e-alivio-bola-no-encontrada-o-sobre-condicion-anormal\/\" \/>\n<meta name=\"twitter:label1\" content=\"Tiempo de lectura\" \/>\n\t<meta name=\"twitter:data1\" content=\"1 minuto\" \/>\n<script type=\"application\/ld+json\" class=\"yoast-schema-graph\">{\"@context\":\"https:\/\/schema.org\",\"@graph\":[{\"@type\":\"WebPage\",\"@id\":\"http:\/\/soloreglasgolf.com\/WordPress3\/reglas-2019\/regla-16\/regla-16-1\/16-1-e-alivio-bola-no-encontrada-o-sobre-condicion-anormal\/\",\"url\":\"http:\/\/soloreglasgolf.com\/WordPress3\/reglas-2019\/regla-16\/regla-16-1\/16-1-e-alivio-bola-no-encontrada-o-sobre-condicion-anormal\/\",\"name\":\"16.1.e Alivio para una Bola No Encontrada pero Dentro o Sobre Una Condici\u00f3n Anormal del Campo - SoloReglasGolf\",\"isPartOf\":{\"@id\":\"http:\/\/soloreglasgolf.com\/WordPress3\/#website\"},\"datePublished\":\"2018-03-31T09:40:17+00:00\",\"dateModified\":\"2018-03-31T16:08:37+00:00\",\"breadcrumb\":{\"@id\":\"http:\/\/soloreglasgolf.com\/WordPress3\/reglas-2019\/regla-16\/regla-16-1\/16-1-e-alivio-bola-no-encontrada-o-sobre-condicion-anormal\/#breadcrumb\"},\"inLanguage\":\"es\",\"potentialAction\":[{\"@type\":\"ReadAction\",\"target\":[\"http:\/\/soloreglasgolf.com\/WordPress3\/reglas-2019\/regla-16\/regla-16-1\/16-1-e-alivio-bola-no-encontrada-o-sobre-condicion-anormal\/\"]}]},{\"@type\":\"BreadcrumbList\",\"@id\":\"http:\/\/soloreglasgolf.com\/WordPress3\/reglas-2019\/regla-16\/regla-16-1\/16-1-e-alivio-bola-no-encontrada-o-sobre-condicion-anormal\/#breadcrumb\",\"itemListElement\":[{\"@type\":\"ListItem\",\"position\":1,\"name\":\"Portada\",\"item\":\"http:\/\/soloreglasgolf.com\/WordPress3\/\"},{\"@type\":\"ListItem\",\"position\":2,\"name\":\"Reglas 2019\",\"item\":\"http:\/\/soloreglasgolf.com\/WordPress3\/reglas-2019\/\"},{\"@type\":\"ListItem\",\"position\":3,\"name\":\"Regla 16 \u2013 Alivio Condiciones Anormales del Campo (Incluyendo Obstrucciones Inamovibles); Situaciones Animales Peligrosos, Bola Empotrada.\",\"item\":\"https:\/\/soloreglasgolf.com\/WordPress3\/reglas-2019\/regla-16\/\"},{\"@type\":\"ListItem\",\"position\":4,\"name\":\"16.1 Condiciones Anormales del Campo (Incluyendo Obstrucciones Inamovibles)\",\"item\":\"https:\/\/soloreglasgolf.com\/WordPress3\/reglas-2019\/regla-16\/regla-16-1\/\"},{\"@type\":\"ListItem\",\"position\":5,\"name\":\"16.1.e Alivio para una Bola No Encontrada pero Dentro o Sobre Una Condici\u00f3n Anormal del Campo\"}]},{\"@type\":\"WebSite\",\"@id\":\"http:\/\/soloreglasgolf.com\/WordPress3\/#website\",\"url\":\"http:\/\/soloreglasgolf.com\/WordPress3\/\",\"name\":\"SoloReglasGolf\",\"description\":\"Conversando sobre  Reglas de Golf\",\"potentialAction\":[{\"@type\":\"SearchAction\",\"target\":{\"@type\":\"EntryPoint\",\"urlTemplate\":\"http:\/\/soloreglasgolf.com\/WordPress3\/?s={search_term_string}\"},\"query-input\":\"required name=search_term_string\"}],\"inLanguage\":\"es\"}]}<\/script>\n<!-- \/ Yoast SEO plugin. -->","yoast_head_json":{"title":"16.1.e Alivio para una Bola No Encontrada pero Dentro o Sobre Una Condici\u00f3n Anormal del Campo - SoloReglasGolf","robots":{"index":"index","follow":"follow","max-snippet":"max-snippet:-1","max-image-preview":"max-image-preview:large","max-video-preview":"max-video-preview:-1"},"canonical":"http:\/\/soloreglasgolf.com\/WordPress3\/reglas-2019\/regla-16\/regla-16-1\/16-1-e-alivio-bola-no-encontrada-o-sobre-condicion-anormal\/","twitter_misc":{"Tiempo de lectura":"1 minuto"},"schema":{"@context":"https:\/\/schema.org","@graph":[{"@type":"WebPage","@id":"http:\/\/soloreglasgolf.com\/WordPress3\/reglas-2019\/regla-16\/regla-16-1\/16-1-e-alivio-bola-no-encontrada-o-sobre-condicion-anormal\/","url":"http:\/\/soloreglasgolf.com\/WordPress3\/reglas-2019\/regla-16\/regla-16-1\/16-1-e-alivio-bola-no-encontrada-o-sobre-condicion-anormal\/","name":"16.1.e Alivio para una Bola No Encontrada pero Dentro o Sobre Una Condici\u00f3n Anormal del Campo - SoloReglasGolf","isPartOf":{"@id":"http:\/\/soloreglasgolf.com\/WordPress3\/#website"},"datePublished":"2018-03-31T09:40:17+00:00","dateModified":"2018-03-31T16:08:37+00:00","breadcrumb":{"@id":"http:\/\/soloreglasgolf.com\/WordPress3\/reglas-2019\/regla-16\/regla-16-1\/16-1-e-alivio-bola-no-encontrada-o-sobre-condicion-anormal\/#breadcrumb"},"inLanguage":"es","potentialAction":[{"@type":"ReadAction","target":["http:\/\/soloreglasgolf.com\/WordPress3\/reglas-2019\/regla-16\/regla-16-1\/16-1-e-alivio-bola-no-encontrada-o-sobre-condicion-anormal\/"]}]},{"@type":"BreadcrumbList","@id":"http:\/\/soloreglasgolf.com\/WordPress3\/reglas-2019\/regla-16\/regla-16-1\/16-1-e-alivio-bola-no-encontrada-o-sobre-condicion-anormal\/#breadcrumb","itemListElement":[{"@type":"ListItem","position":1,"name":"Portada","item":"http:\/\/soloreglasgolf.com\/WordPress3\/"},{"@type":"ListItem","position":2,"name":"Reglas 2019","item":"http:\/\/soloreglasgolf.com\/WordPress3\/reglas-2019\/"},{"@type":"ListItem","position":3,"name":"Regla 16 \u2013 Alivio Condiciones Anormales del Campo (Incluyendo Obstrucciones Inamovibles); Situaciones Animales Peligrosos, Bola Empotrada.","item":"https:\/\/soloreglasgolf.com\/WordPress3\/reglas-2019\/regla-16\/"},{"@type":"ListItem","position":4,"name":"16.1 Condiciones Anormales del Campo (Incluyendo Obstrucciones Inamovibles)","item":"https:\/\/soloreglasgolf.com\/WordPress3\/reglas-2019\/regla-16\/regla-16-1\/"},{"@type":"ListItem","position":5,"name":"16.1.e Alivio para una Bola No Encontrada pero Dentro o Sobre Una Condici\u00f3n Anormal del Campo"}]},{"@type":"WebSite","@id":"http:\/\/soloreglasgolf.com\/WordPress3\/#website","url":"http:\/\/soloreglasgolf.com\/WordPress3\/","name":"SoloReglasGolf","description":"Conversando sobre  Reglas de Golf","potentialAction":[{"@type":"SearchAction","target":{"@type":"EntryPoint","urlTemplate":"http:\/\/soloreglasgolf.com\/WordPress3\/?s={search_term_string}"},"query-input":"required name=search_term_string"}],"inLanguage":"es"}]}},"jetpack_sharing_enabled":true,"jetpack_shortlink":"https:\/\/wp.me\/P36cD2-3vi","_links":{"self":[{"href":"http:\/\/soloreglasgolf.com\/WordPress3\/wp-json\/wp\/v2\/pages\/13472","targetHints":{"allow":["GET"]}}],"collection":[{"href":"http:\/\/soloreglasgolf.com\/WordPress3\/wp-json\/wp\/v2\/pages"}],"about":[{"href":"http:\/\/soloreglasgolf.com\/WordPress3\/wp-json\/wp\/v2\/types\/page"}],"author":[{"embeddable":true,"href":"http:\/\/soloreglasgolf.com\/WordPress3\/wp-json\/wp\/v2\/users\/28"}],"replies":[{"embeddable":true,"href":"http:\/\/soloreglasgolf.com\/WordPress3\/wp-json\/wp\/v2\/comments?post=13472"}],"version-history":[{"count":5,"href":"http:\/\/soloreglasgolf.com\/WordPress3\/wp-json\/wp\/v2\/pages\/13472\/revisions"}],"predecessor-version":[{"id":13510,"href":"http:\/\/soloreglasgolf.com\/WordPress3\/wp-json\/wp\/v2\/pages\/13472\/revisions\/13510"}],"up":[{"embeddable":true,"href":"http:\/\/soloreglasgolf.com\/WordPress3\/wp-json\/wp\/v2\/pages\/13443"}],"wp:attachment":[{"href":"http:\/\/soloreglasgolf.com\/WordPress3\/wp-json\/wp\/v2\/media?parent=13472"}],"curies":[{"name":"wp","href":"https:\/\/api.w.org\/{rel}","templated":true}]}}