{"id":13458,"date":"2018-03-31T11:29:05","date_gmt":"2018-03-31T09:29:05","guid":{"rendered":"http:\/\/soloreglasgolf.com\/WordPress3\/?page_id=13458"},"modified":"2018-03-31T17:50:27","modified_gmt":"2018-03-31T15:50:27","slug":"16-1-c-alivio-en-bunker","status":"publish","type":"page","link":"http:\/\/soloreglasgolf.com\/WordPress3\/reglas-2019\/regla-16\/regla-16-1\/16-1-c-alivio-en-bunker\/","title":{"rendered":"16.1.c Alivio para una Bola en Bunker"},"content":{"rendered":"<p>Si la bola de un jugador est\u00e1 en un bunker y existe interferencia de una condici\u00f3n anormal del campo, el jugador podr\u00e1 aliviarse sin penalizaci\u00f3n bajo (1) o con penalizaci\u00f3n bajo (2):<\/p>\n<p><strong>(1) Alivio sin Penalizaci\u00f3n:<\/strong> Jugando desde el Bunker. El jugador puede aliviarse sin penalizaci\u00f3n bajo la Regla 16.1b excepto que:<\/p>\n<ul>\n<li>El punto m\u00e1s cercano de alivio total y el \u00e1rea de alivio deben estar en el bunker.<\/li>\n<li>Si no hay punto m\u00e1s cercano de alivio total, el jugador puede utilizar el punto de m\u00e1ximo alivio disponible en el bunker como punto de referencia.<\/li>\n<\/ul>\n<p><strong>(2) Alivio con Penalizaci\u00f3n:<\/strong> Jugando desde Fuera del Bunker (Alivio en L\u00ednea Hacia Atr\u00e1s). Con un golpe de penalizaci\u00f3n el jugador podr\u00e1 dropar la bola original u otra bola (ver Regla 14.3) en un \u00e1rea de alivio basada en una l\u00ednea de referencia hacia atr\u00e1s que va desde el hoyo y pasa por el punto de reposo original de la bola:<\/p>\n<ul>\n<li><strong>Punto de Referencia<\/strong>. Un punto en el campo elegido por el jugador que est\u00e1 en la l\u00ednea de referencia y est\u00e1 m\u00e1s alejado del hoyo que el punto de reposo original (sin l\u00edmite de distancia hacia atr\u00e1s en esta l\u00ednea):\n<ul>\n<li>Al elegir este punto de referencia, el jugador deber\u00eda indicarlo usando un objeto (como un tee).<\/li>\n<li>Si el jugador dropa la bola sin haber elegido este punto, el punto de referencia se considerar\u00e1 como el punto sobre la l\u00ednea que est\u00e1 a la misma distancia del hoyo que donde la bola dropada toc\u00f3 por primera vez el terreno.<\/li>\n<\/ul>\n<\/li>\n<li><strong>Tama\u00f1o del \u00c1rea de Alivio Medido desde el Punto de Referencia<\/strong>: La longitud de un palo, pero con las siguientes limitaciones:\n<ul>\n<li>L\u00edmites de la Ubicaci\u00f3n del \u00c1rea de Alivio:\n<ul>\n<li>No debe estar m\u00e1s cerca del hoyo que el punto de referencia, y<\/li>\n<li>Puede estar en cualquier \u00e1rea del campo, pero<\/li>\n<li>Si hay m\u00e1s de un \u00e1rea del campo dentro de la longitud de un palo del punto de referencia, la bola debe quedar en reposo en el \u00e1rea de alivio que se encuentre en el mismo \u00e1rea del campo que la bola toc\u00f3 por primera vez cuando se drop\u00f3 dentro del \u00e1rea de alivio.<\/li>\n<\/ul>\n<\/li>\n<\/ul>\n<\/li>\n<\/ul>\n<div class=\"g g-2\"><div class=\"g-single a-18\"><script type=\"text\/javascript\"><!--\r\ngoogle_ad_client = \"ca-pub-2363348512557029\";\r\n\/* Blog pagina-post *\/\r\ngoogle_ad_slot = \"1564877784\";\r\ngoogle_ad_width = 728;\r\ngoogle_ad_height = 90;\r\n\/\/-->\r\n<\/script>\r\n<script type=\"text\/javascript\"\r\nsrc=\"http:\/\/pagead2.googlesyndication.com\/pagead\/show_ads.js\">\r\n<\/script><\/div><\/div>\n","protected":false},"excerpt":{"rendered":"<p>Si la bola de un jugador est\u00e1 en un bunker y existe interferencia de una condici\u00f3n anormal del campo, el jugador podr\u00e1 aliviarse sin penalizaci\u00f3n bajo (1) o con penalizaci\u00f3n bajo (2): (1) Alivio sin Penalizaci\u00f3n: Jugando desde el Bunker. El jugador puede aliviarse sin penalizaci\u00f3n bajo la Regla 16.1b excepto que: El punto m\u00e1s <a href='http:\/\/soloreglasgolf.com\/WordPress3\/reglas-2019\/regla-16\/regla-16-1\/16-1-c-alivio-en-bunker\/' class='excerpt-more'>[Leer + &#8230;]<\/a><\/p>\n","protected":false},"author":28,"featured_media":0,"parent":13443,"menu_order":0,"comment_status":"closed","ping_status":"closed","template":"","meta":{"jetpack_post_was_ever_published":false,"footnotes":""},"class_list":["post-13458","page","type-page","status-publish","hentry","post-seq-1","post-parity-odd","meta-position-corners","fix"],"yoast_head":"<!-- This site is optimized with the Yoast SEO plugin v22.0 - https:\/\/yoast.com\/wordpress\/plugins\/seo\/ -->\n<title>16.1.c Alivio para una Bola en Bunker - SoloReglasGolf<\/title>\n<meta name=\"robots\" content=\"index, follow, max-snippet:-1, max-image-preview:large, max-video-preview:-1\" \/>\n<link rel=\"canonical\" href=\"http:\/\/soloreglasgolf.com\/WordPress3\/reglas-2019\/regla-16\/regla-16-1\/16-1-c-alivio-en-bunker\/\" \/>\n<meta name=\"twitter:label1\" content=\"Tiempo de lectura\" \/>\n\t<meta name=\"twitter:data1\" content=\"2 minutos\" \/>\n<script type=\"application\/ld+json\" class=\"yoast-schema-graph\">{\"@context\":\"https:\/\/schema.org\",\"@graph\":[{\"@type\":\"WebPage\",\"@id\":\"http:\/\/soloreglasgolf.com\/WordPress3\/reglas-2019\/regla-16\/regla-16-1\/16-1-c-alivio-en-bunker\/\",\"url\":\"http:\/\/soloreglasgolf.com\/WordPress3\/reglas-2019\/regla-16\/regla-16-1\/16-1-c-alivio-en-bunker\/\",\"name\":\"16.1.c Alivio para una Bola en Bunker - SoloReglasGolf\",\"isPartOf\":{\"@id\":\"http:\/\/soloreglasgolf.com\/WordPress3\/#website\"},\"datePublished\":\"2018-03-31T09:29:05+00:00\",\"dateModified\":\"2018-03-31T15:50:27+00:00\",\"breadcrumb\":{\"@id\":\"http:\/\/soloreglasgolf.com\/WordPress3\/reglas-2019\/regla-16\/regla-16-1\/16-1-c-alivio-en-bunker\/#breadcrumb\"},\"inLanguage\":\"es\",\"potentialAction\":[{\"@type\":\"ReadAction\",\"target\":[\"http:\/\/soloreglasgolf.com\/WordPress3\/reglas-2019\/regla-16\/regla-16-1\/16-1-c-alivio-en-bunker\/\"]}]},{\"@type\":\"BreadcrumbList\",\"@id\":\"http:\/\/soloreglasgolf.com\/WordPress3\/reglas-2019\/regla-16\/regla-16-1\/16-1-c-alivio-en-bunker\/#breadcrumb\",\"itemListElement\":[{\"@type\":\"ListItem\",\"position\":1,\"name\":\"Portada\",\"item\":\"http:\/\/soloreglasgolf.com\/WordPress3\/\"},{\"@type\":\"ListItem\",\"position\":2,\"name\":\"Reglas 2019\",\"item\":\"http:\/\/soloreglasgolf.com\/WordPress3\/reglas-2019\/\"},{\"@type\":\"ListItem\",\"position\":3,\"name\":\"Regla 16 \u2013 Alivio Condiciones Anormales del Campo (Incluyendo Obstrucciones Inamovibles); Situaciones Animales Peligrosos, Bola Empotrada.\",\"item\":\"https:\/\/soloreglasgolf.com\/WordPress3\/reglas-2019\/regla-16\/\"},{\"@type\":\"ListItem\",\"position\":4,\"name\":\"16.1 Condiciones Anormales del Campo (Incluyendo Obstrucciones Inamovibles)\",\"item\":\"https:\/\/soloreglasgolf.com\/WordPress3\/reglas-2019\/regla-16\/regla-16-1\/\"},{\"@type\":\"ListItem\",\"position\":5,\"name\":\"16.1.c Alivio para una Bola en Bunker\"}]},{\"@type\":\"WebSite\",\"@id\":\"http:\/\/soloreglasgolf.com\/WordPress3\/#website\",\"url\":\"http:\/\/soloreglasgolf.com\/WordPress3\/\",\"name\":\"SoloReglasGolf\",\"description\":\"Conversando sobre  Reglas de Golf\",\"potentialAction\":[{\"@type\":\"SearchAction\",\"target\":{\"@type\":\"EntryPoint\",\"urlTemplate\":\"http:\/\/soloreglasgolf.com\/WordPress3\/?s={search_term_string}\"},\"query-input\":\"required name=search_term_string\"}],\"inLanguage\":\"es\"}]}<\/script>\n<!-- \/ Yoast SEO plugin. -->","yoast_head_json":{"title":"16.1.c Alivio para una Bola en Bunker - SoloReglasGolf","robots":{"index":"index","follow":"follow","max-snippet":"max-snippet:-1","max-image-preview":"max-image-preview:large","max-video-preview":"max-video-preview:-1"},"canonical":"http:\/\/soloreglasgolf.com\/WordPress3\/reglas-2019\/regla-16\/regla-16-1\/16-1-c-alivio-en-bunker\/","twitter_misc":{"Tiempo de lectura":"2 minutos"},"schema":{"@context":"https:\/\/schema.org","@graph":[{"@type":"WebPage","@id":"http:\/\/soloreglasgolf.com\/WordPress3\/reglas-2019\/regla-16\/regla-16-1\/16-1-c-alivio-en-bunker\/","url":"http:\/\/soloreglasgolf.com\/WordPress3\/reglas-2019\/regla-16\/regla-16-1\/16-1-c-alivio-en-bunker\/","name":"16.1.c Alivio para una Bola en Bunker - SoloReglasGolf","isPartOf":{"@id":"http:\/\/soloreglasgolf.com\/WordPress3\/#website"},"datePublished":"2018-03-31T09:29:05+00:00","dateModified":"2018-03-31T15:50:27+00:00","breadcrumb":{"@id":"http:\/\/soloreglasgolf.com\/WordPress3\/reglas-2019\/regla-16\/regla-16-1\/16-1-c-alivio-en-bunker\/#breadcrumb"},"inLanguage":"es","potentialAction":[{"@type":"ReadAction","target":["http:\/\/soloreglasgolf.com\/WordPress3\/reglas-2019\/regla-16\/regla-16-1\/16-1-c-alivio-en-bunker\/"]}]},{"@type":"BreadcrumbList","@id":"http:\/\/soloreglasgolf.com\/WordPress3\/reglas-2019\/regla-16\/regla-16-1\/16-1-c-alivio-en-bunker\/#breadcrumb","itemListElement":[{"@type":"ListItem","position":1,"name":"Portada","item":"http:\/\/soloreglasgolf.com\/WordPress3\/"},{"@type":"ListItem","position":2,"name":"Reglas 2019","item":"http:\/\/soloreglasgolf.com\/WordPress3\/reglas-2019\/"},{"@type":"ListItem","position":3,"name":"Regla 16 \u2013 Alivio Condiciones Anormales del Campo (Incluyendo Obstrucciones Inamovibles); Situaciones Animales Peligrosos, Bola Empotrada.","item":"https:\/\/soloreglasgolf.com\/WordPress3\/reglas-2019\/regla-16\/"},{"@type":"ListItem","position":4,"name":"16.1 Condiciones Anormales del Campo (Incluyendo Obstrucciones Inamovibles)","item":"https:\/\/soloreglasgolf.com\/WordPress3\/reglas-2019\/regla-16\/regla-16-1\/"},{"@type":"ListItem","position":5,"name":"16.1.c Alivio para una Bola en Bunker"}]},{"@type":"WebSite","@id":"http:\/\/soloreglasgolf.com\/WordPress3\/#website","url":"http:\/\/soloreglasgolf.com\/WordPress3\/","name":"SoloReglasGolf","description":"Conversando sobre  Reglas de Golf","potentialAction":[{"@type":"SearchAction","target":{"@type":"EntryPoint","urlTemplate":"http:\/\/soloreglasgolf.com\/WordPress3\/?s={search_term_string}"},"query-input":"required name=search_term_string"}],"inLanguage":"es"}]}},"jetpack_sharing_enabled":true,"jetpack_shortlink":"https:\/\/wp.me\/P36cD2-3v4","_links":{"self":[{"href":"http:\/\/soloreglasgolf.com\/WordPress3\/wp-json\/wp\/v2\/pages\/13458","targetHints":{"allow":["GET"]}}],"collection":[{"href":"http:\/\/soloreglasgolf.com\/WordPress3\/wp-json\/wp\/v2\/pages"}],"about":[{"href":"http:\/\/soloreglasgolf.com\/WordPress3\/wp-json\/wp\/v2\/types\/page"}],"author":[{"embeddable":true,"href":"http:\/\/soloreglasgolf.com\/WordPress3\/wp-json\/wp\/v2\/users\/28"}],"replies":[{"embeddable":true,"href":"http:\/\/soloreglasgolf.com\/WordPress3\/wp-json\/wp\/v2\/comments?post=13458"}],"version-history":[{"count":7,"href":"http:\/\/soloreglasgolf.com\/WordPress3\/wp-json\/wp\/v2\/pages\/13458\/revisions"}],"predecessor-version":[{"id":13466,"href":"http:\/\/soloreglasgolf.com\/WordPress3\/wp-json\/wp\/v2\/pages\/13458\/revisions\/13466"}],"up":[{"embeddable":true,"href":"http:\/\/soloreglasgolf.com\/WordPress3\/wp-json\/wp\/v2\/pages\/13443"}],"wp:attachment":[{"href":"http:\/\/soloreglasgolf.com\/WordPress3\/wp-json\/wp\/v2\/media?parent=13458"}],"curies":[{"name":"wp","href":"https:\/\/api.w.org\/{rel}","templated":true}]}}