{"id":13456,"date":"2018-03-31T11:25:41","date_gmt":"2018-03-31T09:25:41","guid":{"rendered":"http:\/\/soloreglasgolf.com\/WordPress3\/?page_id=13456"},"modified":"2018-04-09T17:21:36","modified_gmt":"2018-04-09T15:21:36","slug":"16-1-b-alivio-bola-en-area-general","status":"publish","type":"page","link":"http:\/\/soloreglasgolf.com\/WordPress3\/reglas-2019\/regla-16\/regla-16-1\/16-1-b-alivio-bola-en-area-general\/","title":{"rendered":"16.1.b Alivio para una Bola en \u00c1rea General"},"content":{"rendered":"<p><strong>b. Alivio para una Bola en \u00c1rea General<\/strong><br \/>\nSi la bola de un jugador se encuentra en el<a href=\"http:\/\/soloreglasgolf.com\/WordPress3\/definiciones-2019-2022\/area-general\/\"> \u00e1rea general<\/a> y existe interferencia de una <a href=\"http:\/\/soloreglasgolf.com\/WordPress3\/definiciones-2019-2022\/condicion-anormal-del-campo\/\">condici\u00f3n anormal del campo<\/a>, el jugador puede aliviarse sin penalizaci\u00f3n, dropando la <strong>bola original<\/strong> u <strong>otra bola<\/strong> dentro del \u00e1rea de alivio siguiente (ver Regla 14.3):<\/p>\n<ul>\n<li><strong>Punto de Referencia<\/strong>: El <a href=\"http:\/\/soloreglasgolf.com\/WordPress3\/definiciones-2019-2022\/punto-mas-cercano-alivio-total\/\">punto m\u00e1s cercano de alivio total<\/a> en el <a href=\"http:\/\/soloreglasgolf.com\/WordPress3\/definiciones-2019-2022\/area-general\/\">\u00e1rea general<\/a><\/li>\n<li><strong>Tama\u00f1o del \u00c1rea de Alivio<\/strong> Medido desde el <strong>Punto de Referencia<\/strong>: La <strong>longitud de un palo<\/strong>, pero con las siguientes limitaciones:<\/li>\n<li>L\u00edmites de la Ubicaci\u00f3n del \u00c1rea de Alivio:\n<ul>\n<li><strong>Debe estar en el \u00e1rea general<\/strong>,<\/li>\n<li><strong>No debe estar m\u00e1s cerca del hoyo<\/strong> que el punto de referencia, y<\/li>\n<li><strong>Debe existir alivio total de la interferencia<\/strong> de la condici\u00f3n anormal del campo.<\/li>\n<\/ul>\n<\/li>\n<\/ul>\n<div class=\"g g-2\"><div class=\"g-single a-17\"><script type=\"text\/javascript\"><!--\r\ngoogle_ad_client = \"ca-pub-2363348512557029\";\r\n\/* Blog pagina-post *\/\r\ngoogle_ad_slot = \"1564877784\";\r\ngoogle_ad_width = 728;\r\ngoogle_ad_height = 90;\r\n\/\/-->\r\n<\/script>\r\n<script type=\"text\/javascript\"\r\nsrc=\"http:\/\/pagead2.googlesyndication.com\/pagead\/show_ads.js\">\r\n<\/script><\/div><\/div>\n","protected":false},"excerpt":{"rendered":"<p>b. Alivio para una Bola en \u00c1rea General Si la bola de un jugador se encuentra en el \u00e1rea general y existe interferencia de una condici\u00f3n anormal del campo, el jugador puede aliviarse sin penalizaci\u00f3n, dropando la bola original u otra bola dentro del \u00e1rea de alivio siguiente (ver Regla 14.3): Punto de Referencia: El <a href='http:\/\/soloreglasgolf.com\/WordPress3\/reglas-2019\/regla-16\/regla-16-1\/16-1-b-alivio-bola-en-area-general\/' class='excerpt-more'>[Leer + &#8230;]<\/a><\/p>\n","protected":false},"author":28,"featured_media":0,"parent":13443,"menu_order":0,"comment_status":"closed","ping_status":"closed","template":"","meta":{"jetpack_post_was_ever_published":false,"footnotes":""},"class_list":["post-13456","page","type-page","status-publish","hentry","post-seq-1","post-parity-odd","meta-position-corners","fix"],"yoast_head":"<!-- This site is optimized with the Yoast SEO plugin v22.0 - https:\/\/yoast.com\/wordpress\/plugins\/seo\/ -->\n<title>16.1.b Alivio para una Bola en \u00c1rea General - SoloReglasGolf<\/title>\n<meta name=\"robots\" content=\"index, follow, max-snippet:-1, max-image-preview:large, max-video-preview:-1\" \/>\n<link rel=\"canonical\" href=\"http:\/\/soloreglasgolf.com\/WordPress3\/reglas-2019\/regla-16\/regla-16-1\/16-1-b-alivio-bola-en-area-general\/\" \/>\n<meta name=\"twitter:label1\" content=\"Tiempo de lectura\" \/>\n\t<meta name=\"twitter:data1\" content=\"1 minuto\" \/>\n<script type=\"application\/ld+json\" class=\"yoast-schema-graph\">{\"@context\":\"https:\/\/schema.org\",\"@graph\":[{\"@type\":\"WebPage\",\"@id\":\"http:\/\/soloreglasgolf.com\/WordPress3\/reglas-2019\/regla-16\/regla-16-1\/16-1-b-alivio-bola-en-area-general\/\",\"url\":\"http:\/\/soloreglasgolf.com\/WordPress3\/reglas-2019\/regla-16\/regla-16-1\/16-1-b-alivio-bola-en-area-general\/\",\"name\":\"16.1.b Alivio para una Bola en \u00c1rea General - SoloReglasGolf\",\"isPartOf\":{\"@id\":\"http:\/\/soloreglasgolf.com\/WordPress3\/#website\"},\"datePublished\":\"2018-03-31T09:25:41+00:00\",\"dateModified\":\"2018-04-09T15:21:36+00:00\",\"breadcrumb\":{\"@id\":\"http:\/\/soloreglasgolf.com\/WordPress3\/reglas-2019\/regla-16\/regla-16-1\/16-1-b-alivio-bola-en-area-general\/#breadcrumb\"},\"inLanguage\":\"es\",\"potentialAction\":[{\"@type\":\"ReadAction\",\"target\":[\"http:\/\/soloreglasgolf.com\/WordPress3\/reglas-2019\/regla-16\/regla-16-1\/16-1-b-alivio-bola-en-area-general\/\"]}]},{\"@type\":\"BreadcrumbList\",\"@id\":\"http:\/\/soloreglasgolf.com\/WordPress3\/reglas-2019\/regla-16\/regla-16-1\/16-1-b-alivio-bola-en-area-general\/#breadcrumb\",\"itemListElement\":[{\"@type\":\"ListItem\",\"position\":1,\"name\":\"Portada\",\"item\":\"http:\/\/soloreglasgolf.com\/WordPress3\/\"},{\"@type\":\"ListItem\",\"position\":2,\"name\":\"Reglas 2019\",\"item\":\"http:\/\/soloreglasgolf.com\/WordPress3\/reglas-2019\/\"},{\"@type\":\"ListItem\",\"position\":3,\"name\":\"Regla 16 \u2013 Alivio Condiciones Anormales del Campo (Incluyendo Obstrucciones Inamovibles); Situaciones Animales Peligrosos, Bola Empotrada.\",\"item\":\"http:\/\/soloreglasgolf.com\/WordPress3\/reglas-2019\/regla-16\/\"},{\"@type\":\"ListItem\",\"position\":4,\"name\":\"16.1 Condiciones Anormales del Campo (Incluyendo Obstrucciones Inamovibles)\",\"item\":\"http:\/\/soloreglasgolf.com\/WordPress3\/reglas-2019\/regla-16\/regla-16-1\/\"},{\"@type\":\"ListItem\",\"position\":5,\"name\":\"16.1.b Alivio para una Bola en \u00c1rea General\"}]},{\"@type\":\"WebSite\",\"@id\":\"http:\/\/soloreglasgolf.com\/WordPress3\/#website\",\"url\":\"http:\/\/soloreglasgolf.com\/WordPress3\/\",\"name\":\"SoloReglasGolf\",\"description\":\"Conversando sobre  Reglas de Golf\",\"potentialAction\":[{\"@type\":\"SearchAction\",\"target\":{\"@type\":\"EntryPoint\",\"urlTemplate\":\"http:\/\/soloreglasgolf.com\/WordPress3\/?s={search_term_string}\"},\"query-input\":\"required name=search_term_string\"}],\"inLanguage\":\"es\"}]}<\/script>\n<!-- \/ Yoast SEO plugin. -->","yoast_head_json":{"title":"16.1.b Alivio para una Bola en \u00c1rea General - SoloReglasGolf","robots":{"index":"index","follow":"follow","max-snippet":"max-snippet:-1","max-image-preview":"max-image-preview:large","max-video-preview":"max-video-preview:-1"},"canonical":"http:\/\/soloreglasgolf.com\/WordPress3\/reglas-2019\/regla-16\/regla-16-1\/16-1-b-alivio-bola-en-area-general\/","twitter_misc":{"Tiempo de lectura":"1 minuto"},"schema":{"@context":"https:\/\/schema.org","@graph":[{"@type":"WebPage","@id":"http:\/\/soloreglasgolf.com\/WordPress3\/reglas-2019\/regla-16\/regla-16-1\/16-1-b-alivio-bola-en-area-general\/","url":"http:\/\/soloreglasgolf.com\/WordPress3\/reglas-2019\/regla-16\/regla-16-1\/16-1-b-alivio-bola-en-area-general\/","name":"16.1.b Alivio para una Bola en \u00c1rea General - SoloReglasGolf","isPartOf":{"@id":"http:\/\/soloreglasgolf.com\/WordPress3\/#website"},"datePublished":"2018-03-31T09:25:41+00:00","dateModified":"2018-04-09T15:21:36+00:00","breadcrumb":{"@id":"http:\/\/soloreglasgolf.com\/WordPress3\/reglas-2019\/regla-16\/regla-16-1\/16-1-b-alivio-bola-en-area-general\/#breadcrumb"},"inLanguage":"es","potentialAction":[{"@type":"ReadAction","target":["http:\/\/soloreglasgolf.com\/WordPress3\/reglas-2019\/regla-16\/regla-16-1\/16-1-b-alivio-bola-en-area-general\/"]}]},{"@type":"BreadcrumbList","@id":"http:\/\/soloreglasgolf.com\/WordPress3\/reglas-2019\/regla-16\/regla-16-1\/16-1-b-alivio-bola-en-area-general\/#breadcrumb","itemListElement":[{"@type":"ListItem","position":1,"name":"Portada","item":"http:\/\/soloreglasgolf.com\/WordPress3\/"},{"@type":"ListItem","position":2,"name":"Reglas 2019","item":"http:\/\/soloreglasgolf.com\/WordPress3\/reglas-2019\/"},{"@type":"ListItem","position":3,"name":"Regla 16 \u2013 Alivio Condiciones Anormales del Campo (Incluyendo Obstrucciones Inamovibles); Situaciones Animales Peligrosos, Bola Empotrada.","item":"http:\/\/soloreglasgolf.com\/WordPress3\/reglas-2019\/regla-16\/"},{"@type":"ListItem","position":4,"name":"16.1 Condiciones Anormales del Campo (Incluyendo Obstrucciones Inamovibles)","item":"http:\/\/soloreglasgolf.com\/WordPress3\/reglas-2019\/regla-16\/regla-16-1\/"},{"@type":"ListItem","position":5,"name":"16.1.b Alivio para una Bola en \u00c1rea General"}]},{"@type":"WebSite","@id":"http:\/\/soloreglasgolf.com\/WordPress3\/#website","url":"http:\/\/soloreglasgolf.com\/WordPress3\/","name":"SoloReglasGolf","description":"Conversando sobre  Reglas de Golf","potentialAction":[{"@type":"SearchAction","target":{"@type":"EntryPoint","urlTemplate":"http:\/\/soloreglasgolf.com\/WordPress3\/?s={search_term_string}"},"query-input":"required name=search_term_string"}],"inLanguage":"es"}]}},"jetpack_sharing_enabled":true,"jetpack_shortlink":"https:\/\/wp.me\/P36cD2-3v2","_links":{"self":[{"href":"http:\/\/soloreglasgolf.com\/WordPress3\/wp-json\/wp\/v2\/pages\/13456","targetHints":{"allow":["GET"]}}],"collection":[{"href":"http:\/\/soloreglasgolf.com\/WordPress3\/wp-json\/wp\/v2\/pages"}],"about":[{"href":"http:\/\/soloreglasgolf.com\/WordPress3\/wp-json\/wp\/v2\/types\/page"}],"author":[{"embeddable":true,"href":"http:\/\/soloreglasgolf.com\/WordPress3\/wp-json\/wp\/v2\/users\/28"}],"replies":[{"embeddable":true,"href":"http:\/\/soloreglasgolf.com\/WordPress3\/wp-json\/wp\/v2\/comments?post=13456"}],"version-history":[{"count":6,"href":"http:\/\/soloreglasgolf.com\/WordPress3\/wp-json\/wp\/v2\/pages\/13456\/revisions"}],"predecessor-version":[{"id":13804,"href":"http:\/\/soloreglasgolf.com\/WordPress3\/wp-json\/wp\/v2\/pages\/13456\/revisions\/13804"}],"up":[{"embeddable":true,"href":"http:\/\/soloreglasgolf.com\/WordPress3\/wp-json\/wp\/v2\/pages\/13443"}],"wp:attachment":[{"href":"http:\/\/soloreglasgolf.com\/WordPress3\/wp-json\/wp\/v2\/media?parent=13456"}],"curies":[{"name":"wp","href":"https:\/\/api.w.org\/{rel}","templated":true}]}}