{"id":13443,"date":"2018-03-31T11:22:03","date_gmt":"2018-03-31T09:22:03","guid":{"rendered":"http:\/\/soloreglasgolf.com\/WordPress3\/?page_id=13443"},"modified":"2018-04-05T23:29:56","modified_gmt":"2018-04-05T21:29:56","slug":"regla-16-1","status":"publish","type":"page","link":"http:\/\/soloreglasgolf.com\/WordPress3\/reglas-2019\/regla-16\/regla-16-1\/","title":{"rendered":"16.1 Condiciones Anormales del Campo (Incluyendo Obstrucciones Inamovibles)"},"content":{"rendered":"<p>Esta Regla cubre el alivio sin penalizaci\u00f3n, que est\u00e1 permitido, por interferencia de agujeros de animales, <a href=\"http:\/\/soloreglasgolf.com\/WordPress3\/definiciones-2019-2022\/terreno-en-reparacion\/\">terreno en reparaci\u00f3n<\/a>, <a href=\"http:\/\/soloreglasgolf.com\/WordPress3\/definiciones-2019-2022\/obstruccion-inamovible\/\">obstrucciones inamovibles<\/a> o<a href=\"http:\/\/soloreglasgolf.com\/WordPress3\/definiciones-2019-2022\/agua-temporal\/\"> agua temporal<\/a>:<\/p>\n<ul>\n<li>Estas se conocen colectivamente como<a href=\"http:\/\/soloreglasgolf.com\/WordPress3\/definiciones-2019-2022\/condicion-anormal-del-campo\/\"> condiciones anormales del campo<\/a>, pero cada una tiene su propia Definici\u00f3n.<\/li>\n<li>Esta Regla no proporciona alivio de <a href=\"http:\/\/soloreglasgolf.com\/WordPress3\/definiciones-2019-2022\/obstruccion-movible\/\">obstrucciones movibles<\/a> (existe un tipo de alivio diferente sin penalizaci\u00f3n bajo la Regla 15.2a) u objetos de l\u00edmites y objetos integrantes (de los cuales no se permite el alivio sin penalizaci\u00f3n).<\/li>\n<\/ul>\n<p><a href=\"http:\/\/soloreglasgolf.com\/WordPress3\/reglas-2019\/regla-16\/regla-16-1\/16-1-a-cuando-se-permite-el-alivio\/\"><strong>a. Cu\u00e1ndo se Permite el Alivio<\/strong><\/a><\/p>\n<p><a href=\"http:\/\/soloreglasgolf.com\/WordPress3\/reglas-2019\/regla-16\/regla-16-1\/16-1-b-alivio-bola-en-area-general\/\"><strong>b. Alivio para una Bola en \u00c1rea General<\/strong><\/a><\/p>\n<p><a href=\"http:\/\/soloreglasgolf.com\/WordPress3\/reglas-2019\/regla-16\/regla-16-1\/16-1-c-alivio-en-bunker\/\"><strong>c. Alivio para una Bola en Bunker<\/strong><\/a><\/p>\n<p><a href=\"http:\/\/soloreglasgolf.com\/WordPress3\/reglas-2019\/regla-16\/regla-16-1\/16-1-d-alivio-en-green\/\"><strong>d. Alivio para Bola en Green<\/strong><\/a><\/p>\n<p><a href=\"http:\/\/soloreglasgolf.com\/WordPress3\/reglas-2019\/regla-16\/regla-16-1\/16-1-e-alivio-bola-no-encontrada-o-sobre-condicion-anormal\/\"><strong>e. Alivio para Bola No Encontrada pero Dentro o Sobre Una Condici\u00f3n Anormal del Campo<\/strong><\/a><\/p>\n<p><a href=\"http:\/\/soloreglasgolf.com\/WordPress3\/reglas-2019\/regla-16\/regla-16-1\/16-1-f-alivio-obligatorio-interferencia-zona-juego-prohibido\/\"><strong>f. Alivio Obligatorio por Interferencia de Zona de Juego Prohibido en Condici\u00f3n Anormal del Campo<\/strong><\/a><\/p>\n<p>Penalizaci\u00f3n por Jugar una Bola Desde Lugar Equivocado Infringiendo la Regla 16.1:<\/p>\n<p>Penalizaci\u00f3n General bajo la Regla 14.7a.<\/p>\n<div class=\"g g-2\"><div class=\"g-single a-17\"><script type=\"text\/javascript\"><!--\r\ngoogle_ad_client = \"ca-pub-2363348512557029\";\r\n\/* Blog pagina-post *\/\r\ngoogle_ad_slot = \"1564877784\";\r\ngoogle_ad_width = 728;\r\ngoogle_ad_height = 90;\r\n\/\/-->\r\n<\/script>\r\n<script type=\"text\/javascript\"\r\nsrc=\"http:\/\/pagead2.googlesyndication.com\/pagead\/show_ads.js\">\r\n<\/script><\/div><\/div>\n","protected":false},"excerpt":{"rendered":"<p>Esta Regla cubre el alivio sin penalizaci\u00f3n, que est\u00e1 permitido, por interferencia de agujeros de animales, terreno en reparaci\u00f3n, obstrucciones inamovibles o agua temporal: Estas se conocen colectivamente como condiciones anormales del campo, pero cada una tiene su propia Definici\u00f3n. Esta Regla no proporciona alivio de obstrucciones movibles (existe un tipo de alivio diferente sin <a href='http:\/\/soloreglasgolf.com\/WordPress3\/reglas-2019\/regla-16\/regla-16-1\/' class='excerpt-more'>[Leer + &#8230;]<\/a><\/p>\n","protected":false},"author":28,"featured_media":0,"parent":13294,"menu_order":1,"comment_status":"closed","ping_status":"closed","template":"","meta":{"jetpack_post_was_ever_published":false,"footnotes":""},"class_list":["post-13443","page","type-page","status-publish","hentry","post-seq-1","post-parity-odd","meta-position-corners","fix"],"yoast_head":"<!-- This site is optimized with the Yoast SEO plugin v22.0 - https:\/\/yoast.com\/wordpress\/plugins\/seo\/ -->\n<title>16.1 Condiciones Anormales del Campo (Incluyendo Obstrucciones Inamovibles) - SoloReglasGolf<\/title>\n<meta name=\"robots\" content=\"index, follow, max-snippet:-1, max-image-preview:large, max-video-preview:-1\" \/>\n<link rel=\"canonical\" href=\"http:\/\/soloreglasgolf.com\/WordPress3\/reglas-2019\/regla-16\/regla-16-1\/\" \/>\n<meta name=\"twitter:label1\" content=\"Tiempo de lectura\" \/>\n\t<meta name=\"twitter:data1\" content=\"1 minuto\" \/>\n<script type=\"application\/ld+json\" class=\"yoast-schema-graph\">{\"@context\":\"https:\/\/schema.org\",\"@graph\":[{\"@type\":\"WebPage\",\"@id\":\"http:\/\/soloreglasgolf.com\/WordPress3\/reglas-2019\/regla-16\/regla-16-1\/\",\"url\":\"http:\/\/soloreglasgolf.com\/WordPress3\/reglas-2019\/regla-16\/regla-16-1\/\",\"name\":\"16.1 Condiciones Anormales del Campo (Incluyendo Obstrucciones Inamovibles) - SoloReglasGolf\",\"isPartOf\":{\"@id\":\"http:\/\/soloreglasgolf.com\/WordPress3\/#website\"},\"datePublished\":\"2018-03-31T09:22:03+00:00\",\"dateModified\":\"2018-04-05T21:29:56+00:00\",\"breadcrumb\":{\"@id\":\"http:\/\/soloreglasgolf.com\/WordPress3\/reglas-2019\/regla-16\/regla-16-1\/#breadcrumb\"},\"inLanguage\":\"es\",\"potentialAction\":[{\"@type\":\"ReadAction\",\"target\":[\"http:\/\/soloreglasgolf.com\/WordPress3\/reglas-2019\/regla-16\/regla-16-1\/\"]}]},{\"@type\":\"BreadcrumbList\",\"@id\":\"http:\/\/soloreglasgolf.com\/WordPress3\/reglas-2019\/regla-16\/regla-16-1\/#breadcrumb\",\"itemListElement\":[{\"@type\":\"ListItem\",\"position\":1,\"name\":\"Portada\",\"item\":\"http:\/\/soloreglasgolf.com\/WordPress3\/\"},{\"@type\":\"ListItem\",\"position\":2,\"name\":\"Reglas 2019\",\"item\":\"http:\/\/soloreglasgolf.com\/WordPress3\/reglas-2019\/\"},{\"@type\":\"ListItem\",\"position\":3,\"name\":\"Regla 16 \u2013 Alivio Condiciones Anormales del Campo (Incluyendo Obstrucciones Inamovibles); Situaciones Animales Peligrosos, Bola Empotrada.\",\"item\":\"http:\/\/soloreglasgolf.com\/WordPress3\/reglas-2019\/regla-16\/\"},{\"@type\":\"ListItem\",\"position\":4,\"name\":\"16.1 Condiciones Anormales del Campo (Incluyendo Obstrucciones Inamovibles)\"}]},{\"@type\":\"WebSite\",\"@id\":\"http:\/\/soloreglasgolf.com\/WordPress3\/#website\",\"url\":\"http:\/\/soloreglasgolf.com\/WordPress3\/\",\"name\":\"SoloReglasGolf\",\"description\":\"Conversando sobre  Reglas de Golf\",\"potentialAction\":[{\"@type\":\"SearchAction\",\"target\":{\"@type\":\"EntryPoint\",\"urlTemplate\":\"http:\/\/soloreglasgolf.com\/WordPress3\/?s={search_term_string}\"},\"query-input\":\"required name=search_term_string\"}],\"inLanguage\":\"es\"}]}<\/script>\n<!-- \/ Yoast SEO plugin. -->","yoast_head_json":{"title":"16.1 Condiciones Anormales del Campo (Incluyendo Obstrucciones Inamovibles) - SoloReglasGolf","robots":{"index":"index","follow":"follow","max-snippet":"max-snippet:-1","max-image-preview":"max-image-preview:large","max-video-preview":"max-video-preview:-1"},"canonical":"http:\/\/soloreglasgolf.com\/WordPress3\/reglas-2019\/regla-16\/regla-16-1\/","twitter_misc":{"Tiempo de lectura":"1 minuto"},"schema":{"@context":"https:\/\/schema.org","@graph":[{"@type":"WebPage","@id":"http:\/\/soloreglasgolf.com\/WordPress3\/reglas-2019\/regla-16\/regla-16-1\/","url":"http:\/\/soloreglasgolf.com\/WordPress3\/reglas-2019\/regla-16\/regla-16-1\/","name":"16.1 Condiciones Anormales del Campo (Incluyendo Obstrucciones Inamovibles) - SoloReglasGolf","isPartOf":{"@id":"http:\/\/soloreglasgolf.com\/WordPress3\/#website"},"datePublished":"2018-03-31T09:22:03+00:00","dateModified":"2018-04-05T21:29:56+00:00","breadcrumb":{"@id":"http:\/\/soloreglasgolf.com\/WordPress3\/reglas-2019\/regla-16\/regla-16-1\/#breadcrumb"},"inLanguage":"es","potentialAction":[{"@type":"ReadAction","target":["http:\/\/soloreglasgolf.com\/WordPress3\/reglas-2019\/regla-16\/regla-16-1\/"]}]},{"@type":"BreadcrumbList","@id":"http:\/\/soloreglasgolf.com\/WordPress3\/reglas-2019\/regla-16\/regla-16-1\/#breadcrumb","itemListElement":[{"@type":"ListItem","position":1,"name":"Portada","item":"http:\/\/soloreglasgolf.com\/WordPress3\/"},{"@type":"ListItem","position":2,"name":"Reglas 2019","item":"http:\/\/soloreglasgolf.com\/WordPress3\/reglas-2019\/"},{"@type":"ListItem","position":3,"name":"Regla 16 \u2013 Alivio Condiciones Anormales del Campo (Incluyendo Obstrucciones Inamovibles); Situaciones Animales Peligrosos, Bola Empotrada.","item":"http:\/\/soloreglasgolf.com\/WordPress3\/reglas-2019\/regla-16\/"},{"@type":"ListItem","position":4,"name":"16.1 Condiciones Anormales del Campo (Incluyendo Obstrucciones Inamovibles)"}]},{"@type":"WebSite","@id":"http:\/\/soloreglasgolf.com\/WordPress3\/#website","url":"http:\/\/soloreglasgolf.com\/WordPress3\/","name":"SoloReglasGolf","description":"Conversando sobre  Reglas de Golf","potentialAction":[{"@type":"SearchAction","target":{"@type":"EntryPoint","urlTemplate":"http:\/\/soloreglasgolf.com\/WordPress3\/?s={search_term_string}"},"query-input":"required name=search_term_string"}],"inLanguage":"es"}]}},"jetpack_sharing_enabled":true,"jetpack_shortlink":"https:\/\/wp.me\/P36cD2-3uP","_links":{"self":[{"href":"http:\/\/soloreglasgolf.com\/WordPress3\/wp-json\/wp\/v2\/pages\/13443","targetHints":{"allow":["GET"]}}],"collection":[{"href":"http:\/\/soloreglasgolf.com\/WordPress3\/wp-json\/wp\/v2\/pages"}],"about":[{"href":"http:\/\/soloreglasgolf.com\/WordPress3\/wp-json\/wp\/v2\/types\/page"}],"author":[{"embeddable":true,"href":"http:\/\/soloreglasgolf.com\/WordPress3\/wp-json\/wp\/v2\/users\/28"}],"replies":[{"embeddable":true,"href":"http:\/\/soloreglasgolf.com\/WordPress3\/wp-json\/wp\/v2\/comments?post=13443"}],"version-history":[{"count":18,"href":"http:\/\/soloreglasgolf.com\/WordPress3\/wp-json\/wp\/v2\/pages\/13443\/revisions"}],"predecessor-version":[{"id":13529,"href":"http:\/\/soloreglasgolf.com\/WordPress3\/wp-json\/wp\/v2\/pages\/13443\/revisions\/13529"}],"up":[{"embeddable":true,"href":"http:\/\/soloreglasgolf.com\/WordPress3\/wp-json\/wp\/v2\/pages\/13294"}],"wp:attachment":[{"href":"http:\/\/soloreglasgolf.com\/WordPress3\/wp-json\/wp\/v2\/media?parent=13443"}],"curies":[{"name":"wp","href":"https:\/\/api.w.org\/{rel}","templated":true}]}}