{"id":13435,"date":"2018-03-31T11:08:11","date_gmt":"2018-03-31T09:08:11","guid":{"rendered":"http:\/\/soloreglasgolf.com\/WordPress3\/?page_id=13435"},"modified":"2018-03-31T18:50:52","modified_gmt":"2018-03-31T16:50:52","slug":"punto-mas-cercano-alivio-total","status":"publish","type":"page","link":"http:\/\/soloreglasgolf.com\/WordPress3\/definiciones-2019-2022\/punto-mas-cercano-alivio-total\/","title":{"rendered":"Punto m\u00e1s Cercano de Alivio Total"},"content":{"rendered":"<p>El punto de referencia para tomar alivio sin penalizaci\u00f3n de una <a href=\"http:\/\/soloreglasgolf.com\/WordPress3\/definiciones-2019-2022\/condicion-anormal-del-campo\/\">condici\u00f3n anormal del campo<\/a> (Regla 16.1), una condici\u00f3n de animal peligroso (Regla 16.2), <a href=\"http:\/\/soloreglasgolf.com\/WordPress3\/definiciones-2019-2022\/green-equivocado\/\">green equivocado<\/a> (Regla 13.1e), una zona de juego prohibido (Reglas 16.1f y 17.1e) o tomando alivio bajo ciertas Reglas Locales.<\/p>\n<p>Es el punto estimado donde la bola reposar\u00eda, que est\u00e1:<\/p>\n<ul>\n<li><strong>M\u00e1s cerca del punto de reposo original de la bola<\/strong>, pero<strong> no m\u00e1s cerca del hoyo que ese punto<\/strong>,<\/li>\n<li>En el <a href=\"http:\/\/soloreglasgolf.com\/WordPress3\/definiciones-2019-2022\/areas-del-campo\/\"><strong>\u00e1rea requerida del campo<\/strong><\/a>, y<\/li>\n<li>Donde la <strong>condici\u00f3n no interfiere con el golpe que el jugador habr\u00eda ejecutado<\/strong> desde el punto de reposo original si la condici\u00f3n no estuviera ah\u00ed.<\/li>\n<\/ul>\n<p>Para<strong> estimar este punto de referencia<\/strong> se requiere que <strong>el jugador identifique el palo seleccionado, stance, swing y l\u00ednea de juego que el jugador habr\u00eda usado para ese golpe<\/strong>.<\/p>\n<p>No es necesario que el jugador simule el golpe tomando el stance y efectuando el swing con el palo seleccionado (pero que el jugador lo haga normalmente para ayudar a efectuar una correcta estimaci\u00f3n).<\/p>\n<p>El punto m\u00e1s cercano de alivio total <strong>se refiere \u00fanicamente a la condici\u00f3n espec\u00edfica de la cual se est\u00e1 tomando alivio<\/strong> y puede ser en una posici\u00f3n donde haya interferencia por alguna otra condici\u00f3n:<\/p>\n<ul>\n<li>Si el jugador toma alivio y posteriormente tiene interferencia por otra condici\u00f3n de la que se permite alivio, el jugador puede aliviarse nuevamente, determinando un nuevo punto m\u00e1s cercano de alivio total de la nueva condici\u00f3n.<\/li>\n<li>Se<strong> debe tomar alivio separadamente para cada condici\u00f3n<\/strong>, excepto que el jugador puede aliviarse de ambas condiciones al mismo tiempo (bas\u00e1ndose en determinar el punto m\u00e1s cercano de alivio total de ambas condiciones) cuando, habiendo tomado alivio separadamente para cada condici\u00f3n, sea razonable concluir que al hacerlo de nuevo continuar\u00eda la interferencia por una o por otra<\/li>\n<\/ul>\n<div class=\"g g-2\"><div class=\"g-single a-14\"><script type=\"text\/javascript\"><!--\r\ngoogle_ad_client = \"ca-pub-2363348512557029\";\r\n\/* Blog pagina-post *\/\r\ngoogle_ad_slot = \"1564877784\";\r\ngoogle_ad_width = 728;\r\ngoogle_ad_height = 90;\r\n\/\/-->\r\n<\/script>\r\n<script type=\"text\/javascript\"\r\nsrc=\"http:\/\/pagead2.googlesyndication.com\/pagead\/show_ads.js\">\r\n<\/script><\/div><\/div>\n","protected":false},"excerpt":{"rendered":"<p>El punto de referencia para tomar alivio sin penalizaci\u00f3n de una condici\u00f3n anormal del campo (Regla 16.1), una condici\u00f3n de animal peligroso (Regla 16.2), green equivocado (Regla 13.1e), una zona de juego prohibido (Reglas 16.1f y 17.1e) o tomando alivio bajo ciertas Reglas Locales. Es el punto estimado donde la bola reposar\u00eda, que est\u00e1: M\u00e1s <a href='http:\/\/soloreglasgolf.com\/WordPress3\/definiciones-2019-2022\/punto-mas-cercano-alivio-total\/' class='excerpt-more'>[Leer + &#8230;]<\/a><\/p>\n","protected":false},"author":28,"featured_media":0,"parent":13320,"menu_order":0,"comment_status":"closed","ping_status":"closed","template":"","meta":{"jetpack_post_was_ever_published":false,"footnotes":""},"class_list":["post-13435","page","type-page","status-publish","hentry","post-seq-1","post-parity-odd","meta-position-corners","fix"],"yoast_head":"<!-- This site is optimized with the Yoast SEO plugin v22.0 - https:\/\/yoast.com\/wordpress\/plugins\/seo\/ -->\n<title>Punto m\u00e1s Cercano de Alivio Total - SoloReglasGolf<\/title>\n<meta name=\"robots\" content=\"index, follow, max-snippet:-1, max-image-preview:large, max-video-preview:-1\" \/>\n<link rel=\"canonical\" href=\"http:\/\/soloreglasgolf.com\/WordPress3\/definiciones-2019-2022\/punto-mas-cercano-alivio-total\/\" \/>\n<meta name=\"twitter:label1\" content=\"Tiempo de lectura\" \/>\n\t<meta name=\"twitter:data1\" content=\"2 minutos\" \/>\n<script type=\"application\/ld+json\" class=\"yoast-schema-graph\">{\"@context\":\"https:\/\/schema.org\",\"@graph\":[{\"@type\":\"WebPage\",\"@id\":\"http:\/\/soloreglasgolf.com\/WordPress3\/definiciones-2019-2022\/punto-mas-cercano-alivio-total\/\",\"url\":\"http:\/\/soloreglasgolf.com\/WordPress3\/definiciones-2019-2022\/punto-mas-cercano-alivio-total\/\",\"name\":\"Punto m\u00e1s Cercano de Alivio Total - SoloReglasGolf\",\"isPartOf\":{\"@id\":\"http:\/\/soloreglasgolf.com\/WordPress3\/#website\"},\"datePublished\":\"2018-03-31T09:08:11+00:00\",\"dateModified\":\"2018-03-31T16:50:52+00:00\",\"breadcrumb\":{\"@id\":\"http:\/\/soloreglasgolf.com\/WordPress3\/definiciones-2019-2022\/punto-mas-cercano-alivio-total\/#breadcrumb\"},\"inLanguage\":\"es\",\"potentialAction\":[{\"@type\":\"ReadAction\",\"target\":[\"http:\/\/soloreglasgolf.com\/WordPress3\/definiciones-2019-2022\/punto-mas-cercano-alivio-total\/\"]}]},{\"@type\":\"BreadcrumbList\",\"@id\":\"http:\/\/soloreglasgolf.com\/WordPress3\/definiciones-2019-2022\/punto-mas-cercano-alivio-total\/#breadcrumb\",\"itemListElement\":[{\"@type\":\"ListItem\",\"position\":1,\"name\":\"Portada\",\"item\":\"http:\/\/soloreglasgolf.com\/WordPress3\/\"},{\"@type\":\"ListItem\",\"position\":2,\"name\":\"Definiciones\",\"item\":\"http:\/\/soloreglasgolf.com\/WordPress3\/definiciones-2019-2022\/\"},{\"@type\":\"ListItem\",\"position\":3,\"name\":\"Punto m\u00e1s Cercano de Alivio Total\"}]},{\"@type\":\"WebSite\",\"@id\":\"http:\/\/soloreglasgolf.com\/WordPress3\/#website\",\"url\":\"http:\/\/soloreglasgolf.com\/WordPress3\/\",\"name\":\"SoloReglasGolf\",\"description\":\"Conversando sobre  Reglas de Golf\",\"potentialAction\":[{\"@type\":\"SearchAction\",\"target\":{\"@type\":\"EntryPoint\",\"urlTemplate\":\"http:\/\/soloreglasgolf.com\/WordPress3\/?s={search_term_string}\"},\"query-input\":\"required name=search_term_string\"}],\"inLanguage\":\"es\"}]}<\/script>\n<!-- \/ Yoast SEO plugin. -->","yoast_head_json":{"title":"Punto m\u00e1s Cercano de Alivio Total - SoloReglasGolf","robots":{"index":"index","follow":"follow","max-snippet":"max-snippet:-1","max-image-preview":"max-image-preview:large","max-video-preview":"max-video-preview:-1"},"canonical":"http:\/\/soloreglasgolf.com\/WordPress3\/definiciones-2019-2022\/punto-mas-cercano-alivio-total\/","twitter_misc":{"Tiempo de lectura":"2 minutos"},"schema":{"@context":"https:\/\/schema.org","@graph":[{"@type":"WebPage","@id":"http:\/\/soloreglasgolf.com\/WordPress3\/definiciones-2019-2022\/punto-mas-cercano-alivio-total\/","url":"http:\/\/soloreglasgolf.com\/WordPress3\/definiciones-2019-2022\/punto-mas-cercano-alivio-total\/","name":"Punto m\u00e1s Cercano de Alivio Total - SoloReglasGolf","isPartOf":{"@id":"http:\/\/soloreglasgolf.com\/WordPress3\/#website"},"datePublished":"2018-03-31T09:08:11+00:00","dateModified":"2018-03-31T16:50:52+00:00","breadcrumb":{"@id":"http:\/\/soloreglasgolf.com\/WordPress3\/definiciones-2019-2022\/punto-mas-cercano-alivio-total\/#breadcrumb"},"inLanguage":"es","potentialAction":[{"@type":"ReadAction","target":["http:\/\/soloreglasgolf.com\/WordPress3\/definiciones-2019-2022\/punto-mas-cercano-alivio-total\/"]}]},{"@type":"BreadcrumbList","@id":"http:\/\/soloreglasgolf.com\/WordPress3\/definiciones-2019-2022\/punto-mas-cercano-alivio-total\/#breadcrumb","itemListElement":[{"@type":"ListItem","position":1,"name":"Portada","item":"http:\/\/soloreglasgolf.com\/WordPress3\/"},{"@type":"ListItem","position":2,"name":"Definiciones","item":"http:\/\/soloreglasgolf.com\/WordPress3\/definiciones-2019-2022\/"},{"@type":"ListItem","position":3,"name":"Punto m\u00e1s Cercano de Alivio Total"}]},{"@type":"WebSite","@id":"http:\/\/soloreglasgolf.com\/WordPress3\/#website","url":"http:\/\/soloreglasgolf.com\/WordPress3\/","name":"SoloReglasGolf","description":"Conversando sobre  Reglas de Golf","potentialAction":[{"@type":"SearchAction","target":{"@type":"EntryPoint","urlTemplate":"http:\/\/soloreglasgolf.com\/WordPress3\/?s={search_term_string}"},"query-input":"required name=search_term_string"}],"inLanguage":"es"}]}},"jetpack_sharing_enabled":true,"jetpack_shortlink":"https:\/\/wp.me\/P36cD2-3uH","_links":{"self":[{"href":"http:\/\/soloreglasgolf.com\/WordPress3\/wp-json\/wp\/v2\/pages\/13435","targetHints":{"allow":["GET"]}}],"collection":[{"href":"http:\/\/soloreglasgolf.com\/WordPress3\/wp-json\/wp\/v2\/pages"}],"about":[{"href":"http:\/\/soloreglasgolf.com\/WordPress3\/wp-json\/wp\/v2\/types\/page"}],"author":[{"embeddable":true,"href":"http:\/\/soloreglasgolf.com\/WordPress3\/wp-json\/wp\/v2\/users\/28"}],"replies":[{"embeddable":true,"href":"http:\/\/soloreglasgolf.com\/WordPress3\/wp-json\/wp\/v2\/comments?post=13435"}],"version-history":[{"count":6,"href":"http:\/\/soloreglasgolf.com\/WordPress3\/wp-json\/wp\/v2\/pages\/13435\/revisions"}],"predecessor-version":[{"id":13540,"href":"http:\/\/soloreglasgolf.com\/WordPress3\/wp-json\/wp\/v2\/pages\/13435\/revisions\/13540"}],"up":[{"embeddable":true,"href":"http:\/\/soloreglasgolf.com\/WordPress3\/wp-json\/wp\/v2\/pages\/13320"}],"wp:attachment":[{"href":"http:\/\/soloreglasgolf.com\/WordPress3\/wp-json\/wp\/v2\/media?parent=13435"}],"curies":[{"name":"wp","href":"https:\/\/api.w.org\/{rel}","templated":true}]}}