{"id":13421,"date":"2018-03-31T10:44:22","date_gmt":"2018-03-31T08:44:22","guid":{"rendered":"http:\/\/soloreglasgolf.com\/WordPress3\/?page_id=13421"},"modified":"2018-04-05T17:09:21","modified_gmt":"2018-04-05T15:09:21","slug":"bunker","status":"publish","type":"page","link":"http:\/\/soloreglasgolf.com\/WordPress3\/definiciones-2019-2022\/bunker\/","title":{"rendered":"Bunker"},"content":{"rendered":"<p>Un \u00e1rea especialmente preparada con arena, a menudo una depresi\u00f3n de la que se ha sacado el c\u00e9sped o la tierra.<\/p>\n<p>No son parte de un bunker:<\/p>\n<ul>\n<li>Un borde, pared o talud en el margen de un \u00e1rea preparada y compuesto de tierra, c\u00e9sped, piezas de c\u00e9sped apiladas o materiales artificiales.<\/li>\n<li>Tierra o cualquier objeto natural en crecimiento o fijo dentro de los m\u00e1rgenes del \u00e1rea preparada (tales como c\u00e9sped, arbustos o \u00e1rboles).<\/li>\n<li>La arena que desborda o que est\u00e1 fuera de un \u00e1rea preparada, y<\/li>\n<li>Todas las dem\u00e1s \u00e1reas de arena en el campo que no est\u00e9n dentro de los m\u00e1rgenes de un \u00e1rea preparada (tales como zonas des\u00e9rticas y otras \u00e1reas naturales de arena o \u00e1reas a las que a veces se hace referencia como waste \u00e1reas).<\/li>\n<\/ul>\n<p>Los bunkers son una de las cinco <a href=\"http:\/\/soloreglasgolf.com\/WordPress3\/definiciones-2019-2022\/areas-del-campo\/\">\u00e1reas definidas del campo<\/a>.<\/p>\n<p>Un Comit\u00e9 puede definir un \u00e1rea preparada de arena como parte del \u00e1rea general (lo que significa que no es un bunker) o puede definir un \u00e1rea no preparada de arena como un bunker.<\/p>\n<p>Cuando un <strong>bunker est\u00e1 siendo reparado<\/strong> y el Comit\u00e9 define todo el bunker como terreno en reparaci\u00f3n, ser\u00e1 considerado como parte del \u00e1rea general (lo que significa que <strong>no es un bunker<\/strong>).<\/p>\n<p>La palabra \u201carena\u201d en esta definici\u00f3n y en la Regla 12 incluye cualquier material similar a la arena que es utilizado como material de bunker (tal como piedra u otro material molido), as\u00ed como cualquier tipo de tierra que est\u00e1 mezclado con la arena.<\/p>\n<div class=\"g g-2\"><div class=\"g-single a-16\"><script type=\"text\/javascript\"><!--\r\ngoogle_ad_client = \"ca-pub-2363348512557029\";\r\n\/* Blog pagina-post *\/\r\ngoogle_ad_slot = \"1564877784\";\r\ngoogle_ad_width = 728;\r\ngoogle_ad_height = 90;\r\n\/\/-->\r\n<\/script>\r\n<script type=\"text\/javascript\"\r\nsrc=\"http:\/\/pagead2.googlesyndication.com\/pagead\/show_ads.js\">\r\n<\/script><\/div><\/div>\n","protected":false},"excerpt":{"rendered":"<p>Un \u00e1rea especialmente preparada con arena, a menudo una depresi\u00f3n de la que se ha sacado el c\u00e9sped o la tierra. No son parte de un bunker: Un borde, pared o talud en el margen de un \u00e1rea preparada y compuesto de tierra, c\u00e9sped, piezas de c\u00e9sped apiladas o materiales artificiales. Tierra o cualquier objeto <a href='http:\/\/soloreglasgolf.com\/WordPress3\/definiciones-2019-2022\/bunker\/' class='excerpt-more'>[Leer + &#8230;]<\/a><\/p>\n","protected":false},"author":28,"featured_media":0,"parent":13320,"menu_order":0,"comment_status":"closed","ping_status":"closed","template":"","meta":{"jetpack_post_was_ever_published":false,"footnotes":""},"class_list":["post-13421","page","type-page","status-publish","hentry","post-seq-1","post-parity-odd","meta-position-corners","fix"],"yoast_head":"<!-- This site is optimized with the Yoast SEO plugin v22.0 - https:\/\/yoast.com\/wordpress\/plugins\/seo\/ -->\n<title>Bunker - SoloReglasGolf<\/title>\n<meta name=\"robots\" content=\"index, follow, max-snippet:-1, max-image-preview:large, max-video-preview:-1\" \/>\n<link rel=\"canonical\" href=\"http:\/\/soloreglasgolf.com\/WordPress3\/definiciones-2019-2022\/bunker\/\" \/>\n<meta name=\"twitter:label1\" content=\"Tiempo de lectura\" \/>\n\t<meta name=\"twitter:data1\" content=\"1 minuto\" \/>\n<script type=\"application\/ld+json\" class=\"yoast-schema-graph\">{\"@context\":\"https:\/\/schema.org\",\"@graph\":[{\"@type\":\"WebPage\",\"@id\":\"http:\/\/soloreglasgolf.com\/WordPress3\/definiciones-2019-2022\/bunker\/\",\"url\":\"http:\/\/soloreglasgolf.com\/WordPress3\/definiciones-2019-2022\/bunker\/\",\"name\":\"Bunker - SoloReglasGolf\",\"isPartOf\":{\"@id\":\"http:\/\/soloreglasgolf.com\/WordPress3\/#website\"},\"datePublished\":\"2018-03-31T08:44:22+00:00\",\"dateModified\":\"2018-04-05T15:09:21+00:00\",\"breadcrumb\":{\"@id\":\"http:\/\/soloreglasgolf.com\/WordPress3\/definiciones-2019-2022\/bunker\/#breadcrumb\"},\"inLanguage\":\"es\",\"potentialAction\":[{\"@type\":\"ReadAction\",\"target\":[\"http:\/\/soloreglasgolf.com\/WordPress3\/definiciones-2019-2022\/bunker\/\"]}]},{\"@type\":\"BreadcrumbList\",\"@id\":\"http:\/\/soloreglasgolf.com\/WordPress3\/definiciones-2019-2022\/bunker\/#breadcrumb\",\"itemListElement\":[{\"@type\":\"ListItem\",\"position\":1,\"name\":\"Portada\",\"item\":\"http:\/\/soloreglasgolf.com\/WordPress3\/\"},{\"@type\":\"ListItem\",\"position\":2,\"name\":\"Definiciones\",\"item\":\"http:\/\/soloreglasgolf.com\/WordPress3\/definiciones-2019-2022\/\"},{\"@type\":\"ListItem\",\"position\":3,\"name\":\"Bunker\"}]},{\"@type\":\"WebSite\",\"@id\":\"http:\/\/soloreglasgolf.com\/WordPress3\/#website\",\"url\":\"http:\/\/soloreglasgolf.com\/WordPress3\/\",\"name\":\"SoloReglasGolf\",\"description\":\"Conversando sobre  Reglas de Golf\",\"potentialAction\":[{\"@type\":\"SearchAction\",\"target\":{\"@type\":\"EntryPoint\",\"urlTemplate\":\"http:\/\/soloreglasgolf.com\/WordPress3\/?s={search_term_string}\"},\"query-input\":\"required name=search_term_string\"}],\"inLanguage\":\"es\"}]}<\/script>\n<!-- \/ Yoast SEO plugin. -->","yoast_head_json":{"title":"Bunker - SoloReglasGolf","robots":{"index":"index","follow":"follow","max-snippet":"max-snippet:-1","max-image-preview":"max-image-preview:large","max-video-preview":"max-video-preview:-1"},"canonical":"http:\/\/soloreglasgolf.com\/WordPress3\/definiciones-2019-2022\/bunker\/","twitter_misc":{"Tiempo de lectura":"1 minuto"},"schema":{"@context":"https:\/\/schema.org","@graph":[{"@type":"WebPage","@id":"http:\/\/soloreglasgolf.com\/WordPress3\/definiciones-2019-2022\/bunker\/","url":"http:\/\/soloreglasgolf.com\/WordPress3\/definiciones-2019-2022\/bunker\/","name":"Bunker - SoloReglasGolf","isPartOf":{"@id":"http:\/\/soloreglasgolf.com\/WordPress3\/#website"},"datePublished":"2018-03-31T08:44:22+00:00","dateModified":"2018-04-05T15:09:21+00:00","breadcrumb":{"@id":"http:\/\/soloreglasgolf.com\/WordPress3\/definiciones-2019-2022\/bunker\/#breadcrumb"},"inLanguage":"es","potentialAction":[{"@type":"ReadAction","target":["http:\/\/soloreglasgolf.com\/WordPress3\/definiciones-2019-2022\/bunker\/"]}]},{"@type":"BreadcrumbList","@id":"http:\/\/soloreglasgolf.com\/WordPress3\/definiciones-2019-2022\/bunker\/#breadcrumb","itemListElement":[{"@type":"ListItem","position":1,"name":"Portada","item":"http:\/\/soloreglasgolf.com\/WordPress3\/"},{"@type":"ListItem","position":2,"name":"Definiciones","item":"http:\/\/soloreglasgolf.com\/WordPress3\/definiciones-2019-2022\/"},{"@type":"ListItem","position":3,"name":"Bunker"}]},{"@type":"WebSite","@id":"http:\/\/soloreglasgolf.com\/WordPress3\/#website","url":"http:\/\/soloreglasgolf.com\/WordPress3\/","name":"SoloReglasGolf","description":"Conversando sobre  Reglas de Golf","potentialAction":[{"@type":"SearchAction","target":{"@type":"EntryPoint","urlTemplate":"http:\/\/soloreglasgolf.com\/WordPress3\/?s={search_term_string}"},"query-input":"required name=search_term_string"}],"inLanguage":"es"}]}},"jetpack_sharing_enabled":true,"jetpack_shortlink":"https:\/\/wp.me\/P36cD2-3ut","_links":{"self":[{"href":"http:\/\/soloreglasgolf.com\/WordPress3\/wp-json\/wp\/v2\/pages\/13421","targetHints":{"allow":["GET"]}}],"collection":[{"href":"http:\/\/soloreglasgolf.com\/WordPress3\/wp-json\/wp\/v2\/pages"}],"about":[{"href":"http:\/\/soloreglasgolf.com\/WordPress3\/wp-json\/wp\/v2\/types\/page"}],"author":[{"embeddable":true,"href":"http:\/\/soloreglasgolf.com\/WordPress3\/wp-json\/wp\/v2\/users\/28"}],"replies":[{"embeddable":true,"href":"http:\/\/soloreglasgolf.com\/WordPress3\/wp-json\/wp\/v2\/comments?post=13421"}],"version-history":[{"count":2,"href":"http:\/\/soloreglasgolf.com\/WordPress3\/wp-json\/wp\/v2\/pages\/13421\/revisions"}],"predecessor-version":[{"id":13568,"href":"http:\/\/soloreglasgolf.com\/WordPress3\/wp-json\/wp\/v2\/pages\/13421\/revisions\/13568"}],"up":[{"embeddable":true,"href":"http:\/\/soloreglasgolf.com\/WordPress3\/wp-json\/wp\/v2\/pages\/13320"}],"wp:attachment":[{"href":"http:\/\/soloreglasgolf.com\/WordPress3\/wp-json\/wp\/v2\/media?parent=13421"}],"curies":[{"name":"wp","href":"https:\/\/api.w.org\/{rel}","templated":true}]}}