{"id":13408,"date":"2018-03-31T10:30:28","date_gmt":"2018-03-31T08:30:28","guid":{"rendered":"http:\/\/soloreglasgolf.com\/WordPress3\/?page_id=13408"},"modified":"2018-03-31T18:38:59","modified_gmt":"2018-03-31T16:38:59","slug":"areas-del-campo","status":"publish","type":"page","link":"http:\/\/soloreglasgolf.com\/WordPress3\/definiciones-2019-2022\/areas-del-campo\/","title":{"rendered":"\u00c1reas del Campo"},"content":{"rendered":"<p>Las cinco \u00e1reas definidas que constituyen el campo son:<\/p>\n<ul>\n<li>el <a href=\"http:\/\/soloreglasgolf.com\/WordPress3\/definiciones-2019-2022\/area-general\/\">\u00e1rea general<\/a>,<\/li>\n<li>el<a href=\"http:\/\/soloreglasgolf.com\/WordPress3\/definiciones-2019-2022\/punto-maximo-alivio-disponible\/\"> \u00e1rea de salida<\/a>, desde la que el jugador debe jugar al comenzar el hoyo que est\u00e1 jugando,<\/li>\n<li>todos los <a href=\"http:\/\/soloreglasgolf.com\/WordPress3\/definiciones-2019-2022\/bunker\">bunkers<\/a>,<\/li>\n<li>todas las <a href=\"http:\/\/soloreglasgolf.com\/WordPress3\/definiciones-2019-2022\/area-penalizacion\/\">\u00e1reas de penalizaci\u00f3n<\/a>, y<\/li>\n<li>el <a href=\"http:\/\/soloreglasgolf.com\/WordPress3\/definiciones-2019-2022\/green\">green del hoyo<\/a> que el jugador est\u00e1 jugando.<\/li>\n<\/ul>\n<div class=\"g g-2\"><div class=\"g-single a-19\"><script type=\"text\/javascript\"><!--\r\ngoogle_ad_client = \"ca-pub-2363348512557029\";\r\n\/* Blog pagina-post *\/\r\ngoogle_ad_slot = \"1564877784\";\r\ngoogle_ad_width = 728;\r\ngoogle_ad_height = 90;\r\n\/\/-->\r\n<\/script>\r\n<script type=\"text\/javascript\"\r\nsrc=\"http:\/\/pagead2.googlesyndication.com\/pagead\/show_ads.js\">\r\n<\/script><\/div><\/div>\n","protected":false},"excerpt":{"rendered":"<p>Las cinco \u00e1reas definidas que constituyen el campo son: el \u00e1rea general, el \u00e1rea de salida, desde la que el jugador debe jugar al comenzar el hoyo que est\u00e1 jugando, todos los bunkers, todas las \u00e1reas de penalizaci\u00f3n, y el green del hoyo que el jugador est\u00e1 jugando.<\/p>\n","protected":false},"author":28,"featured_media":0,"parent":13320,"menu_order":0,"comment_status":"closed","ping_status":"closed","template":"","meta":{"jetpack_post_was_ever_published":false,"footnotes":""},"class_list":["post-13408","page","type-page","status-publish","hentry","post-seq-1","post-parity-odd","meta-position-corners","fix"],"yoast_head":"<!-- This site is optimized with the Yoast SEO plugin v22.0 - https:\/\/yoast.com\/wordpress\/plugins\/seo\/ -->\n<title>\u00c1reas del Campo - SoloReglasGolf<\/title>\n<meta name=\"robots\" content=\"index, follow, max-snippet:-1, max-image-preview:large, max-video-preview:-1\" \/>\n<link rel=\"canonical\" href=\"http:\/\/soloreglasgolf.com\/WordPress3\/definiciones-2019-2022\/areas-del-campo\/\" \/>\n<script type=\"application\/ld+json\" class=\"yoast-schema-graph\">{\"@context\":\"https:\/\/schema.org\",\"@graph\":[{\"@type\":\"WebPage\",\"@id\":\"http:\/\/soloreglasgolf.com\/WordPress3\/definiciones-2019-2022\/areas-del-campo\/\",\"url\":\"http:\/\/soloreglasgolf.com\/WordPress3\/definiciones-2019-2022\/areas-del-campo\/\",\"name\":\"\u00c1reas del Campo - SoloReglasGolf\",\"isPartOf\":{\"@id\":\"http:\/\/soloreglasgolf.com\/WordPress3\/#website\"},\"datePublished\":\"2018-03-31T08:30:28+00:00\",\"dateModified\":\"2018-03-31T16:38:59+00:00\",\"breadcrumb\":{\"@id\":\"http:\/\/soloreglasgolf.com\/WordPress3\/definiciones-2019-2022\/areas-del-campo\/#breadcrumb\"},\"inLanguage\":\"es\",\"potentialAction\":[{\"@type\":\"ReadAction\",\"target\":[\"http:\/\/soloreglasgolf.com\/WordPress3\/definiciones-2019-2022\/areas-del-campo\/\"]}]},{\"@type\":\"BreadcrumbList\",\"@id\":\"http:\/\/soloreglasgolf.com\/WordPress3\/definiciones-2019-2022\/areas-del-campo\/#breadcrumb\",\"itemListElement\":[{\"@type\":\"ListItem\",\"position\":1,\"name\":\"Portada\",\"item\":\"http:\/\/soloreglasgolf.com\/WordPress3\/\"},{\"@type\":\"ListItem\",\"position\":2,\"name\":\"Definiciones\",\"item\":\"https:\/\/soloreglasgolf.com\/WordPress3\/definiciones-2019-2022\/\"},{\"@type\":\"ListItem\",\"position\":3,\"name\":\"\u00c1reas del Campo\"}]},{\"@type\":\"WebSite\",\"@id\":\"http:\/\/soloreglasgolf.com\/WordPress3\/#website\",\"url\":\"http:\/\/soloreglasgolf.com\/WordPress3\/\",\"name\":\"SoloReglasGolf\",\"description\":\"Conversando sobre  Reglas de Golf\",\"potentialAction\":[{\"@type\":\"SearchAction\",\"target\":{\"@type\":\"EntryPoint\",\"urlTemplate\":\"http:\/\/soloreglasgolf.com\/WordPress3\/?s={search_term_string}\"},\"query-input\":\"required name=search_term_string\"}],\"inLanguage\":\"es\"}]}<\/script>\n<!-- \/ Yoast SEO plugin. -->","yoast_head_json":{"title":"\u00c1reas del Campo - SoloReglasGolf","robots":{"index":"index","follow":"follow","max-snippet":"max-snippet:-1","max-image-preview":"max-image-preview:large","max-video-preview":"max-video-preview:-1"},"canonical":"http:\/\/soloreglasgolf.com\/WordPress3\/definiciones-2019-2022\/areas-del-campo\/","schema":{"@context":"https:\/\/schema.org","@graph":[{"@type":"WebPage","@id":"http:\/\/soloreglasgolf.com\/WordPress3\/definiciones-2019-2022\/areas-del-campo\/","url":"http:\/\/soloreglasgolf.com\/WordPress3\/definiciones-2019-2022\/areas-del-campo\/","name":"\u00c1reas del Campo - SoloReglasGolf","isPartOf":{"@id":"http:\/\/soloreglasgolf.com\/WordPress3\/#website"},"datePublished":"2018-03-31T08:30:28+00:00","dateModified":"2018-03-31T16:38:59+00:00","breadcrumb":{"@id":"http:\/\/soloreglasgolf.com\/WordPress3\/definiciones-2019-2022\/areas-del-campo\/#breadcrumb"},"inLanguage":"es","potentialAction":[{"@type":"ReadAction","target":["http:\/\/soloreglasgolf.com\/WordPress3\/definiciones-2019-2022\/areas-del-campo\/"]}]},{"@type":"BreadcrumbList","@id":"http:\/\/soloreglasgolf.com\/WordPress3\/definiciones-2019-2022\/areas-del-campo\/#breadcrumb","itemListElement":[{"@type":"ListItem","position":1,"name":"Portada","item":"http:\/\/soloreglasgolf.com\/WordPress3\/"},{"@type":"ListItem","position":2,"name":"Definiciones","item":"https:\/\/soloreglasgolf.com\/WordPress3\/definiciones-2019-2022\/"},{"@type":"ListItem","position":3,"name":"\u00c1reas del Campo"}]},{"@type":"WebSite","@id":"http:\/\/soloreglasgolf.com\/WordPress3\/#website","url":"http:\/\/soloreglasgolf.com\/WordPress3\/","name":"SoloReglasGolf","description":"Conversando sobre  Reglas de Golf","potentialAction":[{"@type":"SearchAction","target":{"@type":"EntryPoint","urlTemplate":"http:\/\/soloreglasgolf.com\/WordPress3\/?s={search_term_string}"},"query-input":"required name=search_term_string"}],"inLanguage":"es"}]}},"jetpack_sharing_enabled":true,"jetpack_shortlink":"https:\/\/wp.me\/P36cD2-3ug","_links":{"self":[{"href":"http:\/\/soloreglasgolf.com\/WordPress3\/wp-json\/wp\/v2\/pages\/13408","targetHints":{"allow":["GET"]}}],"collection":[{"href":"http:\/\/soloreglasgolf.com\/WordPress3\/wp-json\/wp\/v2\/pages"}],"about":[{"href":"http:\/\/soloreglasgolf.com\/WordPress3\/wp-json\/wp\/v2\/types\/page"}],"author":[{"embeddable":true,"href":"http:\/\/soloreglasgolf.com\/WordPress3\/wp-json\/wp\/v2\/users\/28"}],"replies":[{"embeddable":true,"href":"http:\/\/soloreglasgolf.com\/WordPress3\/wp-json\/wp\/v2\/comments?post=13408"}],"version-history":[{"count":7,"href":"http:\/\/soloreglasgolf.com\/WordPress3\/wp-json\/wp\/v2\/pages\/13408\/revisions"}],"predecessor-version":[{"id":13531,"href":"http:\/\/soloreglasgolf.com\/WordPress3\/wp-json\/wp\/v2\/pages\/13408\/revisions\/13531"}],"up":[{"embeddable":true,"href":"http:\/\/soloreglasgolf.com\/WordPress3\/wp-json\/wp\/v2\/pages\/13320"}],"wp:attachment":[{"href":"http:\/\/soloreglasgolf.com\/WordPress3\/wp-json\/wp\/v2\/media?parent=13408"}],"curies":[{"name":"wp","href":"https:\/\/api.w.org\/{rel}","templated":true}]}}