{"id":13405,"date":"2018-03-31T10:18:59","date_gmt":"2018-03-31T08:18:59","guid":{"rendered":"http:\/\/soloreglasgolf.com\/WordPress3\/?page_id=13405"},"modified":"2018-03-31T18:46:16","modified_gmt":"2018-03-31T16:46:16","slug":"punto-maximo-alivio-disponible","status":"publish","type":"page","link":"http:\/\/soloreglasgolf.com\/WordPress3\/definiciones-2019-2022\/punto-maximo-alivio-disponible\/","title":{"rendered":"Punto de M\u00e1ximo Alivio Disponible"},"content":{"rendered":"<div class=\"g g-2\"><div class=\"g-single a-14\"><script type=\"text\/javascript\"><!--\r\ngoogle_ad_client = \"ca-pub-2363348512557029\";\r\n\/* Blog pagina-post *\/\r\ngoogle_ad_slot = \"1564877784\";\r\ngoogle_ad_width = 728;\r\ngoogle_ad_height = 90;\r\n\/\/-->\r\n<\/script>\r\n<script type=\"text\/javascript\"\r\nsrc=\"http:\/\/pagead2.googlesyndication.com\/pagead\/show_ads.js\">\r\n<\/script><\/div><\/div>\n<hr \/>\n<p>El punto de referencia para tomar alivio sin penalizaci\u00f3n de una condici\u00f3n anormal del campo en un bunker (<a href=\"http:\/\/soloreglasgolf.com\/WordPress3\/reglas-2019\/regla-16\/regla-16-1\/16-1-c-alivio-en-bunker\/\">Regla 16.1c<\/a>) o en el green (<a href=\"http:\/\/soloreglasgolf.com\/WordPress3\/reglas-2019\/regla-16\/regla-16-1\/16-1-d-alivio-en-green\/\">Regla 16.1d<\/a>) cuando no hay un punto m\u00e1s cercano de alivio total.<\/p>\n<p>Es el punto estimado donde la bola reposar\u00eda, que est\u00e1:<\/p>\n<ul>\n<li><strong>M\u00e1s cercano al punto de reposo original de la bola<\/strong>, pero no m\u00e1s cerca del hoyo que ese punto,<\/li>\n<li>En el <strong>\u00e1rea requerida del campo<\/strong>, y<\/li>\n<li>Donde la <strong>condici\u00f3n anormal del campo menos interfiere con el golpe<\/strong> que el jugador habr\u00eda ejecutado desde el punto de reposo original de la bola si la condici\u00f3n no estuviera ah\u00ed.<\/li>\n<\/ul>\n<p>Para <strong>estimar este punto<\/strong> se requiere que el jugador identifique el palo seleccionado, stance, swing y l\u00ednea de juego que el jugador habr\u00eda tomado para ese golpe.<\/p>\n<p>No es necesario que el jugador simule el golpe tomando un stance y efectuando el swing con el palo seleccionado (pero est\u00e1 recomendado que el jugador lo haga normalmente para ayudar a efectuar una correcta estimaci\u00f3n).<\/p>\n<p>El punto de m\u00e1ximo alivio disponible se determina comparando la interferencia relativa con el lie de la bola, el \u00e1rea del stance y swing pretendido por el jugador, y s\u00f3lo en el green, la l\u00ednea de juego. Por ejemplo, al aliviarse de agua temporal:<\/p>\n<ul>\n<li>El punto de m\u00e1ximo alivio disponible puede ser donde la bola estar\u00e1 en agua menos profunda que donde el jugador se colocar\u00e1 (afectando su stance m\u00e1s que el lie y swing) o donde la bola estar\u00e1 en agua m\u00e1s profunda que donde el jugador se colocar\u00e1 (afectando el lie y swing m\u00e1s que al stance).<\/li>\n<li>En el green, el punto de m\u00e1ximo alivio disponible puede estar en aquella l\u00ednea de juego en la que la bola pasar\u00e1 por el tramo m\u00e1s corto o menos profundo de agua temporal.<\/li>\n<\/ul>\n<hr \/>\n<div class=\"g g-2\"><div class=\"g-single a-17\"><script type=\"text\/javascript\"><!--\r\ngoogle_ad_client = \"ca-pub-2363348512557029\";\r\n\/* Blog pagina-post *\/\r\ngoogle_ad_slot = \"1564877784\";\r\ngoogle_ad_width = 728;\r\ngoogle_ad_height = 90;\r\n\/\/-->\r\n<\/script>\r\n<script type=\"text\/javascript\"\r\nsrc=\"http:\/\/pagead2.googlesyndication.com\/pagead\/show_ads.js\">\r\n<\/script><\/div><\/div>\n","protected":false},"excerpt":{"rendered":"<p>El punto de referencia para tomar alivio sin penalizaci\u00f3n de una condici\u00f3n anormal del campo en un bunker (Regla 16.1c) o en el green (Regla 16.1d) cuando no hay un punto m\u00e1s cercano de alivio total. Es el punto estimado donde la bola reposar\u00eda, que est\u00e1: M\u00e1s cercano al punto de reposo original de la <a href='http:\/\/soloreglasgolf.com\/WordPress3\/definiciones-2019-2022\/punto-maximo-alivio-disponible\/' class='excerpt-more'>[Leer + &#8230;]<\/a><\/p>\n","protected":false},"author":28,"featured_media":0,"parent":13320,"menu_order":0,"comment_status":"closed","ping_status":"closed","template":"","meta":{"jetpack_post_was_ever_published":false,"footnotes":""},"class_list":["post-13405","page","type-page","status-publish","hentry","post-seq-1","post-parity-odd","meta-position-corners","fix"],"yoast_head":"<!-- This site is optimized with the Yoast SEO plugin v22.0 - https:\/\/yoast.com\/wordpress\/plugins\/seo\/ -->\n<title>Punto de M\u00e1ximo Alivio Disponible - SoloReglasGolf<\/title>\n<meta name=\"robots\" content=\"index, follow, max-snippet:-1, max-image-preview:large, max-video-preview:-1\" \/>\n<link rel=\"canonical\" href=\"http:\/\/soloreglasgolf.com\/WordPress3\/definiciones-2019-2022\/punto-maximo-alivio-disponible\/\" \/>\n<meta name=\"twitter:label1\" content=\"Tiempo de lectura\" \/>\n\t<meta name=\"twitter:data1\" content=\"2 minutos\" \/>\n<script type=\"application\/ld+json\" class=\"yoast-schema-graph\">{\"@context\":\"https:\/\/schema.org\",\"@graph\":[{\"@type\":\"WebPage\",\"@id\":\"http:\/\/soloreglasgolf.com\/WordPress3\/definiciones-2019-2022\/punto-maximo-alivio-disponible\/\",\"url\":\"http:\/\/soloreglasgolf.com\/WordPress3\/definiciones-2019-2022\/punto-maximo-alivio-disponible\/\",\"name\":\"Punto de M\u00e1ximo Alivio Disponible - SoloReglasGolf\",\"isPartOf\":{\"@id\":\"http:\/\/soloreglasgolf.com\/WordPress3\/#website\"},\"datePublished\":\"2018-03-31T08:18:59+00:00\",\"dateModified\":\"2018-03-31T16:46:16+00:00\",\"breadcrumb\":{\"@id\":\"http:\/\/soloreglasgolf.com\/WordPress3\/definiciones-2019-2022\/punto-maximo-alivio-disponible\/#breadcrumb\"},\"inLanguage\":\"es\",\"potentialAction\":[{\"@type\":\"ReadAction\",\"target\":[\"http:\/\/soloreglasgolf.com\/WordPress3\/definiciones-2019-2022\/punto-maximo-alivio-disponible\/\"]}]},{\"@type\":\"BreadcrumbList\",\"@id\":\"http:\/\/soloreglasgolf.com\/WordPress3\/definiciones-2019-2022\/punto-maximo-alivio-disponible\/#breadcrumb\",\"itemListElement\":[{\"@type\":\"ListItem\",\"position\":1,\"name\":\"Portada\",\"item\":\"http:\/\/soloreglasgolf.com\/WordPress3\/\"},{\"@type\":\"ListItem\",\"position\":2,\"name\":\"Definiciones\",\"item\":\"http:\/\/soloreglasgolf.com\/WordPress3\/definiciones-2019-2022\/\"},{\"@type\":\"ListItem\",\"position\":3,\"name\":\"Punto de M\u00e1ximo Alivio Disponible\"}]},{\"@type\":\"WebSite\",\"@id\":\"http:\/\/soloreglasgolf.com\/WordPress3\/#website\",\"url\":\"http:\/\/soloreglasgolf.com\/WordPress3\/\",\"name\":\"SoloReglasGolf\",\"description\":\"Conversando sobre  Reglas de Golf\",\"potentialAction\":[{\"@type\":\"SearchAction\",\"target\":{\"@type\":\"EntryPoint\",\"urlTemplate\":\"http:\/\/soloreglasgolf.com\/WordPress3\/?s={search_term_string}\"},\"query-input\":\"required name=search_term_string\"}],\"inLanguage\":\"es\"}]}<\/script>\n<!-- \/ Yoast SEO plugin. -->","yoast_head_json":{"title":"Punto de M\u00e1ximo Alivio Disponible - SoloReglasGolf","robots":{"index":"index","follow":"follow","max-snippet":"max-snippet:-1","max-image-preview":"max-image-preview:large","max-video-preview":"max-video-preview:-1"},"canonical":"http:\/\/soloreglasgolf.com\/WordPress3\/definiciones-2019-2022\/punto-maximo-alivio-disponible\/","twitter_misc":{"Tiempo de lectura":"2 minutos"},"schema":{"@context":"https:\/\/schema.org","@graph":[{"@type":"WebPage","@id":"http:\/\/soloreglasgolf.com\/WordPress3\/definiciones-2019-2022\/punto-maximo-alivio-disponible\/","url":"http:\/\/soloreglasgolf.com\/WordPress3\/definiciones-2019-2022\/punto-maximo-alivio-disponible\/","name":"Punto de M\u00e1ximo Alivio Disponible - SoloReglasGolf","isPartOf":{"@id":"http:\/\/soloreglasgolf.com\/WordPress3\/#website"},"datePublished":"2018-03-31T08:18:59+00:00","dateModified":"2018-03-31T16:46:16+00:00","breadcrumb":{"@id":"http:\/\/soloreglasgolf.com\/WordPress3\/definiciones-2019-2022\/punto-maximo-alivio-disponible\/#breadcrumb"},"inLanguage":"es","potentialAction":[{"@type":"ReadAction","target":["http:\/\/soloreglasgolf.com\/WordPress3\/definiciones-2019-2022\/punto-maximo-alivio-disponible\/"]}]},{"@type":"BreadcrumbList","@id":"http:\/\/soloreglasgolf.com\/WordPress3\/definiciones-2019-2022\/punto-maximo-alivio-disponible\/#breadcrumb","itemListElement":[{"@type":"ListItem","position":1,"name":"Portada","item":"http:\/\/soloreglasgolf.com\/WordPress3\/"},{"@type":"ListItem","position":2,"name":"Definiciones","item":"http:\/\/soloreglasgolf.com\/WordPress3\/definiciones-2019-2022\/"},{"@type":"ListItem","position":3,"name":"Punto de M\u00e1ximo Alivio Disponible"}]},{"@type":"WebSite","@id":"http:\/\/soloreglasgolf.com\/WordPress3\/#website","url":"http:\/\/soloreglasgolf.com\/WordPress3\/","name":"SoloReglasGolf","description":"Conversando sobre  Reglas de Golf","potentialAction":[{"@type":"SearchAction","target":{"@type":"EntryPoint","urlTemplate":"http:\/\/soloreglasgolf.com\/WordPress3\/?s={search_term_string}"},"query-input":"required name=search_term_string"}],"inLanguage":"es"}]}},"jetpack_sharing_enabled":true,"jetpack_shortlink":"https:\/\/wp.me\/P36cD2-3ud","_links":{"self":[{"href":"http:\/\/soloreglasgolf.com\/WordPress3\/wp-json\/wp\/v2\/pages\/13405","targetHints":{"allow":["GET"]}}],"collection":[{"href":"http:\/\/soloreglasgolf.com\/WordPress3\/wp-json\/wp\/v2\/pages"}],"about":[{"href":"http:\/\/soloreglasgolf.com\/WordPress3\/wp-json\/wp\/v2\/types\/page"}],"author":[{"embeddable":true,"href":"http:\/\/soloreglasgolf.com\/WordPress3\/wp-json\/wp\/v2\/users\/28"}],"replies":[{"embeddable":true,"href":"http:\/\/soloreglasgolf.com\/WordPress3\/wp-json\/wp\/v2\/comments?post=13405"}],"version-history":[{"count":12,"href":"http:\/\/soloreglasgolf.com\/WordPress3\/wp-json\/wp\/v2\/pages\/13405\/revisions"}],"predecessor-version":[{"id":13536,"href":"http:\/\/soloreglasgolf.com\/WordPress3\/wp-json\/wp\/v2\/pages\/13405\/revisions\/13536"}],"up":[{"embeddable":true,"href":"http:\/\/soloreglasgolf.com\/WordPress3\/wp-json\/wp\/v2\/pages\/13320"}],"wp:attachment":[{"href":"http:\/\/soloreglasgolf.com\/WordPress3\/wp-json\/wp\/v2\/media?parent=13405"}],"curies":[{"name":"wp","href":"https:\/\/api.w.org\/{rel}","templated":true}]}}