{"id":13359,"date":"2018-03-31T09:47:02","date_gmt":"2018-03-31T07:47:02","guid":{"rendered":"http:\/\/soloreglasgolf.com\/WordPress3\/?page_id=13359"},"modified":"2018-03-31T10:18:18","modified_gmt":"2018-03-31T08:18:18","slug":"terreno-en-reparacion","status":"publish","type":"page","link":"http:\/\/soloreglasgolf.com\/WordPress3\/definiciones-2019-2022\/terreno-en-reparacion\/","title":{"rendered":"Terreno en Reparaci\u00f3n"},"content":{"rendered":"<p>Cualquier parte del campo que el Comit\u00e9 defina como terreno en reparaci\u00f3n (ya sea marc\u00e1ndolo o de otra manera).<\/p>\n<p>Cualquier terreno en reparaci\u00f3n definido incluye:<\/p>\n<ul>\n<li>Todo el terreno dentro de los m\u00e1rgenes del \u00e1rea definida, y<\/li>\n<li>Cualquier c\u00e9sped,<strong> arbusto<\/strong>,<strong> \u00e1rbol<\/strong> u otro objeto natural en crecimiento o <strong>enraizado en el \u00e1rea definid<\/strong>a, incluida cualquier parte de esos objetos que se<strong> extiende por encima del suelo fuera del margen del \u00e1rea definida<\/strong>, pero <strong>no cualquier parte<\/strong> (como una ra\u00edz de \u00e1rbol) que est\u00e1 unido al terreno o <strong>debajo del mismo y est\u00e1 por fuera del margen del \u00e1rea definida<\/strong>.<\/li>\n<\/ul>\n<p>Terreno en reparaci\u00f3n tambi\u00e9n incluye las siguientes cosas, incluso <strong>aunque el Comit\u00e9 no lo haya definido como tal<\/strong>:<\/p>\n<ul>\n<li>Cualquier <strong>agujero o pozo hecho por el Comit\u00e9<\/strong> o personal de mantenimiento, al:\n<ul>\n<li>Preparar el campo (como el agujero que queda al quitar una estaca o el hoyo en un green doble usado para el juego de otro hoyo), o<\/li>\n<li>Mantener el campo (como un agujero hecho al quitar c\u00e9sped o un toc\u00f3n, o al instalar tuber\u00edas, pero no se incluyen los agujeros de aireaci\u00f3n).<\/li>\n<\/ul>\n<\/li>\n<li>El <strong>c\u00e9sped cortado, hojas y cualquier otro material natural apilado para ser retirado<\/strong> m\u00e1s tarde. Pero:\n<ul>\n<li>Cualquier otro material natural apilado para ser retirado <strong>son tambi\u00e9n impedimentos sueltos<\/strong>, y<\/li>\n<li>Cualquier material dejado en el campo y que <strong>no se tenga intenci\u00f3n de retirar<\/strong>, <strong>no es terreno en reparaci\u00f3n a menos que el Comit\u00e9 lo haya declarado como tal<\/strong>.<\/li>\n<\/ul>\n<\/li>\n<li>Cualquier <strong>h\u00e1bitat de animal<\/strong> (como un nido de p\u00e1jaro) que est\u00e1 tan cerca de una bola del jugador que<strong> el golpe del jugador o su stance podr\u00eda da\u00f1arlo<\/strong>, excepto cuando el h\u00e1bitat ha sido hecho por animales que son definidos como impedimentos sueltos (tales como gusanos o insectos).<\/li>\n<\/ul>\n<p>El margen de un terreno en reparaci\u00f3n<strong> deber\u00eda ser definido por<\/strong> estacas, l\u00edneas o elementos f\u00edsicos:<\/p>\n<ul>\n<li><strong>Estacas<\/strong>: Cuando est\u00e1 definido por estacas, el margen del terreno en reparaci\u00f3n est\u00e1 definido por la l\u00ednea entre los<strong> puntos exteriores de las estacas al nivel del suelo<\/strong>, y las estacas est\u00e1n dentro del terreno de reparaci\u00f3n.<\/li>\n<li><strong>L\u00edneas<\/strong>: Cuando est\u00e1 definido por una l\u00ednea pintada en el suelo, el margen del terreno en reparaci\u00f3n est\u00e1 <strong>definido por su borde exterior<\/strong> y la l\u00ednea est\u00e1 dentro del mismo.<\/li>\n<li><strong>Elementos F\u00edsicos<\/strong>: Cuando est\u00e1 definido por elementos f\u00edsicos (como un parterre o un vivero), el Comit\u00e9 deber\u00eda establecer c\u00f3mo est\u00e1 definido el margen del terreno en reparaci\u00f3n.<\/li>\n<\/ul>\n<p>Cuando el margen del terreno en reparaci\u00f3n est\u00e1 definido por l\u00edneas o elementos f\u00edsicos, se pueden utilizar<strong> estacas para identificar<\/strong> donde est\u00e1 el terreno en reparaci\u00f3n, pero<strong> no tienen otro significado<\/strong>.<\/p>\n<div class=\"g g-2\"><div class=\"g-single a-18\"><script type=\"text\/javascript\"><!--\r\ngoogle_ad_client = \"ca-pub-2363348512557029\";\r\n\/* Blog pagina-post *\/\r\ngoogle_ad_slot = \"1564877784\";\r\ngoogle_ad_width = 728;\r\ngoogle_ad_height = 90;\r\n\/\/-->\r\n<\/script>\r\n<script type=\"text\/javascript\"\r\nsrc=\"http:\/\/pagead2.googlesyndication.com\/pagead\/show_ads.js\">\r\n<\/script><\/div><\/div>\n","protected":false},"excerpt":{"rendered":"<p>Cualquier parte del campo que el Comit\u00e9 defina como terreno en reparaci\u00f3n (ya sea marc\u00e1ndolo o de otra manera). Cualquier terreno en reparaci\u00f3n definido incluye: Todo el terreno dentro de los m\u00e1rgenes del \u00e1rea definida, y Cualquier c\u00e9sped, arbusto, \u00e1rbol u otro objeto natural en crecimiento o enraizado en el \u00e1rea definida, incluida cualquier parte <a href='http:\/\/soloreglasgolf.com\/WordPress3\/definiciones-2019-2022\/terreno-en-reparacion\/' class='excerpt-more'>[Leer + &#8230;]<\/a><\/p>\n","protected":false},"author":28,"featured_media":0,"parent":13320,"menu_order":0,"comment_status":"closed","ping_status":"closed","template":"","meta":{"jetpack_post_was_ever_published":false,"footnotes":""},"class_list":["post-13359","page","type-page","status-publish","hentry","post-seq-1","post-parity-odd","meta-position-corners","fix"],"yoast_head":"<!-- This site is optimized with the Yoast SEO plugin v22.0 - https:\/\/yoast.com\/wordpress\/plugins\/seo\/ -->\n<title>Terreno en Reparaci\u00f3n - SoloReglasGolf<\/title>\n<meta name=\"robots\" content=\"index, follow, max-snippet:-1, max-image-preview:large, max-video-preview:-1\" \/>\n<link rel=\"canonical\" href=\"http:\/\/soloreglasgolf.com\/WordPress3\/definiciones-2019-2022\/terreno-en-reparacion\/\" \/>\n<meta name=\"twitter:label1\" content=\"Tiempo de lectura\" \/>\n\t<meta name=\"twitter:data1\" content=\"2 minutos\" \/>\n<script type=\"application\/ld+json\" class=\"yoast-schema-graph\">{\"@context\":\"https:\/\/schema.org\",\"@graph\":[{\"@type\":\"WebPage\",\"@id\":\"http:\/\/soloreglasgolf.com\/WordPress3\/definiciones-2019-2022\/terreno-en-reparacion\/\",\"url\":\"http:\/\/soloreglasgolf.com\/WordPress3\/definiciones-2019-2022\/terreno-en-reparacion\/\",\"name\":\"Terreno en Reparaci\u00f3n - SoloReglasGolf\",\"isPartOf\":{\"@id\":\"http:\/\/soloreglasgolf.com\/WordPress3\/#website\"},\"datePublished\":\"2018-03-31T07:47:02+00:00\",\"dateModified\":\"2018-03-31T08:18:18+00:00\",\"breadcrumb\":{\"@id\":\"http:\/\/soloreglasgolf.com\/WordPress3\/definiciones-2019-2022\/terreno-en-reparacion\/#breadcrumb\"},\"inLanguage\":\"es\",\"potentialAction\":[{\"@type\":\"ReadAction\",\"target\":[\"http:\/\/soloreglasgolf.com\/WordPress3\/definiciones-2019-2022\/terreno-en-reparacion\/\"]}]},{\"@type\":\"BreadcrumbList\",\"@id\":\"http:\/\/soloreglasgolf.com\/WordPress3\/definiciones-2019-2022\/terreno-en-reparacion\/#breadcrumb\",\"itemListElement\":[{\"@type\":\"ListItem\",\"position\":1,\"name\":\"Portada\",\"item\":\"http:\/\/soloreglasgolf.com\/WordPress3\/\"},{\"@type\":\"ListItem\",\"position\":2,\"name\":\"Definiciones\",\"item\":\"http:\/\/soloreglasgolf.com\/WordPress3\/definiciones-2019-2022\/\"},{\"@type\":\"ListItem\",\"position\":3,\"name\":\"Terreno en Reparaci\u00f3n\"}]},{\"@type\":\"WebSite\",\"@id\":\"http:\/\/soloreglasgolf.com\/WordPress3\/#website\",\"url\":\"http:\/\/soloreglasgolf.com\/WordPress3\/\",\"name\":\"SoloReglasGolf\",\"description\":\"Conversando sobre  Reglas de Golf\",\"potentialAction\":[{\"@type\":\"SearchAction\",\"target\":{\"@type\":\"EntryPoint\",\"urlTemplate\":\"http:\/\/soloreglasgolf.com\/WordPress3\/?s={search_term_string}\"},\"query-input\":\"required name=search_term_string\"}],\"inLanguage\":\"es\"}]}<\/script>\n<!-- \/ Yoast SEO plugin. -->","yoast_head_json":{"title":"Terreno en Reparaci\u00f3n - SoloReglasGolf","robots":{"index":"index","follow":"follow","max-snippet":"max-snippet:-1","max-image-preview":"max-image-preview:large","max-video-preview":"max-video-preview:-1"},"canonical":"http:\/\/soloreglasgolf.com\/WordPress3\/definiciones-2019-2022\/terreno-en-reparacion\/","twitter_misc":{"Tiempo de lectura":"2 minutos"},"schema":{"@context":"https:\/\/schema.org","@graph":[{"@type":"WebPage","@id":"http:\/\/soloreglasgolf.com\/WordPress3\/definiciones-2019-2022\/terreno-en-reparacion\/","url":"http:\/\/soloreglasgolf.com\/WordPress3\/definiciones-2019-2022\/terreno-en-reparacion\/","name":"Terreno en Reparaci\u00f3n - SoloReglasGolf","isPartOf":{"@id":"http:\/\/soloreglasgolf.com\/WordPress3\/#website"},"datePublished":"2018-03-31T07:47:02+00:00","dateModified":"2018-03-31T08:18:18+00:00","breadcrumb":{"@id":"http:\/\/soloreglasgolf.com\/WordPress3\/definiciones-2019-2022\/terreno-en-reparacion\/#breadcrumb"},"inLanguage":"es","potentialAction":[{"@type":"ReadAction","target":["http:\/\/soloreglasgolf.com\/WordPress3\/definiciones-2019-2022\/terreno-en-reparacion\/"]}]},{"@type":"BreadcrumbList","@id":"http:\/\/soloreglasgolf.com\/WordPress3\/definiciones-2019-2022\/terreno-en-reparacion\/#breadcrumb","itemListElement":[{"@type":"ListItem","position":1,"name":"Portada","item":"http:\/\/soloreglasgolf.com\/WordPress3\/"},{"@type":"ListItem","position":2,"name":"Definiciones","item":"http:\/\/soloreglasgolf.com\/WordPress3\/definiciones-2019-2022\/"},{"@type":"ListItem","position":3,"name":"Terreno en Reparaci\u00f3n"}]},{"@type":"WebSite","@id":"http:\/\/soloreglasgolf.com\/WordPress3\/#website","url":"http:\/\/soloreglasgolf.com\/WordPress3\/","name":"SoloReglasGolf","description":"Conversando sobre  Reglas de Golf","potentialAction":[{"@type":"SearchAction","target":{"@type":"EntryPoint","urlTemplate":"http:\/\/soloreglasgolf.com\/WordPress3\/?s={search_term_string}"},"query-input":"required name=search_term_string"}],"inLanguage":"es"}]}},"jetpack_sharing_enabled":true,"jetpack_shortlink":"https:\/\/wp.me\/P36cD2-3tt","_links":{"self":[{"href":"http:\/\/soloreglasgolf.com\/WordPress3\/wp-json\/wp\/v2\/pages\/13359","targetHints":{"allow":["GET"]}}],"collection":[{"href":"http:\/\/soloreglasgolf.com\/WordPress3\/wp-json\/wp\/v2\/pages"}],"about":[{"href":"http:\/\/soloreglasgolf.com\/WordPress3\/wp-json\/wp\/v2\/types\/page"}],"author":[{"embeddable":true,"href":"http:\/\/soloreglasgolf.com\/WordPress3\/wp-json\/wp\/v2\/users\/28"}],"replies":[{"embeddable":true,"href":"http:\/\/soloreglasgolf.com\/WordPress3\/wp-json\/wp\/v2\/comments?post=13359"}],"version-history":[{"count":10,"href":"http:\/\/soloreglasgolf.com\/WordPress3\/wp-json\/wp\/v2\/pages\/13359\/revisions"}],"predecessor-version":[{"id":13403,"href":"http:\/\/soloreglasgolf.com\/WordPress3\/wp-json\/wp\/v2\/pages\/13359\/revisions\/13403"}],"up":[{"embeddable":true,"href":"http:\/\/soloreglasgolf.com\/WordPress3\/wp-json\/wp\/v2\/pages\/13320"}],"wp:attachment":[{"href":"http:\/\/soloreglasgolf.com\/WordPress3\/wp-json\/wp\/v2\/media?parent=13359"}],"curies":[{"name":"wp","href":"https:\/\/api.w.org\/{rel}","templated":true}]}}