{"id":13352,"date":"2018-03-31T09:28:50","date_gmt":"2018-03-31T07:28:50","guid":{"rendered":"http:\/\/soloreglasgolf.com\/WordPress3\/?page_id=13352"},"modified":"2018-03-31T10:11:12","modified_gmt":"2018-03-31T08:11:12","slug":"agujero-de-animal","status":"publish","type":"page","link":"http:\/\/soloreglasgolf.com\/WordPress3\/definiciones-2019-2022\/agujero-de-animal\/","title":{"rendered":"Agujero de Animal"},"content":{"rendered":"<p>Cualquier agujero en el terreno hecho por un animal, excepto los hechos por animales que tambi\u00e9n son definidos como impedimentos sueltos (tales como gusanos o insectos).<\/p>\n<p>El <strong>t\u00e9rmino agujero de animal incluye<\/strong>:<\/p>\n<ul>\n<li>el <strong>material suelto<\/strong> que el animal ha <strong>extra\u00eddo del agujero<\/strong>,<\/li>\n<li>cualquier<strong> camino o sendero<\/strong> marcado que <strong>conduce al agujero<\/strong>, y<\/li>\n<li>cualquier<strong> \u00e1rea en el terreno levantada o alterada<\/strong> como resultado de la excavaci\u00f3n del animal al hacer el agujero subterr\u00e1neo.<\/li>\n<\/ul>\n<div class=\"g g-2\"><div class=\"g-single a-14\"><script type=\"text\/javascript\"><!--\r\ngoogle_ad_client = \"ca-pub-2363348512557029\";\r\n\/* Blog pagina-post *\/\r\ngoogle_ad_slot = \"1564877784\";\r\ngoogle_ad_width = 728;\r\ngoogle_ad_height = 90;\r\n\/\/-->\r\n<\/script>\r\n<script type=\"text\/javascript\"\r\nsrc=\"http:\/\/pagead2.googlesyndication.com\/pagead\/show_ads.js\">\r\n<\/script><\/div><\/div>\n","protected":false},"excerpt":{"rendered":"<p>Cualquier agujero en el terreno hecho por un animal, excepto los hechos por animales que tambi\u00e9n son definidos como impedimentos sueltos (tales como gusanos o insectos). El t\u00e9rmino agujero de animal incluye: el material suelto que el animal ha extra\u00eddo del agujero, cualquier camino o sendero marcado que conduce al agujero, y cualquier \u00e1rea en <a href='http:\/\/soloreglasgolf.com\/WordPress3\/definiciones-2019-2022\/agujero-de-animal\/' class='excerpt-more'>[Leer + &#8230;]<\/a><\/p>\n","protected":false},"author":28,"featured_media":0,"parent":13320,"menu_order":0,"comment_status":"closed","ping_status":"closed","template":"","meta":{"jetpack_post_was_ever_published":false,"footnotes":""},"class_list":["post-13352","page","type-page","status-publish","hentry","post-seq-1","post-parity-odd","meta-position-corners","fix"],"yoast_head":"<!-- This site is optimized with the Yoast SEO plugin v22.0 - https:\/\/yoast.com\/wordpress\/plugins\/seo\/ -->\n<title>Agujero de Animal - SoloReglasGolf<\/title>\n<meta name=\"robots\" content=\"index, follow, max-snippet:-1, max-image-preview:large, max-video-preview:-1\" \/>\n<link rel=\"canonical\" href=\"http:\/\/soloreglasgolf.com\/WordPress3\/definiciones-2019-2022\/agujero-de-animal\/\" \/>\n<script type=\"application\/ld+json\" class=\"yoast-schema-graph\">{\"@context\":\"https:\/\/schema.org\",\"@graph\":[{\"@type\":\"WebPage\",\"@id\":\"http:\/\/soloreglasgolf.com\/WordPress3\/definiciones-2019-2022\/agujero-de-animal\/\",\"url\":\"http:\/\/soloreglasgolf.com\/WordPress3\/definiciones-2019-2022\/agujero-de-animal\/\",\"name\":\"Agujero de Animal - SoloReglasGolf\",\"isPartOf\":{\"@id\":\"http:\/\/soloreglasgolf.com\/WordPress3\/#website\"},\"datePublished\":\"2018-03-31T07:28:50+00:00\",\"dateModified\":\"2018-03-31T08:11:12+00:00\",\"breadcrumb\":{\"@id\":\"http:\/\/soloreglasgolf.com\/WordPress3\/definiciones-2019-2022\/agujero-de-animal\/#breadcrumb\"},\"inLanguage\":\"es\",\"potentialAction\":[{\"@type\":\"ReadAction\",\"target\":[\"http:\/\/soloreglasgolf.com\/WordPress3\/definiciones-2019-2022\/agujero-de-animal\/\"]}]},{\"@type\":\"BreadcrumbList\",\"@id\":\"http:\/\/soloreglasgolf.com\/WordPress3\/definiciones-2019-2022\/agujero-de-animal\/#breadcrumb\",\"itemListElement\":[{\"@type\":\"ListItem\",\"position\":1,\"name\":\"Portada\",\"item\":\"http:\/\/soloreglasgolf.com\/WordPress3\/\"},{\"@type\":\"ListItem\",\"position\":2,\"name\":\"Definiciones\",\"item\":\"http:\/\/soloreglasgolf.com\/WordPress3\/definiciones-2019-2022\/\"},{\"@type\":\"ListItem\",\"position\":3,\"name\":\"Agujero de Animal\"}]},{\"@type\":\"WebSite\",\"@id\":\"http:\/\/soloreglasgolf.com\/WordPress3\/#website\",\"url\":\"http:\/\/soloreglasgolf.com\/WordPress3\/\",\"name\":\"SoloReglasGolf\",\"description\":\"Conversando sobre  Reglas de Golf\",\"potentialAction\":[{\"@type\":\"SearchAction\",\"target\":{\"@type\":\"EntryPoint\",\"urlTemplate\":\"http:\/\/soloreglasgolf.com\/WordPress3\/?s={search_term_string}\"},\"query-input\":\"required name=search_term_string\"}],\"inLanguage\":\"es\"}]}<\/script>\n<!-- \/ Yoast SEO plugin. -->","yoast_head_json":{"title":"Agujero de Animal - SoloReglasGolf","robots":{"index":"index","follow":"follow","max-snippet":"max-snippet:-1","max-image-preview":"max-image-preview:large","max-video-preview":"max-video-preview:-1"},"canonical":"http:\/\/soloreglasgolf.com\/WordPress3\/definiciones-2019-2022\/agujero-de-animal\/","schema":{"@context":"https:\/\/schema.org","@graph":[{"@type":"WebPage","@id":"http:\/\/soloreglasgolf.com\/WordPress3\/definiciones-2019-2022\/agujero-de-animal\/","url":"http:\/\/soloreglasgolf.com\/WordPress3\/definiciones-2019-2022\/agujero-de-animal\/","name":"Agujero de Animal - SoloReglasGolf","isPartOf":{"@id":"http:\/\/soloreglasgolf.com\/WordPress3\/#website"},"datePublished":"2018-03-31T07:28:50+00:00","dateModified":"2018-03-31T08:11:12+00:00","breadcrumb":{"@id":"http:\/\/soloreglasgolf.com\/WordPress3\/definiciones-2019-2022\/agujero-de-animal\/#breadcrumb"},"inLanguage":"es","potentialAction":[{"@type":"ReadAction","target":["http:\/\/soloreglasgolf.com\/WordPress3\/definiciones-2019-2022\/agujero-de-animal\/"]}]},{"@type":"BreadcrumbList","@id":"http:\/\/soloreglasgolf.com\/WordPress3\/definiciones-2019-2022\/agujero-de-animal\/#breadcrumb","itemListElement":[{"@type":"ListItem","position":1,"name":"Portada","item":"http:\/\/soloreglasgolf.com\/WordPress3\/"},{"@type":"ListItem","position":2,"name":"Definiciones","item":"http:\/\/soloreglasgolf.com\/WordPress3\/definiciones-2019-2022\/"},{"@type":"ListItem","position":3,"name":"Agujero de Animal"}]},{"@type":"WebSite","@id":"http:\/\/soloreglasgolf.com\/WordPress3\/#website","url":"http:\/\/soloreglasgolf.com\/WordPress3\/","name":"SoloReglasGolf","description":"Conversando sobre  Reglas de Golf","potentialAction":[{"@type":"SearchAction","target":{"@type":"EntryPoint","urlTemplate":"http:\/\/soloreglasgolf.com\/WordPress3\/?s={search_term_string}"},"query-input":"required name=search_term_string"}],"inLanguage":"es"}]}},"jetpack_sharing_enabled":true,"jetpack_shortlink":"https:\/\/wp.me\/P36cD2-3tm","_links":{"self":[{"href":"http:\/\/soloreglasgolf.com\/WordPress3\/wp-json\/wp\/v2\/pages\/13352","targetHints":{"allow":["GET"]}}],"collection":[{"href":"http:\/\/soloreglasgolf.com\/WordPress3\/wp-json\/wp\/v2\/pages"}],"about":[{"href":"http:\/\/soloreglasgolf.com\/WordPress3\/wp-json\/wp\/v2\/types\/page"}],"author":[{"embeddable":true,"href":"http:\/\/soloreglasgolf.com\/WordPress3\/wp-json\/wp\/v2\/users\/28"}],"replies":[{"embeddable":true,"href":"http:\/\/soloreglasgolf.com\/WordPress3\/wp-json\/wp\/v2\/comments?post=13352"}],"version-history":[{"count":4,"href":"http:\/\/soloreglasgolf.com\/WordPress3\/wp-json\/wp\/v2\/pages\/13352\/revisions"}],"predecessor-version":[{"id":13390,"href":"http:\/\/soloreglasgolf.com\/WordPress3\/wp-json\/wp\/v2\/pages\/13352\/revisions\/13390"}],"up":[{"embeddable":true,"href":"http:\/\/soloreglasgolf.com\/WordPress3\/wp-json\/wp\/v2\/pages\/13320"}],"wp:attachment":[{"href":"http:\/\/soloreglasgolf.com\/WordPress3\/wp-json\/wp\/v2\/media?parent=13352"}],"curies":[{"name":"wp","href":"https:\/\/api.w.org\/{rel}","templated":true}]}}