{"id":13327,"date":"2018-03-31T09:03:10","date_gmt":"2018-03-31T07:03:10","guid":{"rendered":"http:\/\/soloreglasgolf.com\/WordPress3\/?page_id=13327"},"modified":"2021-05-04T00:37:25","modified_gmt":"2021-05-03T22:37:25","slug":"area-penalizacion","status":"publish","type":"page","link":"http:\/\/soloreglasgolf.com\/WordPress3\/definiciones-2019-2022\/area-penalizacion\/","title":{"rendered":"Area Penalizaci\u00f3n"},"content":{"rendered":"<p>Un \u00e1rea desde la cual el<strong> alivio con un golpe de penalizaci\u00f3n est\u00e1 permitido<\/strong>, si la bola del jugador va a reposar a ella.<\/p>\n<p>Un \u00e1rea de penalizaci\u00f3n es:<\/p>\n<ul>\n<li><strong>cualquier cauce de agua<\/strong> en el campo (<strong>marcada o no por el Comit\u00e9<\/strong>), incluyendo un mar, lago, estanque, r\u00edo, zanja, zanja de drenaje superficial u otra corriente abierta de agua (contenga agua o no), y<\/li>\n<li><strong>cualquier otra parte del campo definida por el Comit\u00e9<\/strong> como \u00e1rea de penalizaci\u00f3n.<\/li>\n<\/ul>\n<p>Un \u00e1rea de penalizaci\u00f3n es una de las cinco \u00e1reas definidas del campo.<\/p>\n<p>Hay <strong>dos tipos diferentes de \u00e1reas de penalizaci\u00f3n<\/strong>, distinguidas por el color usado para marcarlas:<\/p>\n<ul>\n<li>las \u00e1reas de penalizaci\u00f3n <strong>amarillas<\/strong> (marcadas con estacas o l\u00edneas amarillas) proporcionan al jugador dos opciones de alivio (Reglas 17.1d (1) y (2)).<\/li>\n<li>las \u00e1reas de penalizaci\u00f3n <strong>rojas<\/strong> (marcadas con estacas o l\u00edneas rojas) proporcionan al jugador una <strong>opci\u00f3n extra de alivio lateral<\/strong> (Regla 17.1d (3)), adem\u00e1s de las dos opciones de alivio disponibles para las \u00e1reas de penalizaci\u00f3n amarillas.<\/li>\n<\/ul>\n<p>Si el color de un <strong>\u00e1rea de penalizaci\u00f3n no ha sido marcado<\/strong> o indicado por el Comit\u00e9, se considerar\u00e1 un \u00e1rea de <strong>penalizaci\u00f3n roja<\/strong>.<\/p>\n<p>Los<strong> m\u00e1rgenes<\/strong> de un \u00e1rea de penalizaci\u00f3n se <strong>extienden verticalmente<\/strong> hacia <strong>arriba<\/strong> y hacia<strong> abajo<\/strong> del terreno:<\/p>\n<ul>\n<li>esto significa que todo el terreno y cualquier otra cosa (como cualquier objeto natural o artificial) dentro de los m\u00e1rgenes es parte del \u00e1rea de penalizaci\u00f3n, ya sea que est\u00e9 sobre, encima o debajo de la superficie del terreno.<\/li>\n<li>si un <strong>objeto est\u00e1 dentro y fuera del margen<\/strong> (como un puente sobre el \u00e1rea de penalizaci\u00f3n o un \u00e1rbol enraizado dentro del margen con ramas que se extienden fuera del margen o viceversa), <strong>s\u00f3lo la parte del objeto que est\u00e1 dentro de los m\u00e1rgenes es parte del \u00e1rea de penalizaci\u00f3n<\/strong>.<\/li>\n<\/ul>\n<p>Los<strong> m\u00e1rgenes<\/strong> de un \u00e1rea de penalizaci\u00f3n <strong>deber\u00edan ser definidos <\/strong>con estacas, l\u00edneas o elementos f\u00edsicos:<\/p>\n<ul>\n<li><strong>Estacas<\/strong>: Cuando est\u00e1 definida por estacas, el margen est\u00e1 definido por la <strong>l\u00ednea entre los puntos exteriores de las estacas al nivel del suelo<\/strong> y as\u00ed las estacas est\u00e1n dentro del \u00e1rea de penalizaci\u00f3n.<\/li>\n<li><strong>L\u00edneas<\/strong>: Cuando est\u00e1 definida por una l\u00ednea pintada en el suelo, el <strong>margen est\u00e1 definido por su borde exterior<\/strong>, y la l\u00ednea en s\u00ed est\u00e1 dentro del \u00e1rea de penalizaci\u00f3n.<\/li>\n<li><strong>Elementos F\u00edsicos<\/strong>: Cuando est\u00e1 definida por elementos f\u00edsicos (como una playa, \u00e1rea des\u00e9rtica o muro de contenci\u00f3n), el <strong>Comit\u00e9 deber\u00eda determinar c\u00f3mo se define el margen<\/strong> del \u00e1rea de penalizaci\u00f3n.<\/li>\n<\/ul>\n<p>Cuando el margen del \u00e1rea de penalizaci\u00f3n est\u00e1 definido por l\u00edneas o elementos f\u00edsicos, se pueden utilizar estacas para identificar donde est\u00e1 el \u00e1rea de penalizaci\u00f3n, pero no tienen otro significado.<\/p>\n<p>Cuando el <strong>margen de un cauce de agua no est\u00e1 definido por el Comit\u00e9<\/strong>, el margen de ese \u00e1rea de penalizaci\u00f3n se define por sus<strong> m\u00e1rgenes naturales<\/strong> (es decir, donde el suelo se inclina hacia abajo para formar la depresi\u00f3n que puede contener el agua).<\/p>\n<p>Si un cauce abierto de agua no contiene agua normalmente (como una zanja de drenaje o un \u00e1rea de circulaci\u00f3n de agua que est\u00e1 seca, excepto durante una estaci\u00f3n lluviosa), el Comit\u00e9 puede definir esa \u00e1rea como parte del \u00e1rea general (lo que significa que no es un \u00e1rea de penalizaci\u00f3n).<\/p>\n<div class=\"g g-2\"><div class=\"g-single a-16\"><script type=\"text\/javascript\"><!--\r\ngoogle_ad_client = \"ca-pub-2363348512557029\";\r\n\/* Blog pagina-post *\/\r\ngoogle_ad_slot = \"1564877784\";\r\ngoogle_ad_width = 728;\r\ngoogle_ad_height = 90;\r\n\/\/-->\r\n<\/script>\r\n<script type=\"text\/javascript\"\r\nsrc=\"http:\/\/pagead2.googlesyndication.com\/pagead\/show_ads.js\">\r\n<\/script><\/div><\/div>\n","protected":false},"excerpt":{"rendered":"<p>Un \u00e1rea desde la cual el alivio con un golpe de penalizaci\u00f3n est\u00e1 permitido, si la bola del jugador va a reposar a ella. Un \u00e1rea de penalizaci\u00f3n es: cualquier cauce de agua en el campo (marcada o no por el Comit\u00e9), incluyendo un mar, lago, estanque, r\u00edo, zanja, zanja de drenaje superficial u otra <a href='http:\/\/soloreglasgolf.com\/WordPress3\/definiciones-2019-2022\/area-penalizacion\/' class='excerpt-more'>[Leer + &#8230;]<\/a><\/p>\n","protected":false},"author":28,"featured_media":0,"parent":13320,"menu_order":0,"comment_status":"closed","ping_status":"closed","template":"","meta":{"jetpack_post_was_ever_published":false,"footnotes":""},"class_list":["post-13327","page","type-page","status-publish","hentry","post-seq-1","post-parity-odd","meta-position-corners","fix"],"yoast_head":"<!-- This site is optimized with the Yoast SEO plugin v22.0 - https:\/\/yoast.com\/wordpress\/plugins\/seo\/ -->\n<title>Area Penalizaci\u00f3n - SoloReglasGolf<\/title>\n<meta name=\"robots\" content=\"index, follow, max-snippet:-1, max-image-preview:large, max-video-preview:-1\" \/>\n<link rel=\"canonical\" href=\"http:\/\/soloreglasgolf.com\/WordPress3\/definiciones-2019-2022\/area-penalizacion\/\" \/>\n<meta name=\"twitter:label1\" content=\"Tiempo de lectura\" \/>\n\t<meta name=\"twitter:data1\" content=\"3 minutos\" \/>\n<script type=\"application\/ld+json\" class=\"yoast-schema-graph\">{\"@context\":\"https:\/\/schema.org\",\"@graph\":[{\"@type\":\"WebPage\",\"@id\":\"http:\/\/soloreglasgolf.com\/WordPress3\/definiciones-2019-2022\/area-penalizacion\/\",\"url\":\"http:\/\/soloreglasgolf.com\/WordPress3\/definiciones-2019-2022\/area-penalizacion\/\",\"name\":\"Area Penalizaci\u00f3n - SoloReglasGolf\",\"isPartOf\":{\"@id\":\"http:\/\/soloreglasgolf.com\/WordPress3\/#website\"},\"datePublished\":\"2018-03-31T07:03:10+00:00\",\"dateModified\":\"2021-05-03T22:37:25+00:00\",\"breadcrumb\":{\"@id\":\"http:\/\/soloreglasgolf.com\/WordPress3\/definiciones-2019-2022\/area-penalizacion\/#breadcrumb\"},\"inLanguage\":\"es\",\"potentialAction\":[{\"@type\":\"ReadAction\",\"target\":[\"http:\/\/soloreglasgolf.com\/WordPress3\/definiciones-2019-2022\/area-penalizacion\/\"]}]},{\"@type\":\"BreadcrumbList\",\"@id\":\"http:\/\/soloreglasgolf.com\/WordPress3\/definiciones-2019-2022\/area-penalizacion\/#breadcrumb\",\"itemListElement\":[{\"@type\":\"ListItem\",\"position\":1,\"name\":\"Portada\",\"item\":\"http:\/\/soloreglasgolf.com\/WordPress3\/\"},{\"@type\":\"ListItem\",\"position\":2,\"name\":\"Definiciones\",\"item\":\"http:\/\/soloreglasgolf.com\/WordPress3\/definiciones-2019-2022\/\"},{\"@type\":\"ListItem\",\"position\":3,\"name\":\"Area Penalizaci\u00f3n\"}]},{\"@type\":\"WebSite\",\"@id\":\"http:\/\/soloreglasgolf.com\/WordPress3\/#website\",\"url\":\"http:\/\/soloreglasgolf.com\/WordPress3\/\",\"name\":\"SoloReglasGolf\",\"description\":\"Conversando sobre  Reglas de Golf\",\"potentialAction\":[{\"@type\":\"SearchAction\",\"target\":{\"@type\":\"EntryPoint\",\"urlTemplate\":\"http:\/\/soloreglasgolf.com\/WordPress3\/?s={search_term_string}\"},\"query-input\":\"required name=search_term_string\"}],\"inLanguage\":\"es\"}]}<\/script>\n<!-- \/ Yoast SEO plugin. -->","yoast_head_json":{"title":"Area Penalizaci\u00f3n - SoloReglasGolf","robots":{"index":"index","follow":"follow","max-snippet":"max-snippet:-1","max-image-preview":"max-image-preview:large","max-video-preview":"max-video-preview:-1"},"canonical":"http:\/\/soloreglasgolf.com\/WordPress3\/definiciones-2019-2022\/area-penalizacion\/","twitter_misc":{"Tiempo de lectura":"3 minutos"},"schema":{"@context":"https:\/\/schema.org","@graph":[{"@type":"WebPage","@id":"http:\/\/soloreglasgolf.com\/WordPress3\/definiciones-2019-2022\/area-penalizacion\/","url":"http:\/\/soloreglasgolf.com\/WordPress3\/definiciones-2019-2022\/area-penalizacion\/","name":"Area Penalizaci\u00f3n - SoloReglasGolf","isPartOf":{"@id":"http:\/\/soloreglasgolf.com\/WordPress3\/#website"},"datePublished":"2018-03-31T07:03:10+00:00","dateModified":"2021-05-03T22:37:25+00:00","breadcrumb":{"@id":"http:\/\/soloreglasgolf.com\/WordPress3\/definiciones-2019-2022\/area-penalizacion\/#breadcrumb"},"inLanguage":"es","potentialAction":[{"@type":"ReadAction","target":["http:\/\/soloreglasgolf.com\/WordPress3\/definiciones-2019-2022\/area-penalizacion\/"]}]},{"@type":"BreadcrumbList","@id":"http:\/\/soloreglasgolf.com\/WordPress3\/definiciones-2019-2022\/area-penalizacion\/#breadcrumb","itemListElement":[{"@type":"ListItem","position":1,"name":"Portada","item":"http:\/\/soloreglasgolf.com\/WordPress3\/"},{"@type":"ListItem","position":2,"name":"Definiciones","item":"http:\/\/soloreglasgolf.com\/WordPress3\/definiciones-2019-2022\/"},{"@type":"ListItem","position":3,"name":"Area Penalizaci\u00f3n"}]},{"@type":"WebSite","@id":"http:\/\/soloreglasgolf.com\/WordPress3\/#website","url":"http:\/\/soloreglasgolf.com\/WordPress3\/","name":"SoloReglasGolf","description":"Conversando sobre  Reglas de Golf","potentialAction":[{"@type":"SearchAction","target":{"@type":"EntryPoint","urlTemplate":"http:\/\/soloreglasgolf.com\/WordPress3\/?s={search_term_string}"},"query-input":"required name=search_term_string"}],"inLanguage":"es"}]}},"jetpack_sharing_enabled":true,"jetpack_shortlink":"https:\/\/wp.me\/P36cD2-3sX","_links":{"self":[{"href":"http:\/\/soloreglasgolf.com\/WordPress3\/wp-json\/wp\/v2\/pages\/13327","targetHints":{"allow":["GET"]}}],"collection":[{"href":"http:\/\/soloreglasgolf.com\/WordPress3\/wp-json\/wp\/v2\/pages"}],"about":[{"href":"http:\/\/soloreglasgolf.com\/WordPress3\/wp-json\/wp\/v2\/types\/page"}],"author":[{"embeddable":true,"href":"http:\/\/soloreglasgolf.com\/WordPress3\/wp-json\/wp\/v2\/users\/28"}],"replies":[{"embeddable":true,"href":"http:\/\/soloreglasgolf.com\/WordPress3\/wp-json\/wp\/v2\/comments?post=13327"}],"version-history":[{"count":14,"href":"http:\/\/soloreglasgolf.com\/WordPress3\/wp-json\/wp\/v2\/pages\/13327\/revisions"}],"predecessor-version":[{"id":43975,"href":"http:\/\/soloreglasgolf.com\/WordPress3\/wp-json\/wp\/v2\/pages\/13327\/revisions\/43975"}],"up":[{"embeddable":true,"href":"http:\/\/soloreglasgolf.com\/WordPress3\/wp-json\/wp\/v2\/pages\/13320"}],"wp:attachment":[{"href":"http:\/\/soloreglasgolf.com\/WordPress3\/wp-json\/wp\/v2\/media?parent=13327"}],"curies":[{"name":"wp","href":"https:\/\/api.w.org\/{rel}","templated":true}]}}