{"id":13323,"date":"2018-03-31T08:56:41","date_gmt":"2018-03-31T06:56:41","guid":{"rendered":"http:\/\/soloreglasgolf.com\/WordPress3\/?page_id=13323"},"modified":"2021-04-29T22:12:23","modified_gmt":"2021-04-29T20:12:23","slug":"agua-temporal","status":"publish","type":"page","link":"http:\/\/soloreglasgolf.com\/WordPress3\/definiciones-2019-2022\/agua-temporal\/","title":{"rendered":"Agua Temporal"},"content":{"rendered":"<p>Cualquier <strong>acumulaci\u00f3n temporal de agua<\/strong> en la superficie del terreno (como charcos de agua de lluvia o riego o el desborde de un cauce de agua) que:<\/p>\n<ul>\n<li><strong>no est\u00e1<\/strong> en un <a href=\"http:\/\/soloreglasgolf.com\/WordPress3\/definiciones-2019-2022\/area-penalizacion\/\">\u00e1rea de penalizaci\u00f3n<\/a>, y<\/li>\n<li><strong>puede ser vista antes o despu\u00e9s de que el jugador tome su stance<\/strong> (sin presionar excesivamente con sus pies).\u00a0\u00a0<strong>No es suficiente<\/strong> que el terreno este simplemente h\u00famedo, fangoso o blando, o que el agua sea moment\u00e1neamente visible cuando el jugador pise el terreno; una acumulaci\u00f3n de agua debe permanecer visible antes o despu\u00e9s de que el jugador tome su stance.<\/li>\n<\/ul>\n<p>Casos especiales:<\/p>\n<ul>\n<li>el <strong>Roc\u00edo <\/strong>y la<strong> Escarcha<\/strong> <strong>no son agua temporal<\/strong><\/li>\n<li>la <strong>Nieve<\/strong> y el <strong>Hielo Natural<\/strong> (que no sea escarcha) son <strong>impedimentos sueltos o<\/strong>, cuando est\u00e9n en el terreno, <strong>agua temporal<\/strong>, a elecci\u00f3n del jugador<\/li>\n<li>el <strong>Hielo Fabricado<\/strong> es una <strong>obstrucci\u00f3n<\/strong>.<\/li>\n<\/ul>\n<div class=\"g g-2\"><div class=\"g-single a-18\"><script type=\"text\/javascript\"><!--\r\ngoogle_ad_client = \"ca-pub-2363348512557029\";\r\n\/* Blog pagina-post *\/\r\ngoogle_ad_slot = \"1564877784\";\r\ngoogle_ad_width = 728;\r\ngoogle_ad_height = 90;\r\n\/\/-->\r\n<\/script>\r\n<script type=\"text\/javascript\"\r\nsrc=\"http:\/\/pagead2.googlesyndication.com\/pagead\/show_ads.js\">\r\n<\/script><\/div><\/div>\n","protected":false},"excerpt":{"rendered":"<p>Cualquier acumulaci\u00f3n temporal de agua en la superficie del terreno (como charcos de agua de lluvia o riego o el desborde de un cauce de agua) que: no est\u00e1 en un \u00e1rea de penalizaci\u00f3n, y puede ser vista antes o despu\u00e9s de que el jugador tome su stance (sin presionar excesivamente con sus pies).\u00a0\u00a0No es <a href='http:\/\/soloreglasgolf.com\/WordPress3\/definiciones-2019-2022\/agua-temporal\/' class='excerpt-more'>[Leer + &#8230;]<\/a><\/p>\n","protected":false},"author":28,"featured_media":0,"parent":13320,"menu_order":0,"comment_status":"closed","ping_status":"closed","template":"","meta":{"jetpack_post_was_ever_published":false,"footnotes":""},"class_list":["post-13323","page","type-page","status-publish","hentry","post-seq-1","post-parity-odd","meta-position-corners","fix"],"yoast_head":"<!-- This site is optimized with the Yoast SEO plugin v22.0 - https:\/\/yoast.com\/wordpress\/plugins\/seo\/ -->\n<title>Agua Temporal - SoloReglasGolf<\/title>\n<meta name=\"description\" content=\"agua temporal antigua agua accidental\" \/>\n<meta name=\"robots\" content=\"index, follow, max-snippet:-1, max-image-preview:large, max-video-preview:-1\" \/>\n<link rel=\"canonical\" href=\"http:\/\/soloreglasgolf.com\/WordPress3\/definiciones-2019-2022\/agua-temporal\/\" \/>\n<meta name=\"twitter:label1\" content=\"Tiempo de lectura\" \/>\n\t<meta name=\"twitter:data1\" content=\"1 minuto\" \/>\n<script type=\"application\/ld+json\" class=\"yoast-schema-graph\">{\"@context\":\"https:\/\/schema.org\",\"@graph\":[{\"@type\":\"WebPage\",\"@id\":\"http:\/\/soloreglasgolf.com\/WordPress3\/definiciones-2019-2022\/agua-temporal\/\",\"url\":\"http:\/\/soloreglasgolf.com\/WordPress3\/definiciones-2019-2022\/agua-temporal\/\",\"name\":\"Agua Temporal - SoloReglasGolf\",\"isPartOf\":{\"@id\":\"http:\/\/soloreglasgolf.com\/WordPress3\/#website\"},\"datePublished\":\"2018-03-31T06:56:41+00:00\",\"dateModified\":\"2021-04-29T20:12:23+00:00\",\"description\":\"agua temporal antigua agua accidental\",\"breadcrumb\":{\"@id\":\"http:\/\/soloreglasgolf.com\/WordPress3\/definiciones-2019-2022\/agua-temporal\/#breadcrumb\"},\"inLanguage\":\"es\",\"potentialAction\":[{\"@type\":\"ReadAction\",\"target\":[\"http:\/\/soloreglasgolf.com\/WordPress3\/definiciones-2019-2022\/agua-temporal\/\"]}]},{\"@type\":\"BreadcrumbList\",\"@id\":\"http:\/\/soloreglasgolf.com\/WordPress3\/definiciones-2019-2022\/agua-temporal\/#breadcrumb\",\"itemListElement\":[{\"@type\":\"ListItem\",\"position\":1,\"name\":\"Portada\",\"item\":\"http:\/\/soloreglasgolf.com\/WordPress3\/\"},{\"@type\":\"ListItem\",\"position\":2,\"name\":\"Definiciones\",\"item\":\"http:\/\/soloreglasgolf.com\/WordPress3\/definiciones-2019-2022\/\"},{\"@type\":\"ListItem\",\"position\":3,\"name\":\"Agua Temporal\"}]},{\"@type\":\"WebSite\",\"@id\":\"http:\/\/soloreglasgolf.com\/WordPress3\/#website\",\"url\":\"http:\/\/soloreglasgolf.com\/WordPress3\/\",\"name\":\"SoloReglasGolf\",\"description\":\"Conversando sobre  Reglas de Golf\",\"potentialAction\":[{\"@type\":\"SearchAction\",\"target\":{\"@type\":\"EntryPoint\",\"urlTemplate\":\"http:\/\/soloreglasgolf.com\/WordPress3\/?s={search_term_string}\"},\"query-input\":\"required name=search_term_string\"}],\"inLanguage\":\"es\"}]}<\/script>\n<!-- \/ Yoast SEO plugin. -->","yoast_head_json":{"title":"Agua Temporal - SoloReglasGolf","description":"agua temporal antigua agua accidental","robots":{"index":"index","follow":"follow","max-snippet":"max-snippet:-1","max-image-preview":"max-image-preview:large","max-video-preview":"max-video-preview:-1"},"canonical":"http:\/\/soloreglasgolf.com\/WordPress3\/definiciones-2019-2022\/agua-temporal\/","twitter_misc":{"Tiempo de lectura":"1 minuto"},"schema":{"@context":"https:\/\/schema.org","@graph":[{"@type":"WebPage","@id":"http:\/\/soloreglasgolf.com\/WordPress3\/definiciones-2019-2022\/agua-temporal\/","url":"http:\/\/soloreglasgolf.com\/WordPress3\/definiciones-2019-2022\/agua-temporal\/","name":"Agua Temporal - SoloReglasGolf","isPartOf":{"@id":"http:\/\/soloreglasgolf.com\/WordPress3\/#website"},"datePublished":"2018-03-31T06:56:41+00:00","dateModified":"2021-04-29T20:12:23+00:00","description":"agua temporal antigua agua accidental","breadcrumb":{"@id":"http:\/\/soloreglasgolf.com\/WordPress3\/definiciones-2019-2022\/agua-temporal\/#breadcrumb"},"inLanguage":"es","potentialAction":[{"@type":"ReadAction","target":["http:\/\/soloreglasgolf.com\/WordPress3\/definiciones-2019-2022\/agua-temporal\/"]}]},{"@type":"BreadcrumbList","@id":"http:\/\/soloreglasgolf.com\/WordPress3\/definiciones-2019-2022\/agua-temporal\/#breadcrumb","itemListElement":[{"@type":"ListItem","position":1,"name":"Portada","item":"http:\/\/soloreglasgolf.com\/WordPress3\/"},{"@type":"ListItem","position":2,"name":"Definiciones","item":"http:\/\/soloreglasgolf.com\/WordPress3\/definiciones-2019-2022\/"},{"@type":"ListItem","position":3,"name":"Agua Temporal"}]},{"@type":"WebSite","@id":"http:\/\/soloreglasgolf.com\/WordPress3\/#website","url":"http:\/\/soloreglasgolf.com\/WordPress3\/","name":"SoloReglasGolf","description":"Conversando sobre  Reglas de Golf","potentialAction":[{"@type":"SearchAction","target":{"@type":"EntryPoint","urlTemplate":"http:\/\/soloreglasgolf.com\/WordPress3\/?s={search_term_string}"},"query-input":"required name=search_term_string"}],"inLanguage":"es"}]}},"jetpack_sharing_enabled":true,"jetpack_shortlink":"https:\/\/wp.me\/P36cD2-3sT","_links":{"self":[{"href":"http:\/\/soloreglasgolf.com\/WordPress3\/wp-json\/wp\/v2\/pages\/13323","targetHints":{"allow":["GET"]}}],"collection":[{"href":"http:\/\/soloreglasgolf.com\/WordPress3\/wp-json\/wp\/v2\/pages"}],"about":[{"href":"http:\/\/soloreglasgolf.com\/WordPress3\/wp-json\/wp\/v2\/types\/page"}],"author":[{"embeddable":true,"href":"http:\/\/soloreglasgolf.com\/WordPress3\/wp-json\/wp\/v2\/users\/28"}],"replies":[{"embeddable":true,"href":"http:\/\/soloreglasgolf.com\/WordPress3\/wp-json\/wp\/v2\/comments?post=13323"}],"version-history":[{"count":7,"href":"http:\/\/soloreglasgolf.com\/WordPress3\/wp-json\/wp\/v2\/pages\/13323\/revisions"}],"predecessor-version":[{"id":43703,"href":"http:\/\/soloreglasgolf.com\/WordPress3\/wp-json\/wp\/v2\/pages\/13323\/revisions\/43703"}],"up":[{"embeddable":true,"href":"http:\/\/soloreglasgolf.com\/WordPress3\/wp-json\/wp\/v2\/pages\/13320"}],"wp:attachment":[{"href":"http:\/\/soloreglasgolf.com\/WordPress3\/wp-json\/wp\/v2\/media?parent=13323"}],"curies":[{"name":"wp","href":"https:\/\/api.w.org\/{rel}","templated":true}]}}