{"id":13298,"date":"2018-03-17T22:31:12","date_gmt":"2018-03-17T21:31:12","guid":{"rendered":"http:\/\/soloreglasgolf.com\/WordPress3\/?page_id=13298"},"modified":"2021-05-13T22:06:18","modified_gmt":"2021-05-13T20:06:18","slug":"regla-19","status":"publish","type":"page","link":"http:\/\/soloreglasgolf.com\/WordPress3\/reglas-2019\/regla-19\/","title":{"rendered":"Regla 19 -Bola Injugable"},"content":{"rendered":"<p><strong>Prop\u00f3sito: <\/strong><\/p>\n<p>La Regla 19 cubre las distintas opciones de alivio que tiene un jugador para una\u00a0bola injugable. Esta permite al jugador elegir la opci\u00f3n a utilizar \u2013 normalmente con un golpe\u00a0de penalizaci\u00f3n \u2013 para salir de una situaci\u00f3n dif\u00edcil en cualquier parte del campo (excepto en\u00a0un \u00e1rea de penalizaci\u00f3n).<\/p>\n<p><strong>19.1 El Jugador Puede Aliviarse por Bola Injugable en Cualquier Parte Excepto en\u00a0<\/strong><strong>\u00c1rea de Penalizaci\u00f3n<\/strong><br \/>\nUn jugador es la \u00fanica persona que puede decidir considerar su bola como injugable,\u00a0alivi\u00e1ndose con penalizaci\u00f3n bajo la Reglas 19.2 o 19.3.<br \/>\n\u2022 Se permite el alivio por bola injugable en cualquier parte del campo, excepto en un\u00a0\u00e1rea de penalizaci\u00f3n.<br \/>\n\u2022 Si una bola est\u00e1 injugable en un \u00e1rea de penalizaci\u00f3n, la \u00fanica opci\u00f3n de alivio que\u00a0tiene el jugador es con penalizaci\u00f3n bajo la Regla 17.<\/p>\n<p><strong>19.2 Opciones de Alivio para Bola Injugable en el \u00c1rea General o en el Green<\/strong><br \/>\nUn jugador puede tomar alivio por bola injugable bajo una de las tres opciones en las Reglas\u00a019.2a, b o c, en todos los casos con un golpe de penalizaci\u00f3n.<br \/>\n\u2022 El jugador puede tomar alivio por golpe y distancia bajo la Regla 19.2a, incluso si la\u00a0bola original no ha sido encontrada e identificada.<br \/>\n\u2022 Pero para poder aliviarse por l\u00ednea hacia atr\u00e1s bajo la Regla 19.2b o alivio lateral bajo\u00a0la Regla 19.2c, el jugador debe conocer el punto de reposo de su bola original.<\/p>\n<p><strong>a. Alivio de Golpe y Distancia<\/strong><br \/>\nEl jugador puede jugar la bola original u otra bola desde donde jug\u00f3 el golpe anterior\u00a0(ver Regla 14.6)<\/p>\n<p><strong>b. Alivio en l\u00ednea hacia atr\u00e1s<\/strong><br \/>\nEl jugador puede dropar la bola original u otra bola (ver <a href=\"http:\/\/soloreglasgolf.com\/WordPress3\/reglas-2019\/v-levantando-y-volviendo-a-poner-una-bola-en-juego\/regla-14\/14-3-dropando-la-bola-en-un-area-de-alivio\/\">Regla 14.3<\/a>) en un \u00e1rea de alivio\u00a0basada en una <strong>l\u00ednea de referencia<\/strong> hacia atr\u00e1s que va <strong>desde el hoyo<\/strong> y pasa por el <strong>punto\u00a0de reposo de la bola<\/strong> original:<br \/>\n\u2022 <strong>Punto de Referencia:<\/strong> Un punto en el campo elegido por el jugador, que est\u00e1\u00a0en la l\u00ednea de referencia y est\u00e1 m\u00e1s lejos del hoyo que el punto de reposo de\u00a0la bola original (sin l\u00edmite de distancia hacia atr\u00e1s en esa l\u00ednea):<br \/>\n&#8211; Al elegir este punto de referencia, el jugador <strong>deber\u00eda indicarlo usando\u00a0un objeto<\/strong> (como un tee).<br \/>\n&#8211; Si el jugador dropa la bola sin haber elegido este punto, el punto de\u00a0referencia se considerar\u00e1 como el punto sobre la l\u00ednea que est\u00e1 a la\u00a0misma distancia del hoyo que donde la bola dropada toc\u00f3 por primera\u00a0vez el terreno.<br \/>\n\u2022<strong> Tama\u00f1o del \u00c1rea de Alivio Medido desde el Punto de Referencia<\/strong>: La longitud\u00a0de<strong> un palo<\/strong>, pero con las siguientes limitaciones:<br \/>\n\u2022<strong> Limitaciones de la Ubicaci\u00f3n del \u00c1rea de Alivio<\/strong>:<br \/>\n&#8211; No debe estar m\u00e1s cerca del hoyo que el punto de referencia, y<br \/>\n&#8211; Puede estar en cualquier \u00e1rea del campo, pero<br \/>\n&#8211; <strong>Si hay m\u00e1s de un \u00e1rea del campo<\/strong> dentro de la longitud de un palo del\u00a0punto de referencia, la <strong>bola debe quedar en reposo en el \u00e1rea de\u00a0alivio en la misma \u00e1rea del campo que donde la bola toc\u00f3 por primera\u00a0vez cuando se drop\u00f3<\/strong> en el \u00e1rea de alivio.<\/p>\n<p><strong>c. Alivio Lateral<\/strong><br \/>\nEl jugador puede dropar la bola original u otra bola dentro de la siguiente \u00e1rea de alivio\u00a0lateral (ver Regla 14.3):<br \/>\n\u2022 <strong>Punto de Referencia<\/strong>: El punto de reposo de la bola original.<br \/>\n\u2022 <strong>Tama\u00f1o del \u00c1rea de Alivio Medido desde el Punto de Referencia:<\/strong> La longitud\u00a0de <strong>dos palos<\/strong>, pero con las siguientes limitaciones:<br \/>\n\u2022 <strong>Limitaciones de la Ubicaci\u00f3n del \u00c1rea de Alivio<\/strong>:<br \/>\n&#8211; No debe estar m\u00e1s cerca del hoyo que el punto de referencia, y<br \/>\n&#8211; Puede estar en cualquier \u00e1rea del campo, pero<br \/>\n&#8211; Si hay <strong>m\u00e1s de un \u00e1rea del campo dentro de la longitud de dos palos del\u00a0punto de referencia<\/strong>, la <strong>bola debe quedar en reposo en el \u00e1rea de\u00a0alivio en la misma \u00e1rea del campo que donde la bola toc\u00f3 por primera\u00a0vez cuando se drop\u00f3<\/strong> dentro del \u00e1rea de alivio.<\/p>\n<p>Penalizaci\u00f3n por Jugar una Bola desde Lugar Equivocado Infringiendo la Regla 19.2:<br \/>\nPenalizaci\u00f3n General bajo la Regla 14.7a.<\/p>\n<p><strong>19.3 Opciones de Alivio para Bola Injugable en Bunker<\/strong><br \/>\n<strong>a. Opciones de Alivio Normales (Un Golpe de Penalizaci\u00f3n)<\/strong><br \/>\nCuando la bola de un jugador est\u00e1 en un bunker:<br \/>\n\u2022 El jugador puede aliviarse por bola injugable con un golpe de penalizaci\u00f3n bajo\u00a0cualquiera de las opciones de la Regla 19.2, excepto que:<br \/>\n\u2022 La <strong>bola ha de droparse dentro y debe quedar en reposo en un \u00e1rea de alivio dentro\u00a0del bunker<\/strong> si el jugador opta por tomar alivio en l\u00ednea hacia atr\u00e1s (Regla 19.2b) o\u00a0alivio lateral (Regla 19.2c).<br \/>\n<strong>b. Opci\u00f3n de Alivio Adicional (Dos Golpes de Penalizaci\u00f3n)<\/strong><br \/>\nComo opci\u00f3n de alivio adicional, cuando la bola de un jugador reposa en el bunker, con un\u00a0total de dos golpes de penalizaci\u00f3n, el jugador puede <strong>tomar alivio fuera del bunker bajo\u00a0el procedimiento de l\u00ednea hacia atr\u00e1s<\/strong> de la Regla19.2b.<\/p>\n<p>Penalizaci\u00f3n por Jugar una Bola Desde Lugar Equivocado Infringiendo la Regla 19.3:<br \/>\nPenalizaci\u00f3n General bajo la Regla 14.7a<\/p>\n<div class=\"g g-2\"><div class=\"g-single a-18\"><script type=\"text\/javascript\"><!--\r\ngoogle_ad_client = \"ca-pub-2363348512557029\";\r\n\/* Blog pagina-post *\/\r\ngoogle_ad_slot = \"1564877784\";\r\ngoogle_ad_width = 728;\r\ngoogle_ad_height = 90;\r\n\/\/-->\r\n<\/script>\r\n<script type=\"text\/javascript\"\r\nsrc=\"http:\/\/pagead2.googlesyndication.com\/pagead\/show_ads.js\">\r\n<\/script><\/div><\/div>\n","protected":false},"excerpt":{"rendered":"<p>Prop\u00f3sito: La Regla 19 cubre las distintas opciones de alivio que tiene un jugador para una\u00a0bola injugable. Esta permite al jugador elegir la opci\u00f3n a utilizar \u2013 normalmente con un golpe\u00a0de penalizaci\u00f3n \u2013 para salir de una situaci\u00f3n dif\u00edcil en cualquier parte del campo (excepto en\u00a0un \u00e1rea de penalizaci\u00f3n). 19.1 El Jugador Puede Aliviarse por <a href='http:\/\/soloreglasgolf.com\/WordPress3\/reglas-2019\/regla-19\/' class='excerpt-more'>[Leer + &#8230;]<\/a><\/p>\n","protected":false},"author":28,"featured_media":0,"parent":13241,"menu_order":19,"comment_status":"closed","ping_status":"closed","template":"","meta":{"jetpack_post_was_ever_published":false,"footnotes":""},"class_list":["post-13298","page","type-page","status-publish","hentry","post-seq-1","post-parity-odd","meta-position-corners","fix"],"yoast_head":"<!-- This site is optimized with the Yoast SEO plugin v22.0 - https:\/\/yoast.com\/wordpress\/plugins\/seo\/ -->\n<title>Regla 19 -Bola Injugable - SoloReglasGolf<\/title>\n<meta name=\"robots\" content=\"index, follow, max-snippet:-1, max-image-preview:large, max-video-preview:-1\" \/>\n<link rel=\"canonical\" href=\"http:\/\/soloreglasgolf.com\/WordPress3\/reglas-2019\/regla-19\/\" \/>\n<meta name=\"twitter:label1\" content=\"Tiempo de lectura\" \/>\n\t<meta name=\"twitter:data1\" content=\"4 minutos\" \/>\n<script type=\"application\/ld+json\" class=\"yoast-schema-graph\">{\"@context\":\"https:\/\/schema.org\",\"@graph\":[{\"@type\":\"WebPage\",\"@id\":\"http:\/\/soloreglasgolf.com\/WordPress3\/reglas-2019\/regla-19\/\",\"url\":\"http:\/\/soloreglasgolf.com\/WordPress3\/reglas-2019\/regla-19\/\",\"name\":\"Regla 19 -Bola Injugable - SoloReglasGolf\",\"isPartOf\":{\"@id\":\"http:\/\/soloreglasgolf.com\/WordPress3\/#website\"},\"datePublished\":\"2018-03-17T21:31:12+00:00\",\"dateModified\":\"2021-05-13T20:06:18+00:00\",\"breadcrumb\":{\"@id\":\"http:\/\/soloreglasgolf.com\/WordPress3\/reglas-2019\/regla-19\/#breadcrumb\"},\"inLanguage\":\"es\",\"potentialAction\":[{\"@type\":\"ReadAction\",\"target\":[\"http:\/\/soloreglasgolf.com\/WordPress3\/reglas-2019\/regla-19\/\"]}]},{\"@type\":\"BreadcrumbList\",\"@id\":\"http:\/\/soloreglasgolf.com\/WordPress3\/reglas-2019\/regla-19\/#breadcrumb\",\"itemListElement\":[{\"@type\":\"ListItem\",\"position\":1,\"name\":\"Portada\",\"item\":\"http:\/\/soloreglasgolf.com\/WordPress3\/\"},{\"@type\":\"ListItem\",\"position\":2,\"name\":\"Reglas 2019\",\"item\":\"http:\/\/soloreglasgolf.com\/WordPress3\/reglas-2019\/\"},{\"@type\":\"ListItem\",\"position\":3,\"name\":\"Regla 19 -Bola Injugable\"}]},{\"@type\":\"WebSite\",\"@id\":\"http:\/\/soloreglasgolf.com\/WordPress3\/#website\",\"url\":\"http:\/\/soloreglasgolf.com\/WordPress3\/\",\"name\":\"SoloReglasGolf\",\"description\":\"Conversando sobre  Reglas de Golf\",\"potentialAction\":[{\"@type\":\"SearchAction\",\"target\":{\"@type\":\"EntryPoint\",\"urlTemplate\":\"http:\/\/soloreglasgolf.com\/WordPress3\/?s={search_term_string}\"},\"query-input\":\"required name=search_term_string\"}],\"inLanguage\":\"es\"}]}<\/script>\n<!-- \/ Yoast SEO plugin. -->","yoast_head_json":{"title":"Regla 19 -Bola Injugable - SoloReglasGolf","robots":{"index":"index","follow":"follow","max-snippet":"max-snippet:-1","max-image-preview":"max-image-preview:large","max-video-preview":"max-video-preview:-1"},"canonical":"http:\/\/soloreglasgolf.com\/WordPress3\/reglas-2019\/regla-19\/","twitter_misc":{"Tiempo de lectura":"4 minutos"},"schema":{"@context":"https:\/\/schema.org","@graph":[{"@type":"WebPage","@id":"http:\/\/soloreglasgolf.com\/WordPress3\/reglas-2019\/regla-19\/","url":"http:\/\/soloreglasgolf.com\/WordPress3\/reglas-2019\/regla-19\/","name":"Regla 19 -Bola Injugable - SoloReglasGolf","isPartOf":{"@id":"http:\/\/soloreglasgolf.com\/WordPress3\/#website"},"datePublished":"2018-03-17T21:31:12+00:00","dateModified":"2021-05-13T20:06:18+00:00","breadcrumb":{"@id":"http:\/\/soloreglasgolf.com\/WordPress3\/reglas-2019\/regla-19\/#breadcrumb"},"inLanguage":"es","potentialAction":[{"@type":"ReadAction","target":["http:\/\/soloreglasgolf.com\/WordPress3\/reglas-2019\/regla-19\/"]}]},{"@type":"BreadcrumbList","@id":"http:\/\/soloreglasgolf.com\/WordPress3\/reglas-2019\/regla-19\/#breadcrumb","itemListElement":[{"@type":"ListItem","position":1,"name":"Portada","item":"http:\/\/soloreglasgolf.com\/WordPress3\/"},{"@type":"ListItem","position":2,"name":"Reglas 2019","item":"http:\/\/soloreglasgolf.com\/WordPress3\/reglas-2019\/"},{"@type":"ListItem","position":3,"name":"Regla 19 -Bola Injugable"}]},{"@type":"WebSite","@id":"http:\/\/soloreglasgolf.com\/WordPress3\/#website","url":"http:\/\/soloreglasgolf.com\/WordPress3\/","name":"SoloReglasGolf","description":"Conversando sobre  Reglas de Golf","potentialAction":[{"@type":"SearchAction","target":{"@type":"EntryPoint","urlTemplate":"http:\/\/soloreglasgolf.com\/WordPress3\/?s={search_term_string}"},"query-input":"required name=search_term_string"}],"inLanguage":"es"}]}},"jetpack_sharing_enabled":true,"jetpack_shortlink":"https:\/\/wp.me\/P36cD2-3su","_links":{"self":[{"href":"http:\/\/soloreglasgolf.com\/WordPress3\/wp-json\/wp\/v2\/pages\/13298","targetHints":{"allow":["GET"]}}],"collection":[{"href":"http:\/\/soloreglasgolf.com\/WordPress3\/wp-json\/wp\/v2\/pages"}],"about":[{"href":"http:\/\/soloreglasgolf.com\/WordPress3\/wp-json\/wp\/v2\/types\/page"}],"author":[{"embeddable":true,"href":"http:\/\/soloreglasgolf.com\/WordPress3\/wp-json\/wp\/v2\/users\/28"}],"replies":[{"embeddable":true,"href":"http:\/\/soloreglasgolf.com\/WordPress3\/wp-json\/wp\/v2\/comments?post=13298"}],"version-history":[{"count":7,"href":"http:\/\/soloreglasgolf.com\/WordPress3\/wp-json\/wp\/v2\/pages\/13298\/revisions"}],"predecessor-version":[{"id":44269,"href":"http:\/\/soloreglasgolf.com\/WordPress3\/wp-json\/wp\/v2\/pages\/13298\/revisions\/44269"}],"up":[{"embeddable":true,"href":"http:\/\/soloreglasgolf.com\/WordPress3\/wp-json\/wp\/v2\/pages\/13241"}],"wp:attachment":[{"href":"http:\/\/soloreglasgolf.com\/WordPress3\/wp-json\/wp\/v2\/media?parent=13298"}],"curies":[{"name":"wp","href":"https:\/\/api.w.org\/{rel}","templated":true}]}}