{"id":13290,"date":"2018-03-17T22:23:24","date_gmt":"2018-03-17T21:23:24","guid":{"rendered":"http:\/\/soloreglasgolf.com\/WordPress3\/?page_id=13290"},"modified":"2021-05-13T22:08:08","modified_gmt":"2021-05-13T20:08:08","slug":"regla-14","status":"publish","type":"page","link":"http:\/\/soloreglasgolf.com\/WordPress3\/reglas-2019\/v-levantando-y-volviendo-a-poner-una-bola-en-juego\/regla-14\/","title":{"rendered":"Regla 14 \u2013 Procedimientos para la Bola: Marcar, Levantar y Limpiar, Reponer en el Punto, Dropar en \u00c1rea de Alivio, Jugar de Lugar Equivocado"},"content":{"rendered":"<p>Prop\u00f3sito:<br \/>\nLa Regla 14 cubre cu\u00e1ndo y c\u00f3mo el jugador puede marcar el punto de una bola en reposo y levantarla y limpiarla y c\u00f3mo ponerla de nuevo en juego para que sea jugada desde el lugar correcto.<\/p>\n<ul>\n<li>Cuando una bola levantada o movida se ha de reponer, debe colocarse la misma bola en su punto de reposo original.<\/li>\n<li>Cuando se toma alivio con o sin penalizaci\u00f3n, una bola sustituta o la bola original deben droparse en un \u00e1rea de alivio espec\u00edfica.<\/li>\n<\/ul>\n<p>Un error cometido al aplicar estos procedimientos se puede corregir sin penalizaci\u00f3n antes de jugar la bola, pero el jugador incurre en penalizaci\u00f3n si juega la bola desde lugar equivocado.<\/p>\n<p>14.1 Marcando, Levantando y Limpiando la Bola<\/p>\n<p>14.2 Reponiendo la Bola en un Punto de Reposo<\/p>\n<p>14.3 Dropando la Bola en un \u00c1rea de Alivio<\/p>\n<p>14.4 Cu\u00e1ndo la Bola del Jugador est\u00e1 Nuevamente en Juego despu\u00e9s de que la Bola Original Qued\u00f3 Fuera de Juego<\/p>\n<p>14.5 Corrigiendo un Error Cometido al Sustituir, Reponer, Dropar o Colocar la Bola<\/p>\n<p>14.6 Jugando el Golpe Siguiente Desde Donde se Jug\u00f3 el Golpe Anterior<\/p>\n<p><a href=\"http:\/\/soloreglasgolf.com\/WordPress3\/reglas-2019\/v-levantando-y-volviendo-a-poner-una-bola-en-juego\/regla-14\/14-7-jugando-desde-lugar-equivocado\/\">14.7 Jugando Desde Lugar Equivocado<\/a><\/p>\n\n","protected":false},"excerpt":{"rendered":"<p>Prop\u00f3sito: La Regla 14 cubre cu\u00e1ndo y c\u00f3mo el jugador puede marcar el punto de una bola en reposo y levantarla y limpiarla y c\u00f3mo ponerla de nuevo en juego para que sea jugada desde el lugar correcto. Cuando una bola levantada o movida se ha de reponer, debe colocarse la misma bola en su <a href='http:\/\/soloreglasgolf.com\/WordPress3\/reglas-2019\/v-levantando-y-volviendo-a-poner-una-bola-en-juego\/regla-14\/' class='excerpt-more'>[Leer + &#8230;]<\/a><\/p>\n","protected":false},"author":28,"featured_media":0,"parent":44200,"menu_order":14,"comment_status":"closed","ping_status":"closed","template":"","meta":{"jetpack_post_was_ever_published":false,"footnotes":""},"class_list":["post-13290","page","type-page","status-publish","hentry","post-seq-1","post-parity-odd","meta-position-corners","fix"],"yoast_head":"<!-- This site is optimized with the Yoast SEO plugin v22.0 - https:\/\/yoast.com\/wordpress\/plugins\/seo\/ -->\n<title>Regla 14 \u2013 Procedimientos para la Bola: Marcar, Levantar y Limpiar, Reponer en el Punto, Dropar en \u00c1rea de Alivio, Jugar de Lugar Equivocado - SoloReglasGolf<\/title>\n<meta name=\"robots\" content=\"index, follow, max-snippet:-1, max-image-preview:large, max-video-preview:-1\" \/>\n<link rel=\"canonical\" href=\"http:\/\/soloreglasgolf.com\/WordPress3\/reglas-2019\/v-levantando-y-volviendo-a-poner-una-bola-en-juego\/regla-14\/\" \/>\n<meta name=\"twitter:label1\" content=\"Tiempo de lectura\" \/>\n\t<meta name=\"twitter:data1\" content=\"1 minuto\" \/>\n<script type=\"application\/ld+json\" class=\"yoast-schema-graph\">{\"@context\":\"https:\/\/schema.org\",\"@graph\":[{\"@type\":\"WebPage\",\"@id\":\"http:\/\/soloreglasgolf.com\/WordPress3\/reglas-2019\/v-levantando-y-volviendo-a-poner-una-bola-en-juego\/regla-14\/\",\"url\":\"http:\/\/soloreglasgolf.com\/WordPress3\/reglas-2019\/v-levantando-y-volviendo-a-poner-una-bola-en-juego\/regla-14\/\",\"name\":\"Regla 14 \u2013 Procedimientos para la Bola: Marcar, Levantar y Limpiar, Reponer en el Punto, Dropar en \u00c1rea de Alivio, Jugar de Lugar Equivocado - SoloReglasGolf\",\"isPartOf\":{\"@id\":\"http:\/\/soloreglasgolf.com\/WordPress3\/#website\"},\"datePublished\":\"2018-03-17T21:23:24+00:00\",\"dateModified\":\"2021-05-13T20:08:08+00:00\",\"breadcrumb\":{\"@id\":\"http:\/\/soloreglasgolf.com\/WordPress3\/reglas-2019\/v-levantando-y-volviendo-a-poner-una-bola-en-juego\/regla-14\/#breadcrumb\"},\"inLanguage\":\"es\",\"potentialAction\":[{\"@type\":\"ReadAction\",\"target\":[\"http:\/\/soloreglasgolf.com\/WordPress3\/reglas-2019\/v-levantando-y-volviendo-a-poner-una-bola-en-juego\/regla-14\/\"]}]},{\"@type\":\"BreadcrumbList\",\"@id\":\"http:\/\/soloreglasgolf.com\/WordPress3\/reglas-2019\/v-levantando-y-volviendo-a-poner-una-bola-en-juego\/regla-14\/#breadcrumb\",\"itemListElement\":[{\"@type\":\"ListItem\",\"position\":1,\"name\":\"Portada\",\"item\":\"http:\/\/soloreglasgolf.com\/WordPress3\/\"},{\"@type\":\"ListItem\",\"position\":2,\"name\":\"Reglas 2019\",\"item\":\"http:\/\/soloreglasgolf.com\/WordPress3\/reglas-2019\/\"},{\"@type\":\"ListItem\",\"position\":3,\"name\":\"V. Levantando y Volviendo a Poner una Bola en Juego\",\"item\":\"http:\/\/soloreglasgolf.com\/WordPress3\/reglas-2019\/v-levantando-y-volviendo-a-poner-una-bola-en-juego\/\"},{\"@type\":\"ListItem\",\"position\":4,\"name\":\"Regla 14 \u2013 Procedimientos para la Bola: Marcar, Levantar y Limpiar, Reponer en el Punto, Dropar en \u00c1rea de Alivio, Jugar de Lugar Equivocado\"}]},{\"@type\":\"WebSite\",\"@id\":\"http:\/\/soloreglasgolf.com\/WordPress3\/#website\",\"url\":\"http:\/\/soloreglasgolf.com\/WordPress3\/\",\"name\":\"SoloReglasGolf\",\"description\":\"Conversando sobre  Reglas de Golf\",\"potentialAction\":[{\"@type\":\"SearchAction\",\"target\":{\"@type\":\"EntryPoint\",\"urlTemplate\":\"http:\/\/soloreglasgolf.com\/WordPress3\/?s={search_term_string}\"},\"query-input\":\"required name=search_term_string\"}],\"inLanguage\":\"es\"}]}<\/script>\n<!-- \/ Yoast SEO plugin. -->","yoast_head_json":{"title":"Regla 14 \u2013 Procedimientos para la Bola: Marcar, Levantar y Limpiar, Reponer en el Punto, Dropar en \u00c1rea de Alivio, Jugar de Lugar Equivocado - SoloReglasGolf","robots":{"index":"index","follow":"follow","max-snippet":"max-snippet:-1","max-image-preview":"max-image-preview:large","max-video-preview":"max-video-preview:-1"},"canonical":"http:\/\/soloreglasgolf.com\/WordPress3\/reglas-2019\/v-levantando-y-volviendo-a-poner-una-bola-en-juego\/regla-14\/","twitter_misc":{"Tiempo de lectura":"1 minuto"},"schema":{"@context":"https:\/\/schema.org","@graph":[{"@type":"WebPage","@id":"http:\/\/soloreglasgolf.com\/WordPress3\/reglas-2019\/v-levantando-y-volviendo-a-poner-una-bola-en-juego\/regla-14\/","url":"http:\/\/soloreglasgolf.com\/WordPress3\/reglas-2019\/v-levantando-y-volviendo-a-poner-una-bola-en-juego\/regla-14\/","name":"Regla 14 \u2013 Procedimientos para la Bola: Marcar, Levantar y Limpiar, Reponer en el Punto, Dropar en \u00c1rea de Alivio, Jugar de Lugar Equivocado - SoloReglasGolf","isPartOf":{"@id":"http:\/\/soloreglasgolf.com\/WordPress3\/#website"},"datePublished":"2018-03-17T21:23:24+00:00","dateModified":"2021-05-13T20:08:08+00:00","breadcrumb":{"@id":"http:\/\/soloreglasgolf.com\/WordPress3\/reglas-2019\/v-levantando-y-volviendo-a-poner-una-bola-en-juego\/regla-14\/#breadcrumb"},"inLanguage":"es","potentialAction":[{"@type":"ReadAction","target":["http:\/\/soloreglasgolf.com\/WordPress3\/reglas-2019\/v-levantando-y-volviendo-a-poner-una-bola-en-juego\/regla-14\/"]}]},{"@type":"BreadcrumbList","@id":"http:\/\/soloreglasgolf.com\/WordPress3\/reglas-2019\/v-levantando-y-volviendo-a-poner-una-bola-en-juego\/regla-14\/#breadcrumb","itemListElement":[{"@type":"ListItem","position":1,"name":"Portada","item":"http:\/\/soloreglasgolf.com\/WordPress3\/"},{"@type":"ListItem","position":2,"name":"Reglas 2019","item":"http:\/\/soloreglasgolf.com\/WordPress3\/reglas-2019\/"},{"@type":"ListItem","position":3,"name":"V. Levantando y Volviendo a Poner una Bola en Juego","item":"http:\/\/soloreglasgolf.com\/WordPress3\/reglas-2019\/v-levantando-y-volviendo-a-poner-una-bola-en-juego\/"},{"@type":"ListItem","position":4,"name":"Regla 14 \u2013 Procedimientos para la Bola: Marcar, Levantar y Limpiar, Reponer en el Punto, Dropar en \u00c1rea de Alivio, Jugar de Lugar Equivocado"}]},{"@type":"WebSite","@id":"http:\/\/soloreglasgolf.com\/WordPress3\/#website","url":"http:\/\/soloreglasgolf.com\/WordPress3\/","name":"SoloReglasGolf","description":"Conversando sobre  Reglas de Golf","potentialAction":[{"@type":"SearchAction","target":{"@type":"EntryPoint","urlTemplate":"http:\/\/soloreglasgolf.com\/WordPress3\/?s={search_term_string}"},"query-input":"required name=search_term_string"}],"inLanguage":"es"}]}},"jetpack_sharing_enabled":true,"jetpack_shortlink":"https:\/\/wp.me\/P36cD2-3sm","_links":{"self":[{"href":"http:\/\/soloreglasgolf.com\/WordPress3\/wp-json\/wp\/v2\/pages\/13290","targetHints":{"allow":["GET"]}}],"collection":[{"href":"http:\/\/soloreglasgolf.com\/WordPress3\/wp-json\/wp\/v2\/pages"}],"about":[{"href":"http:\/\/soloreglasgolf.com\/WordPress3\/wp-json\/wp\/v2\/types\/page"}],"author":[{"embeddable":true,"href":"http:\/\/soloreglasgolf.com\/WordPress3\/wp-json\/wp\/v2\/users\/28"}],"replies":[{"embeddable":true,"href":"http:\/\/soloreglasgolf.com\/WordPress3\/wp-json\/wp\/v2\/comments?post=13290"}],"version-history":[{"count":7,"href":"http:\/\/soloreglasgolf.com\/WordPress3\/wp-json\/wp\/v2\/pages\/13290\/revisions"}],"predecessor-version":[{"id":44272,"href":"http:\/\/soloreglasgolf.com\/WordPress3\/wp-json\/wp\/v2\/pages\/13290\/revisions\/44272"}],"up":[{"embeddable":true,"href":"http:\/\/soloreglasgolf.com\/WordPress3\/wp-json\/wp\/v2\/pages\/44200"}],"wp:attachment":[{"href":"http:\/\/soloreglasgolf.com\/WordPress3\/wp-json\/wp\/v2\/media?parent=13290"}],"curies":[{"name":"wp","href":"https:\/\/api.w.org\/{rel}","templated":true}]}}