{"id":13286,"date":"2018-03-17T22:20:25","date_gmt":"2018-03-17T21:20:25","guid":{"rendered":"http:\/\/soloreglasgolf.com\/WordPress3\/?page_id=13286"},"modified":"2021-05-13T22:07:31","modified_gmt":"2021-05-13T20:07:31","slug":"regla-12","status":"publish","type":"page","link":"http:\/\/soloreglasgolf.com\/WordPress3\/reglas-2019\/iv-reglas-especiales-para-bunkers-y-greens\/regla-12\/","title":{"rendered":"Regla 12 &#8211; Bunkers"},"content":{"rendered":"<p>La Regla 12 es una Regla espec\u00edfica para bunkers, que son \u00e1reas especialmente preparadas con la intenci\u00f3n de poner a prueba la capacidad del jugador para jugar una bola desde la arena. Para asegurar que el jugador se enfrenta a este desaf\u00edo, existen ciertas limitaciones relacionadas con tocar la arena antes del golpe y d\u00f3nde se puede aliviar el jugador cuando la bola est\u00e1 en un bunker.<\/p>\n<p><a href=\"http:\/\/soloreglasgolf.com\/WordPress3\/12-1-cuando-la-bola-esta-en-un-bunker\/\">12.1 Cu\u00e1ndo la Bola Est\u00e1 en un Bunker<\/a><\/p>\n<p><a href=\"http:\/\/soloreglasgolf.com\/WordPress3\/reglas-2019\/iv-reglas-especiales-para-bunkers-y-greens\/regla-12\/12-2-jugando-una-bola-en-el-bunker\/\">12.2 Jugando una Bola en el Bunker<\/a><\/p>\n<p><a href=\"http:\/\/soloreglasgolf.com\/WordPress3\/reglas-2019\/iv-reglas-especiales-para-bunkers-y-greens\/regla-12\/12-3-reglas-especificas-para-alivio-de-una-bola-en-bunker\/\">12.3 Reglas Espec\u00edficas para Alivio de una Bola en Bunker<\/a><\/p>\n<div class=\"g g-2\"><div class=\"g-single a-15\"><script type=\"text\/javascript\"><!--\r\ngoogle_ad_client = \"ca-pub-2363348512557029\";\r\n\/* Blog pagina-post *\/\r\ngoogle_ad_slot = \"1564877784\";\r\ngoogle_ad_width = 728;\r\ngoogle_ad_height = 90;\r\n\/\/-->\r\n<\/script>\r\n<script type=\"text\/javascript\"\r\nsrc=\"http:\/\/pagead2.googlesyndication.com\/pagead\/show_ads.js\">\r\n<\/script><\/div><\/div>\n","protected":false},"excerpt":{"rendered":"<p>La Regla 12 es una Regla espec\u00edfica para bunkers, que son \u00e1reas especialmente preparadas con la intenci\u00f3n de poner a prueba la capacidad del jugador para jugar una bola desde la arena. Para asegurar que el jugador se enfrenta a este desaf\u00edo, existen ciertas limitaciones relacionadas con tocar la arena antes del golpe y d\u00f3nde <a href='http:\/\/soloreglasgolf.com\/WordPress3\/reglas-2019\/iv-reglas-especiales-para-bunkers-y-greens\/regla-12\/' class='excerpt-more'>[Leer + &#8230;]<\/a><\/p>\n","protected":false},"author":28,"featured_media":0,"parent":44195,"menu_order":12,"comment_status":"closed","ping_status":"closed","template":"","meta":{"jetpack_post_was_ever_published":false,"footnotes":""},"class_list":["post-13286","page","type-page","status-publish","hentry","post-seq-1","post-parity-odd","meta-position-corners","fix"],"yoast_head":"<!-- This site is optimized with the Yoast SEO plugin v22.0 - https:\/\/yoast.com\/wordpress\/plugins\/seo\/ -->\n<title>Regla 12 - Bunkers - SoloReglasGolf<\/title>\n<meta name=\"robots\" content=\"index, follow, max-snippet:-1, max-image-preview:large, max-video-preview:-1\" \/>\n<link rel=\"canonical\" href=\"https:\/\/soloreglasgolf.com\/WordPress3\/reglas-2019\/iv-reglas-especiales-para-bunkers-y-greens\/regla-12\/\" \/>\n<meta name=\"twitter:label1\" content=\"Tiempo de lectura\" \/>\n\t<meta name=\"twitter:data1\" content=\"1 minuto\" \/>\n<script type=\"application\/ld+json\" class=\"yoast-schema-graph\">{\"@context\":\"https:\/\/schema.org\",\"@graph\":[{\"@type\":\"WebPage\",\"@id\":\"https:\/\/soloreglasgolf.com\/WordPress3\/reglas-2019\/iv-reglas-especiales-para-bunkers-y-greens\/regla-12\/\",\"url\":\"https:\/\/soloreglasgolf.com\/WordPress3\/reglas-2019\/iv-reglas-especiales-para-bunkers-y-greens\/regla-12\/\",\"name\":\"Regla 12 - Bunkers - SoloReglasGolf\",\"isPartOf\":{\"@id\":\"http:\/\/soloreglasgolf.com\/WordPress3\/#website\"},\"datePublished\":\"2018-03-17T21:20:25+00:00\",\"dateModified\":\"2021-05-13T20:07:31+00:00\",\"breadcrumb\":{\"@id\":\"https:\/\/soloreglasgolf.com\/WordPress3\/reglas-2019\/iv-reglas-especiales-para-bunkers-y-greens\/regla-12\/#breadcrumb\"},\"inLanguage\":\"es\",\"potentialAction\":[{\"@type\":\"ReadAction\",\"target\":[\"https:\/\/soloreglasgolf.com\/WordPress3\/reglas-2019\/iv-reglas-especiales-para-bunkers-y-greens\/regla-12\/\"]}]},{\"@type\":\"BreadcrumbList\",\"@id\":\"https:\/\/soloreglasgolf.com\/WordPress3\/reglas-2019\/iv-reglas-especiales-para-bunkers-y-greens\/regla-12\/#breadcrumb\",\"itemListElement\":[{\"@type\":\"ListItem\",\"position\":1,\"name\":\"Portada\",\"item\":\"http:\/\/soloreglasgolf.com\/WordPress3\/\"},{\"@type\":\"ListItem\",\"position\":2,\"name\":\"Reglas 2019\",\"item\":\"http:\/\/soloreglasgolf.com\/WordPress3\/reglas-2019\/\"},{\"@type\":\"ListItem\",\"position\":3,\"name\":\"IV. Reglas Especiales para Bunkers y Greens\",\"item\":\"https:\/\/soloreglasgolf.com\/WordPress3\/reglas-2019\/iv-reglas-especiales-para-bunkers-y-greens\/\"},{\"@type\":\"ListItem\",\"position\":4,\"name\":\"Regla 12 &#8211; Bunkers\"}]},{\"@type\":\"WebSite\",\"@id\":\"http:\/\/soloreglasgolf.com\/WordPress3\/#website\",\"url\":\"http:\/\/soloreglasgolf.com\/WordPress3\/\",\"name\":\"SoloReglasGolf\",\"description\":\"Conversando sobre  Reglas de Golf\",\"potentialAction\":[{\"@type\":\"SearchAction\",\"target\":{\"@type\":\"EntryPoint\",\"urlTemplate\":\"http:\/\/soloreglasgolf.com\/WordPress3\/?s={search_term_string}\"},\"query-input\":\"required name=search_term_string\"}],\"inLanguage\":\"es\"}]}<\/script>\n<!-- \/ Yoast SEO plugin. -->","yoast_head_json":{"title":"Regla 12 - Bunkers - SoloReglasGolf","robots":{"index":"index","follow":"follow","max-snippet":"max-snippet:-1","max-image-preview":"max-image-preview:large","max-video-preview":"max-video-preview:-1"},"canonical":"https:\/\/soloreglasgolf.com\/WordPress3\/reglas-2019\/iv-reglas-especiales-para-bunkers-y-greens\/regla-12\/","twitter_misc":{"Tiempo de lectura":"1 minuto"},"schema":{"@context":"https:\/\/schema.org","@graph":[{"@type":"WebPage","@id":"https:\/\/soloreglasgolf.com\/WordPress3\/reglas-2019\/iv-reglas-especiales-para-bunkers-y-greens\/regla-12\/","url":"https:\/\/soloreglasgolf.com\/WordPress3\/reglas-2019\/iv-reglas-especiales-para-bunkers-y-greens\/regla-12\/","name":"Regla 12 - Bunkers - SoloReglasGolf","isPartOf":{"@id":"http:\/\/soloreglasgolf.com\/WordPress3\/#website"},"datePublished":"2018-03-17T21:20:25+00:00","dateModified":"2021-05-13T20:07:31+00:00","breadcrumb":{"@id":"https:\/\/soloreglasgolf.com\/WordPress3\/reglas-2019\/iv-reglas-especiales-para-bunkers-y-greens\/regla-12\/#breadcrumb"},"inLanguage":"es","potentialAction":[{"@type":"ReadAction","target":["https:\/\/soloreglasgolf.com\/WordPress3\/reglas-2019\/iv-reglas-especiales-para-bunkers-y-greens\/regla-12\/"]}]},{"@type":"BreadcrumbList","@id":"https:\/\/soloreglasgolf.com\/WordPress3\/reglas-2019\/iv-reglas-especiales-para-bunkers-y-greens\/regla-12\/#breadcrumb","itemListElement":[{"@type":"ListItem","position":1,"name":"Portada","item":"http:\/\/soloreglasgolf.com\/WordPress3\/"},{"@type":"ListItem","position":2,"name":"Reglas 2019","item":"http:\/\/soloreglasgolf.com\/WordPress3\/reglas-2019\/"},{"@type":"ListItem","position":3,"name":"IV. Reglas Especiales para Bunkers y Greens","item":"https:\/\/soloreglasgolf.com\/WordPress3\/reglas-2019\/iv-reglas-especiales-para-bunkers-y-greens\/"},{"@type":"ListItem","position":4,"name":"Regla 12 &#8211; Bunkers"}]},{"@type":"WebSite","@id":"http:\/\/soloreglasgolf.com\/WordPress3\/#website","url":"http:\/\/soloreglasgolf.com\/WordPress3\/","name":"SoloReglasGolf","description":"Conversando sobre  Reglas de Golf","potentialAction":[{"@type":"SearchAction","target":{"@type":"EntryPoint","urlTemplate":"http:\/\/soloreglasgolf.com\/WordPress3\/?s={search_term_string}"},"query-input":"required name=search_term_string"}],"inLanguage":"es"}]}},"jetpack_sharing_enabled":true,"jetpack_shortlink":"https:\/\/wp.me\/P36cD2-3si","_links":{"self":[{"href":"http:\/\/soloreglasgolf.com\/WordPress3\/wp-json\/wp\/v2\/pages\/13286","targetHints":{"allow":["GET"]}}],"collection":[{"href":"http:\/\/soloreglasgolf.com\/WordPress3\/wp-json\/wp\/v2\/pages"}],"about":[{"href":"http:\/\/soloreglasgolf.com\/WordPress3\/wp-json\/wp\/v2\/types\/page"}],"author":[{"embeddable":true,"href":"http:\/\/soloreglasgolf.com\/WordPress3\/wp-json\/wp\/v2\/users\/28"}],"replies":[{"embeddable":true,"href":"http:\/\/soloreglasgolf.com\/WordPress3\/wp-json\/wp\/v2\/comments?post=13286"}],"version-history":[{"count":9,"href":"http:\/\/soloreglasgolf.com\/WordPress3\/wp-json\/wp\/v2\/pages\/13286\/revisions"}],"predecessor-version":[{"id":44271,"href":"http:\/\/soloreglasgolf.com\/WordPress3\/wp-json\/wp\/v2\/pages\/13286\/revisions\/44271"}],"up":[{"embeddable":true,"href":"http:\/\/soloreglasgolf.com\/WordPress3\/wp-json\/wp\/v2\/pages\/44195"}],"wp:attachment":[{"href":"http:\/\/soloreglasgolf.com\/WordPress3\/wp-json\/wp\/v2\/media?parent=13286"}],"curies":[{"name":"wp","href":"https:\/\/api.w.org\/{rel}","templated":true}]}}