{"id":13269,"date":"2018-03-17T17:59:09","date_gmt":"2018-03-17T16:59:09","guid":{"rendered":"http:\/\/soloreglasgolf.com\/WordPress3\/?page_id=13269"},"modified":"2021-05-07T16:33:22","modified_gmt":"2021-05-07T14:33:22","slug":"regla-04","status":"publish","type":"page","link":"http:\/\/soloreglasgolf.com\/WordPress3\/reglas-2019\/i_fundamentos_juego\/regla-04\/","title":{"rendered":"Regla 4 \u2013 El Equipo del Jugador"},"content":{"rendered":"<p>La Regla 4 describe el equipamiento que los jugadores pueden utilizar durante una vuelta. Basado en el principio de que el golf es un juego desafiante en el que el \u00e9xito del jugador deber\u00eda depender de su juicio, habilidades y capacidades, el jugador:<\/p>\n<ul>\n<li>Deber\u00e1 utilizar palos y bolas que sean conformes con las Reglas,<\/li>\n<li>Est\u00e1 limitado a no m\u00e1s de 14 palos y, normalmente, no debe sustituir palos<br \/>\nda\u00f1ados o perdidos, y<\/li>\n<li>Est\u00e1 limitado en el uso de otro equipamiento que proporcione ayuda artificial a<br \/>\nsu juego.<\/li>\n<\/ul>\n<p>Para conocer los requisitos detallados de palos, bolas y otro equipamiento, as\u00ed como el proceso para la consulta y env\u00edo de los mismos para su conformidad, v\u00e9anse las Reglas de Equipamiento.<\/p>\n<p>4.1 Palos<\/p>\n<p>4.2 Bolas<\/p>\n<div class=\"g g-2\"><div class=\"g-single a-14\"><script type=\"text\/javascript\"><!--\r\ngoogle_ad_client = \"ca-pub-2363348512557029\";\r\n\/* Blog pagina-post *\/\r\ngoogle_ad_slot = \"1564877784\";\r\ngoogle_ad_width = 728;\r\ngoogle_ad_height = 90;\r\n\/\/-->\r\n<\/script>\r\n<script type=\"text\/javascript\"\r\nsrc=\"http:\/\/pagead2.googlesyndication.com\/pagead\/show_ads.js\">\r\n<\/script><\/div><\/div>\n","protected":false},"excerpt":{"rendered":"<p>La Regla 4 describe el equipamiento que los jugadores pueden utilizar durante una vuelta. Basado en el principio de que el golf es un juego desafiante en el que el \u00e9xito del jugador deber\u00eda depender de su juicio, habilidades y capacidades, el jugador: Deber\u00e1 utilizar palos y bolas que sean conformes con las Reglas, Est\u00e1 <a href='http:\/\/soloreglasgolf.com\/WordPress3\/reglas-2019\/i_fundamentos_juego\/regla-04\/' class='excerpt-more'>[Leer + &#8230;]<\/a><\/p>\n","protected":false},"author":28,"featured_media":0,"parent":13310,"menu_order":4,"comment_status":"closed","ping_status":"closed","template":"","meta":{"jetpack_post_was_ever_published":false,"footnotes":""},"class_list":["post-13269","page","type-page","status-publish","hentry","post-seq-1","post-parity-odd","meta-position-corners","fix"],"yoast_head":"<!-- This site is optimized with the Yoast SEO plugin v22.0 - https:\/\/yoast.com\/wordpress\/plugins\/seo\/ -->\n<title>Regla 4 \u2013 El Equipo del Jugador - SoloReglasGolf<\/title>\n<meta name=\"robots\" content=\"index, follow, max-snippet:-1, max-image-preview:large, max-video-preview:-1\" \/>\n<link rel=\"canonical\" href=\"https:\/\/soloreglasgolf.com\/WordPress3\/reglas-2019\/i_fundamentos_juego\/regla-04\/\" \/>\n<meta name=\"twitter:label1\" content=\"Tiempo de lectura\" \/>\n\t<meta name=\"twitter:data1\" content=\"1 minuto\" \/>\n<script type=\"application\/ld+json\" class=\"yoast-schema-graph\">{\"@context\":\"https:\/\/schema.org\",\"@graph\":[{\"@type\":\"WebPage\",\"@id\":\"https:\/\/soloreglasgolf.com\/WordPress3\/reglas-2019\/i_fundamentos_juego\/regla-04\/\",\"url\":\"https:\/\/soloreglasgolf.com\/WordPress3\/reglas-2019\/i_fundamentos_juego\/regla-04\/\",\"name\":\"Regla 4 \u2013 El Equipo del Jugador - SoloReglasGolf\",\"isPartOf\":{\"@id\":\"http:\/\/soloreglasgolf.com\/WordPress3\/#website\"},\"datePublished\":\"2018-03-17T16:59:09+00:00\",\"dateModified\":\"2021-05-07T14:33:22+00:00\",\"breadcrumb\":{\"@id\":\"https:\/\/soloreglasgolf.com\/WordPress3\/reglas-2019\/i_fundamentos_juego\/regla-04\/#breadcrumb\"},\"inLanguage\":\"es\",\"potentialAction\":[{\"@type\":\"ReadAction\",\"target\":[\"https:\/\/soloreglasgolf.com\/WordPress3\/reglas-2019\/i_fundamentos_juego\/regla-04\/\"]}]},{\"@type\":\"BreadcrumbList\",\"@id\":\"https:\/\/soloreglasgolf.com\/WordPress3\/reglas-2019\/i_fundamentos_juego\/regla-04\/#breadcrumb\",\"itemListElement\":[{\"@type\":\"ListItem\",\"position\":1,\"name\":\"Portada\",\"item\":\"http:\/\/soloreglasgolf.com\/WordPress3\/\"},{\"@type\":\"ListItem\",\"position\":2,\"name\":\"Reglas 2019\",\"item\":\"http:\/\/soloreglasgolf.com\/WordPress3\/reglas-2019\/\"},{\"@type\":\"ListItem\",\"position\":3,\"name\":\"I. Fundamentos del Juego (Reglas 1-4)\",\"item\":\"http:\/\/soloreglasgolf.com\/WordPress3\/reglas-2019\/i_fundamentos_juego\/\"},{\"@type\":\"ListItem\",\"position\":4,\"name\":\"Regla 4 \u2013 El Equipo del Jugador\"}]},{\"@type\":\"WebSite\",\"@id\":\"http:\/\/soloreglasgolf.com\/WordPress3\/#website\",\"url\":\"http:\/\/soloreglasgolf.com\/WordPress3\/\",\"name\":\"SoloReglasGolf\",\"description\":\"Conversando sobre  Reglas de Golf\",\"potentialAction\":[{\"@type\":\"SearchAction\",\"target\":{\"@type\":\"EntryPoint\",\"urlTemplate\":\"http:\/\/soloreglasgolf.com\/WordPress3\/?s={search_term_string}\"},\"query-input\":\"required name=search_term_string\"}],\"inLanguage\":\"es\"}]}<\/script>\n<!-- \/ Yoast SEO plugin. -->","yoast_head_json":{"title":"Regla 4 \u2013 El Equipo del Jugador - SoloReglasGolf","robots":{"index":"index","follow":"follow","max-snippet":"max-snippet:-1","max-image-preview":"max-image-preview:large","max-video-preview":"max-video-preview:-1"},"canonical":"https:\/\/soloreglasgolf.com\/WordPress3\/reglas-2019\/i_fundamentos_juego\/regla-04\/","twitter_misc":{"Tiempo de lectura":"1 minuto"},"schema":{"@context":"https:\/\/schema.org","@graph":[{"@type":"WebPage","@id":"https:\/\/soloreglasgolf.com\/WordPress3\/reglas-2019\/i_fundamentos_juego\/regla-04\/","url":"https:\/\/soloreglasgolf.com\/WordPress3\/reglas-2019\/i_fundamentos_juego\/regla-04\/","name":"Regla 4 \u2013 El Equipo del Jugador - SoloReglasGolf","isPartOf":{"@id":"http:\/\/soloreglasgolf.com\/WordPress3\/#website"},"datePublished":"2018-03-17T16:59:09+00:00","dateModified":"2021-05-07T14:33:22+00:00","breadcrumb":{"@id":"https:\/\/soloreglasgolf.com\/WordPress3\/reglas-2019\/i_fundamentos_juego\/regla-04\/#breadcrumb"},"inLanguage":"es","potentialAction":[{"@type":"ReadAction","target":["https:\/\/soloreglasgolf.com\/WordPress3\/reglas-2019\/i_fundamentos_juego\/regla-04\/"]}]},{"@type":"BreadcrumbList","@id":"https:\/\/soloreglasgolf.com\/WordPress3\/reglas-2019\/i_fundamentos_juego\/regla-04\/#breadcrumb","itemListElement":[{"@type":"ListItem","position":1,"name":"Portada","item":"http:\/\/soloreglasgolf.com\/WordPress3\/"},{"@type":"ListItem","position":2,"name":"Reglas 2019","item":"http:\/\/soloreglasgolf.com\/WordPress3\/reglas-2019\/"},{"@type":"ListItem","position":3,"name":"I. Fundamentos del Juego (Reglas 1-4)","item":"http:\/\/soloreglasgolf.com\/WordPress3\/reglas-2019\/i_fundamentos_juego\/"},{"@type":"ListItem","position":4,"name":"Regla 4 \u2013 El Equipo del Jugador"}]},{"@type":"WebSite","@id":"http:\/\/soloreglasgolf.com\/WordPress3\/#website","url":"http:\/\/soloreglasgolf.com\/WordPress3\/","name":"SoloReglasGolf","description":"Conversando sobre  Reglas de Golf","potentialAction":[{"@type":"SearchAction","target":{"@type":"EntryPoint","urlTemplate":"http:\/\/soloreglasgolf.com\/WordPress3\/?s={search_term_string}"},"query-input":"required name=search_term_string"}],"inLanguage":"es"}]}},"jetpack_sharing_enabled":true,"jetpack_shortlink":"https:\/\/wp.me\/P36cD2-3s1","_links":{"self":[{"href":"http:\/\/soloreglasgolf.com\/WordPress3\/wp-json\/wp\/v2\/pages\/13269","targetHints":{"allow":["GET"]}}],"collection":[{"href":"http:\/\/soloreglasgolf.com\/WordPress3\/wp-json\/wp\/v2\/pages"}],"about":[{"href":"http:\/\/soloreglasgolf.com\/WordPress3\/wp-json\/wp\/v2\/types\/page"}],"author":[{"embeddable":true,"href":"http:\/\/soloreglasgolf.com\/WordPress3\/wp-json\/wp\/v2\/users\/28"}],"replies":[{"embeddable":true,"href":"http:\/\/soloreglasgolf.com\/WordPress3\/wp-json\/wp\/v2\/comments?post=13269"}],"version-history":[{"count":5,"href":"http:\/\/soloreglasgolf.com\/WordPress3\/wp-json\/wp\/v2\/pages\/13269\/revisions"}],"predecessor-version":[{"id":44041,"href":"http:\/\/soloreglasgolf.com\/WordPress3\/wp-json\/wp\/v2\/pages\/13269\/revisions\/44041"}],"up":[{"embeddable":true,"href":"http:\/\/soloreglasgolf.com\/WordPress3\/wp-json\/wp\/v2\/pages\/13310"}],"wp:attachment":[{"href":"http:\/\/soloreglasgolf.com\/WordPress3\/wp-json\/wp\/v2\/media?parent=13269"}],"curies":[{"name":"wp","href":"https:\/\/api.w.org\/{rel}","templated":true}]}}