{"id":11077,"date":"2013-08-12T19:00:29","date_gmt":"2013-08-12T17:00:29","guid":{"rendered":"http:\/\/soloreglasgolf.com\/WordPress3\/?page_id=11077"},"modified":"2021-04-30T13:37:15","modified_gmt":"2021-04-30T11:37:15","slug":"donde-dropar-bola-fuera-limites","status":"publish","type":"page","link":"http:\/\/soloreglasgolf.com\/WordPress3\/donde-dropar-bola-fuera-limites\/","title":{"rendered":"\u00bfD\u00f3nde dropar bola situada fuera de limites?"},"content":{"rendered":"<p>Cuando una bola est\u00e1 <a href=\"http:\/\/soloreglasgolf.com\/WordPress3\/definiciones-2019-2022\/objeto-de-limites\/\">fuera de l\u00edmites<\/a> la <span style=\"text-decoration: underline;\">\u00fanica posibilidad <\/span>de continuar el juego<span style=\"text-decoration: underline;\"> es jugar otra bola desde el punto donde se ejecut\u00f3 el \u00faltimo golpe<\/span>.<\/p>\n<p>Si ese \u00faltimo golpe se ha dado desde el <a href=\"http:\/\/soloreglasgolf.com\/WordPress3\/definiciones-2019-2022\/area-de-salida\/\">Area de Salida<\/a> entonces la bola puede ser colocada. En caso contrario debe ser dropada.<\/p>\n<p>Para m\u00e1s informaci\u00f3n ver la <a href=\"http:\/\/soloreglasgolf.com\/WordPress3\/reglas-2019\/regla-18\/\">Regla 18.2<\/a>.<\/p>\n<div class=\"g g-2\"><div class=\"g-single a-14\"><script type=\"text\/javascript\"><!--\r\ngoogle_ad_client = \"ca-pub-2363348512557029\";\r\n\/* Blog pagina-post *\/\r\ngoogle_ad_slot = \"1564877784\";\r\ngoogle_ad_width = 728;\r\ngoogle_ad_height = 90;\r\n\/\/-->\r\n<\/script>\r\n<script type=\"text\/javascript\"\r\nsrc=\"http:\/\/pagead2.googlesyndication.com\/pagead\/show_ads.js\">\r\n<\/script><\/div><\/div>\n","protected":false},"excerpt":{"rendered":"<p>Cuando una bola est\u00e1 fuera de l\u00edmites la \u00fanica posibilidad de continuar el juego es jugar otra bola desde el punto donde se ejecut\u00f3 el \u00faltimo golpe. Si ese \u00faltimo golpe se ha dado desde el Area de Salida entonces la bola puede ser colocada. En caso contrario debe ser dropada. Para m\u00e1s informaci\u00f3n ver <a href='http:\/\/soloreglasgolf.com\/WordPress3\/donde-dropar-bola-fuera-limites\/' class='excerpt-more'>[Leer + &#8230;]<\/a><\/p>\n","protected":false},"author":28,"featured_media":0,"parent":0,"menu_order":0,"comment_status":"closed","ping_status":"open","template":"","meta":{"jetpack_post_was_ever_published":false,"footnotes":""},"class_list":["post-11077","page","type-page","status-publish","hentry","post-seq-1","post-parity-odd","meta-position-corners","fix"],"yoast_head":"<!-- This site is optimized with the Yoast SEO plugin v22.0 - https:\/\/yoast.com\/wordpress\/plugins\/seo\/ -->\n<title>\u00bfD\u00f3nde dropar bola situada fuera de limites? - SoloReglasGolf<\/title>\n<meta name=\"robots\" content=\"index, follow, max-snippet:-1, max-image-preview:large, max-video-preview:-1\" \/>\n<link rel=\"canonical\" href=\"http:\/\/soloreglasgolf.com\/WordPress3\/donde-dropar-bola-fuera-limites\/\" \/>\n<meta name=\"twitter:label1\" content=\"Tiempo de lectura\" \/>\n\t<meta name=\"twitter:data1\" content=\"1 minuto\" \/>\n<script type=\"application\/ld+json\" class=\"yoast-schema-graph\">{\"@context\":\"https:\/\/schema.org\",\"@graph\":[{\"@type\":\"WebPage\",\"@id\":\"http:\/\/soloreglasgolf.com\/WordPress3\/donde-dropar-bola-fuera-limites\/\",\"url\":\"http:\/\/soloreglasgolf.com\/WordPress3\/donde-dropar-bola-fuera-limites\/\",\"name\":\"\u00bfD\u00f3nde dropar bola situada fuera de limites? - SoloReglasGolf\",\"isPartOf\":{\"@id\":\"http:\/\/soloreglasgolf.com\/WordPress3\/#website\"},\"datePublished\":\"2013-08-12T17:00:29+00:00\",\"dateModified\":\"2021-04-30T11:37:15+00:00\",\"breadcrumb\":{\"@id\":\"http:\/\/soloreglasgolf.com\/WordPress3\/donde-dropar-bola-fuera-limites\/#breadcrumb\"},\"inLanguage\":\"es\",\"potentialAction\":[{\"@type\":\"ReadAction\",\"target\":[\"http:\/\/soloreglasgolf.com\/WordPress3\/donde-dropar-bola-fuera-limites\/\"]}]},{\"@type\":\"BreadcrumbList\",\"@id\":\"http:\/\/soloreglasgolf.com\/WordPress3\/donde-dropar-bola-fuera-limites\/#breadcrumb\",\"itemListElement\":[{\"@type\":\"ListItem\",\"position\":1,\"name\":\"Portada\",\"item\":\"http:\/\/soloreglasgolf.com\/WordPress3\/\"},{\"@type\":\"ListItem\",\"position\":2,\"name\":\"\u00bfD\u00f3nde dropar bola situada fuera de limites?\"}]},{\"@type\":\"WebSite\",\"@id\":\"http:\/\/soloreglasgolf.com\/WordPress3\/#website\",\"url\":\"http:\/\/soloreglasgolf.com\/WordPress3\/\",\"name\":\"SoloReglasGolf\",\"description\":\"Conversando sobre  Reglas de Golf\",\"potentialAction\":[{\"@type\":\"SearchAction\",\"target\":{\"@type\":\"EntryPoint\",\"urlTemplate\":\"http:\/\/soloreglasgolf.com\/WordPress3\/?s={search_term_string}\"},\"query-input\":\"required name=search_term_string\"}],\"inLanguage\":\"es\"}]}<\/script>\n<!-- \/ Yoast SEO plugin. -->","yoast_head_json":{"title":"\u00bfD\u00f3nde dropar bola situada fuera de limites? - SoloReglasGolf","robots":{"index":"index","follow":"follow","max-snippet":"max-snippet:-1","max-image-preview":"max-image-preview:large","max-video-preview":"max-video-preview:-1"},"canonical":"http:\/\/soloreglasgolf.com\/WordPress3\/donde-dropar-bola-fuera-limites\/","twitter_misc":{"Tiempo de lectura":"1 minuto"},"schema":{"@context":"https:\/\/schema.org","@graph":[{"@type":"WebPage","@id":"http:\/\/soloreglasgolf.com\/WordPress3\/donde-dropar-bola-fuera-limites\/","url":"http:\/\/soloreglasgolf.com\/WordPress3\/donde-dropar-bola-fuera-limites\/","name":"\u00bfD\u00f3nde dropar bola situada fuera de limites? - SoloReglasGolf","isPartOf":{"@id":"http:\/\/soloreglasgolf.com\/WordPress3\/#website"},"datePublished":"2013-08-12T17:00:29+00:00","dateModified":"2021-04-30T11:37:15+00:00","breadcrumb":{"@id":"http:\/\/soloreglasgolf.com\/WordPress3\/donde-dropar-bola-fuera-limites\/#breadcrumb"},"inLanguage":"es","potentialAction":[{"@type":"ReadAction","target":["http:\/\/soloreglasgolf.com\/WordPress3\/donde-dropar-bola-fuera-limites\/"]}]},{"@type":"BreadcrumbList","@id":"http:\/\/soloreglasgolf.com\/WordPress3\/donde-dropar-bola-fuera-limites\/#breadcrumb","itemListElement":[{"@type":"ListItem","position":1,"name":"Portada","item":"http:\/\/soloreglasgolf.com\/WordPress3\/"},{"@type":"ListItem","position":2,"name":"\u00bfD\u00f3nde dropar bola situada fuera de limites?"}]},{"@type":"WebSite","@id":"http:\/\/soloreglasgolf.com\/WordPress3\/#website","url":"http:\/\/soloreglasgolf.com\/WordPress3\/","name":"SoloReglasGolf","description":"Conversando sobre  Reglas de Golf","potentialAction":[{"@type":"SearchAction","target":{"@type":"EntryPoint","urlTemplate":"http:\/\/soloreglasgolf.com\/WordPress3\/?s={search_term_string}"},"query-input":"required name=search_term_string"}],"inLanguage":"es"}]}},"jetpack_sharing_enabled":true,"jetpack_shortlink":"https:\/\/wp.me\/P36cD2-2SF","_links":{"self":[{"href":"http:\/\/soloreglasgolf.com\/WordPress3\/wp-json\/wp\/v2\/pages\/11077","targetHints":{"allow":["GET"]}}],"collection":[{"href":"http:\/\/soloreglasgolf.com\/WordPress3\/wp-json\/wp\/v2\/pages"}],"about":[{"href":"http:\/\/soloreglasgolf.com\/WordPress3\/wp-json\/wp\/v2\/types\/page"}],"author":[{"embeddable":true,"href":"http:\/\/soloreglasgolf.com\/WordPress3\/wp-json\/wp\/v2\/users\/28"}],"replies":[{"embeddable":true,"href":"http:\/\/soloreglasgolf.com\/WordPress3\/wp-json\/wp\/v2\/comments?post=11077"}],"version-history":[{"count":2,"href":"http:\/\/soloreglasgolf.com\/WordPress3\/wp-json\/wp\/v2\/pages\/11077\/revisions"}],"predecessor-version":[{"id":43843,"href":"http:\/\/soloreglasgolf.com\/WordPress3\/wp-json\/wp\/v2\/pages\/11077\/revisions\/43843"}],"wp:attachment":[{"href":"http:\/\/soloreglasgolf.com\/WordPress3\/wp-json\/wp\/v2\/media?parent=11077"}],"curies":[{"name":"wp","href":"https:\/\/api.w.org\/{rel}","templated":true}]}}