{"id":11072,"date":"2013-08-13T22:15:57","date_gmt":"2013-08-13T20:15:57","guid":{"rendered":"http:\/\/soloreglasgolf.com\/WordPress3\/?page_id=11072"},"modified":"2021-04-30T15:52:36","modified_gmt":"2021-04-30T13:52:36","slug":"modalidad-contra-par","status":"publish","type":"page","link":"http:\/\/soloreglasgolf.com\/WordPress3\/ipsofacto\/modalidad-contra-par\/","title":{"rendered":"Modalidad Contra Par"},"content":{"rendered":"<p>La<strong> modalidad Contra Par<\/strong> es una modalidad de <strong>juego por golpes<\/strong>, en la que se juega contra un resultado fijado para cada hoyo.<\/p>\n<p>El <strong>jugador compite<\/strong> <strong>contra el par neto del hoyo<\/strong> que est\u00e1 jugando.<\/p>\n<p>Si el jugador hace un resultado menor del par neto obtiene 1 punto, si hace el par suma 0 puntos y si hace un resultado superior se le resta 1 punto. Aunque sea una modalidad de juego por golpes, a nivel de forma de puntuar podr\u00edamos decir que es como si jug\u00e1semos un Match-Play contra un jugador de nuestro mismo handicap que cumple con su par en todos y cadauno de los hoyos.<\/p>\n<p>Por ejemplo, un jugador con <a title=\"Diferencias entre Handicap Exacto y Handicap de Juego\" href=\"http:\/\/soloreglasgolf.com\/WordPress3\/ipsofacto\/diferencia-handicap-exacto-handicap-juego\/\">handicap de juego<\/a> 18, en un hoyo par 3 su par neto ser\u00eda de 4 golpes. Por tanto si el resultado del hoyo es:<\/p>\n<ul>\n<li>\u00a03 o menos golpes, entonces sumar\u00eda 1 punto<\/li>\n<li>4 golpes, sumar\u00eda 0 puntos<\/li>\n<li>5 o m\u00e1s golpes, se le restar\u00eda 1 punto.<\/li>\n<\/ul>\n<p>Por tanto el <strong>resultado m\u00e1ximo<\/strong> posible de una competici\u00f3n contra par ser\u00edan <strong>18 puntos<\/strong> (ser\u00eda el equivalente a no menos de 54 puntos stableford \ud83d\ude42 ) y el<strong> resultado m\u00ednimo<\/strong> ser\u00eda -18 puntos. Resultados \u00abnormales\u00bb se encontrar\u00edan en el intervalo de -6 puntos a +6 puntos.<\/p>\n<p>La modalidad contra par es una <a title=\"Modalidades juego v\u00e1lidas para modificar handicap\" href=\"http:\/\/soloreglasgolf.com\/WordPress3\/libro-verde\/modalidades-juego-validas-modificar-handicap\/\">modalidad v\u00e1lida<\/a>. A efectos de actualizar el h\u00e1ndicap, la puntuaci\u00f3n contra par se convierte a puntuaci\u00f3n stableford <strong>sumando 36 puntos al resultado contra par<\/strong>, o sea que +3 puntos ser convertir\u00edan en 39 puntos stableford.<\/p>\n<p>La modalidad Contra Par se regula en la Regla 32.<\/p>\n<div class=\"g g-2\"><div class=\"g-single a-15\"><script type=\"text\/javascript\"><!--\r\ngoogle_ad_client = \"ca-pub-2363348512557029\";\r\n\/* Blog pagina-post *\/\r\ngoogle_ad_slot = \"1564877784\";\r\ngoogle_ad_width = 728;\r\ngoogle_ad_height = 90;\r\n\/\/-->\r\n<\/script>\r\n<script type=\"text\/javascript\"\r\nsrc=\"http:\/\/pagead2.googlesyndication.com\/pagead\/show_ads.js\">\r\n<\/script><\/div><\/div>\n<p>&nbsp;<\/p>\n","protected":false},"excerpt":{"rendered":"<p>La modalidad Contra Par es una modalidad de juego por golpes, en la que se juega contra un resultado fijado para cada hoyo. El jugador compite contra el par neto del hoyo que est\u00e1 jugando. Si el jugador hace un resultado menor del par neto obtiene 1 punto, si hace el par suma 0 puntos <a href='http:\/\/soloreglasgolf.com\/WordPress3\/ipsofacto\/modalidad-contra-par\/' class='excerpt-more'>[Leer + &#8230;]<\/a><\/p>\n","protected":false},"author":28,"featured_media":0,"parent":9089,"menu_order":0,"comment_status":"closed","ping_status":"open","template":"","meta":{"jetpack_post_was_ever_published":false,"footnotes":""},"class_list":["post-11072","page","type-page","status-publish","hentry","post-seq-1","post-parity-odd","meta-position-corners","fix"],"yoast_head":"<!-- This site is optimized with the Yoast SEO plugin v22.0 - https:\/\/yoast.com\/wordpress\/plugins\/seo\/ -->\n<title>Modalidad Contra Par - SoloReglasGolf<\/title>\n<meta name=\"robots\" content=\"index, follow, max-snippet:-1, max-image-preview:large, max-video-preview:-1\" \/>\n<link rel=\"canonical\" href=\"http:\/\/soloreglasgolf.com\/WordPress3\/ipsofacto\/modalidad-contra-par\/\" \/>\n<meta name=\"twitter:label1\" content=\"Tiempo de lectura\" \/>\n\t<meta name=\"twitter:data1\" content=\"1 minuto\" \/>\n<script type=\"application\/ld+json\" class=\"yoast-schema-graph\">{\"@context\":\"https:\/\/schema.org\",\"@graph\":[{\"@type\":\"WebPage\",\"@id\":\"http:\/\/soloreglasgolf.com\/WordPress3\/ipsofacto\/modalidad-contra-par\/\",\"url\":\"http:\/\/soloreglasgolf.com\/WordPress3\/ipsofacto\/modalidad-contra-par\/\",\"name\":\"Modalidad Contra Par - SoloReglasGolf\",\"isPartOf\":{\"@id\":\"http:\/\/soloreglasgolf.com\/WordPress3\/#website\"},\"datePublished\":\"2013-08-13T20:15:57+00:00\",\"dateModified\":\"2021-04-30T13:52:36+00:00\",\"breadcrumb\":{\"@id\":\"http:\/\/soloreglasgolf.com\/WordPress3\/ipsofacto\/modalidad-contra-par\/#breadcrumb\"},\"inLanguage\":\"es\",\"potentialAction\":[{\"@type\":\"ReadAction\",\"target\":[\"http:\/\/soloreglasgolf.com\/WordPress3\/ipsofacto\/modalidad-contra-par\/\"]}]},{\"@type\":\"BreadcrumbList\",\"@id\":\"http:\/\/soloreglasgolf.com\/WordPress3\/ipsofacto\/modalidad-contra-par\/#breadcrumb\",\"itemListElement\":[{\"@type\":\"ListItem\",\"position\":1,\"name\":\"Portada\",\"item\":\"http:\/\/soloreglasgolf.com\/WordPress3\/\"},{\"@type\":\"ListItem\",\"position\":2,\"name\":\"IpsoFacto\",\"item\":\"http:\/\/soloreglasgolf.com\/WordPress3\/ipsofacto\/\"},{\"@type\":\"ListItem\",\"position\":3,\"name\":\"Modalidad Contra Par\"}]},{\"@type\":\"WebSite\",\"@id\":\"http:\/\/soloreglasgolf.com\/WordPress3\/#website\",\"url\":\"http:\/\/soloreglasgolf.com\/WordPress3\/\",\"name\":\"SoloReglasGolf\",\"description\":\"Conversando sobre  Reglas de Golf\",\"potentialAction\":[{\"@type\":\"SearchAction\",\"target\":{\"@type\":\"EntryPoint\",\"urlTemplate\":\"http:\/\/soloreglasgolf.com\/WordPress3\/?s={search_term_string}\"},\"query-input\":\"required name=search_term_string\"}],\"inLanguage\":\"es\"}]}<\/script>\n<!-- \/ Yoast SEO plugin. -->","yoast_head_json":{"title":"Modalidad Contra Par - SoloReglasGolf","robots":{"index":"index","follow":"follow","max-snippet":"max-snippet:-1","max-image-preview":"max-image-preview:large","max-video-preview":"max-video-preview:-1"},"canonical":"http:\/\/soloreglasgolf.com\/WordPress3\/ipsofacto\/modalidad-contra-par\/","twitter_misc":{"Tiempo de lectura":"1 minuto"},"schema":{"@context":"https:\/\/schema.org","@graph":[{"@type":"WebPage","@id":"http:\/\/soloreglasgolf.com\/WordPress3\/ipsofacto\/modalidad-contra-par\/","url":"http:\/\/soloreglasgolf.com\/WordPress3\/ipsofacto\/modalidad-contra-par\/","name":"Modalidad Contra Par - SoloReglasGolf","isPartOf":{"@id":"http:\/\/soloreglasgolf.com\/WordPress3\/#website"},"datePublished":"2013-08-13T20:15:57+00:00","dateModified":"2021-04-30T13:52:36+00:00","breadcrumb":{"@id":"http:\/\/soloreglasgolf.com\/WordPress3\/ipsofacto\/modalidad-contra-par\/#breadcrumb"},"inLanguage":"es","potentialAction":[{"@type":"ReadAction","target":["http:\/\/soloreglasgolf.com\/WordPress3\/ipsofacto\/modalidad-contra-par\/"]}]},{"@type":"BreadcrumbList","@id":"http:\/\/soloreglasgolf.com\/WordPress3\/ipsofacto\/modalidad-contra-par\/#breadcrumb","itemListElement":[{"@type":"ListItem","position":1,"name":"Portada","item":"http:\/\/soloreglasgolf.com\/WordPress3\/"},{"@type":"ListItem","position":2,"name":"IpsoFacto","item":"http:\/\/soloreglasgolf.com\/WordPress3\/ipsofacto\/"},{"@type":"ListItem","position":3,"name":"Modalidad Contra Par"}]},{"@type":"WebSite","@id":"http:\/\/soloreglasgolf.com\/WordPress3\/#website","url":"http:\/\/soloreglasgolf.com\/WordPress3\/","name":"SoloReglasGolf","description":"Conversando sobre  Reglas de Golf","potentialAction":[{"@type":"SearchAction","target":{"@type":"EntryPoint","urlTemplate":"http:\/\/soloreglasgolf.com\/WordPress3\/?s={search_term_string}"},"query-input":"required name=search_term_string"}],"inLanguage":"es"}]}},"jetpack_sharing_enabled":true,"jetpack_shortlink":"https:\/\/wp.me\/P36cD2-2SA","_links":{"self":[{"href":"http:\/\/soloreglasgolf.com\/WordPress3\/wp-json\/wp\/v2\/pages\/11072","targetHints":{"allow":["GET"]}}],"collection":[{"href":"http:\/\/soloreglasgolf.com\/WordPress3\/wp-json\/wp\/v2\/pages"}],"about":[{"href":"http:\/\/soloreglasgolf.com\/WordPress3\/wp-json\/wp\/v2\/types\/page"}],"author":[{"embeddable":true,"href":"http:\/\/soloreglasgolf.com\/WordPress3\/wp-json\/wp\/v2\/users\/28"}],"replies":[{"embeddable":true,"href":"http:\/\/soloreglasgolf.com\/WordPress3\/wp-json\/wp\/v2\/comments?post=11072"}],"version-history":[{"count":1,"href":"http:\/\/soloreglasgolf.com\/WordPress3\/wp-json\/wp\/v2\/pages\/11072\/revisions"}],"predecessor-version":[{"id":43892,"href":"http:\/\/soloreglasgolf.com\/WordPress3\/wp-json\/wp\/v2\/pages\/11072\/revisions\/43892"}],"up":[{"embeddable":true,"href":"http:\/\/soloreglasgolf.com\/WordPress3\/wp-json\/wp\/v2\/pages\/9089"}],"wp:attachment":[{"href":"http:\/\/soloreglasgolf.com\/WordPress3\/wp-json\/wp\/v2\/media?parent=11072"}],"curies":[{"name":"wp","href":"https:\/\/api.w.org\/{rel}","templated":true}]}}