{"id":10727,"date":"2013-05-27T22:52:52","date_gmt":"2013-05-27T20:52:52","guid":{"rendered":"http:\/\/soloreglasgolf.com\/WordPress3\/?page_id=10727"},"modified":"2013-05-27T22:58:54","modified_gmt":"2013-05-27T20:58:54","slug":"obtrucciones-inamovibles-proximas-a-green","status":"publish","type":"page","link":"http:\/\/soloreglasgolf.com\/WordPress3\/obtrucciones-inamovibles-proximas-a-green\/","title":{"rendered":"Obtrucciones Inamovibles pr\u00f3ximas a green"},"content":{"rendered":"<p>La Regla 24-2 proporciona alivio sin penalidad de una interferencia por una obstrucci\u00f3n inamovible, pero tambi\u00e9n estipula que, excepto en el green, la intervenci\u00f3n en la l\u00ednea de juego no es, por si misma, interferencia bajo esta Regla.<\/p>\n<p>Sin embargo, en algunos campos la hierba de los antegreenes est\u00e1 tan segada que los jugadores pueden desear patear desde fuera del green. En tales condiciones, las obstrucciones inamovibles en antegreen pueden interferir en el desarrollo normal del juego y estar\u00eda justificada la introducci\u00f3n de la siguiente Regla Local concediendo alivio adicional sin penalidad de la intervenci\u00f3n por una obstrucci\u00f3n inamovible:<\/p>\n<p><em>\u201cPuede obtenerse alivio bajo la Regla 24-2 de interferencia por una obstrucci\u00f3n inamovible. Adem\u00e1s, si una bola reposa fuera del green pero no en un obst\u00e1culo y si una obstrucci\u00f3n en o dentro de la distancia de dos palos del green y dentro de la distancia de dos palos de la bola, interviene en la l\u00ednea de juego entre la bola y el agujero, y el jugador puede aliviarse como sigue:<\/em><\/p>\n<p><em>La bola debe ser levantada y dropada en el punto m\u00e1s cercano de donde reposaba que (a) no est\u00e9 m\u00e1s cerca del agujero, (b) evite la intervenci\u00f3n, y (c) no est\u00e9 en un obst\u00e1culo o en un green. La bola puede ser limpiada al levantarla.<\/em><\/p>\n<p><em>Es tambi\u00e9n posible alivio bajo esta Regla Local si la bola del jugador reposa en el green y una obstrucci\u00f3n inamovible situada dentro de la distancia de dos palos del green interviene en su l\u00ednea de putt. El jugador puede aliviarse como sigue:<\/em><\/p>\n<p><em>La bola debe ser levantada y colocada en el punto m\u00e1s cercano de donde reposaba que (a) no est\u00e9 m\u00e1s cerca del agujero, (b) evite la intervenci\u00f3n, y (c) no est\u00e9 en un obst\u00e1culo. La bola puede ser limpiada al levantarla.\u00bb<\/em><\/p>\n<div class=\"g g-2\"><div class=\"g-single a-14\"><script type=\"text\/javascript\"><!--\r\ngoogle_ad_client = \"ca-pub-2363348512557029\";\r\n\/* Blog pagina-post *\/\r\ngoogle_ad_slot = \"1564877784\";\r\ngoogle_ad_width = 728;\r\ngoogle_ad_height = 90;\r\n\/\/-->\r\n<\/script>\r\n<script type=\"text\/javascript\"\r\nsrc=\"http:\/\/pagead2.googlesyndication.com\/pagead\/show_ads.js\">\r\n<\/script><\/div><\/div>\n","protected":false},"excerpt":{"rendered":"<p>La Regla 24-2 proporciona alivio sin penalidad de una interferencia por una obstrucci\u00f3n inamovible, pero tambi\u00e9n estipula que, excepto en el green, la intervenci\u00f3n en la l\u00ednea de juego no es, por si misma, interferencia bajo esta Regla. Sin embargo, en algunos campos la hierba de los antegreenes est\u00e1 tan segada que los jugadores pueden <a href='http:\/\/soloreglasgolf.com\/WordPress3\/obtrucciones-inamovibles-proximas-a-green\/' class='excerpt-more'>[Leer + &#8230;]<\/a><\/p>\n","protected":false},"author":28,"featured_media":0,"parent":0,"menu_order":0,"comment_status":"closed","ping_status":"open","template":"","meta":{"jetpack_post_was_ever_published":false,"footnotes":""},"class_list":["post-10727","page","type-page","status-publish","hentry","post-seq-1","post-parity-odd","meta-position-corners","fix"],"yoast_head":"<!-- This site is optimized with the Yoast SEO plugin v22.0 - https:\/\/yoast.com\/wordpress\/plugins\/seo\/ -->\n<title>Obtrucciones Inamovibles pr\u00f3ximas a green - SoloReglasGolf<\/title>\n<meta name=\"robots\" content=\"index, follow, max-snippet:-1, max-image-preview:large, max-video-preview:-1\" \/>\n<link rel=\"canonical\" href=\"http:\/\/soloreglasgolf.com\/WordPress3\/obtrucciones-inamovibles-proximas-a-green\/\" \/>\n<meta name=\"twitter:label1\" content=\"Tiempo de lectura\" \/>\n\t<meta name=\"twitter:data1\" content=\"2 minutos\" \/>\n<script type=\"application\/ld+json\" class=\"yoast-schema-graph\">{\"@context\":\"https:\/\/schema.org\",\"@graph\":[{\"@type\":\"WebPage\",\"@id\":\"http:\/\/soloreglasgolf.com\/WordPress3\/obtrucciones-inamovibles-proximas-a-green\/\",\"url\":\"http:\/\/soloreglasgolf.com\/WordPress3\/obtrucciones-inamovibles-proximas-a-green\/\",\"name\":\"Obtrucciones Inamovibles pr\u00f3ximas a green - SoloReglasGolf\",\"isPartOf\":{\"@id\":\"http:\/\/soloreglasgolf.com\/WordPress3\/#website\"},\"datePublished\":\"2013-05-27T20:52:52+00:00\",\"dateModified\":\"2013-05-27T20:58:54+00:00\",\"breadcrumb\":{\"@id\":\"http:\/\/soloreglasgolf.com\/WordPress3\/obtrucciones-inamovibles-proximas-a-green\/#breadcrumb\"},\"inLanguage\":\"es\",\"potentialAction\":[{\"@type\":\"ReadAction\",\"target\":[\"http:\/\/soloreglasgolf.com\/WordPress3\/obtrucciones-inamovibles-proximas-a-green\/\"]}]},{\"@type\":\"BreadcrumbList\",\"@id\":\"http:\/\/soloreglasgolf.com\/WordPress3\/obtrucciones-inamovibles-proximas-a-green\/#breadcrumb\",\"itemListElement\":[{\"@type\":\"ListItem\",\"position\":1,\"name\":\"Portada\",\"item\":\"http:\/\/soloreglasgolf.com\/WordPress3\/\"},{\"@type\":\"ListItem\",\"position\":2,\"name\":\"Obtrucciones Inamovibles pr\u00f3ximas a green\"}]},{\"@type\":\"WebSite\",\"@id\":\"http:\/\/soloreglasgolf.com\/WordPress3\/#website\",\"url\":\"http:\/\/soloreglasgolf.com\/WordPress3\/\",\"name\":\"SoloReglasGolf\",\"description\":\"Conversando sobre  Reglas de Golf\",\"potentialAction\":[{\"@type\":\"SearchAction\",\"target\":{\"@type\":\"EntryPoint\",\"urlTemplate\":\"http:\/\/soloreglasgolf.com\/WordPress3\/?s={search_term_string}\"},\"query-input\":\"required name=search_term_string\"}],\"inLanguage\":\"es\"}]}<\/script>\n<!-- \/ Yoast SEO plugin. -->","yoast_head_json":{"title":"Obtrucciones Inamovibles pr\u00f3ximas a green - SoloReglasGolf","robots":{"index":"index","follow":"follow","max-snippet":"max-snippet:-1","max-image-preview":"max-image-preview:large","max-video-preview":"max-video-preview:-1"},"canonical":"http:\/\/soloreglasgolf.com\/WordPress3\/obtrucciones-inamovibles-proximas-a-green\/","twitter_misc":{"Tiempo de lectura":"2 minutos"},"schema":{"@context":"https:\/\/schema.org","@graph":[{"@type":"WebPage","@id":"http:\/\/soloreglasgolf.com\/WordPress3\/obtrucciones-inamovibles-proximas-a-green\/","url":"http:\/\/soloreglasgolf.com\/WordPress3\/obtrucciones-inamovibles-proximas-a-green\/","name":"Obtrucciones Inamovibles pr\u00f3ximas a green - SoloReglasGolf","isPartOf":{"@id":"http:\/\/soloreglasgolf.com\/WordPress3\/#website"},"datePublished":"2013-05-27T20:52:52+00:00","dateModified":"2013-05-27T20:58:54+00:00","breadcrumb":{"@id":"http:\/\/soloreglasgolf.com\/WordPress3\/obtrucciones-inamovibles-proximas-a-green\/#breadcrumb"},"inLanguage":"es","potentialAction":[{"@type":"ReadAction","target":["http:\/\/soloreglasgolf.com\/WordPress3\/obtrucciones-inamovibles-proximas-a-green\/"]}]},{"@type":"BreadcrumbList","@id":"http:\/\/soloreglasgolf.com\/WordPress3\/obtrucciones-inamovibles-proximas-a-green\/#breadcrumb","itemListElement":[{"@type":"ListItem","position":1,"name":"Portada","item":"http:\/\/soloreglasgolf.com\/WordPress3\/"},{"@type":"ListItem","position":2,"name":"Obtrucciones Inamovibles pr\u00f3ximas a green"}]},{"@type":"WebSite","@id":"http:\/\/soloreglasgolf.com\/WordPress3\/#website","url":"http:\/\/soloreglasgolf.com\/WordPress3\/","name":"SoloReglasGolf","description":"Conversando sobre  Reglas de Golf","potentialAction":[{"@type":"SearchAction","target":{"@type":"EntryPoint","urlTemplate":"http:\/\/soloreglasgolf.com\/WordPress3\/?s={search_term_string}"},"query-input":"required name=search_term_string"}],"inLanguage":"es"}]}},"jetpack_sharing_enabled":true,"jetpack_shortlink":"https:\/\/wp.me\/P36cD2-2N1","_links":{"self":[{"href":"http:\/\/soloreglasgolf.com\/WordPress3\/wp-json\/wp\/v2\/pages\/10727","targetHints":{"allow":["GET"]}}],"collection":[{"href":"http:\/\/soloreglasgolf.com\/WordPress3\/wp-json\/wp\/v2\/pages"}],"about":[{"href":"http:\/\/soloreglasgolf.com\/WordPress3\/wp-json\/wp\/v2\/types\/page"}],"author":[{"embeddable":true,"href":"http:\/\/soloreglasgolf.com\/WordPress3\/wp-json\/wp\/v2\/users\/28"}],"replies":[{"embeddable":true,"href":"http:\/\/soloreglasgolf.com\/WordPress3\/wp-json\/wp\/v2\/comments?post=10727"}],"version-history":[{"count":0,"href":"http:\/\/soloreglasgolf.com\/WordPress3\/wp-json\/wp\/v2\/pages\/10727\/revisions"}],"wp:attachment":[{"href":"http:\/\/soloreglasgolf.com\/WordPress3\/wp-json\/wp\/v2\/media?parent=10727"}],"curies":[{"name":"wp","href":"https:\/\/api.w.org\/{rel}","templated":true}]}}