{"id":10686,"date":"2013-05-26T13:41:17","date_gmt":"2013-05-26T11:41:17","guid":{"rendered":"http:\/\/soloreglasgolf.com\/WordPress3\/?page_id=10686"},"modified":"2014-05-10T20:00:09","modified_gmt":"2014-05-10T18:00:09","slug":"fourballs-handicap","status":"publish","type":"page","link":"http:\/\/soloreglasgolf.com\/WordPress3\/libro-verde\/fourballs-handicap\/","title":{"rendered":"Fourballs: handicap juego"},"content":{"rendered":"<p><strong>HANDICAP<\/strong><br \/>\na) <strong>handicap stroke play<\/strong>. Cada jugador de la pareja juega con el 90<strong>%<\/strong> de su handicap de juego, adjudic\u00e1ndose los puntos en cada hoyo seg\u00fan el \u00abBaremo Local de handicaps\u00bb. A los jugadores con handicap (+) no se les aplicar\u00e1 el coeficiente del 75%.<\/p>\n<p>b) <strong>Contra par<\/strong>. La pareja jugar\u00e1 con el mismo handicap de juego que en stroke play.<\/p>\n<p>c) <strong>Stableford<\/strong>. La pareja jugar\u00e1 con el mismo handicap de juego que en stroke play.<\/p>\n<p>d) <strong>Eclectic<\/strong>. Cada componente de la pareja jugar\u00e1 con el handicap de juego que resulte de dividir sus handicaps de juego en stroke play por el n\u00famero de vueltas.<\/p>\n<p>e) <strong>match play<\/strong>. El jugador de handicap de juego m\u00e1s bajo jugar\u00e1 scratch y el resto recibir\u00e1 el 75% de la diferencia redondeada de sus handicaps de juego con respecto al anterior, adjudic\u00e1ndose cada jugador los puntos en cada hoyo seg\u00fan el \u00abIndice de Dificultad de handicaps\u00bb.<\/p>\n<div class=\"g g-2\"><div class=\"g-single a-15\"><script type=\"text\/javascript\"><!--\r\ngoogle_ad_client = \"ca-pub-2363348512557029\";\r\n\/* Blog pagina-post *\/\r\ngoogle_ad_slot = \"1564877784\";\r\ngoogle_ad_width = 728;\r\ngoogle_ad_height = 90;\r\n\/\/-->\r\n<\/script>\r\n<script type=\"text\/javascript\"\r\nsrc=\"http:\/\/pagead2.googlesyndication.com\/pagead\/show_ads.js\">\r\n<\/script><\/div><\/div>\n","protected":false},"excerpt":{"rendered":"<p>HANDICAP a) handicap stroke play. Cada jugador de la pareja juega con el 90% de su handicap de juego, adjudic\u00e1ndose los puntos en cada hoyo seg\u00fan el \u00abBaremo Local de handicaps\u00bb. A los jugadores con handicap (+) no se les aplicar\u00e1 el coeficiente del 75%. b) Contra par. La pareja jugar\u00e1 con el mismo handicap <a href='http:\/\/soloreglasgolf.com\/WordPress3\/libro-verde\/fourballs-handicap\/' class='excerpt-more'>[Leer + &#8230;]<\/a><\/p>\n","protected":false},"author":28,"featured_media":0,"parent":5606,"menu_order":0,"comment_status":"closed","ping_status":"open","template":"","meta":{"jetpack_post_was_ever_published":false,"footnotes":""},"class_list":["post-10686","page","type-page","status-publish","hentry","post-seq-1","post-parity-odd","meta-position-corners","fix"],"yoast_head":"<!-- This site is optimized with the Yoast SEO plugin v22.0 - https:\/\/yoast.com\/wordpress\/plugins\/seo\/ -->\n<title>Fourballs: handicap juego - SoloReglasGolf<\/title>\n<meta name=\"robots\" content=\"index, follow, max-snippet:-1, max-image-preview:large, max-video-preview:-1\" \/>\n<link rel=\"canonical\" href=\"http:\/\/soloreglasgolf.com\/WordPress3\/libro-verde\/fourballs-handicap\/\" \/>\n<meta name=\"twitter:label1\" content=\"Tiempo de lectura\" \/>\n\t<meta name=\"twitter:data1\" content=\"1 minuto\" \/>\n<script type=\"application\/ld+json\" class=\"yoast-schema-graph\">{\"@context\":\"https:\/\/schema.org\",\"@graph\":[{\"@type\":\"WebPage\",\"@id\":\"http:\/\/soloreglasgolf.com\/WordPress3\/libro-verde\/fourballs-handicap\/\",\"url\":\"http:\/\/soloreglasgolf.com\/WordPress3\/libro-verde\/fourballs-handicap\/\",\"name\":\"Fourballs: handicap juego - SoloReglasGolf\",\"isPartOf\":{\"@id\":\"http:\/\/soloreglasgolf.com\/WordPress3\/#website\"},\"datePublished\":\"2013-05-26T11:41:17+00:00\",\"dateModified\":\"2014-05-10T18:00:09+00:00\",\"breadcrumb\":{\"@id\":\"http:\/\/soloreglasgolf.com\/WordPress3\/libro-verde\/fourballs-handicap\/#breadcrumb\"},\"inLanguage\":\"es\",\"potentialAction\":[{\"@type\":\"ReadAction\",\"target\":[\"http:\/\/soloreglasgolf.com\/WordPress3\/libro-verde\/fourballs-handicap\/\"]}]},{\"@type\":\"BreadcrumbList\",\"@id\":\"http:\/\/soloreglasgolf.com\/WordPress3\/libro-verde\/fourballs-handicap\/#breadcrumb\",\"itemListElement\":[{\"@type\":\"ListItem\",\"position\":1,\"name\":\"Portada\",\"item\":\"http:\/\/soloreglasgolf.com\/WordPress3\/\"},{\"@type\":\"ListItem\",\"position\":2,\"name\":\"Libro Verde\",\"item\":\"https:\/\/soloreglasgolf.com\/WordPress3\/libro-verde\/\"},{\"@type\":\"ListItem\",\"position\":3,\"name\":\"Fourballs: handicap juego\"}]},{\"@type\":\"WebSite\",\"@id\":\"http:\/\/soloreglasgolf.com\/WordPress3\/#website\",\"url\":\"http:\/\/soloreglasgolf.com\/WordPress3\/\",\"name\":\"SoloReglasGolf\",\"description\":\"Conversando sobre  Reglas de Golf\",\"potentialAction\":[{\"@type\":\"SearchAction\",\"target\":{\"@type\":\"EntryPoint\",\"urlTemplate\":\"http:\/\/soloreglasgolf.com\/WordPress3\/?s={search_term_string}\"},\"query-input\":\"required name=search_term_string\"}],\"inLanguage\":\"es\"}]}<\/script>\n<!-- \/ Yoast SEO plugin. -->","yoast_head_json":{"title":"Fourballs: handicap juego - SoloReglasGolf","robots":{"index":"index","follow":"follow","max-snippet":"max-snippet:-1","max-image-preview":"max-image-preview:large","max-video-preview":"max-video-preview:-1"},"canonical":"http:\/\/soloreglasgolf.com\/WordPress3\/libro-verde\/fourballs-handicap\/","twitter_misc":{"Tiempo de lectura":"1 minuto"},"schema":{"@context":"https:\/\/schema.org","@graph":[{"@type":"WebPage","@id":"http:\/\/soloreglasgolf.com\/WordPress3\/libro-verde\/fourballs-handicap\/","url":"http:\/\/soloreglasgolf.com\/WordPress3\/libro-verde\/fourballs-handicap\/","name":"Fourballs: handicap juego - SoloReglasGolf","isPartOf":{"@id":"http:\/\/soloreglasgolf.com\/WordPress3\/#website"},"datePublished":"2013-05-26T11:41:17+00:00","dateModified":"2014-05-10T18:00:09+00:00","breadcrumb":{"@id":"http:\/\/soloreglasgolf.com\/WordPress3\/libro-verde\/fourballs-handicap\/#breadcrumb"},"inLanguage":"es","potentialAction":[{"@type":"ReadAction","target":["http:\/\/soloreglasgolf.com\/WordPress3\/libro-verde\/fourballs-handicap\/"]}]},{"@type":"BreadcrumbList","@id":"http:\/\/soloreglasgolf.com\/WordPress3\/libro-verde\/fourballs-handicap\/#breadcrumb","itemListElement":[{"@type":"ListItem","position":1,"name":"Portada","item":"http:\/\/soloreglasgolf.com\/WordPress3\/"},{"@type":"ListItem","position":2,"name":"Libro Verde","item":"https:\/\/soloreglasgolf.com\/WordPress3\/libro-verde\/"},{"@type":"ListItem","position":3,"name":"Fourballs: handicap juego"}]},{"@type":"WebSite","@id":"http:\/\/soloreglasgolf.com\/WordPress3\/#website","url":"http:\/\/soloreglasgolf.com\/WordPress3\/","name":"SoloReglasGolf","description":"Conversando sobre  Reglas de Golf","potentialAction":[{"@type":"SearchAction","target":{"@type":"EntryPoint","urlTemplate":"http:\/\/soloreglasgolf.com\/WordPress3\/?s={search_term_string}"},"query-input":"required name=search_term_string"}],"inLanguage":"es"}]}},"jetpack_sharing_enabled":true,"jetpack_shortlink":"https:\/\/wp.me\/P36cD2-2Mm","_links":{"self":[{"href":"http:\/\/soloreglasgolf.com\/WordPress3\/wp-json\/wp\/v2\/pages\/10686","targetHints":{"allow":["GET"]}}],"collection":[{"href":"http:\/\/soloreglasgolf.com\/WordPress3\/wp-json\/wp\/v2\/pages"}],"about":[{"href":"http:\/\/soloreglasgolf.com\/WordPress3\/wp-json\/wp\/v2\/types\/page"}],"author":[{"embeddable":true,"href":"http:\/\/soloreglasgolf.com\/WordPress3\/wp-json\/wp\/v2\/users\/28"}],"replies":[{"embeddable":true,"href":"http:\/\/soloreglasgolf.com\/WordPress3\/wp-json\/wp\/v2\/comments?post=10686"}],"version-history":[{"count":0,"href":"http:\/\/soloreglasgolf.com\/WordPress3\/wp-json\/wp\/v2\/pages\/10686\/revisions"}],"up":[{"embeddable":true,"href":"http:\/\/soloreglasgolf.com\/WordPress3\/wp-json\/wp\/v2\/pages\/5606"}],"wp:attachment":[{"href":"http:\/\/soloreglasgolf.com\/WordPress3\/wp-json\/wp\/v2\/media?parent=10686"}],"curies":[{"name":"wp","href":"https:\/\/api.w.org\/{rel}","templated":true}]}}