{"id":10672,"date":"2013-05-25T20:16:22","date_gmt":"2013-05-25T18:16:22","guid":{"rendered":"http:\/\/soloreglasgolf.com\/WordPress3\/?page_id=10672"},"modified":"2021-04-30T15:50:09","modified_gmt":"2021-04-30T13:50:09","slug":"scramble-reglas","status":"publish","type":"page","link":"http:\/\/soloreglasgolf.com\/WordPress3\/libro-verde\/scramble-reglas\/","title":{"rendered":"Scramble: Reglas espec\u00edficas"},"content":{"rendered":"<div class=\"g g-2\"><div class=\"g-single a-16\"><script type=\"text\/javascript\"><!--\r\ngoogle_ad_client = \"ca-pub-2363348512557029\";\r\n\/* Blog pagina-post *\/\r\ngoogle_ad_slot = \"1564877784\";\r\ngoogle_ad_width = 728;\r\ngoogle_ad_height = 90;\r\n\/\/-->\r\n<\/script>\r\n<script type=\"text\/javascript\"\r\nsrc=\"http:\/\/pagead2.googlesyndication.com\/pagead\/show_ads.js\">\r\n<\/script><\/div><\/div>\n<p>&nbsp;<\/p>\n<p>En modalidad <strong>scramble<\/strong> el juego se desarrolla de la siguiente forma:<\/p>\n<ul>\n<li><strong>Todos los Jugadores<\/strong> salen en cada hoyo con <strong>su propia bola<\/strong>.<\/li>\n<li>Para el siguiente golpe se elige la <strong>bola m\u00e1s conveniente<\/strong> de las que se hayan jugado.<\/li>\n<li><strong>Desde ese punto, vuelven a jugar todos los Jugadores<\/strong> y as\u00ed sucesivamente hasta acabar el hoyo. El n\u00famero de golpes, para cada hoyo, ser\u00e1 el de la primera bola que entre en el agujero.<\/li>\n<li>Si la <strong>bola escogida est\u00e1 en la calle<\/strong>, todos los Jugadores jugar\u00e1n el siguiente golpe <strong>colocando la bola<\/strong>, no m\u00e1s lejos de una tarjeta, sin acercarse al hoyo, de lugar donde reposaba la bola escogida.<\/li>\n<li>Si la<strong> bola escogida est\u00e1 en un obst\u00e1culo de agua<\/strong>, a elecci\u00f3n de los jugadores, se proceder\u00e1 bajo la Regla 26 o se jugar\u00e1 la bola desde el obst\u00e1culo. Si se juega la bola desde el obst\u00e1culo, el resto de jugadores dropar\u00e1n las restantes bolas en el punto m\u00e1s pr\u00f3ximo de donde reposaba aquella, sin perjudicarse por la huella de golpe reci\u00e9n jugado por el compa\u00f1ero desde la misma posici\u00f3n, en cuyo caso deber\u00e1 volver a dropar.<\/li>\n<\/ul>\n<p>&nbsp;<\/p>\n<div class=\"g g-2\"><div class=\"g-single a-19\"><script type=\"text\/javascript\"><!--\r\ngoogle_ad_client = \"ca-pub-2363348512557029\";\r\n\/* Blog pagina-post *\/\r\ngoogle_ad_slot = \"1564877784\";\r\ngoogle_ad_width = 728;\r\ngoogle_ad_height = 90;\r\n\/\/-->\r\n<\/script>\r\n<script type=\"text\/javascript\"\r\nsrc=\"http:\/\/pagead2.googlesyndication.com\/pagead\/show_ads.js\">\r\n<\/script><\/div><\/div>\n<p>&nbsp;<\/p>\n<ul>\n<li>Si la <strong>bola escogida est\u00e1 en un bunker<\/strong>, est\u00e1 se jugar\u00e1 como quede, colocando las restantes bolas en el punto m\u00e1s pr\u00f3ximo de donde reposaba aquella, rehaciendo el lugar de reposo de la bola reci\u00e9n jugada por el compa\u00f1ero desde la misma posici\u00f3n.<\/li>\n<li>Si la <strong>bola escogida est\u00e1 en el rough<\/strong>, est\u00e1 se jugar\u00e1 como quede, dropando las restantes bolas en el punto m\u00e1s pr\u00f3ximo de donde reposaba aquella, sin perjudicarse por la huella de golpe reci\u00e9n jugado por el compa\u00f1ero desde la misma posici\u00f3n, en cuyo caso deber\u00e1 volver a dropar.<\/li>\n<li>Cuando la <strong>bola escogida est\u00e1 en el Green<\/strong>, las restantes se colocar\u00e1n en el lugar m\u00e1s pr\u00f3ximo posible a donde estaba la original.<\/li>\n<li>Jugar antes o despu\u00e9s la bola escogida es opci\u00f3n libre del equipo, pero cuando esta est\u00e9 en el rough o en un obst\u00e1culo, no podr\u00e1 ser movida.<\/li>\n<li>Es obligatorio que cada Jugador juegue su propia bola.<\/li>\n<li>El jugador que figure en primer lugar en la lista de salidas, actuar\u00e1 como <strong>Capit\u00e1n del equipo<\/strong> y prevalecer\u00e1 su opini\u00f3n sobre la bola que se tiene que jugar, el orden de juego y cualquier otra cuesti\u00f3n semejante.<\/li>\n<li>El jugador que figure en primer lugar en la hoja de inscripci\u00f3n actuar\u00e1 como Capit\u00e1n del equipo y prevalecer\u00e1 su opini\u00f3n sobre la bola que se tiene que jugar, el orden de juego y cualquier otra cuesti\u00f3n semejante.<\/li>\n<\/ul>\n<p>&nbsp;<\/p>\n<div class=\"g g-2\"><div class=\"g-single a-14\"><script type=\"text\/javascript\"><!--\r\ngoogle_ad_client = \"ca-pub-2363348512557029\";\r\n\/* Blog pagina-post *\/\r\ngoogle_ad_slot = \"1564877784\";\r\ngoogle_ad_width = 728;\r\ngoogle_ad_height = 90;\r\n\/\/-->\r\n<\/script>\r\n<script type=\"text\/javascript\"\r\nsrc=\"http:\/\/pagead2.googlesyndication.com\/pagead\/show_ads.js\">\r\n<\/script><\/div><\/div>\n","protected":false},"excerpt":{"rendered":"<p>&nbsp; En modalidad scramble el juego se desarrolla de la siguiente forma: Todos los Jugadores salen en cada hoyo con su propia bola. Para el siguiente golpe se elige la bola m\u00e1s conveniente de las que se hayan jugado. Desde ese punto, vuelven a jugar todos los Jugadores y as\u00ed sucesivamente hasta acabar el hoyo. <a href='http:\/\/soloreglasgolf.com\/WordPress3\/libro-verde\/scramble-reglas\/' class='excerpt-more'>[Leer + &#8230;]<\/a><\/p>\n","protected":false},"author":28,"featured_media":0,"parent":5606,"menu_order":0,"comment_status":"open","ping_status":"open","template":"","meta":{"jetpack_post_was_ever_published":false,"footnotes":""},"class_list":["post-10672","page","type-page","status-publish","hentry","post-seq-1","post-parity-odd","meta-position-corners","fix"],"yoast_head":"<!-- This site is optimized with the Yoast SEO plugin v22.0 - https:\/\/yoast.com\/wordpress\/plugins\/seo\/ -->\n<title>Scramble: Reglas espec\u00edficas<\/title>\n<meta name=\"robots\" content=\"index, follow, max-snippet:-1, max-image-preview:large, max-video-preview:-1\" \/>\n<link rel=\"canonical\" href=\"http:\/\/soloreglasgolf.com\/WordPress3\/libro-verde\/scramble-reglas\/\" \/>\n<meta name=\"twitter:label1\" content=\"Tiempo de lectura\" \/>\n\t<meta name=\"twitter:data1\" content=\"2 minutos\" \/>\n<script type=\"application\/ld+json\" class=\"yoast-schema-graph\">{\"@context\":\"https:\/\/schema.org\",\"@graph\":[{\"@type\":\"WebPage\",\"@id\":\"http:\/\/soloreglasgolf.com\/WordPress3\/libro-verde\/scramble-reglas\/\",\"url\":\"http:\/\/soloreglasgolf.com\/WordPress3\/libro-verde\/scramble-reglas\/\",\"name\":\"Scramble: Reglas espec\u00edficas\",\"isPartOf\":{\"@id\":\"http:\/\/soloreglasgolf.com\/WordPress3\/#website\"},\"datePublished\":\"2013-05-25T18:16:22+00:00\",\"dateModified\":\"2021-04-30T13:50:09+00:00\",\"breadcrumb\":{\"@id\":\"http:\/\/soloreglasgolf.com\/WordPress3\/libro-verde\/scramble-reglas\/#breadcrumb\"},\"inLanguage\":\"es\",\"potentialAction\":[{\"@type\":\"ReadAction\",\"target\":[\"http:\/\/soloreglasgolf.com\/WordPress3\/libro-verde\/scramble-reglas\/\"]}]},{\"@type\":\"BreadcrumbList\",\"@id\":\"http:\/\/soloreglasgolf.com\/WordPress3\/libro-verde\/scramble-reglas\/#breadcrumb\",\"itemListElement\":[{\"@type\":\"ListItem\",\"position\":1,\"name\":\"Portada\",\"item\":\"http:\/\/soloreglasgolf.com\/WordPress3\/\"},{\"@type\":\"ListItem\",\"position\":2,\"name\":\"Libro Verde\",\"item\":\"http:\/\/soloreglasgolf.com\/WordPress3\/libro-verde\/\"},{\"@type\":\"ListItem\",\"position\":3,\"name\":\"Scramble: Reglas espec\u00edficas\"}]},{\"@type\":\"WebSite\",\"@id\":\"http:\/\/soloreglasgolf.com\/WordPress3\/#website\",\"url\":\"http:\/\/soloreglasgolf.com\/WordPress3\/\",\"name\":\"SoloReglasGolf\",\"description\":\"Conversando sobre  Reglas de Golf\",\"potentialAction\":[{\"@type\":\"SearchAction\",\"target\":{\"@type\":\"EntryPoint\",\"urlTemplate\":\"http:\/\/soloreglasgolf.com\/WordPress3\/?s={search_term_string}\"},\"query-input\":\"required name=search_term_string\"}],\"inLanguage\":\"es\"}]}<\/script>\n<!-- \/ Yoast SEO plugin. -->","yoast_head_json":{"title":"Scramble: Reglas espec\u00edficas","robots":{"index":"index","follow":"follow","max-snippet":"max-snippet:-1","max-image-preview":"max-image-preview:large","max-video-preview":"max-video-preview:-1"},"canonical":"http:\/\/soloreglasgolf.com\/WordPress3\/libro-verde\/scramble-reglas\/","twitter_misc":{"Tiempo de lectura":"2 minutos"},"schema":{"@context":"https:\/\/schema.org","@graph":[{"@type":"WebPage","@id":"http:\/\/soloreglasgolf.com\/WordPress3\/libro-verde\/scramble-reglas\/","url":"http:\/\/soloreglasgolf.com\/WordPress3\/libro-verde\/scramble-reglas\/","name":"Scramble: Reglas espec\u00edficas","isPartOf":{"@id":"http:\/\/soloreglasgolf.com\/WordPress3\/#website"},"datePublished":"2013-05-25T18:16:22+00:00","dateModified":"2021-04-30T13:50:09+00:00","breadcrumb":{"@id":"http:\/\/soloreglasgolf.com\/WordPress3\/libro-verde\/scramble-reglas\/#breadcrumb"},"inLanguage":"es","potentialAction":[{"@type":"ReadAction","target":["http:\/\/soloreglasgolf.com\/WordPress3\/libro-verde\/scramble-reglas\/"]}]},{"@type":"BreadcrumbList","@id":"http:\/\/soloreglasgolf.com\/WordPress3\/libro-verde\/scramble-reglas\/#breadcrumb","itemListElement":[{"@type":"ListItem","position":1,"name":"Portada","item":"http:\/\/soloreglasgolf.com\/WordPress3\/"},{"@type":"ListItem","position":2,"name":"Libro Verde","item":"http:\/\/soloreglasgolf.com\/WordPress3\/libro-verde\/"},{"@type":"ListItem","position":3,"name":"Scramble: Reglas espec\u00edficas"}]},{"@type":"WebSite","@id":"http:\/\/soloreglasgolf.com\/WordPress3\/#website","url":"http:\/\/soloreglasgolf.com\/WordPress3\/","name":"SoloReglasGolf","description":"Conversando sobre  Reglas de Golf","potentialAction":[{"@type":"SearchAction","target":{"@type":"EntryPoint","urlTemplate":"http:\/\/soloreglasgolf.com\/WordPress3\/?s={search_term_string}"},"query-input":"required name=search_term_string"}],"inLanguage":"es"}]}},"jetpack_sharing_enabled":true,"jetpack_shortlink":"https:\/\/wp.me\/P36cD2-2M8","_links":{"self":[{"href":"http:\/\/soloreglasgolf.com\/WordPress3\/wp-json\/wp\/v2\/pages\/10672","targetHints":{"allow":["GET"]}}],"collection":[{"href":"http:\/\/soloreglasgolf.com\/WordPress3\/wp-json\/wp\/v2\/pages"}],"about":[{"href":"http:\/\/soloreglasgolf.com\/WordPress3\/wp-json\/wp\/v2\/types\/page"}],"author":[{"embeddable":true,"href":"http:\/\/soloreglasgolf.com\/WordPress3\/wp-json\/wp\/v2\/users\/28"}],"replies":[{"embeddable":true,"href":"http:\/\/soloreglasgolf.com\/WordPress3\/wp-json\/wp\/v2\/comments?post=10672"}],"version-history":[{"count":3,"href":"http:\/\/soloreglasgolf.com\/WordPress3\/wp-json\/wp\/v2\/pages\/10672\/revisions"}],"predecessor-version":[{"id":43874,"href":"http:\/\/soloreglasgolf.com\/WordPress3\/wp-json\/wp\/v2\/pages\/10672\/revisions\/43874"}],"up":[{"embeddable":true,"href":"http:\/\/soloreglasgolf.com\/WordPress3\/wp-json\/wp\/v2\/pages\/5606"}],"wp:attachment":[{"href":"http:\/\/soloreglasgolf.com\/WordPress3\/wp-json\/wp\/v2\/media?parent=10672"}],"curies":[{"name":"wp","href":"https:\/\/api.w.org\/{rel}","templated":true}]}}