{"id":10650,"date":"2013-05-25T19:51:21","date_gmt":"2013-05-25T17:51:21","guid":{"rendered":"http:\/\/soloreglasgolf.com\/WordPress3\/?page_id=10650"},"modified":"2021-05-12T23:39:59","modified_gmt":"2021-05-12T21:39:59","slug":"greensome-chapman-reglas-2","status":"publish","type":"page","link":"http:\/\/soloreglasgolf.com\/WordPress3\/libro-verde\/modalidad-greensome-chapman\/greensome-chapman-reglas-2\/","title":{"rendered":"Greensome-Chapman: Reglas espec\u00edficas"},"content":{"rendered":"<div class=\"g g-2\"><div class=\"g-single a-15\"><script type=\"text\/javascript\"><!--\r\ngoogle_ad_client = \"ca-pub-2363348512557029\";\r\n\/* Blog pagina-post *\/\r\ngoogle_ad_slot = \"1564877784\";\r\ngoogle_ad_width = 728;\r\ngoogle_ad_height = 90;\r\n\/\/-->\r\n<\/script>\r\n<script type=\"text\/javascript\"\r\nsrc=\"http:\/\/pagead2.googlesyndication.com\/pagead\/show_ads.js\">\r\n<\/script><\/div><\/div>\n<p>&nbsp;<\/p>\n<p>La <strong>Modalidad Greensome-Chapman <\/strong>tiene las siguientes particularidades:<strong><br \/>\n<\/strong><\/p>\n<p><strong>Cada uno de los jugadores<\/strong> que forman una pareja <strong>ejecutan el golpe de salida<\/strong>, cada jugador ejecuta el <strong>segundo golpe con la bola del compa\u00f1ero<\/strong>, <strong>continu\u00e1ndose el juego<\/strong> con <strong>una de las dos bolas<\/strong>, libremente elegida por la pareja, <strong>alternando a partir de ese momento los golpes<\/strong> hasta terminar cada hoyo.<\/p>\n<p><strong>1. Se aplican las Reglas de Golf.<\/strong><br \/>\nSalvo por las normas espec\u00edficas de esta modalidad, se aplican las Reglas de Golf, <strong>en particular<\/strong>, aquellas referentes a la modalidad <strong>Foursome (<a href=\"http:\/\/soloreglasgolf.com\/WordPress3\/reglas-2019\/regla-22\/\">Regla 22<\/a>)<\/strong> en tanto en cuanto sean compatibles con estas reglas espec\u00edficas.<\/p>\n<p><strong>2. Bola provisional antes de la selecci\u00f3n de la bola en juego.<\/strong><br \/>\nAntes de la selecci\u00f3n de bola en juego:<\/p>\n<ul>\n<li>\u00a0Una <strong>bola provisional solamente puede ser jugada cuando AMBAS bolas<\/strong> pueden estar <strong>perdidas<\/strong> fuera de un obst\u00e1culo de agua o <strong>fuera de l\u00edmites<\/strong>.<\/li>\n<li><strong>SOLO UNO<\/strong> de los jugadores <strong>puede jugar una bola provisional<\/strong> y la bola provisional debe ser jugada despu\u00e9s de que los dos jugadores han efectuado el segundo golpe y antes de que cualquiera de los jugadores se adelante a buscar cualquiera de las bolas originales.<\/li>\n<li>Si <strong>AMBAS<\/strong> <strong>bolas originales<\/strong> son <strong>encontradas<\/strong> dentro de l\u00edmites o est\u00e1n perdidas en un obst\u00e1culo de agua, la bola <strong>provisional debe ser abandonada<\/strong>.<\/li>\n<li>Si <strong>TAN SOLO UNA<\/strong> de las bolas originales es <strong>encontrada<\/strong> dentro de l\u00edmites o est\u00e1 perdida en un obst\u00e1culo de agua, el juego se continuar\u00e1 con \u00e9sta, y la <strong>bola provisional<\/strong> <strong>debe ser abandonada. <\/strong><\/li>\n<li>La cl\u00e1usula b de la definici\u00f3n de bola perdida se aplica a cada bola original separadamente.<\/li>\n<li>Si se juega una bola provisional de otra forma distinta a la establecida en esta regla, esta bola no es bola provisional y se considera jugada por el procedimiento de golpe y distancia (<a href=\"http:\/\/soloreglasgolf.com\/WordPress3\/reglas-2019\/regla-18\/\">Regla 18-1<\/a>).<\/li>\n<\/ul>\n<p><strong>3. Selecci\u00f3n de bola en juego:<\/strong><br \/>\nExcepto en lo referente al juego de bola provisional establecido en la regla anterior, la <strong>selecci\u00f3n de bola se har\u00e1 antes<\/strong> de que los jugadores tomen <strong>ninguna acci\u00f3n con las bolas originales<\/strong> (ejemplos: bola injugable (<a href=\"http:\/\/soloreglasgolf.com\/WordPress3\/reglas-2019\/regla-19\/\">Regla 19<\/a>), alivio por condici\u00f3n anormal del terreno (<a href=\"http:\/\/soloreglasgolf.com\/WordPress3\/reglas-2019\/regla-16\/\">Regla 16<\/a>), etc.). Si los jugadores toman alguna acci\u00f3n con una de las bolas antes de que haya sido seleccionada una de las bolas jugadas despu\u00e9s del segundo golpe, aquella bola se entender\u00e1 seleccionada, y la otra deber\u00e1 ser abandonada.<\/p>\n<p><strong>Excepci\u00f3n:<\/strong> Si como consecuencia del golpe de salida de cualquiera de los jugadores, la bola puede estar perdida fuera de un obst\u00e1culo de agua o fuera de l\u00edmites, su compa\u00f1ero puede jugar una bola provisional de acuerdo con la <a href=\"http:\/\/soloreglasgolf.com\/WordPress3\/reglas-2019\/regla-18\/18-3c-jugando-bola-provisional-hasta-que-se-convierta-en-la-bola-en-juego-o-se-abandone\/\">Regla 18.3<\/a>, comput\u00e1ndose este golpe como segundo golpe antes de selecci\u00f3n de bola. (Los golpes de penalidad no cuentan, \u00fanicamente, a efectos de selecci\u00f3n de bola)<\/p>\n<p><strong>4. Orden de juego<\/strong><br \/>\nPara determinar el orden de juego se atender\u00e1 a las bolas que hayan sido efectivamente seleccionadas por los bandos que juegan juntos. Sin perjuicio de ello, la selecci\u00f3n de bola se realizar\u00e1 sin demorar el juego (<a href=\"http:\/\/soloreglasgolf.com\/WordPress3\/reglas-2019\/ii-jugando-vuelta-y-hoyo\/regla-06\/6-4-orden-de-juego-durante-el-juego-del-hoyo\/\">Regla 6-4<\/a>).<\/p>\n<p><strong>5. Bola equivocada<\/strong><br \/>\nPara el caso de jugar una bola que haya de ser abandonada conforme a las reglas anteriores, se aplica la <a href=\"http:\/\/soloreglasgolf.com\/WordPress3\/reglas-2019\/regla-06\/\">Regla 6.3.c<\/a><\/p>\n<div class=\"g g-2\"><div class=\"g-single a-19\"><script type=\"text\/javascript\"><!--\r\ngoogle_ad_client = \"ca-pub-2363348512557029\";\r\n\/* Blog pagina-post *\/\r\ngoogle_ad_slot = \"1564877784\";\r\ngoogle_ad_width = 728;\r\ngoogle_ad_height = 90;\r\n\/\/-->\r\n<\/script>\r\n<script type=\"text\/javascript\"\r\nsrc=\"http:\/\/pagead2.googlesyndication.com\/pagead\/show_ads.js\">\r\n<\/script><\/div><\/div>\n","protected":false},"excerpt":{"rendered":"<p>Car\u00e1ter\u00edsticas de la modalidad de juego Greensome Chapman.<br \/>\nReglas espec\u00edficas para modalidad Greensome-Chapman.<br \/>\nHandicap juego para modalidad Greensome-Chapman.<\/p>\n","protected":false},"author":28,"featured_media":0,"parent":1695,"menu_order":0,"comment_status":"closed","ping_status":"closed","template":"","meta":{"jetpack_post_was_ever_published":false,"footnotes":""},"class_list":["post-10650","page","type-page","status-publish","hentry","post-seq-1","post-parity-odd","meta-position-corners","fix"],"yoast_head":"<!-- This site is optimized with the Yoast SEO plugin v22.0 - https:\/\/yoast.com\/wordpress\/plugins\/seo\/ -->\n<title>Greensome-Chapman: Reglas espec\u00edficas<\/title>\n<meta name=\"robots\" content=\"index, follow, max-snippet:-1, max-image-preview:large, max-video-preview:-1\" \/>\n<link rel=\"canonical\" href=\"http:\/\/soloreglasgolf.com\/WordPress3\/libro-verde\/modalidad-greensome-chapman\/greensome-chapman-reglas-2\/\" \/>\n<meta name=\"twitter:label1\" content=\"Tiempo de lectura\" \/>\n\t<meta name=\"twitter:data1\" content=\"3 minutos\" \/>\n<script type=\"application\/ld+json\" class=\"yoast-schema-graph\">{\"@context\":\"https:\/\/schema.org\",\"@graph\":[{\"@type\":\"WebPage\",\"@id\":\"http:\/\/soloreglasgolf.com\/WordPress3\/libro-verde\/modalidad-greensome-chapman\/greensome-chapman-reglas-2\/\",\"url\":\"http:\/\/soloreglasgolf.com\/WordPress3\/libro-verde\/modalidad-greensome-chapman\/greensome-chapman-reglas-2\/\",\"name\":\"Greensome-Chapman: Reglas espec\u00edficas\",\"isPartOf\":{\"@id\":\"http:\/\/soloreglasgolf.com\/WordPress3\/#website\"},\"datePublished\":\"2013-05-25T17:51:21+00:00\",\"dateModified\":\"2021-05-12T21:39:59+00:00\",\"breadcrumb\":{\"@id\":\"http:\/\/soloreglasgolf.com\/WordPress3\/libro-verde\/modalidad-greensome-chapman\/greensome-chapman-reglas-2\/#breadcrumb\"},\"inLanguage\":\"es\",\"potentialAction\":[{\"@type\":\"ReadAction\",\"target\":[\"http:\/\/soloreglasgolf.com\/WordPress3\/libro-verde\/modalidad-greensome-chapman\/greensome-chapman-reglas-2\/\"]}]},{\"@type\":\"BreadcrumbList\",\"@id\":\"http:\/\/soloreglasgolf.com\/WordPress3\/libro-verde\/modalidad-greensome-chapman\/greensome-chapman-reglas-2\/#breadcrumb\",\"itemListElement\":[{\"@type\":\"ListItem\",\"position\":1,\"name\":\"Portada\",\"item\":\"http:\/\/soloreglasgolf.com\/WordPress3\/\"},{\"@type\":\"ListItem\",\"position\":2,\"name\":\"Libro Verde\",\"item\":\"http:\/\/soloreglasgolf.com\/WordPress3\/libro-verde\/\"},{\"@type\":\"ListItem\",\"position\":3,\"name\":\"Modalidad Greensome-Chapman\",\"item\":\"https:\/\/soloreglasgolf.com\/WordPress3\/libro-verde\/modalidad-greensome-chapman\/\"},{\"@type\":\"ListItem\",\"position\":4,\"name\":\"Greensome-Chapman: Reglas espec\u00edficas\"}]},{\"@type\":\"WebSite\",\"@id\":\"http:\/\/soloreglasgolf.com\/WordPress3\/#website\",\"url\":\"http:\/\/soloreglasgolf.com\/WordPress3\/\",\"name\":\"SoloReglasGolf\",\"description\":\"Conversando sobre  Reglas de Golf\",\"potentialAction\":[{\"@type\":\"SearchAction\",\"target\":{\"@type\":\"EntryPoint\",\"urlTemplate\":\"http:\/\/soloreglasgolf.com\/WordPress3\/?s={search_term_string}\"},\"query-input\":\"required name=search_term_string\"}],\"inLanguage\":\"es\"}]}<\/script>\n<!-- \/ Yoast SEO plugin. -->","yoast_head_json":{"title":"Greensome-Chapman: Reglas espec\u00edficas","robots":{"index":"index","follow":"follow","max-snippet":"max-snippet:-1","max-image-preview":"max-image-preview:large","max-video-preview":"max-video-preview:-1"},"canonical":"http:\/\/soloreglasgolf.com\/WordPress3\/libro-verde\/modalidad-greensome-chapman\/greensome-chapman-reglas-2\/","twitter_misc":{"Tiempo de lectura":"3 minutos"},"schema":{"@context":"https:\/\/schema.org","@graph":[{"@type":"WebPage","@id":"http:\/\/soloreglasgolf.com\/WordPress3\/libro-verde\/modalidad-greensome-chapman\/greensome-chapman-reglas-2\/","url":"http:\/\/soloreglasgolf.com\/WordPress3\/libro-verde\/modalidad-greensome-chapman\/greensome-chapman-reglas-2\/","name":"Greensome-Chapman: Reglas espec\u00edficas","isPartOf":{"@id":"http:\/\/soloreglasgolf.com\/WordPress3\/#website"},"datePublished":"2013-05-25T17:51:21+00:00","dateModified":"2021-05-12T21:39:59+00:00","breadcrumb":{"@id":"http:\/\/soloreglasgolf.com\/WordPress3\/libro-verde\/modalidad-greensome-chapman\/greensome-chapman-reglas-2\/#breadcrumb"},"inLanguage":"es","potentialAction":[{"@type":"ReadAction","target":["http:\/\/soloreglasgolf.com\/WordPress3\/libro-verde\/modalidad-greensome-chapman\/greensome-chapman-reglas-2\/"]}]},{"@type":"BreadcrumbList","@id":"http:\/\/soloreglasgolf.com\/WordPress3\/libro-verde\/modalidad-greensome-chapman\/greensome-chapman-reglas-2\/#breadcrumb","itemListElement":[{"@type":"ListItem","position":1,"name":"Portada","item":"http:\/\/soloreglasgolf.com\/WordPress3\/"},{"@type":"ListItem","position":2,"name":"Libro Verde","item":"http:\/\/soloreglasgolf.com\/WordPress3\/libro-verde\/"},{"@type":"ListItem","position":3,"name":"Modalidad Greensome-Chapman","item":"https:\/\/soloreglasgolf.com\/WordPress3\/libro-verde\/modalidad-greensome-chapman\/"},{"@type":"ListItem","position":4,"name":"Greensome-Chapman: Reglas espec\u00edficas"}]},{"@type":"WebSite","@id":"http:\/\/soloreglasgolf.com\/WordPress3\/#website","url":"http:\/\/soloreglasgolf.com\/WordPress3\/","name":"SoloReglasGolf","description":"Conversando sobre  Reglas de Golf","potentialAction":[{"@type":"SearchAction","target":{"@type":"EntryPoint","urlTemplate":"http:\/\/soloreglasgolf.com\/WordPress3\/?s={search_term_string}"},"query-input":"required name=search_term_string"}],"inLanguage":"es"}]}},"jetpack_sharing_enabled":true,"jetpack_shortlink":"https:\/\/wp.me\/P36cD2-2LM","_links":{"self":[{"href":"http:\/\/soloreglasgolf.com\/WordPress3\/wp-json\/wp\/v2\/pages\/10650","targetHints":{"allow":["GET"]}}],"collection":[{"href":"http:\/\/soloreglasgolf.com\/WordPress3\/wp-json\/wp\/v2\/pages"}],"about":[{"href":"http:\/\/soloreglasgolf.com\/WordPress3\/wp-json\/wp\/v2\/types\/page"}],"author":[{"embeddable":true,"href":"http:\/\/soloreglasgolf.com\/WordPress3\/wp-json\/wp\/v2\/users\/28"}],"replies":[{"embeddable":true,"href":"http:\/\/soloreglasgolf.com\/WordPress3\/wp-json\/wp\/v2\/comments?post=10650"}],"version-history":[{"count":6,"href":"http:\/\/soloreglasgolf.com\/WordPress3\/wp-json\/wp\/v2\/pages\/10650\/revisions"}],"predecessor-version":[{"id":44242,"href":"http:\/\/soloreglasgolf.com\/WordPress3\/wp-json\/wp\/v2\/pages\/10650\/revisions\/44242"}],"up":[{"embeddable":true,"href":"http:\/\/soloreglasgolf.com\/WordPress3\/wp-json\/wp\/v2\/pages\/1695"}],"wp:attachment":[{"href":"http:\/\/soloreglasgolf.com\/WordPress3\/wp-json\/wp\/v2\/media?parent=10650"}],"curies":[{"name":"wp","href":"https:\/\/api.w.org\/{rel}","templated":true}]}}