{"id":10609,"date":"2013-05-24T20:23:31","date_gmt":"2013-05-24T18:23:31","guid":{"rendered":"http:\/\/soloreglasgolf.com\/WordPress3\/?page_id=10609"},"modified":"2021-05-09T23:14:55","modified_gmt":"2021-05-09T21:14:55","slug":"greensome-handicap-juego","status":"publish","type":"page","link":"http:\/\/soloreglasgolf.com\/WordPress3\/modalidades-juego\/modalidad-greensome\/greensome-handicap-juego\/","title":{"rendered":"Greensome: Handicap de Juego"},"content":{"rendered":"<p><strong><div class=\"g g-2\"><div class=\"g-single a-17\"><script type=\"text\/javascript\"><!--\r\ngoogle_ad_client = \"ca-pub-2363348512557029\";\r\n\/* Blog pagina-post *\/\r\ngoogle_ad_slot = \"1564877784\";\r\ngoogle_ad_width = 728;\r\ngoogle_ad_height = 90;\r\n\/\/-->\r\n<\/script>\r\n<script type=\"text\/javascript\"\r\nsrc=\"http:\/\/pagead2.googlesyndication.com\/pagead\/show_ads.js\">\r\n<\/script><\/div><\/div><\/strong><\/p>\n<p><strong>Handicap Greesome seg\u00fan modalidad:<\/strong><\/p>\n<p>a) <strong>Stroke Play:<\/strong> el handicap de juego de la pareja ser\u00e1 el resultado de<strong> dividir por diez la suma que resulte de multiplicar por seis el handicap de juego m\u00e1s bajo, y por cuatro el handicap de juego m\u00e1s alto<\/strong>. Los jugadores con handicap (+) jugar\u00e1n con el 60 por ciento de su Handicap de juego.<\/p>\n<p>b) <strong>Contra par<\/strong>: la pareja jugar\u00e1 con el mismo handicap de juego que en stroke play.<\/p>\n<p>c) <strong>Stableford<\/strong>: la pareja jugar\u00e1 con el mismo handicap de juego que en stroke play.<\/p>\n<p>d) <strong>Eclectic<\/strong>: cada componente de la pareja jugar\u00e1 con el handicap de juego que resulte de dividir sus handicaps de juego en stroke play por el n\u00famero de vueltas.<\/p>\n<p>e) <strong>Match Play:<\/strong> despu\u00e9s de calcular el handicap de juego de cada pareja, seg\u00fan la f\u00f3rmula empleada para stroke-play, la pareja de handicap m\u00e1s bajo dar\u00e1 a la de handicap m\u00e1s alto la diferencia entre los handicaps calculados, seg\u00fan se ha dicho, adjudic\u00e1ndose los puntos en los hoyos seg\u00fan el \u00abIndice de Dificultad de handicaps\u00bb.<\/p>\n<div class=\"g g-2\"><div class=\"g-single a-15\"><script type=\"text\/javascript\"><!--\r\ngoogle_ad_client = \"ca-pub-2363348512557029\";\r\n\/* Blog pagina-post *\/\r\ngoogle_ad_slot = \"1564877784\";\r\ngoogle_ad_width = 728;\r\ngoogle_ad_height = 90;\r\n\/\/-->\r\n<\/script>\r\n<script type=\"text\/javascript\"\r\nsrc=\"http:\/\/pagead2.googlesyndication.com\/pagead\/show_ads.js\">\r\n<\/script><\/div><\/div>\n","protected":false},"excerpt":{"rendered":"<p>Handicap Greesome seg\u00fan modalidad: a) Stroke Play: el handicap de juego de la pareja ser\u00e1 el resultado de dividir por diez la suma que resulte de multiplicar por seis el handicap de juego m\u00e1s bajo, y por cuatro el handicap de juego m\u00e1s alto. Los jugadores con handicap (+) jugar\u00e1n con el 60 por ciento <a href='http:\/\/soloreglasgolf.com\/WordPress3\/modalidades-juego\/modalidad-greensome\/greensome-handicap-juego\/' class='excerpt-more'>[Leer + &#8230;]<\/a><\/p>\n","protected":false},"author":28,"featured_media":0,"parent":1723,"menu_order":0,"comment_status":"closed","ping_status":"open","template":"","meta":{"jetpack_post_was_ever_published":false,"footnotes":""},"class_list":["post-10609","page","type-page","status-publish","hentry","post-seq-1","post-parity-odd","meta-position-corners","fix"],"yoast_head":"<!-- This site is optimized with the Yoast SEO plugin v22.0 - https:\/\/yoast.com\/wordpress\/plugins\/seo\/ -->\n<title>Greensome: Handicap de Juego<\/title>\n<meta name=\"robots\" content=\"index, follow, max-snippet:-1, max-image-preview:large, max-video-preview:-1\" \/>\n<link rel=\"canonical\" href=\"https:\/\/soloreglasgolf.com\/WordPress3\/modalidades-juego\/modalidad-greensome\/greensome-handicap-juego\/\" \/>\n<meta name=\"twitter:label1\" content=\"Tiempo de lectura\" \/>\n\t<meta name=\"twitter:data1\" content=\"1 minuto\" \/>\n<script type=\"application\/ld+json\" class=\"yoast-schema-graph\">{\"@context\":\"https:\/\/schema.org\",\"@graph\":[{\"@type\":\"WebPage\",\"@id\":\"https:\/\/soloreglasgolf.com\/WordPress3\/modalidades-juego\/modalidad-greensome\/greensome-handicap-juego\/\",\"url\":\"https:\/\/soloreglasgolf.com\/WordPress3\/modalidades-juego\/modalidad-greensome\/greensome-handicap-juego\/\",\"name\":\"Greensome: Handicap de Juego\",\"isPartOf\":{\"@id\":\"http:\/\/soloreglasgolf.com\/WordPress3\/#website\"},\"datePublished\":\"2013-05-24T18:23:31+00:00\",\"dateModified\":\"2021-05-09T21:14:55+00:00\",\"breadcrumb\":{\"@id\":\"https:\/\/soloreglasgolf.com\/WordPress3\/modalidades-juego\/modalidad-greensome\/greensome-handicap-juego\/#breadcrumb\"},\"inLanguage\":\"es\",\"potentialAction\":[{\"@type\":\"ReadAction\",\"target\":[\"https:\/\/soloreglasgolf.com\/WordPress3\/modalidades-juego\/modalidad-greensome\/greensome-handicap-juego\/\"]}]},{\"@type\":\"BreadcrumbList\",\"@id\":\"https:\/\/soloreglasgolf.com\/WordPress3\/modalidades-juego\/modalidad-greensome\/greensome-handicap-juego\/#breadcrumb\",\"itemListElement\":[{\"@type\":\"ListItem\",\"position\":1,\"name\":\"Portada\",\"item\":\"http:\/\/soloreglasgolf.com\/WordPress3\/\"},{\"@type\":\"ListItem\",\"position\":2,\"name\":\"Modalidades Juego\",\"item\":\"https:\/\/soloreglasgolf.com\/WordPress3\/modalidades-juego\/\"},{\"@type\":\"ListItem\",\"position\":3,\"name\":\"Modalidad Greensome: Reglas y Handicap de Juego\",\"item\":\"https:\/\/soloreglasgolf.com\/WordPress3\/modalidades-juego\/modalidad-greensome\/\"},{\"@type\":\"ListItem\",\"position\":4,\"name\":\"Greensome: Handicap de Juego\"}]},{\"@type\":\"WebSite\",\"@id\":\"http:\/\/soloreglasgolf.com\/WordPress3\/#website\",\"url\":\"http:\/\/soloreglasgolf.com\/WordPress3\/\",\"name\":\"SoloReglasGolf\",\"description\":\"Conversando sobre  Reglas de Golf\",\"potentialAction\":[{\"@type\":\"SearchAction\",\"target\":{\"@type\":\"EntryPoint\",\"urlTemplate\":\"http:\/\/soloreglasgolf.com\/WordPress3\/?s={search_term_string}\"},\"query-input\":\"required name=search_term_string\"}],\"inLanguage\":\"es\"}]}<\/script>\n<!-- \/ Yoast SEO plugin. -->","yoast_head_json":{"title":"Greensome: Handicap de Juego","robots":{"index":"index","follow":"follow","max-snippet":"max-snippet:-1","max-image-preview":"max-image-preview:large","max-video-preview":"max-video-preview:-1"},"canonical":"https:\/\/soloreglasgolf.com\/WordPress3\/modalidades-juego\/modalidad-greensome\/greensome-handicap-juego\/","twitter_misc":{"Tiempo de lectura":"1 minuto"},"schema":{"@context":"https:\/\/schema.org","@graph":[{"@type":"WebPage","@id":"https:\/\/soloreglasgolf.com\/WordPress3\/modalidades-juego\/modalidad-greensome\/greensome-handicap-juego\/","url":"https:\/\/soloreglasgolf.com\/WordPress3\/modalidades-juego\/modalidad-greensome\/greensome-handicap-juego\/","name":"Greensome: Handicap de Juego","isPartOf":{"@id":"http:\/\/soloreglasgolf.com\/WordPress3\/#website"},"datePublished":"2013-05-24T18:23:31+00:00","dateModified":"2021-05-09T21:14:55+00:00","breadcrumb":{"@id":"https:\/\/soloreglasgolf.com\/WordPress3\/modalidades-juego\/modalidad-greensome\/greensome-handicap-juego\/#breadcrumb"},"inLanguage":"es","potentialAction":[{"@type":"ReadAction","target":["https:\/\/soloreglasgolf.com\/WordPress3\/modalidades-juego\/modalidad-greensome\/greensome-handicap-juego\/"]}]},{"@type":"BreadcrumbList","@id":"https:\/\/soloreglasgolf.com\/WordPress3\/modalidades-juego\/modalidad-greensome\/greensome-handicap-juego\/#breadcrumb","itemListElement":[{"@type":"ListItem","position":1,"name":"Portada","item":"http:\/\/soloreglasgolf.com\/WordPress3\/"},{"@type":"ListItem","position":2,"name":"Modalidades Juego","item":"https:\/\/soloreglasgolf.com\/WordPress3\/modalidades-juego\/"},{"@type":"ListItem","position":3,"name":"Modalidad Greensome: Reglas y Handicap de Juego","item":"https:\/\/soloreglasgolf.com\/WordPress3\/modalidades-juego\/modalidad-greensome\/"},{"@type":"ListItem","position":4,"name":"Greensome: Handicap de Juego"}]},{"@type":"WebSite","@id":"http:\/\/soloreglasgolf.com\/WordPress3\/#website","url":"http:\/\/soloreglasgolf.com\/WordPress3\/","name":"SoloReglasGolf","description":"Conversando sobre  Reglas de Golf","potentialAction":[{"@type":"SearchAction","target":{"@type":"EntryPoint","urlTemplate":"http:\/\/soloreglasgolf.com\/WordPress3\/?s={search_term_string}"},"query-input":"required name=search_term_string"}],"inLanguage":"es"}]}},"jetpack_sharing_enabled":true,"jetpack_shortlink":"https:\/\/wp.me\/P36cD2-2L7","_links":{"self":[{"href":"http:\/\/soloreglasgolf.com\/WordPress3\/wp-json\/wp\/v2\/pages\/10609","targetHints":{"allow":["GET"]}}],"collection":[{"href":"http:\/\/soloreglasgolf.com\/WordPress3\/wp-json\/wp\/v2\/pages"}],"about":[{"href":"http:\/\/soloreglasgolf.com\/WordPress3\/wp-json\/wp\/v2\/types\/page"}],"author":[{"embeddable":true,"href":"http:\/\/soloreglasgolf.com\/WordPress3\/wp-json\/wp\/v2\/users\/28"}],"replies":[{"embeddable":true,"href":"http:\/\/soloreglasgolf.com\/WordPress3\/wp-json\/wp\/v2\/comments?post=10609"}],"version-history":[{"count":3,"href":"http:\/\/soloreglasgolf.com\/WordPress3\/wp-json\/wp\/v2\/pages\/10609\/revisions"}],"predecessor-version":[{"id":43898,"href":"http:\/\/soloreglasgolf.com\/WordPress3\/wp-json\/wp\/v2\/pages\/10609\/revisions\/43898"}],"up":[{"embeddable":true,"href":"http:\/\/soloreglasgolf.com\/WordPress3\/wp-json\/wp\/v2\/pages\/1723"}],"wp:attachment":[{"href":"http:\/\/soloreglasgolf.com\/WordPress3\/wp-json\/wp\/v2\/media?parent=10609"}],"curies":[{"name":"wp","href":"https:\/\/api.w.org\/{rel}","templated":true}]}}