{"id":10606,"date":"2013-05-24T20:20:51","date_gmt":"2013-05-24T18:20:51","guid":{"rendered":"http:\/\/soloreglasgolf.com\/WordPress3\/?page_id=10606"},"modified":"2021-05-13T15:33:33","modified_gmt":"2021-05-13T13:33:33","slug":"greensome-reglas-juego","status":"publish","type":"page","link":"http:\/\/soloreglasgolf.com\/WordPress3\/modalidades-juego\/modalidad-greensome\/greensome-reglas-juego\/","title":{"rendered":"Greensome: Reglas de Juego"},"content":{"rendered":"<div class=\"g g-2\"><div class=\"g-single a-19\"><script type=\"text\/javascript\"><!--\r\ngoogle_ad_client = \"ca-pub-2363348512557029\";\r\n\/* Blog pagina-post *\/\r\ngoogle_ad_slot = \"1564877784\";\r\ngoogle_ad_width = 728;\r\ngoogle_ad_height = 90;\r\n\/\/-->\r\n<\/script>\r\n<script type=\"text\/javascript\"\r\nsrc=\"http:\/\/pagead2.googlesyndication.com\/pagead\/show_ads.js\">\r\n<\/script><\/div><\/div>\n<p>&nbsp;<\/p>\n<p><strong>1. Se aplican las Reglas de Golf.<\/strong><br \/>\nSalvo por las normas espec\u00edficas de esta modalidad, se aplican las Reglas de Golf, en particular, aquellas referentes a la modalidad Foursome (<a href=\"http:\/\/soloreglasgolf.com\/WordPress3\/reglas-2019\/regla-22\/\">Regla 22<\/a>) en tanto en cuanto sean compatibles con estas reglas espec\u00edficas.<\/p>\n<p><strong>2. Bola provisional al iniciar el juego de un hoyo.<\/strong><br \/>\nAntes de la selecci\u00f3n de bola en juego, al iniciar el juego de un hoyo:<br \/>\n\u2022 Una <strong>bola provisional<\/strong> solamente puede ser jugada cuando <strong>AMBAS bolas pueden estar perdidas<\/strong> fuera de un obst\u00e1culo de agua o fuera de l\u00edmites.<\/p>\n<p>\u2022 <strong>SOLO UNO<\/strong> de los jugadores puede jugar una <strong>bola provisional<\/strong> y la bola provisional debe ser jugada despu\u00e9s de que los dos jugadores han efectuado el golpe de salida y antes de que cualquiera de los jugadores se adelante a buscar cualquiera de las bolas originales.<\/p>\n<p>\u2022 La <strong>bola provisional<\/strong> debe ser jugada desde el <strong>lugar de salida del compa\u00f1ero<\/strong> (en caso de Greensome indistinto)<\/p>\n<p>\u2022 Si <strong>AMBAS<\/strong> <strong>bolas originales<\/strong> son encontradas dentro de l\u00edmites o est\u00e1n perdidas en un obst\u00e1culo de agua, la bola <strong>provisional debe ser abandonada<\/strong>.<\/p>\n<p>\u2022 Si TAN SOLO UNA de las bolas originales es encontrada dentro de l\u00edmites o est\u00e1 perdida en un obst\u00e1culo de agua, el juego se continuar\u00e1 con \u00e9sta, y la bola provisional debe ser abandonada.<\/p>\n<p>\u2022 La cl\u00e1usula b de la definici\u00f3n de bola perdida se aplica a cada bola original separadamente.<\/p>\n<p>\u2022 Si se juega una bola provisional de otra forma distinta a la establecida en esta regla, esta bola no es bola provisional y se considera jugada por el procedimiento de golpe y distancia (Regla 27-1).<\/p>\n<p><strong>3. Selecci\u00f3n de bola en juego:<\/strong><br \/>\nExcepto en lo referente al juego de bola provisional establecido en la regla anterior, la selecci\u00f3n de bola se har\u00e1 antes de que los jugadores tomen ninguna acci\u00f3n con las bolas originales (ejemplos: bola injugable (<a href=\"http:\/\/soloreglasgolf.com\/WordPress3\/reglas-2019\/regla-19\/\">Regla 19<\/a>), alivio por condici\u00f3n anormal del terreno (<a href=\"http:\/\/soloreglasgolf.com\/WordPress3\/reglas-2019\/regla-16\/regla-16-1\/\">Regla 16.1<\/a>), etc.).<\/p>\n<p>Si los jugadores toman alguna acci\u00f3n con una de las bolas antes de que haya sido seleccionada una de las bolas jugadas desde el lugar de salida, aquella bola se entender\u00e1 seleccionada, y la otra deber\u00e1 ser abandonada.<\/p>\n<p><strong>4. Orden de juego<\/strong><br \/>\nPara determinar el orden de juego se atender\u00e1 a las bolas que hayan sido efectivamente seleccionadas por los bandos que juegan juntos. Sin perjuicio de ello, la selecci\u00f3n de bola se realizar\u00e1 sin demorar el juego (<a href=\"http:\/\/soloreglasgolf.com\/WordPress3\/reglas-2019\/ii-jugando-vuelta-y-hoyo\/regla-05\/5-6-demora-buen-ritmo-de-juego\/\">Regla 5.6<\/a>).<\/p>\n<p><strong>5. Bola equivocada<\/strong><br \/>\nPara el caso de jugar una bola que haya de ser abandonada conforme a las reglas anteriores, se aplica la <a href=\"http:\/\/soloreglasgolf.com\/WordPress3\/reglas-2019\/ii-jugando-vuelta-y-hoyo\/regla-06\/bola-usada-juego-hoyo\/\">Regla 6.3c<\/a>.<\/p>\n<div class=\"g g-2\"><div class=\"g-single a-19\"><script type=\"text\/javascript\"><!--\r\ngoogle_ad_client = \"ca-pub-2363348512557029\";\r\n\/* Blog pagina-post *\/\r\ngoogle_ad_slot = \"1564877784\";\r\ngoogle_ad_width = 728;\r\ngoogle_ad_height = 90;\r\n\/\/-->\r\n<\/script>\r\n<script type=\"text\/javascript\"\r\nsrc=\"http:\/\/pagead2.googlesyndication.com\/pagead\/show_ads.js\">\r\n<\/script><\/div><\/div>\n","protected":false},"excerpt":{"rendered":"<p>&nbsp; 1. Se aplican las Reglas de Golf. Salvo por las normas espec\u00edficas de esta modalidad, se aplican las Reglas de Golf, en particular, aquellas referentes a la modalidad Foursome (Regla 22) en tanto en cuanto sean compatibles con estas reglas espec\u00edficas. 2. Bola provisional al iniciar el juego de un hoyo. Antes de la <a href='http:\/\/soloreglasgolf.com\/WordPress3\/modalidades-juego\/modalidad-greensome\/greensome-reglas-juego\/' class='excerpt-more'>[Leer + &#8230;]<\/a><\/p>\n","protected":false},"author":28,"featured_media":0,"parent":1723,"menu_order":0,"comment_status":"closed","ping_status":"open","template":"","meta":{"jetpack_post_was_ever_published":false,"footnotes":""},"class_list":["post-10606","page","type-page","status-publish","hentry","post-seq-1","post-parity-odd","meta-position-corners","fix"],"yoast_head":"<!-- This site is optimized with the Yoast SEO plugin v22.0 - https:\/\/yoast.com\/wordpress\/plugins\/seo\/ -->\n<title>Greensome: Reglas de Juego<\/title>\n<meta name=\"robots\" content=\"index, follow, max-snippet:-1, max-image-preview:large, max-video-preview:-1\" \/>\n<link rel=\"canonical\" href=\"http:\/\/soloreglasgolf.com\/WordPress3\/modalidades-juego\/modalidad-greensome\/greensome-reglas-juego\/\" \/>\n<meta name=\"twitter:label1\" content=\"Tiempo de lectura\" \/>\n\t<meta name=\"twitter:data1\" content=\"2 minutos\" \/>\n<script type=\"application\/ld+json\" class=\"yoast-schema-graph\">{\"@context\":\"https:\/\/schema.org\",\"@graph\":[{\"@type\":\"WebPage\",\"@id\":\"http:\/\/soloreglasgolf.com\/WordPress3\/modalidades-juego\/modalidad-greensome\/greensome-reglas-juego\/\",\"url\":\"http:\/\/soloreglasgolf.com\/WordPress3\/modalidades-juego\/modalidad-greensome\/greensome-reglas-juego\/\",\"name\":\"Greensome: Reglas de Juego\",\"isPartOf\":{\"@id\":\"http:\/\/soloreglasgolf.com\/WordPress3\/#website\"},\"datePublished\":\"2013-05-24T18:20:51+00:00\",\"dateModified\":\"2021-05-13T13:33:33+00:00\",\"breadcrumb\":{\"@id\":\"http:\/\/soloreglasgolf.com\/WordPress3\/modalidades-juego\/modalidad-greensome\/greensome-reglas-juego\/#breadcrumb\"},\"inLanguage\":\"es\",\"potentialAction\":[{\"@type\":\"ReadAction\",\"target\":[\"http:\/\/soloreglasgolf.com\/WordPress3\/modalidades-juego\/modalidad-greensome\/greensome-reglas-juego\/\"]}]},{\"@type\":\"BreadcrumbList\",\"@id\":\"http:\/\/soloreglasgolf.com\/WordPress3\/modalidades-juego\/modalidad-greensome\/greensome-reglas-juego\/#breadcrumb\",\"itemListElement\":[{\"@type\":\"ListItem\",\"position\":1,\"name\":\"Portada\",\"item\":\"http:\/\/soloreglasgolf.com\/WordPress3\/\"},{\"@type\":\"ListItem\",\"position\":2,\"name\":\"Modalidades Juego\",\"item\":\"http:\/\/soloreglasgolf.com\/WordPress3\/modalidades-juego\/\"},{\"@type\":\"ListItem\",\"position\":3,\"name\":\"Modalidad Greensome: Reglas y Handicap de Juego\",\"item\":\"http:\/\/soloreglasgolf.com\/WordPress3\/modalidades-juego\/modalidad-greensome\/\"},{\"@type\":\"ListItem\",\"position\":4,\"name\":\"Greensome: Reglas de Juego\"}]},{\"@type\":\"WebSite\",\"@id\":\"http:\/\/soloreglasgolf.com\/WordPress3\/#website\",\"url\":\"http:\/\/soloreglasgolf.com\/WordPress3\/\",\"name\":\"SoloReglasGolf\",\"description\":\"Conversando sobre  Reglas de Golf\",\"potentialAction\":[{\"@type\":\"SearchAction\",\"target\":{\"@type\":\"EntryPoint\",\"urlTemplate\":\"http:\/\/soloreglasgolf.com\/WordPress3\/?s={search_term_string}\"},\"query-input\":\"required name=search_term_string\"}],\"inLanguage\":\"es\"}]}<\/script>\n<!-- \/ Yoast SEO plugin. -->","yoast_head_json":{"title":"Greensome: Reglas de Juego","robots":{"index":"index","follow":"follow","max-snippet":"max-snippet:-1","max-image-preview":"max-image-preview:large","max-video-preview":"max-video-preview:-1"},"canonical":"http:\/\/soloreglasgolf.com\/WordPress3\/modalidades-juego\/modalidad-greensome\/greensome-reglas-juego\/","twitter_misc":{"Tiempo de lectura":"2 minutos"},"schema":{"@context":"https:\/\/schema.org","@graph":[{"@type":"WebPage","@id":"http:\/\/soloreglasgolf.com\/WordPress3\/modalidades-juego\/modalidad-greensome\/greensome-reglas-juego\/","url":"http:\/\/soloreglasgolf.com\/WordPress3\/modalidades-juego\/modalidad-greensome\/greensome-reglas-juego\/","name":"Greensome: Reglas de Juego","isPartOf":{"@id":"http:\/\/soloreglasgolf.com\/WordPress3\/#website"},"datePublished":"2013-05-24T18:20:51+00:00","dateModified":"2021-05-13T13:33:33+00:00","breadcrumb":{"@id":"http:\/\/soloreglasgolf.com\/WordPress3\/modalidades-juego\/modalidad-greensome\/greensome-reglas-juego\/#breadcrumb"},"inLanguage":"es","potentialAction":[{"@type":"ReadAction","target":["http:\/\/soloreglasgolf.com\/WordPress3\/modalidades-juego\/modalidad-greensome\/greensome-reglas-juego\/"]}]},{"@type":"BreadcrumbList","@id":"http:\/\/soloreglasgolf.com\/WordPress3\/modalidades-juego\/modalidad-greensome\/greensome-reglas-juego\/#breadcrumb","itemListElement":[{"@type":"ListItem","position":1,"name":"Portada","item":"http:\/\/soloreglasgolf.com\/WordPress3\/"},{"@type":"ListItem","position":2,"name":"Modalidades Juego","item":"http:\/\/soloreglasgolf.com\/WordPress3\/modalidades-juego\/"},{"@type":"ListItem","position":3,"name":"Modalidad Greensome: Reglas y Handicap de Juego","item":"http:\/\/soloreglasgolf.com\/WordPress3\/modalidades-juego\/modalidad-greensome\/"},{"@type":"ListItem","position":4,"name":"Greensome: Reglas de Juego"}]},{"@type":"WebSite","@id":"http:\/\/soloreglasgolf.com\/WordPress3\/#website","url":"http:\/\/soloreglasgolf.com\/WordPress3\/","name":"SoloReglasGolf","description":"Conversando sobre  Reglas de Golf","potentialAction":[{"@type":"SearchAction","target":{"@type":"EntryPoint","urlTemplate":"http:\/\/soloreglasgolf.com\/WordPress3\/?s={search_term_string}"},"query-input":"required name=search_term_string"}],"inLanguage":"es"}]}},"jetpack_sharing_enabled":true,"jetpack_shortlink":"https:\/\/wp.me\/P36cD2-2L4","_links":{"self":[{"href":"http:\/\/soloreglasgolf.com\/WordPress3\/wp-json\/wp\/v2\/pages\/10606","targetHints":{"allow":["GET"]}}],"collection":[{"href":"http:\/\/soloreglasgolf.com\/WordPress3\/wp-json\/wp\/v2\/pages"}],"about":[{"href":"http:\/\/soloreglasgolf.com\/WordPress3\/wp-json\/wp\/v2\/types\/page"}],"author":[{"embeddable":true,"href":"http:\/\/soloreglasgolf.com\/WordPress3\/wp-json\/wp\/v2\/users\/28"}],"replies":[{"embeddable":true,"href":"http:\/\/soloreglasgolf.com\/WordPress3\/wp-json\/wp\/v2\/comments?post=10606"}],"version-history":[{"count":7,"href":"http:\/\/soloreglasgolf.com\/WordPress3\/wp-json\/wp\/v2\/pages\/10606\/revisions"}],"predecessor-version":[{"id":44257,"href":"http:\/\/soloreglasgolf.com\/WordPress3\/wp-json\/wp\/v2\/pages\/10606\/revisions\/44257"}],"up":[{"embeddable":true,"href":"http:\/\/soloreglasgolf.com\/WordPress3\/wp-json\/wp\/v2\/pages\/1723"}],"wp:attachment":[{"href":"http:\/\/soloreglasgolf.com\/WordPress3\/wp-json\/wp\/v2\/media?parent=10606"}],"curies":[{"name":"wp","href":"https:\/\/api.w.org\/{rel}","templated":true}]}}