{"id":10540,"date":"2013-05-06T20:55:12","date_gmt":"2013-05-06T18:55:12","guid":{"rendered":"http:\/\/soloreglasgolf.com\/WordPress3\/?page_id=10540"},"modified":"2021-05-09T23:04:37","modified_gmt":"2021-05-09T21:04:37","slug":"copa-canada-ejemplo-handicaps-juego-match-play","status":"publish","type":"page","link":"http:\/\/soloreglasgolf.com\/WordPress3\/libro-verde\/modalidad-copa-canada\/copa-canada-ejemplo-handicaps-juego-match-play\/","title":{"rendered":"Copa Canada: ejemplo handicaps de juego en Match-Play"},"content":{"rendered":"<p><strong><div class=\"g g-2\"><div class=\"g-single a-16\"><script type=\"text\/javascript\"><!--\r\ngoogle_ad_client = \"ca-pub-2363348512557029\";\r\n\/* Blog pagina-post *\/\r\ngoogle_ad_slot = \"1564877784\";\r\ngoogle_ad_width = 728;\r\ngoogle_ad_height = 90;\r\n\/\/-->\r\n<\/script>\r\n<script type=\"text\/javascript\"\r\nsrc=\"http:\/\/pagead2.googlesyndication.com\/pagead\/show_ads.js\">\r\n<\/script><\/div><\/div><\/strong><\/p>\n<p><strong>EJEMPLO HANDICAPS DE JUGADORES en COPA CANADA MATCH-PLAY:<\/strong><\/p>\n<ul>\n<li>A (handicap juego 7) juega de compa\u00f1ero con B (handicap 14), contra<\/li>\n<li>C (handicap juego 9) juega de compa\u00f1ero con D (handicap 11),<\/li>\n<\/ul>\n<p>Los handicaps de juego de cada jugador ser\u00edan:<\/p>\n<ul>\n<li>A juega con handicap 0<\/li>\n<li>B juega con handicap 7<\/li>\n<li>C juega con handicap 2<\/li>\n<li>D juega con handicap 4<\/li>\n<\/ul>\n<p style=\"text-align: center;\"><div class=\"g g-2\"><div class=\"g-single a-17\"><script type=\"text\/javascript\"><!--\r\ngoogle_ad_client = \"ca-pub-2363348512557029\";\r\n\/* Blog pagina-post *\/\r\ngoogle_ad_slot = \"1564877784\";\r\ngoogle_ad_width = 728;\r\ngoogle_ad_height = 90;\r\n\/\/-->\r\n<\/script>\r\n<script type=\"text\/javascript\"\r\nsrc=\"http:\/\/pagead2.googlesyndication.com\/pagead\/show_ads.js\">\r\n<\/script><\/div><\/div><\/p>\n","protected":false},"excerpt":{"rendered":"<p>EJEMPLO HANDICAPS DE JUGADORES en COPA CANADA MATCH-PLAY: A (handicap juego 7) juega de compa\u00f1ero con B (handicap 14), contra C (handicap juego 9) juega de compa\u00f1ero con D (handicap 11), Los handicaps de juego de cada jugador ser\u00edan: A juega con handicap 0 B juega con handicap 7 C juega con handicap 2 D <a href='http:\/\/soloreglasgolf.com\/WordPress3\/libro-verde\/modalidad-copa-canada\/copa-canada-ejemplo-handicaps-juego-match-play\/' class='excerpt-more'>[Leer + &#8230;]<\/a><\/p>\n","protected":false},"author":28,"featured_media":0,"parent":1706,"menu_order":0,"comment_status":"closed","ping_status":"open","template":"","meta":{"jetpack_post_was_ever_published":false,"footnotes":""},"class_list":["post-10540","page","type-page","status-publish","hentry","post-seq-1","post-parity-odd","meta-position-corners","fix"],"yoast_head":"<!-- This site is optimized with the Yoast SEO plugin v22.0 - https:\/\/yoast.com\/wordpress\/plugins\/seo\/ -->\n<title>Copa Canada: ejemplo handicaps de juego en Match-Play<\/title>\n<meta name=\"robots\" content=\"index, follow, max-snippet:-1, max-image-preview:large, max-video-preview:-1\" \/>\n<link rel=\"canonical\" href=\"https:\/\/soloreglasgolf.com\/WordPress3\/libro-verde\/modalidad-copa-canada\/copa-canada-ejemplo-handicaps-juego-match-play\/\" \/>\n<script type=\"application\/ld+json\" class=\"yoast-schema-graph\">{\"@context\":\"https:\/\/schema.org\",\"@graph\":[{\"@type\":\"WebPage\",\"@id\":\"https:\/\/soloreglasgolf.com\/WordPress3\/libro-verde\/modalidad-copa-canada\/copa-canada-ejemplo-handicaps-juego-match-play\/\",\"url\":\"https:\/\/soloreglasgolf.com\/WordPress3\/libro-verde\/modalidad-copa-canada\/copa-canada-ejemplo-handicaps-juego-match-play\/\",\"name\":\"Copa Canada: ejemplo handicaps de juego en Match-Play\",\"isPartOf\":{\"@id\":\"http:\/\/soloreglasgolf.com\/WordPress3\/#website\"},\"datePublished\":\"2013-05-06T18:55:12+00:00\",\"dateModified\":\"2021-05-09T21:04:37+00:00\",\"breadcrumb\":{\"@id\":\"https:\/\/soloreglasgolf.com\/WordPress3\/libro-verde\/modalidad-copa-canada\/copa-canada-ejemplo-handicaps-juego-match-play\/#breadcrumb\"},\"inLanguage\":\"es\",\"potentialAction\":[{\"@type\":\"ReadAction\",\"target\":[\"https:\/\/soloreglasgolf.com\/WordPress3\/libro-verde\/modalidad-copa-canada\/copa-canada-ejemplo-handicaps-juego-match-play\/\"]}]},{\"@type\":\"BreadcrumbList\",\"@id\":\"https:\/\/soloreglasgolf.com\/WordPress3\/libro-verde\/modalidad-copa-canada\/copa-canada-ejemplo-handicaps-juego-match-play\/#breadcrumb\",\"itemListElement\":[{\"@type\":\"ListItem\",\"position\":1,\"name\":\"Portada\",\"item\":\"http:\/\/soloreglasgolf.com\/WordPress3\/\"},{\"@type\":\"ListItem\",\"position\":2,\"name\":\"Libro Verde\",\"item\":\"https:\/\/soloreglasgolf.com\/WordPress3\/libro-verde\/\"},{\"@type\":\"ListItem\",\"position\":3,\"name\":\"Modalidad Copa Canada: Reglas y Handicap de Juego\",\"item\":\"http:\/\/soloreglasgolf.com\/WordPress3\/libro-verde\/modalidad-copa-canada\/\"},{\"@type\":\"ListItem\",\"position\":4,\"name\":\"Copa Canada: ejemplo handicaps de juego en Match-Play\"}]},{\"@type\":\"WebSite\",\"@id\":\"http:\/\/soloreglasgolf.com\/WordPress3\/#website\",\"url\":\"http:\/\/soloreglasgolf.com\/WordPress3\/\",\"name\":\"SoloReglasGolf\",\"description\":\"Conversando sobre  Reglas de Golf\",\"potentialAction\":[{\"@type\":\"SearchAction\",\"target\":{\"@type\":\"EntryPoint\",\"urlTemplate\":\"http:\/\/soloreglasgolf.com\/WordPress3\/?s={search_term_string}\"},\"query-input\":\"required name=search_term_string\"}],\"inLanguage\":\"es\"}]}<\/script>\n<!-- \/ Yoast SEO plugin. -->","yoast_head_json":{"title":"Copa Canada: ejemplo handicaps de juego en Match-Play","robots":{"index":"index","follow":"follow","max-snippet":"max-snippet:-1","max-image-preview":"max-image-preview:large","max-video-preview":"max-video-preview:-1"},"canonical":"https:\/\/soloreglasgolf.com\/WordPress3\/libro-verde\/modalidad-copa-canada\/copa-canada-ejemplo-handicaps-juego-match-play\/","schema":{"@context":"https:\/\/schema.org","@graph":[{"@type":"WebPage","@id":"https:\/\/soloreglasgolf.com\/WordPress3\/libro-verde\/modalidad-copa-canada\/copa-canada-ejemplo-handicaps-juego-match-play\/","url":"https:\/\/soloreglasgolf.com\/WordPress3\/libro-verde\/modalidad-copa-canada\/copa-canada-ejemplo-handicaps-juego-match-play\/","name":"Copa Canada: ejemplo handicaps de juego en Match-Play","isPartOf":{"@id":"http:\/\/soloreglasgolf.com\/WordPress3\/#website"},"datePublished":"2013-05-06T18:55:12+00:00","dateModified":"2021-05-09T21:04:37+00:00","breadcrumb":{"@id":"https:\/\/soloreglasgolf.com\/WordPress3\/libro-verde\/modalidad-copa-canada\/copa-canada-ejemplo-handicaps-juego-match-play\/#breadcrumb"},"inLanguage":"es","potentialAction":[{"@type":"ReadAction","target":["https:\/\/soloreglasgolf.com\/WordPress3\/libro-verde\/modalidad-copa-canada\/copa-canada-ejemplo-handicaps-juego-match-play\/"]}]},{"@type":"BreadcrumbList","@id":"https:\/\/soloreglasgolf.com\/WordPress3\/libro-verde\/modalidad-copa-canada\/copa-canada-ejemplo-handicaps-juego-match-play\/#breadcrumb","itemListElement":[{"@type":"ListItem","position":1,"name":"Portada","item":"http:\/\/soloreglasgolf.com\/WordPress3\/"},{"@type":"ListItem","position":2,"name":"Libro Verde","item":"https:\/\/soloreglasgolf.com\/WordPress3\/libro-verde\/"},{"@type":"ListItem","position":3,"name":"Modalidad Copa Canada: Reglas y Handicap de Juego","item":"http:\/\/soloreglasgolf.com\/WordPress3\/libro-verde\/modalidad-copa-canada\/"},{"@type":"ListItem","position":4,"name":"Copa Canada: ejemplo handicaps de juego en Match-Play"}]},{"@type":"WebSite","@id":"http:\/\/soloreglasgolf.com\/WordPress3\/#website","url":"http:\/\/soloreglasgolf.com\/WordPress3\/","name":"SoloReglasGolf","description":"Conversando sobre  Reglas de Golf","potentialAction":[{"@type":"SearchAction","target":{"@type":"EntryPoint","urlTemplate":"http:\/\/soloreglasgolf.com\/WordPress3\/?s={search_term_string}"},"query-input":"required name=search_term_string"}],"inLanguage":"es"}]}},"jetpack_sharing_enabled":true,"jetpack_shortlink":"https:\/\/wp.me\/P36cD2-2K0","_links":{"self":[{"href":"http:\/\/soloreglasgolf.com\/WordPress3\/wp-json\/wp\/v2\/pages\/10540","targetHints":{"allow":["GET"]}}],"collection":[{"href":"http:\/\/soloreglasgolf.com\/WordPress3\/wp-json\/wp\/v2\/pages"}],"about":[{"href":"http:\/\/soloreglasgolf.com\/WordPress3\/wp-json\/wp\/v2\/types\/page"}],"author":[{"embeddable":true,"href":"http:\/\/soloreglasgolf.com\/WordPress3\/wp-json\/wp\/v2\/users\/28"}],"replies":[{"embeddable":true,"href":"http:\/\/soloreglasgolf.com\/WordPress3\/wp-json\/wp\/v2\/comments?post=10540"}],"version-history":[{"count":1,"href":"http:\/\/soloreglasgolf.com\/WordPress3\/wp-json\/wp\/v2\/pages\/10540\/revisions"}],"predecessor-version":[{"id":13794,"href":"http:\/\/soloreglasgolf.com\/WordPress3\/wp-json\/wp\/v2\/pages\/10540\/revisions\/13794"}],"up":[{"embeddable":true,"href":"http:\/\/soloreglasgolf.com\/WordPress3\/wp-json\/wp\/v2\/pages\/1706"}],"wp:attachment":[{"href":"http:\/\/soloreglasgolf.com\/WordPress3\/wp-json\/wp\/v2\/media?parent=10540"}],"curies":[{"name":"wp","href":"https:\/\/api.w.org\/{rel}","templated":true}]}}