{"id":10281,"date":"2013-04-23T23:28:45","date_gmt":"2013-04-23T21:28:45","guid":{"rendered":"http:\/\/soloreglasgolf.com\/WordPress3\/?page_id=10281"},"modified":"2013-04-23T23:29:51","modified_gmt":"2013-04-23T21:29:51","slug":"cuanto-modificar-longitud-hoyos","status":"publish","type":"page","link":"http:\/\/soloreglasgolf.com\/WordPress3\/ipsofacto\/cuanto-modificar-longitud-hoyos\/","title":{"rendered":"\u00bfCuanto se puede modificar la longitud de los hoyos?"},"content":{"rendered":"<p>Para que el Sistema Handicap EGA sea aplicable se debe mantener en todo momento la longitud de su Campo Valorado.<\/p>\n<p>Cada hoyo podr\u00e1 ser modificado como <strong>m\u00e1ximo en 20 metros<\/strong>, y la variaci\u00f3n acumulada en los 18 hoyos tiene que ser <strong>menor de 100 metros, <\/strong>teniendo en cuenta que<strong> las salidas adelantadas restan metros <\/strong>al campo y<strong> las salidas retrasadas suman metros.<\/strong><\/p>\n<div class=\"g g-2\"><div class=\"g-single a-14\"><script type=\"text\/javascript\"><!--\r\ngoogle_ad_client = \"ca-pub-2363348512557029\";\r\n\/* Blog pagina-post *\/\r\ngoogle_ad_slot = \"1564877784\";\r\ngoogle_ad_width = 728;\r\ngoogle_ad_height = 90;\r\n\/\/-->\r\n<\/script>\r\n<script type=\"text\/javascript\"\r\nsrc=\"http:\/\/pagead2.googlesyndication.com\/pagead\/show_ads.js\">\r\n<\/script><\/div><\/div>\n","protected":false},"excerpt":{"rendered":"<p>Para que el Sistema Handicap EGA sea aplicable se debe mantener en todo momento la longitud de su Campo Valorado. Cada hoyo podr\u00e1 ser modificado como m\u00e1ximo en 20 metros, y la variaci\u00f3n acumulada en los 18 hoyos tiene que ser menor de 100 metros, teniendo en cuenta que las salidas adelantadas restan metros al <a href='http:\/\/soloreglasgolf.com\/WordPress3\/ipsofacto\/cuanto-modificar-longitud-hoyos\/' class='excerpt-more'>[Leer + &#8230;]<\/a><\/p>\n","protected":false},"author":28,"featured_media":0,"parent":9089,"menu_order":0,"comment_status":"closed","ping_status":"open","template":"","meta":{"jetpack_post_was_ever_published":false,"footnotes":""},"class_list":["post-10281","page","type-page","status-publish","hentry","post-seq-1","post-parity-odd","meta-position-corners","fix"],"yoast_head":"<!-- This site is optimized with the Yoast SEO plugin v22.0 - https:\/\/yoast.com\/wordpress\/plugins\/seo\/ -->\n<title>\u00bfCuanto se puede modificar la longitud de los hoyos? - SoloReglasGolf<\/title>\n<meta name=\"robots\" content=\"index, follow, max-snippet:-1, max-image-preview:large, max-video-preview:-1\" \/>\n<link rel=\"canonical\" href=\"http:\/\/soloreglasgolf.com\/WordPress3\/ipsofacto\/cuanto-modificar-longitud-hoyos\/\" \/>\n<script type=\"application\/ld+json\" class=\"yoast-schema-graph\">{\"@context\":\"https:\/\/schema.org\",\"@graph\":[{\"@type\":\"WebPage\",\"@id\":\"http:\/\/soloreglasgolf.com\/WordPress3\/ipsofacto\/cuanto-modificar-longitud-hoyos\/\",\"url\":\"http:\/\/soloreglasgolf.com\/WordPress3\/ipsofacto\/cuanto-modificar-longitud-hoyos\/\",\"name\":\"\u00bfCuanto se puede modificar la longitud de los hoyos? - SoloReglasGolf\",\"isPartOf\":{\"@id\":\"http:\/\/soloreglasgolf.com\/WordPress3\/#website\"},\"datePublished\":\"2013-04-23T21:28:45+00:00\",\"dateModified\":\"2013-04-23T21:29:51+00:00\",\"breadcrumb\":{\"@id\":\"http:\/\/soloreglasgolf.com\/WordPress3\/ipsofacto\/cuanto-modificar-longitud-hoyos\/#breadcrumb\"},\"inLanguage\":\"es\",\"potentialAction\":[{\"@type\":\"ReadAction\",\"target\":[\"http:\/\/soloreglasgolf.com\/WordPress3\/ipsofacto\/cuanto-modificar-longitud-hoyos\/\"]}]},{\"@type\":\"BreadcrumbList\",\"@id\":\"http:\/\/soloreglasgolf.com\/WordPress3\/ipsofacto\/cuanto-modificar-longitud-hoyos\/#breadcrumb\",\"itemListElement\":[{\"@type\":\"ListItem\",\"position\":1,\"name\":\"Portada\",\"item\":\"http:\/\/soloreglasgolf.com\/WordPress3\/\"},{\"@type\":\"ListItem\",\"position\":2,\"name\":\"IpsoFacto\",\"item\":\"http:\/\/soloreglasgolf.com\/WordPress3\/ipsofacto\/\"},{\"@type\":\"ListItem\",\"position\":3,\"name\":\"\u00bfCuanto se puede modificar la longitud de los hoyos?\"}]},{\"@type\":\"WebSite\",\"@id\":\"http:\/\/soloreglasgolf.com\/WordPress3\/#website\",\"url\":\"http:\/\/soloreglasgolf.com\/WordPress3\/\",\"name\":\"SoloReglasGolf\",\"description\":\"Conversando sobre  Reglas de Golf\",\"potentialAction\":[{\"@type\":\"SearchAction\",\"target\":{\"@type\":\"EntryPoint\",\"urlTemplate\":\"http:\/\/soloreglasgolf.com\/WordPress3\/?s={search_term_string}\"},\"query-input\":\"required name=search_term_string\"}],\"inLanguage\":\"es\"}]}<\/script>\n<!-- \/ Yoast SEO plugin. -->","yoast_head_json":{"title":"\u00bfCuanto se puede modificar la longitud de los hoyos? - SoloReglasGolf","robots":{"index":"index","follow":"follow","max-snippet":"max-snippet:-1","max-image-preview":"max-image-preview:large","max-video-preview":"max-video-preview:-1"},"canonical":"http:\/\/soloreglasgolf.com\/WordPress3\/ipsofacto\/cuanto-modificar-longitud-hoyos\/","schema":{"@context":"https:\/\/schema.org","@graph":[{"@type":"WebPage","@id":"http:\/\/soloreglasgolf.com\/WordPress3\/ipsofacto\/cuanto-modificar-longitud-hoyos\/","url":"http:\/\/soloreglasgolf.com\/WordPress3\/ipsofacto\/cuanto-modificar-longitud-hoyos\/","name":"\u00bfCuanto se puede modificar la longitud de los hoyos? - SoloReglasGolf","isPartOf":{"@id":"http:\/\/soloreglasgolf.com\/WordPress3\/#website"},"datePublished":"2013-04-23T21:28:45+00:00","dateModified":"2013-04-23T21:29:51+00:00","breadcrumb":{"@id":"http:\/\/soloreglasgolf.com\/WordPress3\/ipsofacto\/cuanto-modificar-longitud-hoyos\/#breadcrumb"},"inLanguage":"es","potentialAction":[{"@type":"ReadAction","target":["http:\/\/soloreglasgolf.com\/WordPress3\/ipsofacto\/cuanto-modificar-longitud-hoyos\/"]}]},{"@type":"BreadcrumbList","@id":"http:\/\/soloreglasgolf.com\/WordPress3\/ipsofacto\/cuanto-modificar-longitud-hoyos\/#breadcrumb","itemListElement":[{"@type":"ListItem","position":1,"name":"Portada","item":"http:\/\/soloreglasgolf.com\/WordPress3\/"},{"@type":"ListItem","position":2,"name":"IpsoFacto","item":"http:\/\/soloreglasgolf.com\/WordPress3\/ipsofacto\/"},{"@type":"ListItem","position":3,"name":"\u00bfCuanto se puede modificar la longitud de los hoyos?"}]},{"@type":"WebSite","@id":"http:\/\/soloreglasgolf.com\/WordPress3\/#website","url":"http:\/\/soloreglasgolf.com\/WordPress3\/","name":"SoloReglasGolf","description":"Conversando sobre  Reglas de Golf","potentialAction":[{"@type":"SearchAction","target":{"@type":"EntryPoint","urlTemplate":"http:\/\/soloreglasgolf.com\/WordPress3\/?s={search_term_string}"},"query-input":"required name=search_term_string"}],"inLanguage":"es"}]}},"jetpack_sharing_enabled":true,"jetpack_shortlink":"https:\/\/wp.me\/P36cD2-2FP","_links":{"self":[{"href":"http:\/\/soloreglasgolf.com\/WordPress3\/wp-json\/wp\/v2\/pages\/10281","targetHints":{"allow":["GET"]}}],"collection":[{"href":"http:\/\/soloreglasgolf.com\/WordPress3\/wp-json\/wp\/v2\/pages"}],"about":[{"href":"http:\/\/soloreglasgolf.com\/WordPress3\/wp-json\/wp\/v2\/types\/page"}],"author":[{"embeddable":true,"href":"http:\/\/soloreglasgolf.com\/WordPress3\/wp-json\/wp\/v2\/users\/28"}],"replies":[{"embeddable":true,"href":"http:\/\/soloreglasgolf.com\/WordPress3\/wp-json\/wp\/v2\/comments?post=10281"}],"version-history":[{"count":0,"href":"http:\/\/soloreglasgolf.com\/WordPress3\/wp-json\/wp\/v2\/pages\/10281\/revisions"}],"up":[{"embeddable":true,"href":"http:\/\/soloreglasgolf.com\/WordPress3\/wp-json\/wp\/v2\/pages\/9089"}],"wp:attachment":[{"href":"http:\/\/soloreglasgolf.com\/WordPress3\/wp-json\/wp\/v2\/media?parent=10281"}],"curies":[{"name":"wp","href":"https:\/\/api.w.org\/{rel}","templated":true}]}}